{"id":725,"date":"2013-06-30T18:29:49","date_gmt":"2013-06-30T18:29:49","guid":{"rendered":"http:\/\/localhost\/pruebaweb\/?p=725"},"modified":"2019-05-13T16:43:14","modified_gmt":"2019-05-13T16:43:14","slug":"licencias-de-obra-menor-concedidas-por-decreto","status":"publish","type":"page","link":"https:\/\/www.mijas.es\/portal\/urbanismo\/licencias-de-obra-menor-concedidas-por-decreto\/","title":{"rendered":"Licencias de Obra menor concedidas por decreto"},"content":{"rendered":"<p style=\"text-align: justify;\"><strong>Estad\u00edsticas Licencias Obras Menores concedidas<\/strong><\/p>\n<ul>\n<li style=\"list-style-type: none\">\n<ul>\n<li style=\"text-align: justify;\"><a href=\"http:\/\/www.mijas.es\/files\/adjuntos\/Urbanismo\/Licencias_obra_menor_concedidas_por_decreto\/Licencias_obra_menor.pdf\" target=\"_blank\" rel=\"noopener\">Semana 08\/14 Julio 2013<\/a><\/li>\n<\/ul>\n<\/li>\n<\/ul>\n<ul>\n<li style=\"list-style-type: none\">\n<ul>\n<li style=\"text-align: justify;\"><a href=\"http:\/\/www.mijas.es\/files\/adjuntos\/Urbanismo\/Estadisticas\/Licencias_obras_menores\/201307081243.pdf\" target=\"_blank\" rel=\"noopener\">Semana 01\/07 Julio 2013<\/a><\/li>\n<\/ul>\n<\/li>\n<\/ul>\n<ul>\n<li style=\"text-align: justify;\"><a href=\"http:\/\/www.mijas.es\/files\/adjuntos\/Urbanismo\/Estadisticas\/Licencias_obras_menores\/201306171344.pdf\" target=\"_blank\" rel=\"noopener\">Semana 10\/16 Junio 2013<\/a><\/li>\n<li><a href=\"http:\/\/www.mijas.es\/files\/adjuntos\/Urbanismo\/Licencias_obra_menor_concedidas_por_decreto\/LicenciasMenores201305-1.pdf\">N\u00famero de Licencias Concedidas Por Mes<\/a><\/li>\n<li><a href=\"http:\/\/www.mijas.es\/files\/adjuntos\/Urbanismo\/Licencias_obra_menor_concedidas_por_decreto\/obrasmenores201306041312.pdf\">N\u00famero de Licencias Concedidas Por Mes (Actualizado junio 2013)<\/a><\/li>\n<li><a href=\"http:\/\/www.mijas.es\/files\/adjuntos\/Urbanismo\/Licencias_obra_menor_concedidas_por_decreto\/menores201306171344.pdf\">N\u00famero de Licencias concedidas primera quincena\u00a0 2013<\/a><\/li>\n<\/ul>\n","protected":false},"excerpt":{"rendered":"<p>Estad\u00edsticas Licencias Obras Menores concedidas Semana 08\/14 Julio 2013 Semana 01\/07 Julio 2013 Semana 10\/16 Junio 2013 N\u00famero de Licencias Concedidas Por Mes N\u00famero de Licencias Concedidas Por Mes (Actualizado junio 2013) N\u00famero de Licencias concedidas primera quincena\u00a0 2013<\/p>\n","protected":false},"author":1,"featured_media":0,"parent":12090,"menu_order":0,"comment_status":"closed","ping_status":"open","template":"page-departamental.php","meta":[],"_links":{"self":[{"href":"https:\/\/www.mijas.es\/portal\/wp-json\/wp\/v2\/pages\/725"}],"collection":[{"href":"https:\/\/www.mijas.es\/portal\/wp-json\/wp\/v2\/pages"}],"about":[{"href":"https:\/\/www.mijas.es\/portal\/wp-json\/wp\/v2\/types\/page"}],"author":[{"embeddable":true,"href":"https:\/\/www.mijas.es\/portal\/wp-json\/wp\/v2\/users\/1"}],"replies":[{"embeddable":true,"href":"https:\/\/www.mijas.es\/portal\/wp-json\/wp\/v2\/comments?post=725"}],"version-history":[{"count":3,"href":"https:\/\/www.mijas.es\/portal\/wp-json\/wp\/v2\/pages\/725\/revisions"}],"predecessor-version":[{"id":22042,"href":"https:\/\/www.mijas.es\/portal\/wp-json\/wp\/v2\/pages\/725\/revisions\/22042"}],"up":[{"embeddable":true,"href":"https:\/\/www.mijas.es\/portal\/wp-json\/wp\/v2\/pages\/12090"}],"wp:attachment":[{"href":"https:\/\/www.mijas.es\/portal\/wp-json\/wp\/v2\/media?parent=725"}],"curies":[{"name":"wp","href":"https:\/\/api.w.org\/{rel}","templated":true}]}}