{"id":716,"date":"2013-06-29T21:07:24","date_gmt":"2013-06-29T21:07:24","guid":{"rendered":"http:\/\/localhost\/pruebaweb\/?p=716"},"modified":"2023-05-05T08:46:52","modified_gmt":"2023-05-05T07:46:52","slug":"plan-especial-de-proteccion-del-casco-historico-de-mijas-pueblo","status":"publish","type":"page","link":"https:\/\/www.mijas.es\/portal\/urbanismo\/plan-especial-de-proteccion-del-casco-historico-de-mijas-pueblo\/","title":{"rendered":"Plan Especial de Protecci&oacute;n y Cat&aacute;logo del Conjunto Hist&oacute;rico de la Villa de Mijas"},"content":{"rendered":"<div class=\"itemFullText\">\n<p><strong>Plan aprobado provisionalmente mediante acuerdo adoptado por la Junta de Gobierno Local en sesi\u00f3n ordinaria celebrada el d\u00eda 03\/04\/2019.<\/strong><\/p>\n<p><strong>Documentaci\u00f3n:<\/strong><\/p>\n<ul>\n<li>Cat\u00e1logo de Bienes Protegidos. Generalidades &#8211; <a href=\"https:\/\/www.mijas.es\/wp-content\/uploads\/2011\/06\/PEPRI_2019\/Catlogo_de_Bienes_Protegidos__Generalidades.pdf\" target=\"_blank\" rel=\"noopener\">Descargar<\/a> (PDF)<\/li>\n<li>Cat\u00e1logo de Bienes Protegidos. Tomo I &#8211; <a href=\"https:\/\/www.mijas.es\/wp-content\/uploads\/2011\/06\/PEPRI_2019\/Catlogo_de_Bienes_Protegidos__Tomo_I.pdf\" target=\"_blank\" rel=\"noopener\">Descargar<\/a> (PDF)<\/li>\n<li>Cat\u00e1logo de Bienes Protegidos. Tomo II&nbsp;&#8211; <a href=\"https:\/\/www.mijas.es\/wp-content\/uploads\/2011\/06\/PEPRI_2019\/Catlogo_de_Bienes_Protegidos__Tomo_II.pdf\" target=\"_blank\" rel=\"noopener\">Descargar<\/a> (PDF)<\/li>\n<li>Cat\u00e1logo de Bienes Protegidos. Tomo III&nbsp;&#8211; <a href=\"https:\/\/www.mijas.es\/wp-content\/uploads\/2011\/06\/PEPRI_2019\/Catlogo_de_Bienes_Protegidos__Tomo_III.pdf\" target=\"_blank\" rel=\"noopener\">Descargar<\/a> (PDF)<\/li>\n<li>Memoria de Informaci\u00f3n.&nbsp;&#8211; <a href=\"https:\/\/www.mijas.es\/wp-content\/uploads\/2011\/06\/PEPRI_2019\/Memoria_de_informacin.pdf\" target=\"_blank\" rel=\"noopener\">Descargar<\/a> (PDF)<\/li>\n<li>Memoria Justificativa&nbsp;&#8211; <a href=\"https:\/\/www.mijas.es\/wp-content\/uploads\/2011\/06\/PEPRI_2019\/Memoria_justificativa.pdf\" target=\"_blank\" rel=\"noopener\">Descargar<\/a> (PDF)<\/li>\n<li>Normas de Protecci\u00f3n.&nbsp;&#8211; <a href=\"https:\/\/www.mijas.es\/wp-content\/uploads\/2011\/06\/PEPRI_2019\/Normas_de_proteccin.pdf\" target=\"_blank\" rel=\"noopener\">Descargar<\/a> (PDF)<\/li>\n<li>Plan de Descontaminaci\u00f3n Visual o Perceptiva.&nbsp;&#8211; <a href=\"https:\/\/www.mijas.es\/wp-content\/uploads\/2011\/06\/PEPRI_2019\/Plan_de_descontaminacin_visual_o_perceptiva.pdf\" target=\"_blank\" rel=\"noopener\">Descargar<\/a> (PDF)<\/li>\n<li>Planificaci\u00f3n, Sostenibilidad y Estudio Econ\u00f3mico &#8211; Financiero&nbsp;&#8211; <a href=\"https:\/\/www.mijas.es\/wp-content\/uploads\/2011\/06\/PEPRI_2019\/Planificacin__Sostenibilidad_y_estudio_econmico-financiero.pdf\" target=\"_blank\" rel=\"noopener\">Descargar<\/a> (PDF)<\/li>\n<li>Respuesta justificativa al informe de la delegaci\u00f3n territorial de cultura, turismo y deporte de la Junta de Andaluc\u00eda &#8211; <a href=\"https:\/\/www.mijas.es\/wp-content\/uploads\/2011\/06\/PEPRI_2019\/Respuesta_justificativa_al_informe_de_la_D_T__de_Cultura_del_12-07-18.pdf\" target=\"_blank\" rel=\"noopener\">Descargar<\/a> (PDF)<\/li>\n<li>Resumen Ejecutivo.&nbsp;&#8211; <a href=\"https:\/\/www.mijas.es\/wp-content\/uploads\/2011\/06\/PEPRI_2019\/Resumen Ejecutivo\/Memoria_Resumen_Ejecutivo.pdf\" target=\"_blank\" rel=\"noopener\" data-wplink-url-error=\"true\">Descargar<\/a> (PDF)\n<ul>\n<li>Plano R.01 &#8211; <a href=\"https:\/\/www.mijas.es\/wp-content\/uploads\/2011\/06\/PEPRI_2019\/Resumen%20Ejecutivo\/Memoria_Resumen_Ejecutivo.pdf\" target=\"_blank\" rel=\"noopener\">Decargar <\/a>(PDF)<\/li>\n<li>Plano R.02 &#8211; <a href=\"https:\/\/www.mijas.es\/wp-content\/uploads\/2011\/06\/PEPRI_2019\/Resumen Ejecutivo\/R_02_PROTECCIONES_ARQUEOLOGICAS.pdf\" target=\"_blank\" rel=\"noopener\" data-wplink-url-error=\"true\">Decargar <\/a>(PDF)<\/li>\n<li>Plano R.03 &#8211; <a href=\"https:\/\/www.mijas.es\/wp-content\/uploads\/2011\/06\/PEPRI_2019\/Resumen%20Ejecutivo\/R_03_PROTECCIONES_ARQUITECTONICAS_Y_ETNOLOGICAS.pdf\" target=\"_blank\" rel=\"noopener\">Decargar <\/a>(PDF)<\/li>\n<li>Plano R.04 &#8211; <a href=\"https:\/\/www.mijas.es\/wp-content\/uploads\/2011\/06\/PEPRI_2019\/Resumen%20Ejecutivo\/R_04_AREAS_Y_ELEMENTOS_A_PROTEGER_ESPACIOS_URBANOS.pdf\" target=\"_blank\" rel=\"noopener\">Decargar <\/a>(PDF)<\/li>\n<li>Plano R.05 &#8211; <a href=\"https:\/\/www.mijas.es\/wp-content\/uploads\/2011\/06\/PEPRI_2019\/Resumen%20Ejecutivo\/R_05_ACCIONES_ESTRUCTURANTES.pdf\" target=\"_blank\" rel=\"noopener\">Decargar <\/a>(PDF)<\/li>\n<\/ul>\n<\/li>\n<\/ul>\n<p><strong>Planos:<\/strong><\/p>\n<ul>\n<li>PA.01 &#8211; <a href=\"https:\/\/www.mijas.es\/wp-content\/uploads\/2011\/06\/PEPRI_2019\/Resumen Ejecutivo\/Planos\/PA_01_DELIMITACION_DEL_PLAN_ESPECIAL.pdf\" target=\"_blank\" rel=\"noopener\" data-wplink-url-error=\"true\">Descargar<\/a> (PDF)<\/li>\n<li>PA.02&nbsp;&#8211; <a href=\"https:\/\/www.mijas.es\/wp-content\/uploads\/2011\/06\/PEPRI_2019\/Resumen Ejecutivo\/Planos\/PA_02_PROTECCIONES_ARQUEOLOGICAS.pdf\" target=\"_blank\" rel=\"noopener\" data-wplink-url-error=\"true\">Descargar<\/a> (PDF)<\/li>\n<li>PA.03&nbsp;&#8211; <a href=\"https:\/\/www.mijas.es\/wp-content\/uploads\/2011\/06\/PEPRI_2019\/Resumen Ejecutivo\/Planos\/PA_03_PROTECCIONES_ARQUEOLOGICAS_Y_ETNOLOGICAS.pdf\" target=\"_blank\" rel=\"noopener\" data-wplink-url-error=\"true\">Descargar<\/a> (PDF)<\/li>\n<li>PA.04&nbsp;&#8211; <a href=\"https:\/\/www.mijas.es\/wp-content\/uploads\/2011\/06\/PEPRI_2019\/Resumen Ejecutivo\/Planos\/PA_04_AREAS_Y_ELEMENTOS_A_PROTEGER_ESPACIOS_URBANOS.pdf\" target=\"_blank\" rel=\"noopener\" data-wplink-url-error=\"true\">Descargar<\/a> (PDF)<\/li>\n<li>PA.05&nbsp;&#8211; <a href=\"https:\/\/www.mijas.es\/wp-content\/uploads\/2011\/06\/PEPRI_2019\/Resumen Ejecutivo\/Planos\/PA_05_ACCIONES_ESTRUCTURANTES.pdf\" target=\"_blank\" rel=\"noopener\" data-wplink-url-error=\"true\">Descargar<\/a> (PDF)<\/li>\n<li>PA.06&nbsp;&#8211; <a href=\"https:\/\/www.mijas.es\/wp-content\/uploads\/2011\/06\/PEPRI_2019\/Resumen Ejecutivo\/Planos\/PA_06_PROPUESTA_DE_MOVILIDAD.pdf\" target=\"_blank\" rel=\"noopener\" data-wplink-url-error=\"true\">Descargar<\/a> (PDF)<\/li>\n<li>PA.07&nbsp;&#8211; <a href=\"https:\/\/www.mijas.es\/wp-content\/uploads\/2011\/06\/PEPRI_2019\/Resumen Ejecutivo\/Planos\/PA_07_ELEMENTOS_DISCORDANTES_Y_CONTAMINACION_VISUAL_Y_PERCEPTIVA.pdf\" target=\"_blank\" rel=\"noopener\" data-wplink-url-error=\"true\">Descargar<\/a> (PDF)<\/li>\n<li>PA.08&nbsp;&#8211; <a href=\"https:\/\/www.mijas.es\/wp-content\/uploads\/2011\/06\/PEPRI_2019\/Resumen Ejecutivo\/Planos\/PA_08_PROPUESTAS_DE_CALIFICACION.pdf\" target=\"_blank\" rel=\"noopener\" data-wplink-url-error=\"true\">Descargar<\/a> (PDF)<\/li>\n<li>PA.09&nbsp;&#8211; <a href=\"https:\/\/www.mijas.es\/wp-content\/uploads\/2011\/06\/PEPRI_2019\/Resumen Ejecutivo\/Planos\/PA_09_ALTURAS_MAXIMAS_PROPUESTAS.pdf\" target=\"_blank\" rel=\"noopener\" data-wplink-url-error=\"true\">Descargar<\/a> (PDF)<\/li>\n<li>PA.10&nbsp; &#8211; <a href=\"https:\/\/www.mijas.es\/wp-content\/uploads\/2011\/06\/PEPRI_2019\/Resumen Ejecutivo\/Planos\/PA_10_DETERMINACIONES_SOBRE_EL_ENTORNO_DE_PROTECCION_DEL_CONJUNTO_HISTORICO_I.pdf\" data-wplink-url-error=\"true\">Descargar<\/a> (PDF)<\/li>\n<li>PA.11 &#8211; <a href=\"https:\/\/www.mijas.es\/wp-content\/uploads\/2011\/06\/PEPRI_2019\/Resumen Ejecutivo\/Planos\/PA_11_DETERMINACIONES_SOBRE_EL_ENTORNO_DE_PROTECCION_DEL_CONJUNTO_HISTORICO_II.pdf\" target=\"_blank\" rel=\"noopener\" data-wplink-url-error=\"true\">Descargar<\/a> (PDF)<\/li>\n<li>PA.12 &#8211; <a href=\"https:\/\/www.mijas.es\/wp-content\/uploads\/2011\/06\/PEPRI_2019\/Resumen Ejecutivo\/Planos\/PA_12_PROTECCIONES_ARQUEOLOGICAS_EN_EL_ENTORNO_DE_PROTECCION.pdf\" data-wplink-url-error=\"true\">Descarga<\/a>r (PDF)<\/li>\n<li>PA.13&nbsp; &#8211; <a href=\"https:\/\/www.mijas.es\/wp-content\/uploads\/2011\/06\/PEPRI_2019\/Resumen Ejecutivo\/Planos\/PA_13_PROTECCIONES_ARQUITECTONICAS_Y_ETNOLOGICAS_EN_EL_ENTORNO_DE_PROTECCION.pdf\" target=\"_blank\" rel=\"noopener\" data-wplink-url-error=\"true\">Descargar<\/a>&nbsp; (PDF)<\/li>\n<li>PI.01 &#8211; <a href=\"https:\/\/www.mijas.es\/wp-content\/uploads\/2011\/06\/PEPRI_2019\/Resumen Ejecutivo\/Planos\/PI_01_SITUACION_Y_TOPOGRAFIA.pdf\" target=\"_blank\" rel=\"noopener\" data-wplink-url-error=\"true\">Descargar<\/a> (PDF)<\/li>\n<li>PI.02&nbsp;&#8211; <a href=\"https:\/\/www.mijas.es\/wp-content\/uploads\/2011\/06\/PEPRI_2019\/Resumen Ejecutivo\/Planos\/PI_02_EVOLUCION_HISTORICA_CIUDAD_MEDIEVAL.pdf\" target=\"_blank\" rel=\"noopener\" data-wplink-url-error=\"true\">Descargar<\/a> (PDF)<\/li>\n<li>PI.03&nbsp;&#8211; <a href=\"https:\/\/www.mijas.es\/wp-content\/uploads\/2011\/06\/PEPRI_2019\/Resumen Ejecutivo\/Planos\/PI_03_EVOLUCION_HISTORICA_CIUDAD_MODERNA.pdf\" target=\"_blank\" rel=\"noopener\" data-wplink-url-error=\"true\">Descargar<\/a> (PDF)<\/li>\n<li>PI.04&nbsp;&#8211; <a href=\"https:\/\/www.mijas.es\/wp-content\/uploads\/2011\/06\/PEPRI_2019\/Resumen Ejecutivo\/Planos\/PI.04 SUPERPOSICION 1896 - ACTUALIDAD.pdf\" target=\"_blank\" rel=\"noopener\" data-wplink-url-error=\"true\">Descargar<\/a> (PDF)<\/li>\n<li>PI.05&nbsp;&#8211; <a href=\"https:\/\/www.mijas.es\/wp-content\/uploads\/2011\/06\/PEPRI_2019\/Resumen Ejecutivo\/Planos\/PI_05_ESTRUCTURA_MORFOLOGICA.pdf\" target=\"_blank\" rel=\"noopener\" data-wplink-url-error=\"true\">Descargar<\/a> (PDF)<\/li>\n<li>PI.06&nbsp;&#8211; <a href=\"https:\/\/www.mijas.es\/wp-content\/uploads\/2011\/06\/PEPRI_2019\/Resumen Ejecutivo\/Planos\/PI_06_MOROFOLOGIA_URBANA_MANZANA_Y_PARCELAS.pdf\" target=\"_blank\" rel=\"noopener\" data-wplink-url-error=\"true\">Descargar<\/a> (PDF)<\/li>\n<li>PI.07&nbsp;&#8211; <a href=\"https:\/\/www.mijas.es\/wp-content\/uploads\/2011\/06\/PEPRI_2019\/Resumen Ejecutivo\/Planos\/PI_07_ESTRUCTURA_PARCELARIA_-_LLENOS.pdf\" target=\"_blank\" rel=\"noopener\" data-wplink-url-error=\"true\">Descargar<\/a> (PDF)<\/li>\n<li>PI.08&nbsp;&#8211; <a href=\"https:\/\/www.mijas.es\/wp-content\/uploads\/2011\/06\/PEPRI_2019\/Resumen Ejecutivo\/Planos\/PI_08_ESTRUCTURA_DE_ESPACIOS_LIBRES_-_VACIOS.pdf\" target=\"_blank\" rel=\"noopener\" data-wplink-url-error=\"true\">Descargar<\/a> (PDF)<\/li>\n<li>PI.09&nbsp;&#8211; <a href=\"https:\/\/www.mijas.es\/wp-content\/uploads\/2011\/06\/PEPRI_2019\/Resumen Ejecutivo\/Planos\/PI_09_LOCALIZACION_DE_LA_VEGETACION.pdf\" target=\"_blank\" rel=\"noopener\" data-wplink-url-error=\"true\">Descargar<\/a> (PDF)<\/li>\n<li>PI.10&nbsp;&#8211; <a href=\"https:\/\/www.mijas.es\/wp-content\/uploads\/2011\/06\/PEPRI_2019\/Resumen Ejecutivo\/Planos\/PI_10_EDAD_DE_LA_EDIFICACION.pdf\" target=\"_blank\" rel=\"noopener\" data-wplink-url-error=\"true\">Descargar<\/a> (PDF)<\/li>\n<li>PI.11&nbsp;&#8211; <a href=\"https:\/\/www.mijas.es\/wp-content\/uploads\/2011\/06\/PEPRI_2019\/Resumen Ejecutivo\/Planos\/PI_11_ALTURA_ACTUAL_DE_LA_EDIFICACION.pdf\" target=\"_blank\" rel=\"noopener\" data-wplink-url-error=\"true\">Descargar<\/a> (PDF)<\/li>\n<li>PI.12&nbsp;&#8211; <a href=\"https:\/\/www.mijas.es\/wp-content\/uploads\/2011\/06\/PEPRI_2019\/Resumen Ejecutivo\/Planos\/PI_12_TIPOLOGIA_DE_LA_EDIFICACION_EXISTENTE.pdf\" target=\"_blank\" rel=\"noopener\" data-wplink-url-error=\"true\">Descargar<\/a> (PDF)<\/li>\n<li>PI.13&nbsp;&#8211; <a href=\"https:\/\/www.mijas.es\/wp-content\/uploads\/2011\/06\/PEPRI_2019\/Resumen Ejecutivo\/Planos\/PI_13_TIPOLOGIAS_DE_CUBIERTAS_EXISTENTES.pdf\" target=\"_blank\" rel=\"noopener\" data-wplink-url-error=\"true\">Descargar<\/a> (PDF)<\/li>\n<li>PI.14&nbsp;&#8211; <a href=\"https:\/\/www.mijas.es\/wp-content\/uploads\/2011\/06\/PEPRI_2019\/Resumen Ejecutivo\/Planos\/PI_14_TRAFICO_Y_MOVILIDAD_ACTUAL.pdf\" target=\"_blank\" rel=\"noopener\" data-wplink-url-error=\"true\">Descargar<\/a> (PDF)<\/li>\n<li>PI.15&nbsp;&#8211; <a href=\"https:\/\/www.mijas.es\/wp-content\/uploads\/2011\/06\/PEPRI_2019\/Resumen Ejecutivo\/Planos\/PI_15_SISTEMA_VIARIO_-_DIMENSIONES.pdf\" target=\"_blank\" rel=\"noopener\" data-wplink-url-error=\"true\">Descargar<\/a> (PDF)<\/li>\n<li>PI.16&nbsp;&#8211; <a href=\"https:\/\/www.mijas.es\/wp-content\/uploads\/2011\/06\/PEPRI_2019\/Resumen Ejecutivo\/Planos\/PI_16_CALIFICACION_VIGENTE.pdf\" target=\"_blank\" rel=\"noopener\" data-wplink-url-error=\"true\">Descargar<\/a> (PDF)<\/li>\n<li>PI.17&nbsp;&#8211; <a href=\"https:\/\/www.mijas.es\/wp-content\/uploads\/2011\/06\/PEPRI_2019\/Resumen Ejecutivo\/Planos\/PI_17_PROPIEDADES_MUNICIPALES.pdf\" target=\"_blank\" rel=\"noopener\" data-wplink-url-error=\"true\">Descargar<\/a> (PDF)<\/li>\n<li>PI.18&nbsp;&#8211; <a href=\"https:\/\/www.mijas.es\/wp-content\/uploads\/2011\/06\/PEPRI_2019\/Resumen Ejecutivo\/Planos\/PI_18_ALZADOS_I.pdf\" target=\"_blank\" rel=\"noopener\" data-wplink-url-error=\"true\">Descargar<\/a> (PDF)<\/li>\n<li>PI.19&nbsp;&#8211; <a href=\"https:\/\/www.mijas.es\/wp-content\/uploads\/2011\/06\/PEPRI_2019\/Resumen Ejecutivo\/Planos\/PI_19_ALZADOS_II.pdf\" target=\"_blank\" rel=\"noopener\" data-wplink-url-error=\"true\">Descargar<\/a> (PDF)<\/li>\n<li>PI.20&nbsp;&#8211; <a href=\"https:\/\/www.mijas.es\/wp-content\/uploads\/2011\/06\/PEPRI_2019\/Resumen Ejecutivo\/Planos\/PI_20_ALZADOS_III.pdf\" target=\"_blank\" rel=\"noopener\" data-wplink-url-error=\"true\">Descargar<\/a> (PDF)<\/li>\n<li>PI.21&nbsp;&#8211; <a href=\"https:\/\/www.mijas.es\/wp-content\/uploads\/2011\/06\/PEPRI_2019\/Resumen Ejecutivo\/Planos\/PI_21_ANALISIS_DE_FACHADAS.pdf\" target=\"_blank\" rel=\"noopener\" data-wplink-url-error=\"true\">Descargar<\/a> (PDF)<\/li>\n<li>PI.22&nbsp;&#8211; <a href=\"https:\/\/www.mijas.es\/wp-content\/uploads\/2011\/06\/PEPRI_2019\/Resumen Ejecutivo\/Planos\/PI_22_ANALISIS_DE_FACHADAS_II_Y_ELEMENTOS.pdf\" target=\"_blank\" rel=\"noopener\" data-wplink-url-error=\"true\">Descargar<\/a> (PDF)<\/li>\n<li>PI.23&nbsp;&#8211; <a href=\"https:\/\/www.mijas.es\/wp-content\/uploads\/2011\/06\/PEPRI_2019\/Resumen Ejecutivo\/Planos\/PI_23_TIPOS_DE_PAVIMETNOS_EXISTENTES.pdf\" target=\"_blank\" rel=\"noopener\" data-wplink-url-error=\"true\">Descargar<\/a> (PDF)<\/li>\n<\/ul>\n<\/div>\n","protected":false},"excerpt":{"rendered":"<p>Plan aprobado provisionalmente mediante acuerdo adoptado por la Junta de Gobierno Local en sesi\u00f3n ordinaria celebrada el d\u00eda 03\/04\/2019. Documentaci\u00f3n: Cat\u00e1logo de Bienes Protegidos. Generalidades &#8211; Descargar (PDF) Cat\u00e1logo de Bienes Protegidos. Tomo I &#8211; Descargar (PDF) Cat\u00e1logo de Bienes Protegidos. Tomo II&nbsp;&#8211; Descargar (PDF) Cat\u00e1logo de Bienes Protegidos. Tomo III&nbsp;&#8211; Descargar (PDF) Memoria de [&hellip;]<\/p>\n","protected":false},"author":1,"featured_media":12675,"parent":12090,"menu_order":0,"comment_status":"closed","ping_status":"open","template":"page-departamental.php","meta":[],"_links":{"self":[{"href":"https:\/\/www.mijas.es\/portal\/wp-json\/wp\/v2\/pages\/716"}],"collection":[{"href":"https:\/\/www.mijas.es\/portal\/wp-json\/wp\/v2\/pages"}],"about":[{"href":"https:\/\/www.mijas.es\/portal\/wp-json\/wp\/v2\/types\/page"}],"author":[{"embeddable":true,"href":"https:\/\/www.mijas.es\/portal\/wp-json\/wp\/v2\/users\/1"}],"replies":[{"embeddable":true,"href":"https:\/\/www.mijas.es\/portal\/wp-json\/wp\/v2\/comments?post=716"}],"version-history":[{"count":11,"href":"https:\/\/www.mijas.es\/portal\/wp-json\/wp\/v2\/pages\/716\/revisions"}],"predecessor-version":[{"id":50285,"href":"https:\/\/www.mijas.es\/portal\/wp-json\/wp\/v2\/pages\/716\/revisions\/50285"}],"up":[{"embeddable":true,"href":"https:\/\/www.mijas.es\/portal\/wp-json\/wp\/v2\/pages\/12090"}],"wp:featuredmedia":[{"embeddable":true,"href":"https:\/\/www.mijas.es\/portal\/wp-json\/wp\/v2\/media\/12675"}],"wp:attachment":[{"href":"https:\/\/www.mijas.es\/portal\/wp-json\/wp\/v2\/media?parent=716"}],"curies":[{"name":"wp","href":"https:\/\/api.w.org\/{rel}","templated":true}]}}