{"id":7,"date":"2013-01-21T16:19:42","date_gmt":"2013-01-21T16:19:42","guid":{"rendered":"http:\/\/localhost\/pruebaweb\/?p=7"},"modified":"2024-01-31T11:27:50","modified_gmt":"2024-01-31T10:27:50","slug":"tu-ayuntamiento","status":"publish","type":"page","link":"https:\/\/www.mijas.es\/portal\/tu-ayuntamiento\/","title":{"rendered":"Tu Ayuntamiento"},"content":{"rendered":"<div class=\"wp-block-image\">\n<figure class=\"alignleft size-large is-resized\"><img decoding=\"async\" src=\"https:\/\/www.mijas.es\/wp-content\/uploads\/2024\/01\/Ana-2-1024x683.jpg\" alt=\"\" class=\"wp-image-53771\" width=\"438\" height=\"291\" srcset=\"https:\/\/www.mijas.es\/wp-content\/uploads\/2024\/01\/Ana-2-1024x683.jpg 1024w, https:\/\/www.mijas.es\/wp-content\/uploads\/2024\/01\/Ana-2-300x200.jpg 300w, https:\/\/www.mijas.es\/wp-content\/uploads\/2024\/01\/Ana-2-768x512.jpg 768w, https:\/\/www.mijas.es\/wp-content\/uploads\/2024\/01\/Ana-2-1536x1024.jpg 1536w, https:\/\/www.mijas.es\/wp-content\/uploads\/2024\/01\/Ana-2-2048x1365.jpg 2048w\" sizes=\"(max-width: 438px) 100vw, 438px\" \/><\/figure><\/div>\n\n\n<p>Te doy la bienvenida a este portal web, una ventana abierta a Mijas, coraz\u00f3n de la Costa del Sol.<\/p>\n\n\n\n<p>A trav\u00e9s de este portal telem\u00e1tico de la administraci\u00f3n local, podr\u00e1s realizar tus tr\u00e1mites con mayor agilidad y mantenerte informado de lo que ocurre en la ciudad y de las decisiones que se toman, de manera transparente y cercana.<\/p>\n\n\n\n<p>Aqu\u00ed dispondr\u00e1s de informaci\u00f3n detallada sobre nuestro Ayuntamiento y su funcionamiento, como es el caso de avisos, noticias o documentaci\u00f3n estrat\u00e9gica. Adem\u00e1s, podr\u00e1s realizar tr\u00e1mites administrativos y contactar con las \u00e1reas y empresas municipales de forma directa, sencilla y participativa.<\/p>\n\n\n\n<p>Pero no nos quedamos ah\u00ed. Esta p\u00e1gina tambi\u00e9n recoge los datos de inter\u00e9s del municipio, como son sus principales puntos de inter\u00e9s tur\u00edstico, fiestas locales, patrimonio natural, cultural e historia para que, a tan solo un clic, conozc\u00e1is nuestra ciudad en profundidad.<\/p>\n\n\n\n<p>En definitiva, una web completa y din\u00e1mica, que evoluciona cada d\u00eda para prestaros los mejores servicios.<\/p>\n\n\n\n<p>Mijas es un municipio \u00fanico e imparable, que apuesta por la perfecta sinton\u00eda entre progreso y tradici\u00f3n. Trabajamos d\u00eda a d\u00eda para ser un ejemplo de innovaci\u00f3n, sostenibilidad, vanguardia y desarrollo, sin olvidar nuestras ra\u00edces y costumbres.<\/p>\n\n\n\n<p>Por todo ello, como alcaldesa de Mijas, me debo a mis vecinos y vecinas ejerciendo un servicio p\u00fablico honesto y responsable, y trabajando por su crecimiento socioecon\u00f3mico, cultural, deportivo y ambiental.<\/p>\n\n\n\n<p><em>Ana Carmen Mata<\/em><\/p>\n\n\n\n<p><em>Alcaldesa de Mijas<\/em><\/p>\n","protected":false},"excerpt":{"rendered":"<p>Te doy la bienvenida a este portal web, una ventana abierta a Mijas, coraz\u00f3n de la Costa del Sol. A trav\u00e9s de este portal telem\u00e1tico de la administraci\u00f3n local, podr\u00e1s realizar tus tr\u00e1mites con mayor agilidad y mantenerte informado de lo que ocurre en la ciudad y de las decisiones que se toman, de manera [&hellip;]<\/p>\n","protected":false},"author":1,"featured_media":0,"parent":0,"menu_order":0,"comment_status":"closed","ping_status":"open","template":"page-departamental.php","meta":[],"_links":{"self":[{"href":"https:\/\/www.mijas.es\/portal\/wp-json\/wp\/v2\/pages\/7"}],"collection":[{"href":"https:\/\/www.mijas.es\/portal\/wp-json\/wp\/v2\/pages"}],"about":[{"href":"https:\/\/www.mijas.es\/portal\/wp-json\/wp\/v2\/types\/page"}],"author":[{"embeddable":true,"href":"https:\/\/www.mijas.es\/portal\/wp-json\/wp\/v2\/users\/1"}],"replies":[{"embeddable":true,"href":"https:\/\/www.mijas.es\/portal\/wp-json\/wp\/v2\/comments?post=7"}],"version-history":[{"count":38,"href":"https:\/\/www.mijas.es\/portal\/wp-json\/wp\/v2\/pages\/7\/revisions"}],"predecessor-version":[{"id":53777,"href":"https:\/\/www.mijas.es\/portal\/wp-json\/wp\/v2\/pages\/7\/revisions\/53777"}],"wp:attachment":[{"href":"https:\/\/www.mijas.es\/portal\/wp-json\/wp\/v2\/media?parent=7"}],"curies":[{"name":"wp","href":"https:\/\/api.w.org\/{rel}","templated":true}]}}