{"id":64094,"date":"2026-04-10T11:33:39","date_gmt":"2026-04-10T10:33:39","guid":{"rendered":"https:\/\/www.mijas.es\/portal\/?page_id=64094"},"modified":"2026-04-10T11:36:21","modified_gmt":"2026-04-10T10:36:21","slug":"paula-alvarez-tome-asesora-municipal","status":"publish","type":"page","link":"https:\/\/www.mijas.es\/portal\/paula-alvarez-tome-asesora-municipal\/","title":{"rendered":"Paula \u00c1lvarez Tome &#8211; Asesora Municipal"},"content":{"rendered":"\n<h2 class=\"wp-block-heading\">Formaci\u00f3n<\/h2>\n\n\n\n<ul>\n<li><strong>Certificado de Profesionalidad en Docencia para la Formaci\u00f3n Profesional para el Empleo <\/strong>\u2013 Euroformac<\/li>\n\n\n\n<li><strong>Fundamentos del Marketing Digital \u2013 <\/strong>Google\/Coursera<\/li>\n\n\n\n<li><strong>Publicidad en Internet \u2013 <\/strong>Ayuntamiento de Marbella<\/li>\n\n\n\n<li><strong>Direcci\u00f3n de Equipos en Entornos Virtuales <\/strong>&#8211; V\u00e9rtice Training<\/li>\n\n\n\n<li><strong>Atracci\u00f3n e interacci\u00f3n con clientes mediante marketing digital \u2013G<\/strong>oogle\/Coursera<\/li>\n\n\n\n<li><strong>COMPETENCIAS DIGITALES B\u00c1SICAS: <\/strong>V\u00e9rtices training<\/li>\n\n\n\n<li><strong>IGUALDAD DE G\u00c9NERO: APLICACI\u00d3N<\/strong><\/li>\n\n\n\n<li><strong>PR\u00c1CTICA EN EL \u00c1MBITO DEL EMPLEO: <\/strong>Ministerio de igualdad<\/li>\n\n\n\n<li><strong>M\u00e1ster en Direcci\u00f3n y Gesti\u00f3n P\u00fablica \u2013 Universidad de Granada (En curso)<\/strong><\/li>\n\n\n\n<li><strong>Grado en Ciencias Pol\u00edticas y de la Administraci\u00f3n P\u00fablica \u2013 Universidad de Granada<\/strong><\/li>\n<\/ul>\n\n\n\n<hr class=\"wp-block-separator has-alpha-channel-opacity\"\/>\n\n\n\n<h2 class=\"wp-block-heading\">Experiencia<\/h2>\n\n\n\n<ul>\n<li><strong>Becaria \u2013 Delegaci\u00f3n de Cultura de Granada<\/strong><ul><li>Apoyo en estudios de Recursos Humanos y gesti\u00f3n del personal.<\/li><\/ul><ul><li>Elaboraci\u00f3n de informes sobre direcci\u00f3n y gesti\u00f3n administrativa.<\/li><\/ul>\n<ul>\n<li>Gesti\u00f3n de la comunicaci\u00f3n interna y externa institucional.<\/li>\n<\/ul>\n<\/li>\n\n\n\n<li><strong>Becaria \u2013 Universidad de Granada<\/strong><ul><li>Participaci\u00f3n en investigaciones en el \u00e1mbito de la administraci\u00f3n p\u00fablica.<\/li><\/ul><ul><li>Manejo de SPSS, Limesurvey y herramientas relacionadas con machine learning.<\/li><\/ul>\n<ul>\n<li>Colaboraci\u00f3n en la redacci\u00f3n de art\u00edculos cient\u00edficos.<\/li>\n<\/ul>\n<\/li>\n\n\n\n<li><strong>Recepcionista \u2013 MacDonald Resort Hotel<\/strong><ul><li>Gesti\u00f3n de reservas y atenci\u00f3n al cliente internacional.<\/li><\/ul><ul><li>Resoluci\u00f3n de incidencias y comunicaci\u00f3n efectiva.<\/li><\/ul>\n<ul>\n<li>Facturaci\u00f3n y uso de herramientas ofim\u00e1ticas.<\/li>\n<\/ul>\n<\/li>\n\n\n\n<li><strong>Auxiliar de monitora \u2013 MacDonald Resort Hotel<\/strong><ul><li>Organizaci\u00f3n de actividades recreativas.<\/li><\/ul>\n<ul>\n<li>Coordinaci\u00f3n de materiales y resoluci\u00f3n de incidencias.<\/li>\n<\/ul>\n<\/li>\n\n\n\n<li><strong>Dependienta de tienda \u2013 MacDonald Resort Hotel<\/strong>\n<ul>\n<li>Gesti\u00f3n de pedidos, control de stock y trato con proveedores.<\/li>\n\n\n\n<li>Atenci\u00f3n al cliente y manejo de caja.<\/li>\n<\/ul>\n<\/li>\n<\/ul>\n\n\n\n<hr class=\"wp-block-separator has-alpha-channel-opacity\"\/>\n\n\n\n<h2 class=\"wp-block-heading\">Contacto<\/h2>\n\n\n\n<ul>\n<li>palvarez@mijas.es<\/li>\n<\/ul>\n\n\n\n<hr class=\"wp-block-separator has-alpha-channel-opacity\"\/>\n\n\n\n<h2 class=\"wp-block-heading\">Retribuciones<\/h2>\n\n\n\n<p>44.000 \u20ac (brutos\/a\u00f1o)<\/p>\n","protected":false},"excerpt":{"rendered":"<p>Formaci\u00f3n Experiencia Contacto Retribuciones 44.000 \u20ac (brutos\/a\u00f1o)<\/p>\n","protected":false},"author":9,"featured_media":0,"parent":0,"menu_order":0,"comment_status":"closed","ping_status":"closed","template":"","meta":[],"_links":{"self":[{"href":"https:\/\/www.mijas.es\/portal\/wp-json\/wp\/v2\/pages\/64094"}],"collection":[{"href":"https:\/\/www.mijas.es\/portal\/wp-json\/wp\/v2\/pages"}],"about":[{"href":"https:\/\/www.mijas.es\/portal\/wp-json\/wp\/v2\/types\/page"}],"author":[{"embeddable":true,"href":"https:\/\/www.mijas.es\/portal\/wp-json\/wp\/v2\/users\/9"}],"replies":[{"embeddable":true,"href":"https:\/\/www.mijas.es\/portal\/wp-json\/wp\/v2\/comments?post=64094"}],"version-history":[{"count":2,"href":"https:\/\/www.mijas.es\/portal\/wp-json\/wp\/v2\/pages\/64094\/revisions"}],"predecessor-version":[{"id":64101,"href":"https:\/\/www.mijas.es\/portal\/wp-json\/wp\/v2\/pages\/64094\/revisions\/64101"}],"wp:attachment":[{"href":"https:\/\/www.mijas.es\/portal\/wp-json\/wp\/v2\/media?parent=64094"}],"curies":[{"name":"wp","href":"https:\/\/api.w.org\/{rel}","templated":true}]}}