{"id":63885,"date":"2026-03-18T11:13:41","date_gmt":"2026-03-18T10:13:41","guid":{"rendered":"https:\/\/www.mijas.es\/portal\/?page_id=63885"},"modified":"2026-03-18T11:13:43","modified_gmt":"2026-03-18T10:13:43","slug":"normas-presentacion-documental-de-instrumentos-de-ordenacion","status":"publish","type":"page","link":"https:\/\/www.mijas.es\/portal\/urbanismo\/normas-presentacion-documental-de-instrumentos-de-ordenacion\/","title":{"rendered":"Normas presentaci\u00f3n documental de instrumentos de ordenaci\u00f3n"},"content":{"rendered":"\n<ul>\n<li><em>Normas Directoras de la documentaci\u00f3n electr\u00f3nica de los instrumentos de ordenaci\u00f3n urban\u00edstica de Andaluc\u00eda<\/em> &#8211; <a href=\"https:\/\/www.mijas.es\/wp-content\/uploads\/2026\/03\/NNDD%20documentacion%20IOU.pdf\" target=\"_blank\" rel=\"noreferrer noopener\">Descargar<\/a><\/li>\n<\/ul>\n","protected":false},"excerpt":{"rendered":"","protected":false},"author":9,"featured_media":0,"parent":12090,"menu_order":0,"comment_status":"closed","ping_status":"closed","template":"","meta":[],"_links":{"self":[{"href":"https:\/\/www.mijas.es\/portal\/wp-json\/wp\/v2\/pages\/63885"}],"collection":[{"href":"https:\/\/www.mijas.es\/portal\/wp-json\/wp\/v2\/pages"}],"about":[{"href":"https:\/\/www.mijas.es\/portal\/wp-json\/wp\/v2\/types\/page"}],"author":[{"embeddable":true,"href":"https:\/\/www.mijas.es\/portal\/wp-json\/wp\/v2\/users\/9"}],"replies":[{"embeddable":true,"href":"https:\/\/www.mijas.es\/portal\/wp-json\/wp\/v2\/comments?post=63885"}],"version-history":[{"count":1,"href":"https:\/\/www.mijas.es\/portal\/wp-json\/wp\/v2\/pages\/63885\/revisions"}],"predecessor-version":[{"id":63886,"href":"https:\/\/www.mijas.es\/portal\/wp-json\/wp\/v2\/pages\/63885\/revisions\/63886"}],"up":[{"embeddable":true,"href":"https:\/\/www.mijas.es\/portal\/wp-json\/wp\/v2\/pages\/12090"}],"wp:attachment":[{"href":"https:\/\/www.mijas.es\/portal\/wp-json\/wp\/v2\/media?parent=63885"}],"curies":[{"name":"wp","href":"https:\/\/api.w.org\/{rel}","templated":true}]}}