{"id":63429,"date":"2026-02-03T09:02:52","date_gmt":"2026-02-03T08:02:52","guid":{"rendered":"https:\/\/www.mijas.es\/portal\/?page_id=63429"},"modified":"2026-02-03T09:03:03","modified_gmt":"2026-02-03T08:03:03","slug":"joaquin-marin-dominguez-asesor-municipal","status":"publish","type":"page","link":"https:\/\/www.mijas.es\/portal\/joaquin-marin-dominguez-asesor-municipal\/","title":{"rendered":"Joaqu\u00edn Mar\u00edn Dom\u00ednguez \u2013 Asesor Municipal"},"content":{"rendered":"\n<h2 class=\"wp-block-heading\">Formaci\u00f3n:<\/h2>\n\n\n\n<ul>\n<li>M\u00e1ster en Direcci\u00f3n de Comunicaci\u00f3n Institucional y Empresarial por la Universidad Aut\u00f3noma de Barcelona (UAB). 2012.<\/li>\n\n\n\n<li>Licenciado en Periodismo. Facultad de Ciencias de la Comunicaci\u00f3n. Universidad de M\u00e1laga (UMA) &#8211; V Promoci\u00f3n. 2000.<\/li>\n\n\n\n<li>Certificaci\u00f3n en inbound marketing (marketing on line) por la HubSpot Academy. Certificado de capacitaci\u00f3n para el desarrollo y ejecuci\u00f3n de estrategias de inbound marketing en web y redes sociales. An\u00e1lisis de tendencias, gesti\u00f3n de perfiles, herramientas web, blog,email marketing. Gesti\u00f3n y manejo del CRM de HubSpot. 2018.<\/li>\n\n\n\n<li>Extensi\u00f3n universitaria en inbound marketing (marketing on line, redes sociales) (Universidad de M\u00e1laga). 2018.<\/li>\n\n\n\n<li>Especializaci\u00f3n en community management y redes sociales de la Asociaci\u00f3n Espa\u00f1ola de Responsables de Comunidades on line (Aerco). 2013.<\/li>\n<\/ul>\n\n\n\n<hr class=\"wp-block-separator has-alpha-channel-opacity\"\/>\n\n\n\n<h2 class=\"wp-block-heading\">Experiencia:<\/h2>\n\n\n\n<ul>\n<li>Director de comunicaci\u00f3n y gerente de la Asociaci\u00f3n de Hosteleros de M\u00e1laga (Mahos)<br>Abril de 2019 &#8211; actualidad<br>Director de comunicaci\u00f3n corporativa y gerente en la Asociaci\u00f3n de Hosteleros de M\u00e1laga<br>(Mahos), patronal del sector que m\u00e1s empleo genera en la provincia de M\u00e1laga (87.000 puestos<br>de trabajo al a\u00f1o, seg\u00fan las estad\u00edsticas oficiales). Coordinaci\u00f3n general de la Asociaci\u00f3n; estrategia<br>general de comunicaci\u00f3n; supervisi\u00f3n de la comunicaci\u00f3n externa e interna con asociados,<br>proveedores, patrocinadores, empresas e instituciones; conceptualizaci\u00f3n de campa\u00f1as de marketing<br>on y off line; gesti\u00f3n de equipos; organizaci\u00f3n de eventos sectoriales (Gala de la Hosteler\u00eda,<br>Foro Nacional de Hosteler\u00eda); relaci\u00f3n con los medios de comunicaci\u00f3n; creaci\u00f3n de<br>contenido y notas de prensa; responsable de relaciones con las instituciones p\u00fablicas y privadas.<br>M\u00e1s en www.mahos.es.<\/li>\n\n\n\n<li>Secretario general y de comunicaci\u00f3n de la Federaci\u00f3n de Empresarios de Hosteler\u00eda de Andaluc\u00eda<br>Febrero de 2021 &#8211; actualidad<br>Secretario general y de comunicaci\u00f3n de la Federaci\u00f3n de Empresarios de Hosteler\u00eda de<br>Andaluc\u00eda, patronal regional de un sector que aporta el 7% del PIB con m\u00e1s de 55.000 empresas<br>y 300.000 trabajadores. Coordinaci\u00f3n general de la federaci\u00f3n, responsable de comunicaci\u00f3n,<br>relaciones institucionales, relaciones con los medios, organizaci\u00f3n de eventos, dise\u00f1o de<br>campa\u00f1as, estrategia digital, organizaci\u00f3n de eventos, participaci\u00f3n en ferias.<br>M\u00e1s en www.linkedin.com\/company\/hosteler\u00eda-de-andaluc\u00eda\/ y https:\/\/www.facebook.com\/HosteleriaAndalucia\/<\/li>\n\n\n\n<li>Director de cuentas en Coonic<br>Octubre de 2018 &#8211; abril 2019<br>Director de cuentas en la agencia de comunicaci\u00f3n y marketing digital Coonic, especializada<br>en inbound marketing, redes sociales, estrategia de comunicaci\u00f3n global, marketing on line,<br>desarrollo web, comunicaci\u00f3n institucional y empresarial, dise\u00f1o, producci\u00f3n de campa\u00f1as. Estrategia<br>y planificaci\u00f3n en herramientas de social media.<br>Desarrollo de trabajo como director de cuentas con una visi\u00f3n global de las necesidades del<br>cliente, centrado en lo relativo a la comunicaci\u00f3n global, la especializaci\u00f3n en el crecimiento de<br>comunidades en redes sociales, SEO y SEM (campa\u00f1as org\u00e1nicas y con inversi\u00f3n publicitaria,<br>Google AdWords, Facebook Ads, m\u00e9tricas, an\u00e1lisis de resultados y orientaci\u00f3n de estrategia,Wordpress).<br>Coonic tiene presencia en M\u00e1laga, Madrid y Bilbao y trabaja con clientes como Yahoo, ZTE,<br>Cervezas Victoria, Telef\u00f3nica, los museos municipales de M\u00e1laga o Marathon Bet, entre otros.<br>M\u00e1s en www.coonic.com.\n<ul>\n<li>Consultor de comunicaci\u00f3n<br>Julio 2015 &#8211; octubre de 2018<br>Director de comunicaci\u00f3n interna y externa en el proyecto Torre del Puerto de M\u00e1laga, hotel<br>de cinco estrellas gran lujo promovido en el Puerto de M\u00e1laga por el grupo Al Bidda de<br>Catar y su sociedad Andalusian Hospitality II formada con Estudio Segu\u00ed. Estrategia de comunicaci\u00f3n global y gesti\u00f3n de contenidos web. Apertura, puesta en marcha y gesti\u00f3n de redes sociales (Facebook, Twitter e Instagram). Conceptualizaci\u00f3n y desarrollo de estrategia en<br>redes sociales. Campa\u00f1as SEO y SEM. Gesti\u00f3n de web en WordPress. Notas de prensa, blog<br>web, creaci\u00f3n de contenido audiovisual, organizaci\u00f3n de ruedas de prensa y eventos, asesor\u00eda en comunicaci\u00f3n. Anal\u00edtica e informes de redes sociales. M\u00e1s en www.torrepuertomalaga.com.<br>Responsable de comunicaci\u00f3n en el \u00c1rea de Reactivaci\u00f3n Econ\u00f3mica, Promoci\u00f3n Empresarial<br>y Fomento del Empleo del Ayuntamiento de M\u00e1laga. Gesti\u00f3n integral de comunicaci\u00f3n. Puesta<br>en marcha y actualizaci\u00f3n de redes sociales (perfiles oficiales de Facebook y Twitter). Redacci\u00f3n<br>de art\u00edculos, intervenciones, informes. M\u00e1s en http:\/\/economiaproductiva.malaga.eu<br>Director de comunicaci\u00f3n interna y externa en la Universidad Nacional de Educaci\u00f3n a<br>Distancia (UNED) para su centro asociado \u2018Mar\u00eda Zambrano\u2019 de M\u00e1laga. Organizaci\u00f3n y celebraci\u00f3n de ruedas de prensa, gesti\u00f3n de la comunicaci\u00f3n, notas de prensa, contactos con los medios, organizaci\u00f3n de eventos, gesti\u00f3n de invitados. M\u00e1s en http:\/\/extension.uned.es.<br>Gesti\u00f3n de comunicaci\u00f3n externa en la Fundaci\u00f3n MADECA (M\u00e1laga Desarrollo y Calidad)<br>de la Diputaci\u00f3n de M\u00e1laga. Elaboraci\u00f3n de planes de comunicaci\u00f3n, relaci\u00f3n con los medios,<br>organizaci\u00f3n de jornadas, seminarios y eventos. M\u00e1s en http:\/\/www.fundacionmadeca.es.<\/li>\n<\/ul>\n<\/li>\n\n\n\n<li>Comunicaci\u00f3n institucional en la Diputaci\u00f3n Provincial de M\u00e1laga<br>Julio de 2011 &#8211; julio 2015<br>Estrategia global de comunicaci\u00f3n institucional, redacci\u00f3n de discursos e intervenciones para el<br>presidente, art\u00edculos para prensa, notas de prensa, ruedas de prensa, organizaci\u00f3n de actos y<br>eventos, gesti\u00f3n de la web institucional con t\u00e9cnicas SEO y de los perfiles de la Diputaci\u00f3n<br>en las redes sociales.<br>Responsable de la informaci\u00f3n tur\u00edstica y econ\u00f3mica. Encargado de la comunicaci\u00f3n tur\u00edstica<br>del presidente de la Diputaci\u00f3n y de la empresa de promoci\u00f3n \u2018Turismo y Planificaci\u00f3n Costa<br>del Sol\u2019. Redacci\u00f3n de sus intervenciones en las ferias tur\u00edsticas nacionales e internacionales,<br>construcci\u00f3n del discurso institucional. Responsable de los actos y eventos del presidente.<br>M\u00e1s en www.malaga.es.<\/li>\n\n\n\n<li>Jefe de Local en el diario La Opini\u00f3n de M\u00e1laga (grupo Prensa Ib\u00e9rica)<br>Marzo de 2009 &#8211; mayo de 2010<br>Organizaci\u00f3n diaria de la principal secci\u00f3n informativa del peri\u00f3dico, planteamiento de los temas<br>a tratar, coordinaci\u00f3n de especiales, maquetaci\u00f3n y correcci\u00f3n, decisi\u00f3n de temas, preparaci\u00f3n<br>de reportajes y entrevistas. Gesti\u00f3n de grupo de una redacci\u00f3n formada por 20 personas.<\/li>\n\n\n\n<li>Redactor en el diario La Opini\u00f3n de M\u00e1laga<br>Marzo 2001- marzo 2009<br>Redactor especializado en informaci\u00f3n tur\u00edstica con experiencia, como enviado especial, en las<br>principales ferias de turismo del calendario internacional (World Travel Market de Londres, ITB<br>de Berl\u00edn, Fitur de Madrid, Fr.e.e de M\u00fanich).<br>Redactor en la secci\u00f3n de Deportes. Especialista en informaci\u00f3n futbol\u00edstica con el M\u00e1laga Club<br>de F\u00fatbol. Enviado especial con el equipo a los partidos a lo largo de dos temporadas completas<br>(2004-2006). Autor de las cr\u00f3nicas de los encuentros.<br>Redactor especializado en informaci\u00f3n de infraestructuras y obra p\u00fablica. Coeditor y redactor<br>de una revista especial de 72 p\u00e1ginas con motivo de la llegada del AVE a M\u00e1laga (diciembre<br>2007). Cubr\u00ed como enviado especial los hitos de la llegada del tren de Alta Velocidad a M\u00e1laga.<br>Encargado de informaci\u00f3n pol\u00edtica.<\/li>\n<\/ul>\n\n\n\n<hr class=\"wp-block-separator has-alpha-channel-opacity\"\/>\n\n\n\n<h2 class=\"wp-block-heading\">Contacto<\/h2>\n\n\n\n<p>prensa@mijas.es<\/p>\n\n\n\n<hr class=\"wp-block-separator has-alpha-channel-opacity\"\/>\n\n\n\n<h2 class=\"wp-block-heading\">Retribuciones<\/h2>\n\n\n\n<p>44.000 \u20ac (brutos\/a\u00f1o)<\/p>\n","protected":false},"excerpt":{"rendered":"<p>Formaci\u00f3n: Experiencia: Contacto prensa@mijas.es Retribuciones 44.000 \u20ac (brutos\/a\u00f1o)<\/p>\n","protected":false},"author":9,"featured_media":0,"parent":0,"menu_order":0,"comment_status":"closed","ping_status":"closed","template":"","meta":[],"_links":{"self":[{"href":"https:\/\/www.mijas.es\/portal\/wp-json\/wp\/v2\/pages\/63429"}],"collection":[{"href":"https:\/\/www.mijas.es\/portal\/wp-json\/wp\/v2\/pages"}],"about":[{"href":"https:\/\/www.mijas.es\/portal\/wp-json\/wp\/v2\/types\/page"}],"author":[{"embeddable":true,"href":"https:\/\/www.mijas.es\/portal\/wp-json\/wp\/v2\/users\/9"}],"replies":[{"embeddable":true,"href":"https:\/\/www.mijas.es\/portal\/wp-json\/wp\/v2\/comments?post=63429"}],"version-history":[{"count":2,"href":"https:\/\/www.mijas.es\/portal\/wp-json\/wp\/v2\/pages\/63429\/revisions"}],"predecessor-version":[{"id":63431,"href":"https:\/\/www.mijas.es\/portal\/wp-json\/wp\/v2\/pages\/63429\/revisions\/63431"}],"wp:attachment":[{"href":"https:\/\/www.mijas.es\/portal\/wp-json\/wp\/v2\/media?parent=63429"}],"curies":[{"name":"wp","href":"https:\/\/api.w.org\/{rel}","templated":true}]}}