{"id":61776,"date":"2025-07-03T09:47:39","date_gmt":"2025-07-03T08:47:39","guid":{"rendered":"https:\/\/www.mijas.es\/portal\/?page_id=61776"},"modified":"2025-07-03T09:47:51","modified_gmt":"2025-07-03T08:47:51","slug":"justina-martin-martin-asesor-municipal","status":"publish","type":"page","link":"https:\/\/www.mijas.es\/portal\/justina-martin-martin-asesor-municipal\/","title":{"rendered":"Justina Mart\u00edn Mart\u00edn &#8211; Asesor Municipal"},"content":{"rendered":"\n<h2 class=\"wp-block-heading\">Formaci\u00f3n<\/h2>\n\n\n\n<ul>\n<li>T\u00edtulo de Experto en Mediaci\u00f3n Familiar, septiembre 2010 por La UNED.<\/li>\n\n\n\n<li>Doctorado en el programa \u201cEl contrato de leasing\u201d en el programa \u201cEstudios de Derecho Mercantil\u201d del Departamento de Derecho Mercantil de la Universidad Complutense de Madrid, Curso 1996-1997. <\/li>\n\n\n\n<li>Seminario de Especializaci\u00f3n sobre \u201cClaves de la Armonizaci\u00f3n y Reforma del Derecho de Sociedades de Capital\u201d, organizado por el Centro de Documentaci\u00f3n Europea de Valladolid, en el marco del Convenio de colaboraci\u00f3n entre la Universidad de Valladolid y la Junta de Castilla Y Le\u00f3n, Curso 1989. <\/li>\n\n\n\n<li>Doctorado en el programa \u201cLa organizaci\u00f3n jur\u00eddica de la empresa\u201d del Departamento de Derecho Mercantil, Derecho del Trabajo y Derecho Internacional Privado\u201d de la Facultad de Derecho de la Universidad de Valladolid, Cursos 1986-1988. <\/li>\n\n\n\n<li>Licenciado en Derecho por la Universidad de Valladolid<\/li>\n<\/ul>\n\n\n\n<hr class=\"wp-block-separator has-alpha-channel-opacity\"\/>\n\n\n\n<h2 class=\"wp-block-heading\">Experiencia<\/h2>\n\n\n\n<ul>\n<li>CONCURSOS REALIZADOS Y EXPERIENCIA DOCENTE EN LA UNIVERSIDAD DE VALLADOLID Y EN LA UNIVERSIDAD COMPLUTENSE DE MADRID.\n<ul>\n<li>Profesora Asociada, tipo 1, de la Facultad de CCEE y EE de la Universidad Complutense de Madrid. Dedicaci\u00f3n a tiempo completo. Octubre 1994 \u2013 Septiembre 2001. <\/li>\n\n\n\n<li>Profesora Ayudante de Escuela Universitaria de la Facultad de CCEE y EE de la Universidad Complutense de Madrid. Dedicaci\u00f3n a tiempo completo. Octubre 1991 \u2013 Septiembre 1994. <\/li>\n\n\n\n<li>Profesora Ayudante de Facultad de la Facultad de CCEE y EE de la Universidad de Valladolid. Dedicaci\u00f3n a tiempo completo. Octubre 1989\u2013 Septiembre 1991. <\/li>\n\n\n\n<li>Profesora Ayudante de Escuela Universitaria de la Facultad de CCEE y EE de la Universidad de Valladolid. Dedicaci\u00f3n a tiempo completo. Octubre 1988 \u2013 Septiembre 1990. <\/li>\n\n\n\n<li>Profesora Ayudante de Escuela Universitaria de la Facultad de CCEE y EE de la Universidad de Valladolid. Dedicaci\u00f3n a tiempo completo. Octubre 1988 \u2013 Septiembre 1990. <\/li>\n\n\n\n<li>Profesora Ayudante de Escuela Universitaria de la Facultad de CCEE y EE de la Universidad de Valladolid. Dedicaci\u00f3n a tiempo completo. Octubre 1987 \u2013 Septiembre 1988. <\/li>\n\n\n\n<li>Profesora de la asignatura de \u201cIntroducci\u00f3n al derecho\u201d en la Facultad de CCEE y EE de la Universidad Complutense de Madrid, rama Econom\u00eda 1\u00ba Curso, Cursos 1996-2001. <\/li>\n\n\n\n<li>Profesora de la asignatura de libre elecci\u00f3n \u201cDerecho de los Consumidores\u201d en la Facultad de CCEE y EE de la Universidad Complutense de Madrid, Cursos 1996-2001. <\/li>\n\n\n\n<li>Profesora de la asignatura optativa, de 2\u00ba Ciclo, \u201cR\u00e9gimen jur\u00eddico del mercado\u201d en la Facultad de CCEE y EE de la Universidad Complutense de Madrid, Cursos 1996-2001. <\/li>\n\n\n\n<li>Profesora de las pr\u00e1cticas de la asignatura optativa \u201cDerecho de Sociedades\u201d, en la Facultad de CCEE y EE de la Universidad Complutense de Madrid, Cursos 1996- 1999. <\/li>\n\n\n\n<li>Profesora responsable de la asignatura de \u201cDerecho Mercantil\u201d, en la Facultad de CCEE y EE de la Universidad Complutense de Madrid, 2\u00ba Curso, plan 79, rama de Empresariales, curso 1996- 1997. <\/li>\n\n\n\n<li>Profesora de la asignatura de \u201cDerecho Mercantil\u201d, en la Facultad de CCEE y EE de la Universidad Complutense de Madrid, 2\u00ba Curso, plan 79, rama de Empresariales, desde octubre de 1992 hasta octubre de 1996. <\/li>\n\n\n\n<li>Profesora de la asignatura de \u201cIntroducci\u00f3n al derecho de la empresa\u201d, en la Facultad de CCEE y EE de la Universidad Complutense de Madrid, rama de Administraci\u00f3n y Direcci\u00f3n de empresas, 1\u00ba curso, curso 1995-1996. <\/li>\n<\/ul>\n<\/li>\n\n\n\n<li>IV. PARTICIPACI\u00d3N EN CURSOS Y CONFERENCIAS. \n<ul>\n<li>Profesora colaboradora, en el \u00e1rea jur\u00eddica de Derecho Mercantil, del Centro de Formaci\u00f3n de Caja Madrid como Asesora de programas. <\/li>\n\n\n\n<li>Profesora colaboradora, en el \u00e1rea jur\u00eddica de Derecho Mercantil, del Centro de Formaci\u00f3n de Caja Madrid en los cursos destinados a los Auxiliares. <\/li>\n\n\n\n<li>Profesora colaboradora del Centro de Formaci\u00f3n de Caja Madrid como Miembro del Tribunal, para la asignatura del Derecho Mercantil, en las Oposiciones de Oficiales 1\u00ba y 2\u00ba. <\/li>\n\n\n\n<li>Profesora colaboradora, en el \u00e1rea jur\u00eddica de Derecho Mercantil, del Centro de Formaci\u00f3n de Caja Madrid en los Cursos de T\u00e9cnico de Administraci\u00f3n de empresas y T\u00e9cnico Superior en Gesti\u00f3n y Finanzas. <\/li>\n\n\n\n<li>Profesora colaboradora, en el \u00e1rea jur\u00eddica de Derecho Mercantil, del Centro de Formaci\u00f3n de Caja Madrid, en la materia de \u201cDerecho de Sociedades y T\u00edtulos-Valores\u201d en el Diploma. <\/li>\n\n\n\n<li>Profesora colaboradora, en el \u00e1rea jur\u00eddica de Derecho Mercantil, del Centro de Formaci\u00f3n de Caja Madrid, en la materia de Derecho de Sociedades en los Seminarios \u201cNueva Legislaci\u00f3n Mercantil de Sociedades\u201d. <\/li>\n\n\n\n<li>Profesora colaboradora, en el \u00e1rea jur\u00eddica de Derecho Mercantil, del Centro de Formaci\u00f3n de Caja Madrid, en el curso \u201cElementos b\u00e1sicos de Derecho Mercantil. <\/li>\n\n\n\n<li>Profesora del \u00e1rea jur\u00eddica de Derecho Mercantil, en el Curso de Direcci\u00f3n Empresarial. Fundaci\u00f3n Universidad-Empresa, 1996.<\/li>\n\n\n\n<li>Profesora colaboradora, en el \u00e1rea de Derecho Mercantil, en un Curso organizado por el Centro de Estudios Comerciales (CECO), junio 1994. <\/li>\n\n\n\n<li>Profesora del \u00e1rea jur\u00eddica de Derecho Mercantil, en el Curso organizado por el Centro Superior de Estudios Empresariales, Forum XXI, 1990. <\/li>\n\n\n\n<li>Profesora del \u00e1rea jur\u00eddica de Derecho Mercantil en el Curso de Agentes de Desarrollo organizado por la Fundaci\u00f3n para el desarrollo del cooperativismo y la econom\u00eda social (FUNDESCOOP), patrocinado por la Junta de Castilla y Le\u00f3n y el Fondo Social Europeo, junio a diciembre de 1988. <\/li>\n\n\n\n<li>Profesora del \u00e1rea jur\u00eddica de Derecho Mercantil en el Curso de Derecho Comunitario Empresarial organizado por el Departamento de Derecho Mercantil, Derecho del Trabajo y Derecho Internacional Privado de la Facultad de Derecho de la Universidad de Valladolid, en colaboraci\u00f3n con el Instituto Nacional de Empleo (INEM), 1990. <\/li>\n\n\n\n<li>Profesora del M\u00f3dulo \u201cInstrumentos Operativos de la Gesti\u00f3n Cultural: aspectos jur\u00eddicos y legales (Sociedades, Asociaciones y Fundaciones) del M\u00e1ster en Gesti\u00f3n Cultural: Turismo, Patrimonio y Naturaleza, organizado por el Instituto Universitario Ortega y Gasset, Cursos 1996-2003. <\/li>\n<\/ul>\n<\/li>\n\n\n\n<li>V. COLABORACI\u00d3N EN REVISTAS. \n<ul>\n<li>Colaboradora en la \u201cRevista de Sociedades\u201d, dirigida por los profesores D., Fernando Rodr\u00edguez Artigas, D. Rafael Garc\u00eda Villaverde y D. Luis Fern\u00e1ndez de la G\u00e1ndara, desde octubre de 1992. <\/li>\n<\/ul>\n<\/li>\n\n\n\n<li>VI. OTROS \n<ul>\n<li>Legislatura 2003-2007: Concejal de Seguridad Ciudadana, de Organizaci\u00f3n Interior y Ocupaci\u00f3n de V\u00eda P\u00fablica del  Excmo. Ayuntamiento de Fuengirola. <\/li>\n\n\n\n<li>Legislatura 2007-2011: Concejal de Hacienda, de Organizaci\u00f3n Interior, de Ocupaci\u00f3n de V\u00eda P\u00fablica y de Mercadillos del Excmo. Ayuntamiento de Fuengirola. <\/li>\n\n\n\n<li>2012-2015: Directora del \u00e1rea econ\u00f3mica del Excmo. Ayuntamiento de Benalm\u00e1dena.<\/li>\n\n\n\n<li>2015-2025: Asesoramiento jur\u00eddico.<\/li>\n<\/ul>\n<\/li>\n<\/ul>\n\n\n\n<hr class=\"wp-block-separator has-alpha-channel-opacity\"\/>\n\n\n\n<h2 class=\"wp-block-heading\">Contacto<\/h2>\n\n\n\n<ul>\n<li>mariajustina.martin@mijas.es<\/li>\n<\/ul>\n\n\n\n<hr class=\"wp-block-separator has-alpha-channel-opacity\"\/>\n\n\n\n<h2 class=\"wp-block-heading\">Retribuciones<\/h2>\n\n\n\n<p>44.000 \u20ac (brutos\/a\u00f1o)<\/p>\n","protected":false},"excerpt":{"rendered":"<p>Formaci\u00f3n Experiencia Contacto Retribuciones 44.000 \u20ac (brutos\/a\u00f1o)<\/p>\n","protected":false},"author":9,"featured_media":0,"parent":0,"menu_order":0,"comment_status":"closed","ping_status":"closed","template":"","meta":[],"_links":{"self":[{"href":"https:\/\/www.mijas.es\/portal\/wp-json\/wp\/v2\/pages\/61776"}],"collection":[{"href":"https:\/\/www.mijas.es\/portal\/wp-json\/wp\/v2\/pages"}],"about":[{"href":"https:\/\/www.mijas.es\/portal\/wp-json\/wp\/v2\/types\/page"}],"author":[{"embeddable":true,"href":"https:\/\/www.mijas.es\/portal\/wp-json\/wp\/v2\/users\/9"}],"replies":[{"embeddable":true,"href":"https:\/\/www.mijas.es\/portal\/wp-json\/wp\/v2\/comments?post=61776"}],"version-history":[{"count":1,"href":"https:\/\/www.mijas.es\/portal\/wp-json\/wp\/v2\/pages\/61776\/revisions"}],"predecessor-version":[{"id":61777,"href":"https:\/\/www.mijas.es\/portal\/wp-json\/wp\/v2\/pages\/61776\/revisions\/61777"}],"wp:attachment":[{"href":"https:\/\/www.mijas.es\/portal\/wp-json\/wp\/v2\/media?parent=61776"}],"curies":[{"name":"wp","href":"https:\/\/api.w.org\/{rel}","templated":true}]}}