{"id":60858,"date":"2025-04-02T11:53:53","date_gmt":"2025-04-02T10:53:53","guid":{"rendered":"https:\/\/www.mijas.es\/portal\/?page_id=60858"},"modified":"2025-04-03T08:45:50","modified_gmt":"2025-04-03T07:45:50","slug":"plan-de-medidas-antifraude","status":"publish","type":"page","link":"https:\/\/www.mijas.es\/portal\/plan-de-medidas-antifraude\/","title":{"rendered":"Plan de Medidas Antifraude"},"content":{"rendered":"<div class=\"wp-block-image\">\n<figure class=\"aligncenter size-full\"><img decoding=\"async\" width=\"364\" height=\"80\" src=\"https:\/\/www.mijas.es\/wp-content\/uploads\/2025\/04\/PLAN.jpg\" alt=\"\" class=\"wp-image-60884\" srcset=\"https:\/\/www.mijas.es\/wp-content\/uploads\/2025\/04\/PLAN.jpg 364w, https:\/\/www.mijas.es\/wp-content\/uploads\/2025\/04\/PLAN-300x66.jpg 300w\" sizes=\"(max-width: 364px) 100vw, 364px\" \/><\/figure><\/div>\n\n\n<h1 class=\"wp-block-heading\">Plan de medidas Antifraude<\/h1>\n\n\n\n<p class=\"has-text-align-left\">El Ayuntamiento de Mijas, en cumplimiento del art\u00edculo 6 de la Orden HFP\/1030\/2021, ha aprobado, por Decreto de Alcald\u00eda n\u00famero D2025002342, de 25 de marzo de 2025, un&nbsp;<strong>Plan de Medidas Antifraude<\/strong>, en el que se estructuran las medidas antifraude de una manera proporcionada y en torno a los cuatro elementos clave del denominado \u201cciclo antifraude\u201d: prevenci\u00f3n, detecci\u00f3n, correcci\u00f3n y persecuci\u00f3n.<\/p>\n\n\n\n<p class=\"has-text-align-left\">Destacando entre las medidas de prevenci\u00f3n, la obligatoriedad de las autoridades de la organizaci\u00f3n de manifestar un compromiso firme contra el fraude que implique una tolerancia cero ante el fraude, mediante una Declaraci\u00f3n, al m\u00e1s alto nivel, donde se comprometa a luchar contra el fraude.<\/p>\n\n\n\n<p class=\"has-text-align-left\">As\u00ed mismo, siguiendo las \u201cOrientaciones para el Refuerzo de los mecanismos para la prevenci\u00f3n, detecci\u00f3n y correcci\u00f3n del fraude, la corrupci\u00f3n y los conflictos de intereses, referidos al art\u00edculo 6 de la Orden HFP\/1030\/2021, de 29 de septiembre\u201d del Ministerio de Hacienda y Funci\u00f3n P\u00fablica, de 24 de enero de 2022, se ha constituido un Comit\u00e9 Antifraude que tendr\u00e1 las funciones que le asigna el Plan en su apartado 5.b.Finalmente, cabe destacar la habilitaci\u00f3n de un canal para la denuncia de irregularidades (apartado 8.2.B del Plan) abierto a cualquier persona, mediante el cual podr\u00e1 notificar las sospechas de fraude y las presuntas irregularidades que, a ese respecto, pueda haber detectado en relaci\u00f3n con proyectos u operaciones financiados con cargo a fondos procedentes de la Uni\u00f3n Europea.<\/p>\n\n\n\n<p><strong><u>Documentos:<\/u><br><\/strong><a href=\"https:\/\/www.mijas.es\/wp-content\/uploads\/2025\/04\/00-Plan-Medidas-Antifraude.pdf\" target=\"_blank\" rel=\"noreferrer noopener\">PLAN DE MEDIDAS ANTIFRAUDE.<\/a><\/p>\n\n\n\n<p><a href=\"https:\/\/www.mijas.es\/wp-content\/uploads\/2025\/04\/Anexo-01-Test.pdf\" target=\"_blank\" rel=\"noreferrer noopener\">ANEXO I. TEST DE EVALUACI\u00d3N DE RIESGO.<\/a><\/p>\n\n\n\n<p><a href=\"https:\/\/www.mijas.es\/wp-content\/uploads\/2025\/04\/Anexo-02-DACI.pdf\" target=\"_blank\" rel=\"noreferrer noopener\">ANEXO II. DECLARACI\u00d3N DE AUSENCIA DE CONFLICTO&nbsp; DE INTERESES.<\/a><\/p>\n\n\n\n<p><a href=\"https:\/\/www.mijas.es\/wp-content\/uploads\/2025\/04\/Anexo-03-CACI.pdf\" target=\"_blank\" rel=\"noreferrer noopener\">ANEXO III. MODELO DE CONFIRMACI\u00d3N DE LA AUSENCIA DE CONFLICTO DE INTERESES.<\/a><\/p>\n\n\n\n<p><a href=\"https:\/\/www.mijas.es\/wp-content\/uploads\/2025\/04\/Anexo-04-DACI-terceros.pdf\" target=\"_blank\" rel=\"noreferrer noopener\">ANEXO IV. DECLARACI\u00d3N DE AUSENCIA DE CONFLICTO DE INTERESES BENEFICIARIOS, CONTRATISTAS Y SUBCONTRATISTAS.<\/a><\/p>\n\n\n\n<p><a href=\"https:\/\/www.mijas.es\/wp-content\/uploads\/2025\/04\/Anexo-05-Declaracion-Institucional.pdf\" target=\"_blank\" rel=\"noreferrer noopener\">ANEXO V. DECLARACI\u00d3N INSTITUCIONAL SOBRE LUCHA CONTRA EL FRAUDE.<\/a><\/p>\n\n\n\n<p><a href=\"https:\/\/www.mijas.es\/wp-content\/uploads\/2025\/04\/Anexo-06-Codigo-Conducta-Empleados.pdf\" target=\"_blank\" rel=\"noreferrer noopener\">ANEXO VI. C\u00d3DIGO DE CONDUCTA DE LOS EMPLEADOS P\u00daBLICOS.<\/a><\/p>\n\n\n\n<p><a href=\"https:\/\/www.mijas.es\/wp-content\/uploads\/2025\/04\/Anexo-07-Banderas-rojas-y-controles.pdf\" target=\"_blank\" rel=\"noreferrer noopener\">ANEXO VII. CAT\u00c1LOGO DE BANDERAS ROJAS Y CONTROLES PROPUESTOS EN SUBVENCIONES, CONTRATOS, CONVENIOS Y ENCARGOS A MEDIOS PROPIOS.<\/a><\/p>\n\n\n\n<p><a href=\"https:\/\/www.mijas.es\/wp-content\/uploads\/2025\/04\/Composicion-Comite-Antifraude.pdf\" target=\"_blank\" rel=\"noreferrer noopener\">COMPOSICI\u00d3N DEL COMIT\u00c9 ANTIFRAUDE.<\/a><\/p>\n","protected":false},"excerpt":{"rendered":"<p>Plan de medidas Antifraude El Ayuntamiento de Mijas, en cumplimiento del art\u00edculo 6 de la Orden HFP\/1030\/2021, ha aprobado, por Decreto de Alcald\u00eda n\u00famero D2025002342, de 25 de marzo de 2025, un&nbsp;Plan de Medidas Antifraude, en el que se estructuran las medidas antifraude de una manera proporcionada y en torno a los cuatro elementos clave [&hellip;]<\/p>\n","protected":false},"author":9,"featured_media":0,"parent":0,"menu_order":0,"comment_status":"closed","ping_status":"closed","template":"","meta":[],"_links":{"self":[{"href":"https:\/\/www.mijas.es\/portal\/wp-json\/wp\/v2\/pages\/60858"}],"collection":[{"href":"https:\/\/www.mijas.es\/portal\/wp-json\/wp\/v2\/pages"}],"about":[{"href":"https:\/\/www.mijas.es\/portal\/wp-json\/wp\/v2\/types\/page"}],"author":[{"embeddable":true,"href":"https:\/\/www.mijas.es\/portal\/wp-json\/wp\/v2\/users\/9"}],"replies":[{"embeddable":true,"href":"https:\/\/www.mijas.es\/portal\/wp-json\/wp\/v2\/comments?post=60858"}],"version-history":[{"count":2,"href":"https:\/\/www.mijas.es\/portal\/wp-json\/wp\/v2\/pages\/60858\/revisions"}],"predecessor-version":[{"id":60886,"href":"https:\/\/www.mijas.es\/portal\/wp-json\/wp\/v2\/pages\/60858\/revisions\/60886"}],"wp:attachment":[{"href":"https:\/\/www.mijas.es\/portal\/wp-json\/wp\/v2\/media?parent=60858"}],"curies":[{"name":"wp","href":"https:\/\/api.w.org\/{rel}","templated":true}]}}