{"id":6010,"date":"2017-04-20T10:35:41","date_gmt":"2017-04-20T10:35:41","guid":{"rendered":"http:\/\/localhost\/pruebaweb\/?p=6010"},"modified":"2022-09-01T13:10:13","modified_gmt":"2022-09-01T12:10:13","slug":"personajes-historicos","status":"publish","type":"page","link":"https:\/\/www.mijas.es\/portal\/tu-ayuntamiento\/departamentos-servicios\/personajes-historicos\/","title":{"rendered":"Personajes Hist\u00f3ricos"},"content":{"rendered":"\n<h4 class=\"wp-block-heading\">Juana Carlos y Esteban P\u00e9rez de Yerobi<\/h4>\n\n\n\n<p>Fueron vecinos de Mijas a mediados del siglo XVI a donde llegaron tras una fascinante historia de amor. Hall\u00e1ndose Esteban P\u00e9rez de Yerobi cautivo en Marruecos como esclavo de la reina de Fez, ambos se enamoraron y tras escaparse y llegar a Espa\u00f1a, ella abraz\u00f3 la religi\u00f3n cristiana tomando el nombre de Juana Carlos (nombres de la reina y el rey), cas\u00e1ndose en la corte y siendo padrino de su boda el emperador Carlos V que les hizo numerosas mercedes, instalando su residencia en Mijas.<\/p>\n\n\n\n<h4 class=\"wp-block-heading\">Francisco de C\u00e1rdenas Pacheco<\/h4>\n\n\n\n<p>Mije\u00f1o que se traslad\u00f3 a las islas Filipinas donde en los a\u00f1os 1722 y 1723 organiz\u00f3 una armada para servir al rey Felipe V. En 1730 recibi\u00f3 del rey el nombramiento de Gobernador y Capit\u00e1n General de las Islas Marianas, pero no tom\u00f3 posesi\u00f3n del mismo hasta 1734, estableci\u00e9ndose en la isla de Guam donde construy\u00f3 el fuerte de San Luis; permaneci\u00f3 en ese cargo hasta su muerte en 1740. En 1731 tambi\u00e9n se hizo cargo del presidio de Zamboanga en la isla de Mindanao (Filipinas).<\/p>\n\n\n\n<h4 class=\"wp-block-heading\">Jos\u00e9 de Cartas y Tejerina<\/h4>\n\n\n\n<p>Nacido en Mijas en 1751. Teniente de gobernador y auditor de guerra en Cuman\u00e1 (Venezuela) en 1778 y posteriormente auditor de guerra y asesor del Capit\u00e1n General de Cuba, Jos\u00e9 de Ezpeleta (1785-1790) en La Habana.<\/p>\n\n\n\n<h4 class=\"wp-block-heading\">Sir Andrew Thomas Blayney<\/h4>\n\n\n\n<p>General brit\u00e1nico que en octubre de 1810 desembarc\u00f3 en las playas de la Cala de Mijas al mando de un ej\u00e9rcito de 2.000 hombres formado por tropas inglesas y espa\u00f1olas, con la intenci\u00f3n de atacar el Castillo de Fuengirola y la propia Mijas y expulsar a las Tropas Imperiales de Napole\u00f3n hacia M\u00e1laga. Esta acci\u00f3n acab\u00f3 con la derrota de las tropas angloespa\u00f1olas y la captura como prisionero del propio Blayney, que ser\u00eda trasladado a Mijas donde permaneci\u00f3 prisionero hasta su traslado a M\u00e1laga.<\/p>\n\n\n\n<h4 class=\"wp-block-heading\">Franciszek Mlokosiewicz<\/h4>\n\n\n\n<p>Fue capit\u00e1n del 4\u00ba Regimiento de infanter\u00eda polaco del Gran Ducado de Varsovia. Se hizo cargo de la guarnici\u00f3n de Mijas como Comandante de las Armas Imperiales francesas que ocuparon la Casa Consistorial el d\u00eda 20 de diciembre de 1810, permaneciendo en Mijas hasta diciembre de 1811. En octubre de 1810 defendi\u00f3 el castillo de Fuengirola (entonces perteneciente a Mijas) del ataque los ej\u00e9rcitos angloespa\u00f1oles al mando del general brit\u00e1nico Blayney.<\/p>\n\n\n\n<h4 class=\"wp-block-heading\">Jos\u00e9 Mar\u00eda de Torrijos y Uriarte<\/h4>\n\n\n\n<p>Nacido en Madrid en 1791, fue un defensor de la Constituci\u00f3n de 1812. Se enfrent\u00f3 al poder absolutista del rey Fernando VII por lo que tuvo que exiliarse en Gibraltar en 1830. En diciembre de 1831 organiz\u00f3 junto a otros liberales una expedici\u00f3n por mar hacia M\u00e1laga, para intentar un levantamiento contra la monarqu\u00eda absoluta, pero se vio obligado a desembarcar en la mije\u00f1a playa del Charc\u00f3n, desde donde atravesaron el territorio de Mijas en direcci\u00f3n norte, siendo cercados y apresados al d\u00eda siguiente en tierras de Alhaur\u00edn de la Torre. El d\u00eda 11 de diciembre de 1831 fueron todos fusilados en las playas de San Andr\u00e9s (M\u00e1laga).<\/p>\n\n\n\n<h4 class=\"wp-block-heading\">Salvador Cort\u00e9s S\u00e1mit<\/h4>\n\n\n\n<p>Naci\u00f3 en Mijas el 12 de febrero de 1848. Ingres\u00f3 en el Colegio Naval Militar en 1863, llegando a alcanzar el cargo de Contralmirante. Fue nombrado Gobernador Pol\u00edtico Militar de las Islas Carolinas Occidentales en noviembre de 1887 estableciendo su residencia en la isla de Yap y siendo el encargado, dos a\u00f1os m\u00e1s tarde, el 3 de noviembre de 1889, de entregar las islas a Robert Von Benningsen, Gobernador General de Nueva Guinea y representante de Alemania, pa\u00eds al que Espa\u00f1a las hab\u00eda cedido a cambio de una  indemnizaci\u00f3n de 25 millones de pesetas.<\/p>\n\n\n\n<h4 class=\"wp-block-heading\">Jos\u00e9 Teobaldo Sporrer<\/h4>\n\n\n\n<p>Nacido en Francia en 1857, lleg\u00f3 a Mijas a comienzos del siglo XX como empresario minero y fue nombrado Hijo Predilecto de Mijas el 6 de agosto de 1916 por su donaci\u00f3n de las esculturas de Atlantes que decoraron la entrada al entonces Ayuntamiento, hoy sede del Museo Hist\u00f3rico-Etnol\u00f3gico.<\/p>\n\n\n\n<h4 class=\"wp-block-heading\">Manuel Cort\u00e9s Quero \u201cEl Topo de Mijas\u201d<\/h4>\n\n\n\n<p>Fue el \u00faltimo alcalde electo de Mijas durante la Segunda Rep\u00fablica y tras la toma de esta por las tropas golpistas del General Franco, se escondi\u00f3 en su casa en la que permaneci\u00f3 sin salir durante 30 a\u00f1os por el temor a ser hecho preso, hasta marzo de 1969 tras una amnist\u00eda del gobierno por los delitos cometidos durante la Guerra Civil espa\u00f1ola. Su historia ha sido objeto de numerosas publicaciones y ha sido plasmada en libros e incluso en el cine.<\/p>\n\n\n\n<h4 class=\"wp-block-heading\">Juan Elegido Mill\u00e1n (Profesor Max)<\/h4>\n\n\n\n<p>Naci\u00f3 en Brihuega (Guadalajara) y se hizo famoso como hipnotizador y mago, llegando a formar una gran colecci\u00f3n de miniaturas en sus viajes por el mundo. En 1972 cre\u00f3 en Mijas el museo de miniaturas conocido como Carromato de Max, que alcanz\u00f3 una gran fama internacional y cuyas puertas contin\u00faan abiertas hoy en d\u00eda.<\/p>\n","protected":false},"excerpt":{"rendered":"<p>Juana Carlos y Esteban P\u00e9rez de Yerobi Fueron vecinos de Mijas a mediados del siglo XVI a donde llegaron tras una fascinante historia de amor. Hall\u00e1ndose Esteban P\u00e9rez de Yerobi cautivo en Marruecos como esclavo de la reina de Fez, ambos se enamoraron y tras escaparse y llegar a Espa\u00f1a, ella abraz\u00f3 la religi\u00f3n cristiana [&hellip;]<\/p>\n","protected":false},"author":1,"featured_media":13852,"parent":13849,"menu_order":0,"comment_status":"closed","ping_status":"open","template":"page-departamental.php","meta":[],"_links":{"self":[{"href":"https:\/\/www.mijas.es\/portal\/wp-json\/wp\/v2\/pages\/6010"}],"collection":[{"href":"https:\/\/www.mijas.es\/portal\/wp-json\/wp\/v2\/pages"}],"about":[{"href":"https:\/\/www.mijas.es\/portal\/wp-json\/wp\/v2\/types\/page"}],"author":[{"embeddable":true,"href":"https:\/\/www.mijas.es\/portal\/wp-json\/wp\/v2\/users\/1"}],"replies":[{"embeddable":true,"href":"https:\/\/www.mijas.es\/portal\/wp-json\/wp\/v2\/comments?post=6010"}],"version-history":[{"count":3,"href":"https:\/\/www.mijas.es\/portal\/wp-json\/wp\/v2\/pages\/6010\/revisions"}],"predecessor-version":[{"id":47472,"href":"https:\/\/www.mijas.es\/portal\/wp-json\/wp\/v2\/pages\/6010\/revisions\/47472"}],"up":[{"embeddable":true,"href":"https:\/\/www.mijas.es\/portal\/wp-json\/wp\/v2\/pages\/13849"}],"wp:featuredmedia":[{"embeddable":true,"href":"https:\/\/www.mijas.es\/portal\/wp-json\/wp\/v2\/media\/13852"}],"wp:attachment":[{"href":"https:\/\/www.mijas.es\/portal\/wp-json\/wp\/v2\/media?parent=6010"}],"curies":[{"name":"wp","href":"https:\/\/api.w.org\/{rel}","templated":true}]}}