{"id":6,"date":"2013-01-21T00:00:00","date_gmt":"2013-01-21T00:00:00","guid":{"rendered":"http:\/\/localhost\/pruebaweb\/?p=6"},"modified":"2022-12-05T10:56:26","modified_gmt":"2022-12-05T09:56:26","slug":"servicio-de-certificacion-digital","status":"publish","type":"page","link":"https:\/\/www.mijas.es\/portal\/atencion-ciudadana\/servicio-de-certificacion-digital\/","title":{"rendered":"Servicio de Certificado Digital &#8211; Certificado Electr\u00f3nico"},"content":{"rendered":"\n<div class=\"container\">\n    <section id=\"primary\" class=\"content-area col-sm-12 col-lg-12\">\n        <main id=\"main\" class=\"site-main\" role=\"main\">\n<div style=\"float:left; margin-right:10px; border:1px solid #CCC;\">\n<video width=\"100%\" height=\"90%\" poster=\"https:\/\/www.mijas.es\/wp-content\/themes\/mijas-theme\/assets\/images\/videoguia-certificado.jpg\" preload=\"none\" onclick=\"this.play();\" onmouseover=\"dataset.over=true;controls=true\" onmouseout=\"controls=false;\" data-over=\"true\">\n                <source src=\"https:\/\/www.mijas.es\/wp-content\/themes\/mijas-theme\/assets\/images\/CERTIFICADODIGITAL.mp4#t=1\" type=\"video\/mp4\">\n            <video>\n        <\/video><\/video>\n<\/div>\n            <p>\n                El Servicio de Atenci\u00f3n Ciudadana del Ayuntamiento de Mijas facilita la obtenci\u00f3n del certificado digital de usuario, que expide la Real Casa de la Moneda &#8211; F\u00e1brica Nacional de Moneda y Timbre (FNMT).\n            <\/p>\n            <p>\n                El Certificado de Usuario es un documento digital que contiene, entre otros, sus datos identificativos. As\u00ed, el Certificado de Usuario le permite interactuar de forma segura con los servicios de Administraci\u00f3n Electr\u00f3nica dispuestos por el Ayuntamiento de Mijas, con el fin de que los ciudadanos puedan consultar los datos de su relaci\u00f3n con esta Administraci\u00f3n o realizar tr\u00e1mites on-line.\n            <\/p>\n            <h4>\u00bfC\u00f3mo obtener su Certificado Digital?<\/h4>\n            <p>\n                Previamente hay que realizar unas configuraciones en su navegador, las cuales puede visualizar <a href=\"https:\/\/www.sede.fnmt.gob.es\/certificados\/persona-fisica\/obtener-certificado-software\/configuracion-previa\" target=\"_blank\" title=\"titulo\" rel=\"noopener noreferrer\">haciendo click aqu\u00ed.<\/a>\n            <\/p>\n\n            <div id=\"accordion\">\n              <div class=\"card\">\n                <div class=\"card-header\" id=\"headingOne\">\n                  <h5 class=\"mb-0\">\n                    <button class=\"btn btn-link\" data-toggle=\"collapse\" data-target=\"#collapseOne\" aria-expanded=\"true\" aria-controls=\"collapseOne\">\n                        Paso 1 &#8211; Solicitud del Certificado\n                    <\/button>\n                  <\/h5>\n                <\/div>\n\n                <div id=\"collapseOne\" class=\"collapse show\" aria-labelledby=\"headingOne\" data-parent=\"#accordion\">\n                  <div class=\"card-body\">\n                    <p>\n                        Este paso se realiza en el ordenador del usuario. B\u00e1sicamente consiste en obtener un c\u00f3digo num\u00e9rico de 9 cifras. Dicho c\u00f3digo ha de ser conservado para el siguiente paso. Tan s\u00f3lo es necesario conocer el n\u00famero de DNI o NIE y hacer click <a href=\"https:\/\/www.sede.fnmt.gob.es\/certificados\/persona-fisica\/obtener-certificado-software\/solicitar-certificado\" target=\"_blank\" rel=\"noopener noreferrer\"> aqu\u00ed<\/a>\n                    <\/p>\n                    <p class=\"font-weight-bold\">\n                        Es imprescindible realizar todo el proceso en el mismo ordenador, mismo usuario y mismo navegador. No realizar actualizaciones durante los tres pasos de obtenci\u00f3n del certificado digital ni formatear el ordenador.\n                    <\/p>\n                  <\/div>\n                <\/div>\n              <\/div>\n              <div class=\"card\">\n                <div class=\"card-header\" id=\"headingTwo\">\n                  <h5 class=\"mb-0\">\n                    <button class=\"btn btn-link collapsed\" data-toggle=\"collapse\" data-target=\"#collapseTwo\" aria-expanded=\"false\" aria-controls=\"collapseTwo\">\n                        Paso 2 &#8211; Acreditaci\u00f3n de la identidad en Oficina Registradora\n                    <\/button>\n                  <\/h5>\n                <\/div>\n                <div id=\"collapseTwo\" class=\"collapse\" aria-labelledby=\"headingTwo\" data-parent=\"#accordion\">\n                    <div class=\"card-body\">\n                        <p>Con el c\u00f3digo obtenido en el paso 1 y D.N.I. (o N.I.E.) debe acercarse a las dependencias de Atenci\u00f3n Ciudadana del Ayuntamiento de Mijas, debiendo solicitar cita previa <a href=\"https:\/\/ssweb.seap.minhap.es\/icpplus\/citar?org=MIJAS\" target=\"_blank\" rel=\"noopener noreferrer\">(pincha aqui)<\/a>. Estas oficinas se encuentran en los siguientes lugares:<\/p>\n                        <div class=\"table-responsive\">\n                            <table class=\"table\">\n                                <thead>\n                                    <tr>\n                                        <th scope=\"col\">N\u00facleo<\/th>\n                                        <th scope=\"col\">Lugar<\/th>\n                                        <th scope=\"col\">Horario<\/th>\n                                        <th scope=\"col\">Tel\u00e9fono<\/th>\n                                    <\/tr>\n                                <\/thead>\n                                <tbody>\n                                    <tr>\n                                        <td>Mijas Pueblo<\/td>\n                                        <td>Casa Consistorial &#8211; Planta 0<\/td>\n                                        <td>9:00 &#8211; 14:00<\/td>\n                                        <td>952 48 59 00<\/td>\n                                    <\/tr>\n                                    <tr>\n                                        <td>Las Lagunas<\/td>\n                                        <td>Tenencia de Alcald\u00eda &#8211; C\/ R\u00edo Adra, 25<\/td>\n                                        <td>9:00 &#8211; 14:00<\/td>\n                                        <td>952 59 36 44<\/td>\n                                    <\/tr>\n                                    <tr>\n                                        <td>La Cala<\/td>\n                                        <td> Tenencia de Alcald\u00eda &#8211; Bulevar de La Cala<\/td>\n                                        <td>9:00 &#8211; 14:00<\/td>\n                                        <td>952 49 32 08<\/td>\n                                    <\/tr>\n                                <\/tbody>\n                            <\/table>\n                        <\/div>\n                    <\/div>\n                <\/div>\n              <\/div>\n              <div class=\"card\">\n                <div class=\"card-header\" id=\"headingThree\">\n                  <h5 class=\"mb-0\">\n                    <button class=\"btn btn-link collapsed\" data-toggle=\"collapse\" data-target=\"#collapseThree\" aria-expanded=\"false\" aria-controls=\"collapseThree\">\n                      Paso 3 &#8211; Descarga del Certificado\n                    <\/button>\n                  <\/h5>\n                <\/div>\n                <div id=\"collapseThree\" class=\"collapse\" aria-labelledby=\"headingThree\" data-parent=\"#accordion\">\n                    <div class=\"card-body\">\n\n                        <p>Unos minutos despu\u00e9s de haber acreditado su identidad en una Oficina de Registro, haciendo uso del c\u00f3digo de solicitud obtenido en el <span class=\"font-weight-bold\">PASO 1<\/span>, podr\u00e1 descargar su certificado desde la web de la <a href=\"https:\/\/www.sede.fnmt.gob.es\/certificados\/persona-fisica\/obtener-certificado-software\/descargar-certificado\" target=\"_blank\" rel=\"noopener noreferrer\">F\u00e1brica de Moneda y Timbre<\/a>.<\/p>\n\n                        <p class=\"font-weight-bold\">Es imprescindible realizar todo el proceso en el mismo ordenador, mismo usuario y mismo navegador. No realizar actualizaciones durante los tres pasos de obtenci\u00f3n del certificado digital ni formatear el ordenador.<\/p>\n   \n                        <p>Para m\u00e1s informaci\u00f3n puede acceder al <a href=\"http:\/\/www.cert.fnmt.es\/\" target=\"_blank\" title=\"\" rel=\"noopener noreferrer\">Portal de la F\u00e1brica de Moneda y Timbre.<\/a>.<\/p>\n\n                        <p>Pueden dirigir sus consultas a <a href=\"mailto:atencionciudadana@mijas.es\">atencionciudadana@mijas.es<\/a><\/p>\n                    <\/div>\n                <\/div>\n              <\/div>\n            <\/div>\n        <\/main>\n    <\/section>\n<\/div>\n","protected":false},"excerpt":{"rendered":"<p>El Servicio de Atenci\u00f3n Ciudadana del Ayuntamiento de Mijas facilita la obtenci\u00f3n del certificado digital de usuario, que expide la Real Casa de la Moneda &#8211; F\u00e1brica Nacional de Moneda y Timbre (FNMT). El Certificado de Usuario es un documento digital que contiene, entre otros, sus datos identificativos. As\u00ed, el Certificado de Usuario le permite [&hellip;]<\/p>\n","protected":false},"author":1,"featured_media":12996,"parent":12907,"menu_order":0,"comment_status":"closed","ping_status":"open","template":"page-departamental.php","meta":[],"_links":{"self":[{"href":"https:\/\/www.mijas.es\/portal\/wp-json\/wp\/v2\/pages\/6"}],"collection":[{"href":"https:\/\/www.mijas.es\/portal\/wp-json\/wp\/v2\/pages"}],"about":[{"href":"https:\/\/www.mijas.es\/portal\/wp-json\/wp\/v2\/types\/page"}],"author":[{"embeddable":true,"href":"https:\/\/www.mijas.es\/portal\/wp-json\/wp\/v2\/users\/1"}],"replies":[{"embeddable":true,"href":"https:\/\/www.mijas.es\/portal\/wp-json\/wp\/v2\/comments?post=6"}],"version-history":[{"count":12,"href":"https:\/\/www.mijas.es\/portal\/wp-json\/wp\/v2\/pages\/6\/revisions"}],"predecessor-version":[{"id":48731,"href":"https:\/\/www.mijas.es\/portal\/wp-json\/wp\/v2\/pages\/6\/revisions\/48731"}],"up":[{"embeddable":true,"href":"https:\/\/www.mijas.es\/portal\/wp-json\/wp\/v2\/pages\/12907"}],"wp:featuredmedia":[{"embeddable":true,"href":"https:\/\/www.mijas.es\/portal\/wp-json\/wp\/v2\/media\/12996"}],"wp:attachment":[{"href":"https:\/\/www.mijas.es\/portal\/wp-json\/wp\/v2\/media?parent=6"}],"curies":[{"name":"wp","href":"https:\/\/api.w.org\/{rel}","templated":true}]}}