{"id":58368,"date":"2024-09-02T11:11:25","date_gmt":"2024-09-02T10:11:25","guid":{"rendered":"https:\/\/www.mijas.es\/portal\/?page_id=58368"},"modified":"2026-01-13T07:56:10","modified_gmt":"2026-01-13T06:56:10","slug":"subvenciones","status":"publish","type":"page","link":"https:\/\/www.mijas.es\/portal\/deportes\/subvenciones\/","title":{"rendered":"Subvenciones"},"content":{"rendered":"\n<p>Modificaci\u00f3n del Plan Estrat\u00e9gico de Subvenciones del \u00c1rea de Deportes 2021-2023 &#8211; <a rel=\"noreferrer noopener\" href=\"https:\/\/www.mijas.es\/wp-content\/uploads\/2022\/10\/7.%20Publicaci%C3%B3n%20en%20tabl%C3%B3n%20de%20anuncios%20y%20web%20municipal.pdf\" target=\"_blank\">Descargar<\/a><\/p>\n\n\n\n<p>Expte. de modificaci\u00f3n del Plan Estrat\u00e9gico de Subvenciones del Ayuntamiento de Mijas 2021-2023 &#8211;<a rel=\"noreferrer noopener\" href=\"https:\/\/www.mijas.es\/wp-content\/uploads\/2023\/11\/12.0.%20Publicaci%C3%B3n%20en%20tabl%C3%B3n%20de%20anuncios%20y%20web%20municipal.pdf\" target=\"_blank\">Ver<\/a><\/p>\n\n\n\n<p>Ordenanza General de Subvenciones a Entidades Deportivas- <a rel=\"noreferrer noopener\" href=\"https:\/\/www.mijas.es\/wp-content\/uploads\/2026\/01\/20260102_Ordenanza%20General%20de%20Subvenciones%20Ayuntamiento%20de%20Mijas%20(BOPMA%20n%C2%BA%202017%20de%2013-11-2025).pdf\" target=\"_blank\">Descargar<\/a><\/p>\n\n\n\n<p><strong>Subvenciones a Entidades Deportivas<\/strong><\/p>\n\n\n\n<ul>\n<li><strong>Convocatoria 2026<\/strong>\n<ul>\n<li>Anuncio del Extracto de la Convocatoria BOPMA n\u00ba 1 de 2 de Enero de 2026 &#8211; <a rel=\"noreferrer noopener\" href=\"https:\/\/www.mijas.es\/wp-content\/uploads\/2026\/01\/20260102_Anuncio%20del%20extracto%20de%20la%20Convocatria%20BOPMA%20n%C2%BA1%20de%2002-01-2026.pdf\" data-type=\"URL\" data-id=\"https:\/\/www.mijas.es\/wp-content\/uploads\/2024\/09\/Anuncio-del-Extracto-de-la-Convocatoria-en-BOPMA.pdf\" target=\"_blank\">Descargar<\/a><\/li>\n\n\n\n<li>Texto \u00edntegro de la Convocatoria &#8211; <a href=\"https:\/\/www.mijas.es\/wp-content\/uploads\/2026\/01\/20251226_TEXTO%20CONVOCATORIA%202026.pdf\" data-type=\"URL\" target=\"_blank\" rel=\"noreferrer noopener\">Descargar<\/a><\/li>\n\n\n\n<li>Anexo I &#8211; Solicitud &#8211; <a href=\"https:\/\/www.mijas.es\/wp-content\/uploads\/2026\/01\/20251226_1.%20Anexo%20I%20solicitud.pdf\" data-type=\"URL\" data-id=\"https:\/\/www.mijas.es\/wp-content\/uploads\/2024\/09\/ANEXO-I-solicitud-.pdf\" target=\"_blank\" rel=\"noreferrer noopener\">Descargar<\/a><\/li>\n\n\n\n<li>Anexo II &#8211; Representaci\u00f3n Entidad &#8211; <a href=\"https:\/\/www.mijas.es\/wp-content\/uploads\/2026\/01\/20251226_2.%20Anexo%20II%20representaci%C3%B3n%20de%20la%20entidad.pdf\" data-type=\"URL\" data-id=\"https:\/\/www.mijas.es\/wp-content\/uploads\/2024\/09\/ANEXO-II-representacion-de-la-entidad-.pdf\" target=\"_blank\" rel=\"noreferrer noopener\">Descargar<\/a><\/li>\n\n\n\n<li>Anexo III &#8211; Declaraci\u00f3n Responsable &#8211; <a href=\"https:\/\/www.mijas.es\/wp-content\/uploads\/2026\/01\/20251226_3.%20Anexo%20III%20declaraciones%20responsables.pdf\" data-type=\"URL\" data-id=\"https:\/\/www.mijas.es\/wp-content\/uploads\/2024\/09\/ANEXO-III-declaraciones-responsables-.pdf\" target=\"_blank\" rel=\"noreferrer noopener\">Descargar<\/a><\/li>\n\n\n\n<li>Anexo IV &#8211; Autorizaci\u00f3n Cesi\u00f3n Informaci\u00f3n &#8211; <a href=\"https:\/\/www.mijas.es\/wp-content\/uploads\/2026\/01\/20251226_4.%20Anexo%20IV%20autorizaciones.pdf\" data-type=\"URL\" data-id=\"https:\/\/www.mijas.es\/wp-content\/uploads\/2024\/09\/ANEXO-IV-autorizacion-para-cesion-de-informacion-.pdf\" target=\"_blank\" rel=\"noreferrer noopener\">Descargar<\/a><\/li>\n\n\n\n<li>Anexo V &#8211; Informaci\u00f3n Bancaria &#8211; <a href=\"https:\/\/www.mijas.es\/wp-content\/uploads\/2026\/01\/20251226_5.%20Anexo%20V%20informaci%C3%B3n%20bancaria.pdf\" data-type=\"URL\" data-id=\"https:\/\/www.mijas.es\/wp-content\/uploads\/2024\/09\/ANEXO-V-documento-de-informacion-bancaria-.pdf\" target=\"_blank\" rel=\"noreferrer noopener\">Descargar<\/a><\/li>\n\n\n\n<li>Anexo VI &#8211; Contenido Memoria &#8211; <a href=\"https:\/\/www.mijas.es\/wp-content\/uploads\/2026\/01\/20251226_6.%20Anexo%20VI%20Memoria.pdf\" data-type=\"URL\" data-id=\"https:\/\/www.mijas.es\/wp-content\/uploads\/2024\/09\/ANEXO-VI-contenido-de-la-memoria-.pdf\" target=\"_blank\" rel=\"noreferrer noopener\">Descargar<\/a><\/li>\n\n\n\n<li>Anexo VII &#8211; Relaci\u00f3n Gastos &#8211; <a href=\"https:\/\/www.mijas.es\/wp-content\/uploads\/2026\/01\/20251226_7.%20Anexo%20VII%20Relaci%C3%B3n%20gastos.pdf\" data-type=\"URL\" target=\"_blank\" rel=\"noreferrer noopener\">Descargar<\/a><\/li>\n\n\n\n<li>Anexo VIII &#8211; Declaraciones Responsables &#8211; <a href=\"https:\/\/www.mijas.es\/wp-content\/uploads\/2026\/01\/20251226_8.%20Anexo%20VIII%20declaraciones%20responsables.pdf\" data-type=\"URL\" target=\"_blank\" rel=\"noreferrer noopener\">Descargar<\/a><\/li>\n\n\n\n<li>Anexo IX &#8211; Relaci\u00f3n Detallada Ingresos &#8211; <a rel=\"noreferrer noopener\" href=\"https:\/\/www.mijas.es\/wp-content\/uploads\/2026\/01\/20251226_9.%20Anexo%20IX%20ingresos.pdf\" data-type=\"URL\" data-id=\"https:\/\/www.mijas.es\/wp-content\/uploads\/2024\/09\/ANEXO-IX-relacion-detallada-de-ingresos-que-financian-la-actividad-.pdf\" target=\"_blank\">Descargar<\/a><\/li>\n<\/ul>\n<\/li>\n<\/ul>\n\n\n\n<ul>\n<li><strong>Convocatoria 2025<\/strong> (<strong>Plazo Finalizado<\/strong>)\n\n\n<ul>\n<li>Anuncio del Extracto de la Convocatoria BOPMA n\u00ba 137 de 18 de Julio de 2025 &#8211; <a rel=\"noreferrer noopener\" href=\"https:\/\/www.mijas.es\/wp-content\/uploads\/2025\/07\/PUBLICACI%C3%93N%20DEL%20EXTRACTO%20DE%20LA%20CONVOCATORIA%20EN%20BOP%20n%C2%BA137%2018-07-2025.pdf\" data-type=\"URL\" data-id=\"https:\/\/www.mijas.es\/wp-content\/uploads\/2024\/09\/Anuncio-del-Extracto-de-la-Convocatoria-en-BOPMA.pdf\" target=\"_blank\">Descargar<\/a><\/li>\n\n\n\n<li>Texto \u00edntegro de la Convocatoria &#8211; <a rel=\"noreferrer noopener\" href=\"https:\/\/www.mijas.es\/wp-content\/uploads\/2025\/07\/TEXTO%20CONVOCATORIA.pdf\" data-type=\"URL\" data-id=\"https:\/\/www.mijas.es\/wp-content\/uploads\/2024\/09\/Texto-integro-de-la-Convocatoria.pdf\" target=\"_blank\">Descargar<\/a><\/li>\n<\/ul>\n\n\n\n<ul>\n<li>Requerimiento de Subsanaci\u00f3n &#8211; <a rel=\"noreferrer noopener\" href=\"https:\/\/www.mijas.es\/wp-content\/uploads\/2025\/10\/20251010_REQUERIMIENTO%20DE%20SUBSANACI%C3%93N%20CONVOCATORIA%202025%20SUBVENCIONES%20A%20ENTIDADES%20DEPORTIVAS.%20Publicaci%C3%B3n%20tabl%C3%B3n%20de%20anuncios.pdf\" target=\"_blank\">Descargar<\/a><\/li>\n\n\n\n<li>Anuncio Concesi\u00f3n Subvenciones &#8211; <a href=\"https:\/\/www.mijas.es\/wp-content\/uploads\/2026\/01\/20251216_Publicaci%C3%B3n_ANUNCIO%20CONCESI%C3%93N%20SUBVENCIONES%20A%20ENTIDADES%20DEPORTIVAS.%20CONVOCATORIA%202025..pdf\" target=\"_blank\" rel=\"noreferrer noopener\">Descargar<\/a><\/li>\n<\/ul>\n<\/li>\n<\/ul>\n\n\n\n<ul>\n<li><strong>Convocatoria 2024<\/strong> (<strong>Plazo Finalizado<\/strong>)\n\n\n\n\n\n\n\n\n<ul>\n<li>Anuncio del Extracto de la Convocatoria BOPMA n\u00ba 186 de 26 de septiembre de 2024 &#8211; <a href=\"https:\/\/www.mijas.es\/wp-content\/uploads\/2024\/09\/Anuncio-del-Extracto-de-la-Convocatoria-en-BOPMA.pdf\" data-type=\"URL\" data-id=\"https:\/\/www.mijas.es\/wp-content\/uploads\/2024\/09\/Anuncio-del-Extracto-de-la-Convocatoria-en-BOPMA.pdf\" target=\"_blank\" rel=\"noreferrer noopener\">Descargar<\/a><\/li>\n\n\n\n<li>Texto \u00edntegro de la Convocatoria &#8211; <a rel=\"noreferrer noopener\" href=\"https:\/\/www.mijas.es\/wp-content\/uploads\/2024\/09\/Texto-integro-de-la-Convocatoria.pdf\" data-type=\"URL\" data-id=\"https:\/\/www.mijas.es\/wp-content\/uploads\/2024\/09\/Texto-integro-de-la-Convocatoria.pdf\" target=\"_blank\">Descargar<\/a><\/li>\n<\/ul>\n\n\n\n<ul>\n<li>Requerimiento de Subsanaci\u00f3n (25-10-24) &#8211; <a rel=\"noreferrer noopener\" href=\"https:\/\/www.mijas.es\/wp-content\/uploads\/2024\/10\/1.0.-Requerimiento-de-subsanacion-publicado-25-10-24.pdf\" data-type=\"URL\" data-id=\"https:\/\/www.mijas.es\/wp-content\/uploads\/2024\/10\/1.0.-Requerimiento-de-subsanacion-publicado-25-10-24.pdf\" target=\"_blank\">Descargar<\/a><\/li>\n\n\n\n<li>Anuncio de Concesi\u00f3n de Subvenciones &#8211; <a href=\"http:\/\/www.mijas.es\/wp-content\/uploads\/2025\/01\/13.0.%20Anuncio%20de%20concesi%C3%B3n%20a%20EDICTOS%2002-01-25.pdf\" target=\"_blank\" rel=\"noreferrer noopener\">Descargar<\/a><\/li>\n\n\n\n<li>Concesi\u00f3n de Subvenciones a Entidades Deportivas &#8211; <a href=\"https:\/\/www.mijas.es\/wp-content\/uploads\/2025\/01\/13.0.-Anuncio-de-concesion-a-EDICTOS-02-01-25.pdf\" data-type=\"URL\" data-id=\"https:\/\/www.mijas.es\/wp-content\/uploads\/2025\/01\/13.0.-Anuncio-de-concesion-a-EDICTOS-02-01-25.pdf\" target=\"_blank\" rel=\"noreferrer noopener\">Descargar<\/a><\/li>\n<\/ul>\n<\/li>\n<\/ul>\n\n\n\n<ul>\n<li><strong>Convocatoria 2023 (Plazo Finalizado)<\/strong>\n<ul>\n<li>Anuncio del Extracto de la Convocatoria BOP n\u00ba 206 de 27 de octubre de 2023. &#8211; <a rel=\"noreferrer noopener\" href=\"https:\/\/www.mijas.es\/wp-content\/uploads\/2023\/10\/18.0.%20Anuncio%20BOMPA%2027-10-23%20n%C2%BA206.pdf\" target=\"_blank\">Descargar<\/a><\/li>\n\n\n\n<li>Texto \u00edntegro de la Convocatoria. &#8211; <a href=\"https:\/\/www.mijas.es\/wp-content\/uploads\/2023\/10\/TEXTO%20CONVOCATORIA.pdf\" target=\"_blank\" rel=\"noreferrer noopener\">Descargar<\/a><\/li>\n\n\n\n<li>Requerimiento Documental de Subvenciones &#8211; <a rel=\"noreferrer noopener\" href=\"https:\/\/www.mijas.es\/wp-content\/uploads\/2023\/11\/PUBLICACI%C3%93N%20REQUERIMIENTO%20SUBSANACI%C3%93N%20SUBVENCIONES%20ENTIDADES%20DEPORTIVAS%20RS2023037918%2021-11-23.pdf\" target=\"_blank\">Descargar<\/a><\/li>\n\n\n\n<li>Anuncio Concesi\u00f3n &#8211; <a rel=\"noreferrer noopener\" href=\"https:\/\/www.mijas.es\/wp-content\/uploads\/2024\/01\/20.0.%20ANUNCIO%20CONCESI%C3%93N%20tabl%C3%B3n%20de%20anuncios%2011-01-24.pdf\" target=\"_blank\">Descargar<\/a><\/li>\n<\/ul>\n<\/li>\n<\/ul>\n","protected":false},"excerpt":{"rendered":"<p>Modificaci\u00f3n del Plan Estrat\u00e9gico de Subvenciones del \u00c1rea de Deportes 2021-2023 &#8211; Descargar Expte. de modificaci\u00f3n del Plan Estrat\u00e9gico de Subvenciones del Ayuntamiento de Mijas 2021-2023 &#8211;Ver Ordenanza General de Subvenciones a Entidades Deportivas- Descargar Subvenciones a Entidades Deportivas<\/p>\n","protected":false},"author":9,"featured_media":13003,"parent":13000,"menu_order":0,"comment_status":"closed","ping_status":"closed","template":"page-departamental.php","meta":[],"_links":{"self":[{"href":"https:\/\/www.mijas.es\/portal\/wp-json\/wp\/v2\/pages\/58368"}],"collection":[{"href":"https:\/\/www.mijas.es\/portal\/wp-json\/wp\/v2\/pages"}],"about":[{"href":"https:\/\/www.mijas.es\/portal\/wp-json\/wp\/v2\/types\/page"}],"author":[{"embeddable":true,"href":"https:\/\/www.mijas.es\/portal\/wp-json\/wp\/v2\/users\/9"}],"replies":[{"embeddable":true,"href":"https:\/\/www.mijas.es\/portal\/wp-json\/wp\/v2\/comments?post=58368"}],"version-history":[{"count":30,"href":"https:\/\/www.mijas.es\/portal\/wp-json\/wp\/v2\/pages\/58368\/revisions"}],"predecessor-version":[{"id":63247,"href":"https:\/\/www.mijas.es\/portal\/wp-json\/wp\/v2\/pages\/58368\/revisions\/63247"}],"up":[{"embeddable":true,"href":"https:\/\/www.mijas.es\/portal\/wp-json\/wp\/v2\/pages\/13000"}],"wp:featuredmedia":[{"embeddable":true,"href":"https:\/\/www.mijas.es\/portal\/wp-json\/wp\/v2\/media\/13003"}],"wp:attachment":[{"href":"https:\/\/www.mijas.es\/portal\/wp-json\/wp\/v2\/media?parent=58368"}],"curies":[{"name":"wp","href":"https:\/\/api.w.org\/{rel}","templated":true}]}}