{"id":58151,"date":"2024-08-12T12:37:19","date_gmt":"2024-08-12T11:37:19","guid":{"rendered":"https:\/\/www.mijas.es\/portal\/?page_id=58151"},"modified":"2025-04-11T06:45:05","modified_gmt":"2025-04-11T05:45:05","slug":"acuerdos-de-plenos","status":"publish","type":"page","link":"https:\/\/www.mijas.es\/portal\/secretaria\/acuerdos-de-plenos\/","title":{"rendered":"Acuerdos Plenarios"},"content":{"rendered":"\n<p><strong>2025<\/strong><\/p>\n\n\n\n<ul>\n<li><a href=\"http:\/\/www.mijas.es\/wp-content\/uploads\/2025\/04\/Anuncio%20Acuerdo%20JGL.pdf\" target=\"_blank\" rel=\"noreferrer noopener\">Acuerdo Plenario del 31 de Marzo de 2025, Punto 5, Aprobaci\u00f3n Delegaci\u00f3n Sancionadora<\/a><\/li>\n\n\n\n<li><a rel=\"noreferrer noopener\" href=\"http:\/\/www.mijas.es\/wp-content\/uploads\/2025\/01\/PUNTO_2_PLENO_EXTRA_17_01_2025.pdf\" target=\"_blank\">Acuerdo Plenario del 17 de Enero de 2025, Punto 2, Aprobaci\u00f3n del Presupuesto General del Ayuntamiento de Mijas y sus Sociedades para el Ejercicio 2025.<\/a><\/li>\n\n\n\n<li><a rel=\"noreferrer noopener\" href=\"http:\/\/www.mijas.es\/wp-content\/uploads\/2025\/01\/PUNTO_3_PLENO_EXTRA_17_01_2025.pdf\" target=\"_blank\">Acuerdo Plenario del 17 de Enero de 2025, Punto 3, Aprobaci\u00f3n de la Plantilla Municipal para el Ejercicio Presupuestario 2025.<\/a><\/li>\n<\/ul>\n\n\n\n<p><strong>2024<\/strong><\/p>\n\n\n\n<ul>\n<li><a rel=\"noreferrer noopener\" href=\"https:\/\/www.mijas.es\/wp-content\/uploads\/2024\/08\/ACUERDO_PUNTO_6__Pleno_ORD_31_07_2024.pdf\" data-type=\"URL\" data-id=\"https:\/\/www.mijas.es\/wp-content\/uploads\/2024\/08\/ACUERDO_PUNTO_6__Pleno_ORD_31_07_2024.pdf\" target=\"_blank\">Acuerdo De Plenario 31 07 2024, Punto &#8211; 6, Aprobaci\u00f3n Inicial De La Modificaci\u00f3n De La Ordenanza Municipal De Trafico Y Circulaci\u00f3n Del Ayuntamiento De Mijas<\/a><\/li>\n\n\n\n<li><a rel=\"noreferrer noopener\" href=\"https:\/\/www.mijas.es\/wp-content\/uploads\/2024\/08\/ACUERDO_PUNTO_10__Pleno_ORD_31_07_2024.pdf\" data-type=\"URL\" data-id=\"https:\/\/www.mijas.es\/wp-content\/uploads\/2024\/08\/ACUERDO_PUNTO_10__Pleno_ORD_31_07_2024.pdf\" target=\"_blank\">Acuerdo Plenario 31 07 2024 Relativo a la Modificaci\u00f3n en la Designaci\u00f3n del Representante Y Suplentes Que Corresponden al Partido Popular en la Asamblea De La Mancomunidad de Municipios de la Costa del Sol Occidental<\/a><\/li>\n<\/ul>\n\n\n\n<p><strong>2023<\/strong><\/p>\n\n\n\n<ul>\n<li><a rel=\"noreferrer noopener\" href=\"https:\/\/www.mijas.es\/wp-content\/uploads\/2024\/01\/PUNTO_22_PLENO_ORD_29_12_202.pdf\" target=\"_blank\">Acuerdo Plenario 29 de Diciembre de 2023. Aprobaci\u00f3n de la Plantilla Municipal para el ejercicio Presupuestario de 2024<\/a><\/li>\n\n\n\n<li><a rel=\"noreferrer noopener\" href=\"https:\/\/www.mijas.es\/wp-content\/uploads\/2024\/01\/PUNTO_21_PLENO_ORD_29_12_202.pdf\" target=\"_blank\">Acuerdo Plenario 29 de Diciembre de 2023. Aprobaci\u00f3n del Presupuesto General del Ayuntamiento de Mijas del A\u00f1o 2024<\/a><\/li>\n\n\n\n<li><a rel=\"noreferrer noopener\" href=\"https:\/\/www.mijas.es\/wp-content\/uploads\/2023\/12\/ACUERDO_punto_19__Pleno_ORD_29_11_2023.pdf\" target=\"_blank\">Acuerdo Plenario 29 de Noviembre de 2023. Aprobaci\u00f3n de la determinaci\u00f3n de los niveles esenciales de la organizaci\u00f3n municipal.<\/a><\/li>\n\n\n\n<li><a rel=\"noreferrer noopener\" href=\"https:\/\/www.mijas.es\/wp-content\/uploads\/2023\/10\/PUNTO_2.pdf\" target=\"_blank\">Acuerdo Plenario 13 de Octubre, Punto 2: Aclaraci\u00f3n sobre \u00d3rgano Competente para la Aprobaci\u00f3n de las Convocatorias de Ayudas y Subvenciones.<\/a><\/li>\n\n\n\n<li><a rel=\"noreferrer noopener\" href=\"https:\/\/www.mijas.es\/wp-content\/uploads\/2023\/09\/PUNTO%204.pdf\" target=\"_blank\">Acuerdo Plenario 19 de Julio, Propuesta de la Alcald\u00eda para aclaraci\u00f3n de las delegaciones de atribuciones efectuadas por acuerdo de JGL de 26 de junio de 2023 a favor de Tenientes de Alcalde y Concejales delegados<\/a><\/li>\n\n\n\n<li><a href=\"https:\/\/www.mijas.es\/wp-content\/uploads\/2023\/09\/PUNTO%204-ACUERDO%20%20JGL%20ORDINARIA%20%2005%2007%202023.pdf\" target=\"_blank\" rel=\"noreferrer noopener\">Acuerdo Plenario 5 de Julio, Propuesta de la Alcald\u00eda para ampliaci\u00f3n de las delegaciones de atribuciones efectuadas por acuerdo de JGL de 26 de junio de 2023 a favor de Tenientes de Alcalde y Concejales delegados<\/a><\/li>\n\n\n\n<li><a rel=\"noreferrer noopener\" href=\"https:\/\/www.mijas.es\/wp-content\/uploads\/2023\/09\/PUNTO%202%20ACUERDOS%20JGL%20EXTRA%20%2026%2006%202023%2010%2030%20horas.pdf\" target=\"_blank\">Acuerdo Plenario 26 de Junio, Propuesta de Alcald\u00eda para la Delegaci\u00f3n de atribuciones de esta JGL a favor de los Tenientes de Alcalde y Concejal\u00edas Delegadas<\/a><\/li>\n\n\n\n<li><a rel=\"noreferrer noopener\" href=\"https:\/\/www.mijas.es\/wp-content\/uploads\/2023\/07\/PUNTO_8_PLENO_ORD_04_07_2023.pdf\" target=\"_blank\">Acuerdo Plenario de 04 de Julio, Aprobaci\u00f3n Inicial de la Modificaci\u00f3n Presupuestaria MCP-02-2023<\/a><\/li>\n\n\n\n<li><a rel=\"noreferrer noopener\" href=\"https:\/\/www.mijas.es\/wp-content\/uploads\/2023\/07\/PUNTO_10_PLENO_EXTRA_23_06_2023.pdf\" target=\"_blank\">Acuerdo Plenario de 23 de Junio, Dotaciones Econ\u00f3micas a los Grupos Pol\u00edticos<\/a><\/li>\n\n\n\n<li><a href=\"https:\/\/www.mijas.es\/wp-content\/uploads\/2023\/07\/PUNTO_9_PLENO_EXTRA_23_06_2023.pdf\" target=\"_blank\" rel=\"noreferrer noopener\">Acuerdo Plenario de 23 de Junio, Indemnizaci\u00f3n por Asistencia a Pleno<\/a><\/li>\n\n\n\n<li><a rel=\"noreferrer noopener\" href=\"https:\/\/www.mijas.es\/wp-content\/uploads\/2023\/07\/PUNTO_8_PLENO_EXTRA_23_06_2023.pdf\" target=\"_blank\">Acuerdo Plenario de 23 de Junio, Designaci\u00f3n Representantes Mancomunidad<\/a><\/li>\n\n\n\n<li><a href=\"https:\/\/www.mijas.es\/wp-content\/uploads\/2023\/07\/PUNTO_7_PLENO_EXTRA_23_06_2023.pdf\" target=\"_blank\" rel=\"noreferrer noopener\">Acuerdo Plenario de 23 de Junio, Determinaci\u00f3n de los Cargos en R\u00e9gimen de Dedicaci\u00f3n Exclusiva y Parcial y sus Retribuciones<\/a><\/li>\n\n\n\n<li><a rel=\"noreferrer noopener\" href=\"https:\/\/www.mijas.es\/wp-content\/uploads\/2023\/07\/PUNTO_6_PLENO_EXTRA_23_06_2023.pdf\" target=\"_blank\">Acuerdo Plenario de 23 de Junio, Determinaciones de los Niveles Esenciales de la Organizaci\u00f3n<\/a><\/li>\n\n\n\n<li><a rel=\"noreferrer noopener\" href=\"https:\/\/www.mijas.es\/wp-content\/uploads\/2023\/07\/PUNTO_5_PLENO_EXTRA_23_06_2023-1.pdf\" target=\"_blank\">Acuerdo Plenario de 23 de Junio, Creaci\u00f3n, Denominaci\u00f3n y Composici\u00f3n de las Comisiones Informativas<\/a><\/li>\n\n\n\n<li><a href=\"https:\/\/www.mijas.es\/wp-content\/uploads\/2023\/07\/PUNTO_4_PLENO_EXTRA_23_06_2023.pdf\" target=\"_blank\" rel=\"noreferrer noopener\">Acuerdo Plenario de 23 de Junio, Periocidad de las Sesiones de Pleno<\/a><\/li>\n\n\n\n<li><a rel=\"noreferrer noopener\" href=\"https:\/\/www.mijas.es\/wp-content\/uploads\/2023\/07\/PUNTO_11_PLENO_EXTRA_23_06_2023-1.pdf\" target=\"_blank\">Acuerdo Plenario de 23 de Junio, Modificaci\u00f3n Plantilla Personal Eventual<\/a><\/li>\n\n\n\n<li><a rel=\"noreferrer noopener\" href=\"https:\/\/www.mijas.es\/wp-content\/uploads\/2023\/04\/PUNTO_11_PLENO_ORD_29_03_2023.pdf\" target=\"_blank\">Acuerdo Plenario de 29 de Marzo, Modificaci\u00f3n Ordenanza Plusval\u00eda.<\/a><\/li>\n\n\n\n<li><a rel=\"noreferrer noopener\" href=\"https:\/\/www.mijas.es\/wp-content\/uploads\/2023\/04\/PUNTO_9_PLENO_ORD_29_03_2023.pdf\" target=\"_blank\">Acuerdo Plenario de 29 de Marzo, Municipalizaci\u00f3n de Centro de Mayores.<\/a><\/li>\n<\/ul>\n","protected":false},"excerpt":{"rendered":"<p>2025 2024 2023<\/p>\n","protected":false},"author":19,"featured_media":0,"parent":13960,"menu_order":0,"comment_status":"closed","ping_status":"closed","template":"","meta":[],"_links":{"self":[{"href":"https:\/\/www.mijas.es\/portal\/wp-json\/wp\/v2\/pages\/58151"}],"collection":[{"href":"https:\/\/www.mijas.es\/portal\/wp-json\/wp\/v2\/pages"}],"about":[{"href":"https:\/\/www.mijas.es\/portal\/wp-json\/wp\/v2\/types\/page"}],"author":[{"embeddable":true,"href":"https:\/\/www.mijas.es\/portal\/wp-json\/wp\/v2\/users\/19"}],"replies":[{"embeddable":true,"href":"https:\/\/www.mijas.es\/portal\/wp-json\/wp\/v2\/comments?post=58151"}],"version-history":[{"count":14,"href":"https:\/\/www.mijas.es\/portal\/wp-json\/wp\/v2\/pages\/58151\/revisions"}],"predecessor-version":[{"id":60988,"href":"https:\/\/www.mijas.es\/portal\/wp-json\/wp\/v2\/pages\/58151\/revisions\/60988"}],"up":[{"embeddable":true,"href":"https:\/\/www.mijas.es\/portal\/wp-json\/wp\/v2\/pages\/13960"}],"wp:attachment":[{"href":"https:\/\/www.mijas.es\/portal\/wp-json\/wp\/v2\/media?parent=58151"}],"curies":[{"name":"wp","href":"https:\/\/api.w.org\/{rel}","templated":true}]}}