{"id":57889,"date":"2024-08-06T11:13:14","date_gmt":"2024-08-06T10:13:14","guid":{"rendered":"https:\/\/www.mijas.es\/portal\/?page_id=57889"},"modified":"2026-03-24T12:54:39","modified_gmt":"2026-03-24T11:54:39","slug":"burros-taxi-y-coches-de-caballos","status":"publish","type":"page","link":"https:\/\/www.mijas.es\/portal\/movilidad-urbana\/burros-taxi-y-coches-de-caballos\/","title":{"rendered":"Burros-Taxi y Coches de Caballo"},"content":{"rendered":"\n<figure class=\"wp-block-table alignleft\"><table><thead><tr><th class=\"has-text-align-left\" data-align=\"left\"><strong>TITULAR<\/strong><\/th><th class=\"has-text-align-center\" data-align=\"center\">N\u00ba <strong>LICENCIA BURROS-TAXI<\/strong><\/th><th class=\"has-text-align-center\" data-align=\"center\">N\u00ba <strong>LICENCIA BURROS-CARRO<\/strong><\/th><th class=\"has-text-align-center\" data-align=\"center\">N\u00ba <strong>LICENCIA COCHE CABALLOS<\/strong><\/th><th class=\"has-text-align-center\" data-align=\"center\">INFORME VETERINARIO<\/th><\/tr><\/thead><tbody><tr><td class=\"has-text-align-left\" data-align=\"left\">Jos\u00e9 Escalona Cort\u00e9s<\/td><td class=\"has-text-align-center\" data-align=\"center\">1 a 6<\/td><td class=\"has-text-align-center\" data-align=\"center\">1<\/td><td class=\"has-text-align-center\" data-align=\"center\">3<\/td><td class=\"has-text-align-center\" data-align=\"center\"><a href=\"https:\/\/www.mijas.es\/wp-content\/uploads\/2026\/03\/JOSE%20ESCALONA%20CORTES.pdf\" data-type=\"URL\" data-id=\"https:\/\/www.mijas.es\/wp-content\/uploads\/2024\/08\/Informe-Veterinario-ESCALONA-CORTES-JOSE.pdf\" target=\"_blank\" rel=\"noreferrer noopener\">VER<\/a> (PDF)<\/td><\/tr><tr><td class=\"has-text-align-left\" data-align=\"left\">Antonio Jim\u00e9nez Jaime<\/td><td class=\"has-text-align-center\" data-align=\"center\">19 a 24<\/td><td class=\"has-text-align-center\" data-align=\"center\">6 y 7<\/td><td class=\"has-text-align-center\" data-align=\"center\">6 y 7<\/td><td class=\"has-text-align-center\" data-align=\"center\"><a href=\"https:\/\/www.mijas.es\/wp-content\/uploads\/2026\/03\/ANTONIO%20JIMENEZ%20JAIME.pdf\" data-type=\"URL\" data-id=\"https:\/\/www.mijas.es\/wp-content\/uploads\/2024\/08\/Informe-Veterinario-JIMENEZ-JAIME-ANTONIO.pdf\" target=\"_blank\" rel=\"noreferrer noopener\">VER<\/a> (PDF)<\/td><\/tr><tr><td class=\"has-text-align-left\" data-align=\"left\">Isabel M\u00aa Rosales Postigo<\/td><td class=\"has-text-align-center\" data-align=\"center\">25 a 30<\/td><td class=\"has-text-align-center\" data-align=\"center\">8 y 9<\/td><td class=\"has-text-align-center\" data-align=\"center\"><\/td><td class=\"has-text-align-center\" data-align=\"center\"><a href=\"https:\/\/www.mijas.es\/wp-content\/uploads\/2026\/03\/ISABEL%20MARIA%20ROSALES.pdf\" data-type=\"URL\" data-id=\"https:\/\/www.mijas.es\/wp-content\/uploads\/2024\/08\/Informe-Veterinario-ROSALES-POSTIGO-MARIA-ISABEL.pdf\" target=\"_blank\" rel=\"noreferrer noopener\">VER<\/a> (PDF)<\/td><\/tr><tr><td class=\"has-text-align-left\" data-align=\"left\">Salvador L\u00e1zaro Torres D\u00edaz<\/td><td class=\"has-text-align-center\" data-align=\"center\">31 a 40<\/td><td class=\"has-text-align-center\" data-align=\"center\">12 a 15<\/td><td class=\"has-text-align-center\" data-align=\"center\"><\/td><td class=\"has-text-align-center\" data-align=\"center\"><a href=\"https:\/\/www.mijas.es\/wp-content\/uploads\/2026\/03\/SALVADOR%20LAZARO%20TORRES%20DIAZ.pdf\" data-type=\"URL\" data-id=\"https:\/\/www.mijas.es\/wp-content\/uploads\/2024\/08\/Informe-Veterinario-TORRES-DIAZ-SALVADOR-LAZARO.pdf\" target=\"_blank\" rel=\"noreferrer noopener\">VER<\/a> (PDF)<\/td><\/tr><tr><td class=\"has-text-align-left\" data-align=\"left\">Miguel Rosales L\u00f3pez<\/td><td class=\"has-text-align-center\" data-align=\"center\">41 a 46<\/td><td class=\"has-text-align-center\" data-align=\"center\">16 y 17<\/td><td class=\"has-text-align-center\" data-align=\"center\"><\/td><td class=\"has-text-align-center\" data-align=\"center\"><a href=\"https:\/\/www.mijas.es\/wp-content\/uploads\/2026\/03\/MIGUEL%20ROSALES.pdf\" data-type=\"URL\" data-id=\"https:\/\/www.mijas.es\/wp-content\/uploads\/2024\/08\/Informe-Veterinario-ROSALES-LOPEZ-MIGUEL.pdf\" target=\"_blank\" rel=\"noreferrer noopener\">VER<\/a> (PDF)<\/td><\/tr><tr><td class=\"has-text-align-left\" data-align=\"left\">Pedro Rosales L\u00f3pez<\/td><td class=\"has-text-align-center\" data-align=\"center\">47 a 52<\/td><td class=\"has-text-align-center\" data-align=\"center\">10 y 11<\/td><td class=\"has-text-align-center\" data-align=\"center\"><\/td><td class=\"has-text-align-center\" data-align=\"center\"><a href=\"https:\/\/www.mijas.es\/wp-content\/uploads\/2026\/03\/PEDRO%20ROSALES.pdf\" data-type=\"URL\" data-id=\"https:\/\/www.mijas.es\/wp-content\/uploads\/2024\/08\/Informe-Veterinario-ROSALES-LOPEZ-PEDRO.pdf\" target=\"_blank\" rel=\"noreferrer noopener\">VER<\/a> (PDF)<\/td><\/tr><tr><td class=\"has-text-align-left\" data-align=\"left\">Jos\u00e9 Antonio Alarc\u00f3n Fern\u00e1ndez<\/td><td class=\"has-text-align-center\" data-align=\"center\"><\/td><td class=\"has-text-align-center\" data-align=\"center\"><\/td><td class=\"has-text-align-center\" data-align=\"center\">1<\/td><td class=\"has-text-align-center\" data-align=\"center\"><a href=\"https:\/\/www.mijas.es\/wp-content\/uploads\/2026\/03\/JOSE%20ANTONIO%20ALARC%C3%93N.pdf\" data-type=\"URL\" data-id=\"https:\/\/www.mijas.es\/wp-content\/uploads\/2024\/08\/Informe-Veterinario-ALARCON-FERNANDEZ-JOSE-ANTONIO.pdf\" target=\"_blank\" rel=\"noreferrer noopener\">VER<\/a> (PDF)<\/td><\/tr><tr><td class=\"has-text-align-left\" data-align=\"left\">Manuel Crespo Jaime<\/td><td class=\"has-text-align-center\" data-align=\"center\"><\/td><td class=\"has-text-align-center\" data-align=\"center\"><\/td><td class=\"has-text-align-center\" data-align=\"center\">2<\/td><td class=\"has-text-align-center\" data-align=\"center\"><a href=\"https:\/\/www.mijas.es\/wp-content\/uploads\/2026\/03\/MANUEL%20CRESPO%20JAIME.pdf\" data-type=\"URL\" data-id=\"https:\/\/www.mijas.es\/wp-content\/uploads\/2024\/08\/Informe-Veterinario-CRESPO-JAIME-MANUEL.pdf\" target=\"_blank\" rel=\"noreferrer noopener\">VER<\/a> (PDF)<\/td><\/tr><tr><td class=\"has-text-align-left\" data-align=\"left\">Juan Jes\u00fas Heredia Escalona<\/td><td class=\"has-text-align-center\" data-align=\"center\"><\/td><td class=\"has-text-align-center\" data-align=\"center\"><\/td><td class=\"has-text-align-center\" data-align=\"center\">4<\/td><td class=\"has-text-align-center\" data-align=\"center\"><a href=\"https:\/\/www.mijas.es\/wp-content\/uploads\/2026\/03\/JUAN%20JESUS%20HEREDIA%20ESCALONA.pdf\" data-type=\"URL\" data-id=\"https:\/\/www.mijas.es\/wp-content\/uploads\/2024\/08\/Informe-Veterinario-HEREDIA-ESCALONA-JUAN-JESUS.pdf\" target=\"_blank\" rel=\"noreferrer noopener\">VER<\/a> (PDF)<\/td><\/tr><tr><td class=\"has-text-align-left\" data-align=\"left\">Jos\u00e9 Antonio Luque N\u00fa\u00f1ez<\/td><td class=\"has-text-align-center\" data-align=\"center\"><\/td><td class=\"has-text-align-center\" data-align=\"center\"><\/td><td class=\"has-text-align-center\" data-align=\"center\">8<\/td><td class=\"has-text-align-center\" data-align=\"center\"><a href=\"https:\/\/www.mijas.es\/wp-content\/uploads\/2026\/03\/JOSE%20ANTONIO%20LUQUE%20NU%C3%91EZ.pdf\" data-type=\"URL\" data-id=\"https:\/\/www.mijas.es\/wp-content\/uploads\/2024\/08\/Informe-Veterinario-LUQUE-NUNEZ-JOSE-ANTONIO.pdf\" target=\"_blank\" rel=\"noreferrer noopener\">VER<\/a> (PDF)<\/td><\/tr><tr><td class=\"has-text-align-left\" data-align=\"left\">Crist\u00f3bal Villar Blanco<\/td><td class=\"has-text-align-center\" data-align=\"center\"><\/td><td class=\"has-text-align-center\" data-align=\"center\"><\/td><td class=\"has-text-align-center\" data-align=\"center\">10<\/td><td class=\"has-text-align-center\" data-align=\"center\"><a href=\"https:\/\/www.mijas.es\/wp-content\/uploads\/2026\/03\/CRISTOBAL%20VILLAR%20BLANCO.pdf\" data-type=\"URL\" data-id=\"https:\/\/www.mijas.es\/wp-content\/uploads\/2024\/08\/Informe-Veterinario-VILLAR-BLANCO-CRISTOBAL.pdf\" target=\"_blank\" rel=\"noreferrer noopener\">VER<\/a> (PDF)<\/td><\/tr><tr><td class=\"has-text-align-left\" data-align=\"left\">Francisco Javier Torres D\u00edaz<\/td><td class=\"has-text-align-center\" data-align=\"center\"><\/td><td class=\"has-text-align-center\" data-align=\"center\"><\/td><td class=\"has-text-align-center\" data-align=\"center\">11<\/td><td class=\"has-text-align-center\" data-align=\"center\"><a href=\"https:\/\/www.mijas.es\/wp-content\/uploads\/2026\/03\/FRANCISCO%20JAVIER%20TORRES.pdf\" data-type=\"URL\" data-id=\"https:\/\/www.mijas.es\/wp-content\/uploads\/2024\/08\/Informe-Veterinario-TORRES-DIAZ-FRANCISCO-JAVIER.pdf\" target=\"_blank\" rel=\"noreferrer noopener\">VER<\/a> (PDF)<\/td><\/tr><tr><td class=\"has-text-align-left\" data-align=\"left\">Francisco Rosales L\u00f3pez<\/td><td class=\"has-text-align-center\" data-align=\"center\"><\/td><td class=\"has-text-align-center\" data-align=\"center\"><\/td><td class=\"has-text-align-center\" data-align=\"center\">12<\/td><td class=\"has-text-align-center\" data-align=\"center\"><a href=\"https:\/\/www.mijas.es\/wp-content\/uploads\/2026\/03\/FRANCISCO%20ROSALES.pdf\" data-type=\"URL\" data-id=\"https:\/\/www.mijas.es\/wp-content\/uploads\/2024\/08\/Informe-Veterinario-ROSALES-LOPEZ-FRANCISCO.pdf\" target=\"_blank\" rel=\"noreferrer noopener\">VER<\/a> (PDF)<\/td><\/tr><tr><td class=\"has-text-align-left\" data-align=\"left\">Iv\u00e1n P\u00e9rez Henderickx<\/td><td class=\"has-text-align-center\" data-align=\"center\"><\/td><td class=\"has-text-align-center\" data-align=\"center\"><\/td><td class=\"has-text-align-center\" data-align=\"center\">13<\/td><td class=\"has-text-align-center\" data-align=\"center\"><a href=\"https:\/\/www.mijas.es\/wp-content\/uploads\/2026\/03\/IVAN%20PEREZ.pdf\" data-type=\"URL\" data-id=\"https:\/\/www.mijas.es\/wp-content\/uploads\/2024\/08\/Informe-Veterinario-PEREZ-HENDERICKX-IVAN.pdf\" target=\"_blank\" rel=\"noreferrer noopener\">VER<\/a> (PDF)<\/td><\/tr><tr><td class=\"has-text-align-left\" data-align=\"left\">Rafael Mart\u00edn Rojano<\/td><td class=\"has-text-align-center\" data-align=\"center\"><\/td><td class=\"has-text-align-center\" data-align=\"center\"><\/td><td class=\"has-text-align-center\" data-align=\"center\">14<\/td><td class=\"has-text-align-center\" data-align=\"center\"><a href=\"https:\/\/www.mijas.es\/wp-content\/uploads\/2026\/03\/RAFAEL%20MARTIN.pdf\" data-type=\"URL\" data-id=\"https:\/\/www.mijas.es\/wp-content\/uploads\/2024\/08\/Informe-Veterinario-MARTIN-ROJANO-RAFAEL.pdf\" target=\"_blank\" rel=\"noreferrer noopener\">VER<\/a> (PDF)<\/td><\/tr><\/tbody><\/table><\/figure>\n\n\n\n<p><\/p>\n\n\n\n<style>\ntr,td{\nborder:1px solid #CCC;\npadding:10px;\n}\ntr,th{\nborder:1px solid #CCC;\npadding:10px;\ntext-align:center;\n}\n<\/style>\n","protected":false},"excerpt":{"rendered":"<p>TITULAR N\u00ba LICENCIA BURROS-TAXI N\u00ba LICENCIA BURROS-CARRO N\u00ba LICENCIA COCHE CABALLOS INFORME VETERINARIO Jos\u00e9 Escalona Cort\u00e9s 1 a 6 1 3 VER (PDF) Antonio Jim\u00e9nez Jaime 19 a 24 6 y 7 6 y 7 VER (PDF) Isabel M\u00aa Rosales Postigo 25 a 30 8 y 9 VER (PDF) Salvador L\u00e1zaro Torres D\u00edaz 31 a [&hellip;]<\/p>\n","protected":false},"author":19,"featured_media":0,"parent":24524,"menu_order":0,"comment_status":"closed","ping_status":"closed","template":"","meta":[],"_links":{"self":[{"href":"https:\/\/www.mijas.es\/portal\/wp-json\/wp\/v2\/pages\/57889"}],"collection":[{"href":"https:\/\/www.mijas.es\/portal\/wp-json\/wp\/v2\/pages"}],"about":[{"href":"https:\/\/www.mijas.es\/portal\/wp-json\/wp\/v2\/types\/page"}],"author":[{"embeddable":true,"href":"https:\/\/www.mijas.es\/portal\/wp-json\/wp\/v2\/users\/19"}],"replies":[{"embeddable":true,"href":"https:\/\/www.mijas.es\/portal\/wp-json\/wp\/v2\/comments?post=57889"}],"version-history":[{"count":13,"href":"https:\/\/www.mijas.es\/portal\/wp-json\/wp\/v2\/pages\/57889\/revisions"}],"predecessor-version":[{"id":63952,"href":"https:\/\/www.mijas.es\/portal\/wp-json\/wp\/v2\/pages\/57889\/revisions\/63952"}],"up":[{"embeddable":true,"href":"https:\/\/www.mijas.es\/portal\/wp-json\/wp\/v2\/pages\/24524"}],"wp:attachment":[{"href":"https:\/\/www.mijas.es\/portal\/wp-json\/wp\/v2\/media?parent=57889"}],"curies":[{"name":"wp","href":"https:\/\/api.w.org\/{rel}","templated":true}]}}