{"id":57546,"date":"2024-07-11T11:23:31","date_gmt":"2024-07-11T10:23:31","guid":{"rendered":"https:\/\/www.mijas.es\/portal\/?page_id=57546"},"modified":"2025-05-29T10:21:42","modified_gmt":"2025-05-29T09:21:42","slug":"exposicion-publica-licencias-de-aperturas","status":"publish","type":"page","link":"https:\/\/www.mijas.es\/portal\/urbanismo\/licencias-de-apertura\/exposicion-publica-licencias-de-aperturas\/","title":{"rendered":"Exposici\u00f3n P\u00fablica &#8211; Licencias de Aperturas"},"content":{"rendered":"\n<ul>\n<li>Exposici\u00f3n P\u00fablica de Calificaci\u00f3n Ambiental de Expediente <strong>L.A. 173\/2024<\/strong> &#8211; <a href=\"https:\/\/www.mijas.es\/wp-content\/uploads\/2025\/05\/EXPTE_ORDENADO_LA_2024-0173.pdf\" target=\"_blank\" rel=\"noreferrer noopener\">Descargar<\/a><\/li>\n<\/ul>\n\n\n\n<ul>\n<li>Exposici\u00f3n P\u00fablica de Calificaci\u00f3n Ambiental de Expediente <strong>L.A. 55\/2025<\/strong> &#8211; <a rel=\"noreferrer noopener\" href=\"https:\/\/www.mijas.es\/wp-content\/uploads\/2025\/05\/EXPTE_ORDENADO_LA_2025-0055_censurado.pdf\" target=\"_blank\">Descargar<\/a><\/li>\n<\/ul>\n\n\n\n<ul>\n<li>Exposici\u00f3n P\u00fablica de Calificaci\u00f3n Ambiental de Expediente <strong>L.A. 46\/2025<\/strong> &#8211; <a rel=\"noreferrer noopener\" href=\"https:\/\/www.mijas.es\/wp-content\/uploads\/2025\/05\/EXPTE_ORDENADO_LA_2025-0046_censurado.pdf\" target=\"_blank\">Descargar<\/a><\/li>\n<\/ul>\n\n\n\n<ul>\n<li>Exposici\u00f3n P\u00fablica de Calificaci\u00f3n Ambiental de Expediente <strong>L.A. 225\/2024<\/strong> &#8211; <a rel=\"noreferrer noopener\" href=\"https:\/\/www.mijas.es\/wp-content\/uploads\/2025\/05\/EXPTE_ORDENADO_LA_2024-0225_censurado.pdf\" target=\"_blank\">Descargar<\/a><\/li>\n<\/ul>\n\n\n\n<ul>\n<li>Exposici\u00f3n P\u00fablica de Calificaci\u00f3n Ambiental de Expediente <strong>L.A. 52\/2025<\/strong> &#8211; <a rel=\"noreferrer noopener\" href=\"https:\/\/www.mijas.es\/wp-content\/uploads\/2025\/05\/EXPTE_ORDENADO_LA_2025-0052.pdf\" target=\"_blank\">Descargar<\/a><\/li>\n<\/ul>\n\n\n\n<ul>\n<li>Exposici\u00f3n P\u00fablica de Calificaci\u00f3n Ambiental de Expediente <strong>L.A. 134\/2024<\/strong> &#8211; <a rel=\"noreferrer noopener\" href=\"https:\/\/www.mijas.es\/wp-content\/uploads\/2025\/05\/EXPTE_ORDENADO_LA_2024-0134_CA_censurado.pdf\" target=\"_blank\">Descargar<\/a><\/li>\n<\/ul>\n\n\n\n<ul>\n<li>Exposici\u00f3n P\u00fablica de Calificaci\u00f3n Ambiental de Expediente <strong>L.A. 5\/2025<\/strong> &#8211; <a rel=\"noreferrer noopener\" href=\"https:\/\/www.mijas.es\/wp-content\/uploads\/2025\/05\/EXPTE_ORDENADO_LA_2025-0005_CALA_censurado.pdf\" target=\"_blank\">Descargar<\/a><\/li>\n<\/ul>\n\n\n\n<ul>\n<li>Exposici\u00f3n P\u00fablica de Calificaci\u00f3n Ambiental de Expediente <strong>L.A. 13\/2025<\/strong> &#8211; <a rel=\"noreferrer noopener\" href=\"https:\/\/www.mijas.es\/wp-content\/uploads\/2025\/04\/EXPTE_ORDENADO_LA_2025-0013_CA.DRLA_censurado.pdf\" target=\"_blank\">Descargar<\/a><\/li>\n<\/ul>\n\n\n\n<ul>\n<li>Exposici\u00f3n P\u00fablica de Calificaci\u00f3n Ambiental de Expediente <strong>L.A. 28\/2025<\/strong> &#8211; <a rel=\"noreferrer noopener\" href=\"https:\/\/www.mijas.es\/wp-content\/uploads\/2025\/04\/EXPTE_ORDENADO_LA_2025-0028_CA_censurado.pdf\" target=\"_blank\">Descargar<\/a><\/li>\n<\/ul>\n\n\n\n<ul>\n<li>Exposici\u00f3n P\u00fablica de Calificaci\u00f3n Ambiental de Expediente <strong>L.A. 13\/2025<\/strong> &#8211; <a rel=\"noreferrer noopener\" href=\"https:\/\/www.mijas.es\/wp-content\/uploads\/2025\/04\/Exposici%C3%B3n%20P%C3%BAblica%20de%20Calificaci%C3%B3n%20Ambienta%20de%20Expediente%20L.A.%2013-2025.pdf\" target=\"_blank\">Descargar<\/a><\/li>\n<\/ul>\n\n\n\n<ul>\n<li>Exposici\u00f3n P\u00fablica de Calificaci\u00f3n Ambiental de Expediente <strong>L.A. 17\/2025<\/strong> &#8211; <a rel=\"noreferrer noopener\" href=\"http:\/\/www.mijas.es\/wp-content\/uploads\/2025\/04\/Exposici%C3%B3n%20P%C3%BAblica%20de%20Calificaci%C3%B3n%20Ambienta%20de%20Expediente%20L.A.%2017-2025.pdf\" target=\"_blank\">Descargar<\/a><\/li>\n<\/ul>\n\n\n\n<ul>\n<li>Exposici\u00f3n P\u00fablica de Calificaci\u00f3n Ambiental de Expediente <strong>L.A. 39\/2011<\/strong> &#8211; <a rel=\"noreferrer noopener\" href=\"http:\/\/www.mijas.es\/wp-content\/uploads\/2025\/04\/Exposici%C3%B3n%20P%C3%BAblica%20de%20Calificaci%C3%B3n%20Ambienta%20de%20Expediente%20L.A.%2039-2011%20AMPLIACION.pdf\" target=\"_blank\">Descargar<\/a><\/li>\n<\/ul>\n\n\n\n<ul>\n<li>Exposici\u00f3n P\u00fablica de Calificaci\u00f3n Ambiental de Expediente <strong>L.A. 34\/2025<\/strong> &#8211; <a rel=\"noreferrer noopener\" href=\"http:\/\/www.mijas.es\/wp-content\/uploads\/2025\/03\/Exposici%C3%B3n%20P%C3%BAblica%20de%20Calificaci%C3%B3n%20Ambienta%20de%20Expediente%20L.A.%2034-2025.pdf\" target=\"_blank\">Descargar<\/a><\/li>\n<\/ul>\n\n\n\n<ul>\n<li>Exposici\u00f3n P\u00fablica de Calificaci\u00f3n Ambiental de Expediente <strong>L.A. 107\/2021<\/strong> &#8211; <a rel=\"noreferrer noopener\" href=\"https:\/\/www.mijas.es\/wp-content\/uploads\/2025\/03\/Exposicion-Publica-de-Calificacion-Ambienta-de-Expediente-L.A.-107-2021.pdf\" target=\"_blank\">Descargar<\/a><\/li>\n<\/ul>\n\n\n\n<ul>\n<li>Exposici\u00f3n P\u00fablica de Calificaci\u00f3n Ambiental de Expediente <strong>L.A. 29\/2025<\/strong> &#8211; <a rel=\"noreferrer noopener\" href=\"http:\/\/www.mijas.es\/wp-content\/uploads\/2025\/03\/Exposici%C3%B3n%20P%C3%BAblica%20de%20Calificaci%C3%B3n%20Ambienta%20de%20Expediente%20L.A.%2029-2025.pdf\" target=\"_blank\">Descargar<\/a><\/li>\n<\/ul>\n\n\n\n<ul>\n<li>Exposici\u00f3n P\u00fablica de Calificaci\u00f3n Ambiental de Expediente <strong>L.A. 24\/2025<\/strong> &#8211; <a rel=\"noreferrer noopener\" href=\"http:\/\/www.mijas.es\/wp-content\/uploads\/2025\/03\/Exposici%C3%B3n%20P%C3%BAblica%20de%20Calificaci%C3%B3n%20Ambienta%20de%20Expediente%20L.A.%2024-2025.pdf\" target=\"_blank\">Descargar<\/a><\/li>\n<\/ul>\n\n\n\n<ul>\n<li>Exposici\u00f3n P\u00fablica de Calificaci\u00f3n Ambiental de Expediente <strong>L.A. 20\/2025<\/strong> &#8211; <a rel=\"noreferrer noopener\" href=\"http:\/\/www.mijas.es\/wp-content\/uploads\/2025\/02\/Exposici%C3%B3n%20P%C3%BAblica%20de%20Calificaci%C3%B3n%20Ambienta%20de%20Expediente%20L.A.%2020-2025.pdf\" target=\"_blank\">Descargar<\/a><\/li>\n<\/ul>\n\n\n\n<ul>\n<li>Exposici\u00f3n P\u00fablica de Calificaci\u00f3n Ambiental de Expediente <strong>L.A. 119\/2024<\/strong> &#8211; <a rel=\"noreferrer noopener\" href=\"http:\/\/www.mijas.es\/wp-content\/uploads\/2025\/02\/Exposici%C3%B3n%20P%C3%BAblica%20de%20Calificaci%C3%B3n%20Ambienta%20de%20Expediente%20L.A.%20119-2024.pdf\" target=\"_blank\">Descargar<\/a><\/li>\n<\/ul>\n\n\n\n<ul>\n<li>Exposici\u00f3n P\u00fablica de Calificaci\u00f3n Ambiental de Expediente <strong>L.A. 120\/2024<\/strong> &#8211; <a rel=\"noreferrer noopener\" href=\"http:\/\/www.mijas.es\/wp-content\/uploads\/2025\/01\/Exposici%C3%B3n%20P%C3%BAblica%20de%20Calificaci%C3%B3n%20Ambiental%20de%20Expediente%20L.A.%202024-0120%20CA.pdf\" target=\"_blank\">Descargar<\/a><\/li>\n<\/ul>\n\n\n\n<ul>\n<li>Exposici\u00f3n P\u00fablica de Calificaci\u00f3n Ambienta de Expediente <strong>L.A. 233\/2023<\/strong> &#8211; <a href=\"http:\/\/www.mijas.es\/wp-content\/uploads\/2025\/02\/Exposici%C3%B3n%20P%C3%BAblica%20de%20Calificaci%C3%B3n%20Ambienta%20de%20Expediente%20L.A.%20233-2023.pdf\" target=\"_blank\" rel=\"noreferrer noopener\">Descargar<\/a><\/li>\n<\/ul>\n\n\n\n<ul>\n<li>Exposici\u00f3n P\u00fablica de Calificaci\u00f3n Ambiental de Expediente <strong>L.A. 026\/2022<\/strong> &#8211; <a rel=\"noreferrer noopener\" href=\"https:\/\/www.mijas.es\/wp-content\/uploads\/2024\/11\/Exposicion-Publica-de-Calificacion-Ambiental-de-Expediente-LA-26-2022.pdf\" data-type=\"URL\" data-id=\"https:\/\/www.mijas.es\/wp-content\/uploads\/2024\/11\/Exposicion-Publica-de-Calificacion-Ambiental-de-Expediente-LA-26-2022.pdf\" target=\"_blank\">Descargar<\/a><\/li>\n<\/ul>\n\n\n\n<ul>\n<li>Exposici\u00f3n P\u00fablica de Calificaci\u00f3n Ambiental de Expediente <strong>L.A. 141\/2023<\/strong> &#8211; <a rel=\"noreferrer noopener\" href=\"https:\/\/www.mijas.es\/wp-content\/uploads\/2024\/11\/Exposicion-Publica-de-Calificacion-Ambiental-de-Expediente-LA-141-2023.pdf\" data-type=\"URL\" data-id=\"https:\/\/www.mijas.es\/wp-content\/uploads\/2024\/11\/Exposicion-Publica-de-Calificacion-Ambiental-de-Expediente-LA-141-2023.pdf\" target=\"_blank\">Descargar<\/a><\/li>\n<\/ul>\n\n\n\n<ul>\n<li>Exposici\u00f3n P\u00fablica de Calificaci\u00f3n Ambiental de Expediente <strong>L.A. 169\/2019<\/strong> &#8211; <a rel=\"noreferrer noopener\" href=\"https:\/\/www.mijas.es\/wp-content\/uploads\/2024\/08\/PROYECTO%20PARA%20EXPOSICI%C3%93N%20P%C3%9ABLICA%20EN%20TABLON%20DE%20ANUNCIOS.zip\" target=\"_blank\">Descargar<\/a><\/li>\n<\/ul>\n\n\n\n<ul>\n<li>Exposici\u00f3n P\u00fablica de Calificaci\u00f3n Ambiental de Expediente <strong>L.A. 217\/2023<\/strong> &#8211; <a href=\"https:\/\/www.mijas.es\/wp-content\/uploads\/2024\/10\/Exposicion-Publica-de-Calificacion-Ambiental-de-Expediente-LA-217-2023.pdf\" data-type=\"URL\" data-id=\"https:\/\/www.mijas.es\/wp-content\/uploads\/2024\/10\/Exposicion-Publica-de-Calificacion-Ambiental-de-Expediente-LA-217-2023.pdf\" target=\"_blank\" rel=\"noreferrer noopener\">Descargar<\/a><\/li>\n<\/ul>\n\n\n\n<ul>\n<li>Exposici\u00f3n P\u00fablica de Calificaci\u00f3n Ambiental de Expediente <strong>L.A. 100\/2024<\/strong> &#8211; <a href=\"https:\/\/www.mijas.es\/wp-content\/uploads\/2024\/07\/CERTIF-SEGURIDAD-DE-INSTALACIONES-DE-LA-L.A.-100-2024-CA.pdf\" data-type=\"URL\" data-id=\"https:\/\/www.mijas.es\/wp-content\/uploads\/2024\/07\/CERTIF-SEGURIDAD-DE-INSTALACIONES-DE-LA-L.A.-100-2024-CA.pdf\" target=\"_blank\" rel=\"noreferrer noopener\">Descargar<\/a><\/li>\n<\/ul>\n\n\n\n<ul>\n<li>Exposici\u00f3n P\u00fablica de Calificaci\u00f3n Ambiental y Valoraci\u00f3n de Impacto sobre la Salud de Expediente  <strong>L.A. 145\/2020<\/strong> &#8211; <a rel=\"noreferrer noopener\" href=\"https:\/\/www.mijas.es\/wp-content\/uploads\/2024\/08\/EXPTE-L.A.-145-2020-GASOLINERA-GALP-EN-AV.-DE-MIJAS-45.pdf\" data-type=\"URL\" data-id=\"https:\/\/www.mijas.es\/wp-content\/uploads\/2024\/08\/EXPTE-L.A.-145-2020-GASOLINERA-GALP-EN-AV.-DE-MIJAS-45.pdf\" target=\"_blank\">Descargar<\/a><\/li>\n<\/ul>\n\n\n\n<ul>\n<li>Exposici\u00f3n P\u00fablica de Calificaci\u00f3n Ambiental y Valoraci\u00f3n de Impacto sobre la Salud de Expediente <strong>L.A. 80\/2024<\/strong> &#8211; <a rel=\"noreferrer noopener\" href=\"https:\/\/www.mijas.es\/wp-content\/uploads\/2024\/07\/PROYECTO-PARA-EXPOSICION-PUBLICA-EN-TABLON-DE-ANUNCIOS.pdf\" data-type=\"URL\" data-id=\"https:\/\/www.mijas.es\/wp-content\/uploads\/2024\/07\/PROYECTO-PARA-EXPOSICION-PUBLICA-EN-TABLON-DE-ANUNCIOS.pdf\" target=\"_blank\">Descargar<\/a><\/li>\n<\/ul>\n","protected":false},"excerpt":{"rendered":"","protected":false},"author":19,"featured_media":0,"parent":313,"menu_order":0,"comment_status":"closed","ping_status":"closed","template":"","meta":[],"_links":{"self":[{"href":"https:\/\/www.mijas.es\/portal\/wp-json\/wp\/v2\/pages\/57546"}],"collection":[{"href":"https:\/\/www.mijas.es\/portal\/wp-json\/wp\/v2\/pages"}],"about":[{"href":"https:\/\/www.mijas.es\/portal\/wp-json\/wp\/v2\/types\/page"}],"author":[{"embeddable":true,"href":"https:\/\/www.mijas.es\/portal\/wp-json\/wp\/v2\/users\/19"}],"replies":[{"embeddable":true,"href":"https:\/\/www.mijas.es\/portal\/wp-json\/wp\/v2\/comments?post=57546"}],"version-history":[{"count":32,"href":"https:\/\/www.mijas.es\/portal\/wp-json\/wp\/v2\/pages\/57546\/revisions"}],"predecessor-version":[{"id":61428,"href":"https:\/\/www.mijas.es\/portal\/wp-json\/wp\/v2\/pages\/57546\/revisions\/61428"}],"up":[{"embeddable":true,"href":"https:\/\/www.mijas.es\/portal\/wp-json\/wp\/v2\/pages\/313"}],"wp:attachment":[{"href":"https:\/\/www.mijas.es\/portal\/wp-json\/wp\/v2\/media?parent=57546"}],"curies":[{"name":"wp","href":"https:\/\/api.w.org\/{rel}","templated":true}]}}