{"id":55883,"date":"2024-04-18T10:56:22","date_gmt":"2024-04-18T09:56:22","guid":{"rendered":"https:\/\/www.mijas.es\/portal\/?page_id=55883"},"modified":"2024-04-23T21:12:11","modified_gmt":"2024-04-23T20:12:11","slug":"maria-del-carmen-marquez-romero","status":"publish","type":"page","link":"https:\/\/www.mijas.es\/portal\/maria-del-carmen-marquez-romero\/","title":{"rendered":"Mar\u00eda del Carmen M\u00e1rquez Romero &#8211; Asesor Municipal"},"content":{"rendered":"\n<h2 class=\"wp-block-heading\">Formaci\u00f3n<\/h2>\n\n\n\n<ul>\n<li>Diplomada en Gesti\u00f3n y Administraci\u00f3n P\u00fablica por la Facultad de Econ\u00f3micas y Ciencias Empresariales de M\u00e1laga<\/li>\n<\/ul>\n\n\n\n<hr class=\"wp-block-separator has-alpha-channel-opacity\"\/>\n\n\n\n<h2 class=\"wp-block-heading\">Experiencia<\/h2>\n\n\n\n<ul>\n<li>Contratos de trabajo con el Registro de la Propiedad de Mijas n\u00b0 2,<\/li>\n\n\n\n<li>Notar\u00eda de Don Pedro D\u00edaz Serrano en Arroyo de la Miel (Benalm\u00e1dena),<\/li>\n\n\n\n<li>Despacho de Abogados European Legal Solutions en Fuengirola,<\/li>\n\n\n\n<li>Administraci\u00f3n de Fincas y Agencia de Seguros Centro de Servicios Mijas.<\/li>\n<\/ul>\n\n\n\n<hr class=\"wp-block-separator has-alpha-channel-opacity\"\/>\n\n\n\n<h2 class=\"wp-block-heading\">Contacto<\/h2>\n\n\n\n<ul>\n<li>carmenmarquez@mijas.es<\/li>\n<\/ul>\n\n\n\n<hr class=\"wp-block-separator has-alpha-channel-opacity\"\/>\n\n\n\n<h2 class=\"wp-block-heading\">Retribuciones<\/h2>\n\n\n\n<p>44.000 \u20ac (brutos\/a\u00f1o)<\/p>\n","protected":false},"excerpt":{"rendered":"<p>Formaci\u00f3n Experiencia Contacto Retribuciones 44.000 \u20ac (brutos\/a\u00f1o)<\/p>\n","protected":false},"author":19,"featured_media":0,"parent":0,"menu_order":0,"comment_status":"closed","ping_status":"closed","template":"","meta":[],"_links":{"self":[{"href":"https:\/\/www.mijas.es\/portal\/wp-json\/wp\/v2\/pages\/55883"}],"collection":[{"href":"https:\/\/www.mijas.es\/portal\/wp-json\/wp\/v2\/pages"}],"about":[{"href":"https:\/\/www.mijas.es\/portal\/wp-json\/wp\/v2\/types\/page"}],"author":[{"embeddable":true,"href":"https:\/\/www.mijas.es\/portal\/wp-json\/wp\/v2\/users\/19"}],"replies":[{"embeddable":true,"href":"https:\/\/www.mijas.es\/portal\/wp-json\/wp\/v2\/comments?post=55883"}],"version-history":[{"count":4,"href":"https:\/\/www.mijas.es\/portal\/wp-json\/wp\/v2\/pages\/55883\/revisions"}],"predecessor-version":[{"id":56093,"href":"https:\/\/www.mijas.es\/portal\/wp-json\/wp\/v2\/pages\/55883\/revisions\/56093"}],"wp:attachment":[{"href":"https:\/\/www.mijas.es\/portal\/wp-json\/wp\/v2\/media?parent=55883"}],"curies":[{"name":"wp","href":"https:\/\/api.w.org\/{rel}","templated":true}]}}