{"id":55867,"date":"2024-04-18T10:49:18","date_gmt":"2024-04-18T09:49:18","guid":{"rendered":"https:\/\/www.mijas.es\/portal\/?page_id=55867"},"modified":"2024-04-23T20:40:04","modified_gmt":"2024-04-23T19:40:04","slug":"angel-herrera-carrasco","status":"publish","type":"page","link":"https:\/\/www.mijas.es\/portal\/angel-herrera-carrasco\/","title":{"rendered":"\u00c1ngel Herrera Carrasco &#8211; Asesor Municipal"},"content":{"rendered":"\n<h2 class=\"wp-block-heading\">Formaci\u00f3n<\/h2>\n\n\n\n<ul>\n<li>ING. T\u00c9C. INFORM\u00c1TICA DE SISTEMAS UNIVERSIDAD DE M\u00c1LAGA 1995 \u2013 2000 (Carrera no finalizada)<\/li>\n\n\n\n<li>CURSO DE COMMUNITY MANAGER UNED \/ 2015 (500 horas)<\/li>\n\n\n\n<li>M\u00c1STER EN SMART CITIES CERTIFICACI\u00d3N UNIV. INTERNACIONAL ISABEL I DE CASTILLA 2017 -2019 ( 1500 horas)<\/li>\n\n\n\n<li>FORMACI\u00d3N EMPRESARIAL INTENSIVA Level UP Desarrollo Profesional SLU \u2013 Cursos: -Secretos de la empresa \u2013 2021 (35 horas) -Diamante en Bruto \u2013 2022 (35 horas) -Mundo Digital \u2013 2023 (50 horas)<\/li>\n<\/ul>\n\n\n\n<hr class=\"wp-block-separator has-alpha-channel-opacity\"\/>\n\n\n\n<h2 class=\"wp-block-heading\">Experiencia<\/h2>\n\n\n\n<ul>\n<li>Jefe y encargado del servicio t\u00e9cnico. <\/li>\n\n\n\n<li>INFORTERR\u00c1NEA SL \u2013 M\u00c1LAGA- 1998 \/ 1999<\/li>\n\n\n\n<li>Empresa dedicada a la distribuci\u00f3n de material inform\u00e1tico y a la venta de equipos a nivel nacional.<\/li>\n\n\n\n<li>Jefe del servicio t\u00e9cnico y encargado.<\/li>\n\n\n\n<li>CRIPTON TELECOMUNICACIONES SL \u2013 FUENGIROLA \u2013 2000 \/ 2001 CENTRO INFORM\u00c1TICO HUBBLE SL \u2013 FUENGIROLA \u2013 2001 \/ 2003<\/li>\n\n\n\n<li>Empresas de telecomunicaciones dedicada a la venta, servicio t\u00e9cnico de reparaci\u00f3n y montaje de equipos inform\u00e1ticos, mantenimiento de empresas tanto a nivel software como hardware, dise\u00f1o y montaje de redes inform\u00e1ticas.<\/li>\n\n\n\n<li>Propietario y administrador.<\/li>\n\n\n\n<li>IDENET INFORM\u00c1TICA SL \u2013 MIJAS \u2013 2003 \/ 2013<\/li>\n\n\n\n<li>Asesoramiento, venta y taller de reparaciones de equipos inform\u00e1ticos a todos los niveles. Programaci\u00f3n de p\u00e1ginas webs, de software de gesti\u00f3n a medida y mantenimiento y gesti\u00f3n de las telecomunicaciones de las empresas.<\/li>\n\n\n\n<li>Propietario y administrador.<\/li>\n\n\n\n<li>SUMINISTROS COHESA SL \u2013 MIJAS \u2013 2013 \/ Actualidad<\/li>\n\n\n\n<li>Dos actividades: 1\u00aa Asesoramiento, venta y taller de reparaciones de equipos inform\u00e1ticos a todos los niveles. Programaci\u00f3n de p\u00e1ginas webs y creaci\u00f3n de software de gesti\u00f3n a medida para empresas. 2\u00aa Importaci\u00f3n, exportaci\u00f3n y venta de productos para reposter\u00eda creativa con tienda f\u00edsica de venta al mayor y al por menor.<\/li>\n<\/ul>\n\n\n\n<hr class=\"wp-block-separator has-alpha-channel-opacity\"\/>\n\n\n\n<h2 class=\"wp-block-heading\">Contacto<\/h2>\n\n\n\n<ul>\n<li>angel.herrera@mijas.es<\/li>\n<\/ul>\n\n\n\n<hr class=\"wp-block-separator has-alpha-channel-opacity\"\/>\n\n\n\n<h2 class=\"wp-block-heading\">Retribuciones<\/h2>\n\n\n\n<p>44.000 \u20ac (brutos\/a\u00f1o)<\/p>\n","protected":false},"excerpt":{"rendered":"<p>Formaci\u00f3n Experiencia Contacto Retribuciones 44.000 \u20ac (brutos\/a\u00f1o)<\/p>\n","protected":false},"author":19,"featured_media":0,"parent":0,"menu_order":0,"comment_status":"closed","ping_status":"closed","template":"","meta":[],"_links":{"self":[{"href":"https:\/\/www.mijas.es\/portal\/wp-json\/wp\/v2\/pages\/55867"}],"collection":[{"href":"https:\/\/www.mijas.es\/portal\/wp-json\/wp\/v2\/pages"}],"about":[{"href":"https:\/\/www.mijas.es\/portal\/wp-json\/wp\/v2\/types\/page"}],"author":[{"embeddable":true,"href":"https:\/\/www.mijas.es\/portal\/wp-json\/wp\/v2\/users\/19"}],"replies":[{"embeddable":true,"href":"https:\/\/www.mijas.es\/portal\/wp-json\/wp\/v2\/comments?post=55867"}],"version-history":[{"count":4,"href":"https:\/\/www.mijas.es\/portal\/wp-json\/wp\/v2\/pages\/55867\/revisions"}],"predecessor-version":[{"id":56081,"href":"https:\/\/www.mijas.es\/portal\/wp-json\/wp\/v2\/pages\/55867\/revisions\/56081"}],"wp:attachment":[{"href":"https:\/\/www.mijas.es\/portal\/wp-json\/wp\/v2\/media?parent=55867"}],"curies":[{"name":"wp","href":"https:\/\/api.w.org\/{rel}","templated":true}]}}