{"id":55863,"date":"2024-04-18T10:51:14","date_gmt":"2024-04-18T09:51:14","guid":{"rendered":"https:\/\/www.mijas.es\/portal\/?page_id=55863"},"modified":"2024-04-23T21:13:01","modified_gmt":"2024-04-23T20:13:01","slug":"carmen-trinidad-bornao-cuevas","status":"publish","type":"page","link":"https:\/\/www.mijas.es\/portal\/carmen-trinidad-bornao-cuevas\/","title":{"rendered":"Carmen Trinidad Bornao Cuevas &#8211; Asesor Municipal"},"content":{"rendered":"\n<h2 class=\"wp-block-heading\">Formaci\u00f3n<\/h2>\n\n\n\n<ul>\n<li>Formaci\u00f3n Profesional<\/li>\n\n\n\n<li>Licenciada en Derecho por la Universidad de M\u00e1laga. 2002<\/li>\n\n\n\n<li>Formaci\u00f3n en materia de Igualdad y Violencia de G\u00e9nero:<\/li>\n\n\n\n<li>Programa superior de especializaci\u00f3n en negociaci\u00f3n colectiva. Universidad Camilo Jos\u00e9 Cela. Realizado del del 21 de febrero al 5 de abril de 2023. 150 horas. 6 ECTS.<\/li>\n\n\n\n<li>Planes de Igualdad. La igualdad en la Negociaci\u00f3n Colectiva. CEOE\/EDENE. Realizado del 8 de marzo al 5 de abril de 2023. 50 horas.<\/li>\n\n\n\n<li>Curso reciclaje al Turno Especial de Violencia de Genero&nbsp; celebrado el d\u00eda 27 de marzo de 2023 en la Delegaci\u00f3n de Fuengirola Ilustre Colegio de Abogados de M\u00e1laga. 3 horas.<\/li>\n\n\n\n<li>Especializaci\u00f3n en Agente y Promotora de Igualdad. Universidad de Alcal\u00e1. Curso 2021\/2022. 30 ECTS equivalente a 900 horas<\/li>\n\n\n\n<li>Curso Universitario de Especializaci\u00f3n en Agente de Igualdad de G\u00e9nero. Universidad Europea Miguel de Cervantes. Realizado entre el 13\/05\/21 y 13\/09\/21. 400 horas. 16 ECTS<\/li>\n\n\n\n<li>Agente Rural de Innovaci\u00f3n Social ante la despoblaci\u00f3n. Diputaci\u00f3n de M\u00e1laga. Realizado desde el 19\/10\/20 al 30\/10\/20. 30 horas<\/li>\n\n\n\n<li>Curso Educar en la no violencia: afirmando los derechos de las ni\u00f1as y los ni\u00f1os (Modalidad Online). CIFAL M\u00e1laga \u2013 UNITAR \u2013 Asociaci\u00f3n Dem\u00e9ter. Realizado desde el 8 al 11 de junio de 2020. 11 horas lectivas.<\/li>\n\n\n\n<li>Curso reciclaje al Turno Especial de Violencia de Genero (Modalidad online) celebrado el d\u00eda 24 de enero de 2020 en la Delegaci\u00f3n de Fuengirola Ilustre Colegio de Abogados de M\u00e1laga. 3 horas.<\/li>\n\n\n\n<li>2\u00ba Feminario contra la Violencia de G\u00e9nero VEO-ACT\u00daO-CAMBIO. Federaci\u00f3n \u00c1gora. Celebrado los d\u00edas 9 y 10 de noviembre de 2018. 8 horas<\/li>\n\n\n\n<li>Curso reciclaje normativo en la Violencia de G\u00e9nero. Actualidad legislativa Espa\u00f1ola, en especial, a ra\u00edz de la ratificaci\u00f3n del convenio del Consejo de Europa sobre prevenci\u00f3n y lucha contra la violencia, celebrado el d\u00eda 12 de mayo de 2016. 2 horas<\/li>\n\n\n\n<li>Curso Reciclaje Violencia Dom\u00e9stica celebrado en el X Congreso Jur\u00eddico Abogac\u00eda ICAMALAGA el d\u00eda 16 y 17 de octubre de 2014. 3 horas<\/li>\n\n\n\n<li>Curso de acceso al Turno especial de Violencia Dom\u00e9stica celebrado el d\u00eda 16 de mayo de 2013.&nbsp; 8 horas<\/li>\n\n\n\n<li>Formaci\u00f3n para el l dise\u00f1o y aplicaci\u00f3n de planes y medidas de igualdad en las empresas. Ministerio de Sanidad, Servicios Sociales e Igualdad. Instituto de la Mujer y para la Igualdad de Oportunidades. Realizado entre el 21 de septiembre y 15 de noviembre de 2015. 30 horas<\/li>\n\n\n\n<li>Igualdad de Oportunidades entre Mujeres y Hombres: Aplicaci\u00f3n Pr\u00e1ctica en Servicios Sociales (Nivel Avanzado). Ministerio de Sanidad, Servicios Sociales e Igualdad. Instituto de la Mujer. Realizado del 26 de mayo al&nbsp; 1 de agosto de 2012. 65 horas<\/li>\n\n\n\n<li>Igualdad de G\u00e9nero. Ilustre Colegio de Abogados de Ja\u00e9n. Realizado en abril de 2011. 150 horas lectivas.<\/li>\n\n\n\n<li>Formaci\u00f3n en materia otras materias<\/li>\n\n\n\n<li>Curso Ingl\u00e9s B1. Programa M\u00e1laga Biling\u00fce. Diputaci\u00f3n Provincial de M\u00e1laga.&nbsp; Realizado del 25 de octubre al 29 de noviembre de 2016. 60 horas.<\/li>\n\n\n\n<li>Franc\u00e9s elemental I 1 t. Confederaci\u00f3n de Empresarios de Andaluc\u00eda. Realizado del 7 de diciembre de 2011 al 22 de enero de 2012. 50 horas.<\/li>\n\n\n\n<li>T\u00e9cnicas de planificaci\u00f3n con Project. Confederaci\u00f3n de Empresarios de Andaluc\u00eda. Realizado del 16 de noviembre al 24 de diciembre de 2011. 50 horas.<\/li>\n\n\n\n<li>Urbanismo sostenible y gesti\u00f3n de planes de movilidad. Confederaci\u00f3n de Empresarios de Andaluc\u00eda. Realizado del 19 de octubre al 12 de diciembre de 2011. 70 horas.<\/li>\n\n\n\n<li>Ingl\u00e9s de Negocios. Confederaci\u00f3n de Empresarios de Andaluc\u00eda. Realizado del 13 de mayo al de julio de 2008. 75 horas.<\/li>\n\n\n\n<li>Legislaci\u00f3n Urban\u00edstica. Confederaci\u00f3n de Empresarios de Andaluc\u00eda. Realizado del 1 de julio al 3 de octubre de 2008. 75 horas.<\/li>\n<\/ul>\n\n\n\n<hr class=\"wp-block-separator has-alpha-channel-opacity\"\/>\n\n\n\n<h2 class=\"wp-block-heading\">Experiencia<\/h2>\n\n\n\n<ul>\n<li>Co Directora del despacho BORNAO CTMM Asesores. Directora del \u00e1rea jur\u00eddica, fiscal y laboral. Desde a\u00f1o 1999 a 2011<\/li>\n\n\n\n<li>Co Directora del despacho Bornao Cuevas Abogados &amp; Mediadores. Directora del \u00e1rea jur\u00eddica, fiscal y laboral. Desde 2012 a 2023.<\/li>\n\n\n\n<li>Abogada colegiada en el Ilustre Colegio de Abogados de M\u00e1laga desde el a\u00f1o 2.004 (N\u00fam. 6.079).<\/li>\n\n\n\n<li>Adscripci\u00f3n a los Turnos de Oficio Civil, Penal, Laboral y especial de Violencia de G\u00e9nero. Desde al a\u00f1o 2012 A 2023.<\/li>\n\n\n\n<li>Administradora de Fincas colegiada en el Ilustre Colegio Territorial de Administraci\u00f3n de Fincas de M\u00e1laga desde el a\u00f1o 2.009 (N\u00fam. 2.335). Hasta 2023.<\/li>\n\n\n\n<li>Colaboradora habitual de Asociaciones, Entidades e Instituciones de la provincia con la impartici\u00f3n de charlas, cursos, talleres, jornadas en diversas materias jur\u00eddicas e igualdad. Ejecuci\u00f3n de proyectos en materia de planes de igualdad municipales y de empresas.<\/li>\n\n\n\n<li>Presidenta de la Asociaci\u00f3n Mujeres en Igualdad de Mijas desde el a\u00f1o 2.014.<\/li>\n\n\n\n<li>Vocal de la Asociaci\u00f3n Mujeres en Igualdad de M\u00e1laga desde el a\u00f1o 2.015.<\/li>\n\n\n\n<li>Representante en el Consejo Provincial de la Mujer de M\u00e1laga desde el a\u00f1o 2015.<\/li>\n<\/ul>\n\n\n\n<hr class=\"wp-block-separator has-alpha-channel-opacity\"\/>\n\n\n\n<h2 class=\"wp-block-heading\">Contacto<\/h2>\n\n\n\n<ul>\n<li>trinidad.bornao@mijas.es<\/li>\n<\/ul>\n\n\n\n<hr class=\"wp-block-separator has-alpha-channel-opacity\"\/>\n\n\n\n<h2 class=\"wp-block-heading\">Retribuciones<\/h2>\n\n\n\n<p>44.000 \u20ac (brutos\/a\u00f1o)<\/p>\n","protected":false},"excerpt":{"rendered":"<p>Formaci\u00f3n Experiencia Contacto Retribuciones 44.000 \u20ac (brutos\/a\u00f1o)<\/p>\n","protected":false},"author":19,"featured_media":0,"parent":0,"menu_order":0,"comment_status":"closed","ping_status":"closed","template":"","meta":[],"_links":{"self":[{"href":"https:\/\/www.mijas.es\/portal\/wp-json\/wp\/v2\/pages\/55863"}],"collection":[{"href":"https:\/\/www.mijas.es\/portal\/wp-json\/wp\/v2\/pages"}],"about":[{"href":"https:\/\/www.mijas.es\/portal\/wp-json\/wp\/v2\/types\/page"}],"author":[{"embeddable":true,"href":"https:\/\/www.mijas.es\/portal\/wp-json\/wp\/v2\/users\/19"}],"replies":[{"embeddable":true,"href":"https:\/\/www.mijas.es\/portal\/wp-json\/wp\/v2\/comments?post=55863"}],"version-history":[{"count":6,"href":"https:\/\/www.mijas.es\/portal\/wp-json\/wp\/v2\/pages\/55863\/revisions"}],"predecessor-version":[{"id":56097,"href":"https:\/\/www.mijas.es\/portal\/wp-json\/wp\/v2\/pages\/55863\/revisions\/56097"}],"wp:attachment":[{"href":"https:\/\/www.mijas.es\/portal\/wp-json\/wp\/v2\/media?parent=55863"}],"curies":[{"name":"wp","href":"https:\/\/api.w.org\/{rel}","templated":true}]}}