{"id":55861,"date":"2024-04-18T11:05:56","date_gmt":"2024-04-18T10:05:56","guid":{"rendered":"https:\/\/www.mijas.es\/portal\/?page_id=55861"},"modified":"2024-04-23T20:21:53","modified_gmt":"2024-04-23T19:21:53","slug":"edmundo-alarcon-hinojosa","status":"publish","type":"page","link":"https:\/\/www.mijas.es\/portal\/edmundo-alarcon-hinojosa\/","title":{"rendered":"Edmundo Alarc\u00f3n Hinojosa &#8211; Asesor Municipal"},"content":{"rendered":"\n<h2 class=\"wp-block-heading\">Formaci\u00f3n<\/h2>\n\n\n\n<ul>\n<li>Bachillerato de Humanidades y Ciencias Sociales.<\/li>\n\n\n\n<li>Actualmente cursando cuarto a\u00f1o del Grado de Derecho en la Universidad de M\u00e1laga.<\/li>\n<\/ul>\n\n\n\n<hr class=\"wp-block-separator has-alpha-channel-opacity\"\/>\n\n\n\n<h2 class=\"wp-block-heading\">Experiencia<\/h2>\n\n\n\n<ul>\n<li>Durante los \u00faltimos a\u00f1os he realizado diversas labores de gesti\u00f3n de espacios de rodaje y procesos de grabaci\u00f3n para productoras provinciales, algunas de ellas relacionadas con la promoci\u00f3n tur\u00edstica de la provincia o con la promoci\u00f3n de aerol\u00edneas como EasyJet.<\/li>\n<\/ul>\n\n\n\n<hr class=\"wp-block-separator has-alpha-channel-opacity\"\/>\n\n\n\n<h2 class=\"wp-block-heading\">Contacto<\/h2>\n\n\n\n<ul>\n<li>edmundo.alarcon@mijas.es<\/li>\n<\/ul>\n\n\n\n<hr class=\"wp-block-separator has-alpha-channel-opacity\"\/>\n\n\n\n<h2 class=\"wp-block-heading\">Retribuciones<\/h2>\n\n\n\n<p>44.000 \u20ac (brutos\/a\u00f1o)<\/p>\n","protected":false},"excerpt":{"rendered":"<p>Formaci\u00f3n Experiencia Contacto Retribuciones 44.000 \u20ac (brutos\/a\u00f1o)<\/p>\n","protected":false},"author":19,"featured_media":0,"parent":0,"menu_order":0,"comment_status":"closed","ping_status":"closed","template":"","meta":[],"_links":{"self":[{"href":"https:\/\/www.mijas.es\/portal\/wp-json\/wp\/v2\/pages\/55861"}],"collection":[{"href":"https:\/\/www.mijas.es\/portal\/wp-json\/wp\/v2\/pages"}],"about":[{"href":"https:\/\/www.mijas.es\/portal\/wp-json\/wp\/v2\/types\/page"}],"author":[{"embeddable":true,"href":"https:\/\/www.mijas.es\/portal\/wp-json\/wp\/v2\/users\/19"}],"replies":[{"embeddable":true,"href":"https:\/\/www.mijas.es\/portal\/wp-json\/wp\/v2\/comments?post=55861"}],"version-history":[{"count":6,"href":"https:\/\/www.mijas.es\/portal\/wp-json\/wp\/v2\/pages\/55861\/revisions"}],"predecessor-version":[{"id":56077,"href":"https:\/\/www.mijas.es\/portal\/wp-json\/wp\/v2\/pages\/55861\/revisions\/56077"}],"wp:attachment":[{"href":"https:\/\/www.mijas.es\/portal\/wp-json\/wp\/v2\/media?parent=55861"}],"curies":[{"name":"wp","href":"https:\/\/api.w.org\/{rel}","templated":true}]}}