{"id":55855,"date":"2024-04-18T11:02:30","date_gmt":"2024-04-18T10:02:30","guid":{"rendered":"https:\/\/www.mijas.es\/portal\/?page_id=55855"},"modified":"2024-04-23T21:11:16","modified_gmt":"2024-04-23T20:11:16","slug":"juan-capela-melguizo","status":"publish","type":"page","link":"https:\/\/www.mijas.es\/portal\/juan-capela-melguizo\/","title":{"rendered":"Juan Capela Melguizo &#8211; Asesor Municipal"},"content":{"rendered":"\n<h2 class=\"wp-block-heading\">Formaci\u00f3n<\/h2>\n\n\n\n<ul>\n<li>Licenciatura en Derecho por la Facultad de Derecho de la Universidad de Sevilla, 2004 \u2013 2009<\/li>\n\n\n\n<li>M\u00e1ster en Asesor\u00eda Jur\u00eddico-Laboral, Centro de Estudios Financieros, Madrid, 2012-2014<\/li>\n\n\n\n<li>Curso Certificado Informador en Cr\u00e9dito Inmobiliario\u00ae, Escuela de la Fundaci\u00f3n de Estudios Financieros, mayo 2023 \u2013 septiembre 2023.<\/li>\n\n\n\n<li>Curso de Especializaci\u00f3n en Propiedad Horizontal del Ilustre Colegio de Abogados de M\u00e1laga, febrero 2020 \u2013 octubre 2020.<\/li>\n<\/ul>\n\n\n\n<hr class=\"wp-block-separator has-alpha-channel-opacity\"\/>\n\n\n\n<h2 class=\"wp-block-heading\">Experiencia<\/h2>\n\n\n\n<ul>\n<li>ABOGADO por cuenta propia, especializado en Derecho Laboral, Civil y Administrativo. Fuengirola y Mijas; junio 2019 \u2013 noviembre 2023.<\/li>\n\n\n\n<li>Colaborador externo GARSA (Gestores Administrativos Reunidos). Representaci\u00f3n de entidades bancarias en notar\u00eda para control y firma de escrituras, asistencia a juntas de comunidades de propietarios, gesti\u00f3n de arrendamientos; provincia de M\u00e1laga. Mayo 2021 \u2013 noviembre 2023.<\/li>\n\n\n\n<li>T\u00e9cnico de Relaciones Laborales en Valoriza Servicios Medioambientales S.A. (Grupo Sacyr). Gesti\u00f3n de relaciones laborales de las contratas de limpieza viaria y jardiner\u00eda del Ayuntamiento de Madrid. Abril 2015 \u2013 noviembre 2016.<\/li>\n<\/ul>\n\n\n\n<hr class=\"wp-block-separator has-alpha-channel-opacity\"\/>\n\n\n\n<h2 class=\"wp-block-heading\">Contacto<\/h2>\n\n\n\n<ul>\n<li>juan.capela@mijas.es<\/li>\n<\/ul>\n\n\n\n<hr class=\"wp-block-separator has-alpha-channel-opacity\"\/>\n\n\n\n<h2 class=\"wp-block-heading\">Retribuciones<\/h2>\n\n\n\n<p>44.000 \u20ac (brutos\/a\u00f1o)<\/p>\n","protected":false},"excerpt":{"rendered":"<p>Formaci\u00f3n Experiencia Contacto Retribuciones 44.000 \u20ac (brutos\/a\u00f1o)<\/p>\n","protected":false},"author":19,"featured_media":0,"parent":0,"menu_order":0,"comment_status":"closed","ping_status":"closed","template":"","meta":[],"_links":{"self":[{"href":"https:\/\/www.mijas.es\/portal\/wp-json\/wp\/v2\/pages\/55855"}],"collection":[{"href":"https:\/\/www.mijas.es\/portal\/wp-json\/wp\/v2\/pages"}],"about":[{"href":"https:\/\/www.mijas.es\/portal\/wp-json\/wp\/v2\/types\/page"}],"author":[{"embeddable":true,"href":"https:\/\/www.mijas.es\/portal\/wp-json\/wp\/v2\/users\/19"}],"replies":[{"embeddable":true,"href":"https:\/\/www.mijas.es\/portal\/wp-json\/wp\/v2\/comments?post=55855"}],"version-history":[{"count":4,"href":"https:\/\/www.mijas.es\/portal\/wp-json\/wp\/v2\/pages\/55855\/revisions"}],"predecessor-version":[{"id":56091,"href":"https:\/\/www.mijas.es\/portal\/wp-json\/wp\/v2\/pages\/55855\/revisions\/56091"}],"wp:attachment":[{"href":"https:\/\/www.mijas.es\/portal\/wp-json\/wp\/v2\/media?parent=55855"}],"curies":[{"name":"wp","href":"https:\/\/api.w.org\/{rel}","templated":true}]}}