{"id":55853,"date":"2024-04-18T10:53:43","date_gmt":"2024-04-18T09:53:43","guid":{"rendered":"https:\/\/www.mijas.es\/portal\/?page_id=55853"},"modified":"2024-04-23T21:12:47","modified_gmt":"2024-04-23T20:12:47","slug":"susana-martin-fernandez","status":"publish","type":"page","link":"https:\/\/www.mijas.es\/portal\/susana-martin-fernandez\/","title":{"rendered":"Susana Mart\u00edn Fern\u00e1ndez &#8211; Asesor Municipal"},"content":{"rendered":"\n<h2 class=\"wp-block-heading\">Formaci\u00f3n<\/h2>\n\n\n\n<ul>\n<li>Graduado en Qu\u00edmica Facultad de Ciencias de M\u00e1laga<\/li>\n\n\n\n<li>Gem\u00f3loga. Instituto Gemol\u00f3gico Andaluz<\/li>\n\n\n\n<li>Curso superior Gesti\u00f3n de residuos. (110h)<\/li>\n\n\n\n<li>Curso superior innovaci\u00f3n t\u00e9cnica de gesti\u00f3n residuos (220h)<\/li>\n\n\n\n<li>Implantaci\u00f3n de sistemas Gesti\u00f3n Ambiental :ISO 114001<\/li>\n\n\n\n<li>Curso superior en residuos espec\u00edficos e industriales (220h)<\/li>\n\n\n\n<li>Prevenci\u00f3n para la Legionelosis (80h)<\/li>\n\n\n\n<li>Gesti\u00f3n Integral del agua. (50h)<\/li>\n<\/ul>\n\n\n\n<hr class=\"wp-block-separator has-alpha-channel-opacity\"\/>\n\n\n\n<h2 class=\"wp-block-heading\">Experiencia<\/h2>\n\n\n\n<ul>\n<li>Docente educaci\u00f3n secundaria\/bachillerato. Desde 2018-actualidad<\/li>\n\n\n\n<li>Administrativa Obras Marfe S.C. Desde 2003-2012<\/li>\n\n\n\n<li>Corte Ingles ( Departamento joyer\u00eda ). Desde 1998-2000<\/li>\n<\/ul>\n\n\n\n<hr class=\"wp-block-separator has-alpha-channel-opacity\"\/>\n\n\n\n<h2 class=\"wp-block-heading\">Contacto<\/h2>\n\n\n\n<ul>\n<li>susana.martin@mijas.es<\/li>\n<\/ul>\n\n\n\n<hr class=\"wp-block-separator has-alpha-channel-opacity\"\/>\n\n\n\n<h2 class=\"wp-block-heading\">Retribuciones<\/h2>\n\n\n\n<p>44.000 \u20ac (brutos\/a\u00f1o)<\/p>\n","protected":false},"excerpt":{"rendered":"<p>Formaci\u00f3n Experiencia Contacto Retribuciones 44.000 \u20ac (brutos\/a\u00f1o)<\/p>\n","protected":false},"author":19,"featured_media":0,"parent":0,"menu_order":0,"comment_status":"closed","ping_status":"closed","template":"","meta":[],"_links":{"self":[{"href":"https:\/\/www.mijas.es\/portal\/wp-json\/wp\/v2\/pages\/55853"}],"collection":[{"href":"https:\/\/www.mijas.es\/portal\/wp-json\/wp\/v2\/pages"}],"about":[{"href":"https:\/\/www.mijas.es\/portal\/wp-json\/wp\/v2\/types\/page"}],"author":[{"embeddable":true,"href":"https:\/\/www.mijas.es\/portal\/wp-json\/wp\/v2\/users\/19"}],"replies":[{"embeddable":true,"href":"https:\/\/www.mijas.es\/portal\/wp-json\/wp\/v2\/comments?post=55853"}],"version-history":[{"count":4,"href":"https:\/\/www.mijas.es\/portal\/wp-json\/wp\/v2\/pages\/55853\/revisions"}],"predecessor-version":[{"id":56096,"href":"https:\/\/www.mijas.es\/portal\/wp-json\/wp\/v2\/pages\/55853\/revisions\/56096"}],"wp:attachment":[{"href":"https:\/\/www.mijas.es\/portal\/wp-json\/wp\/v2\/media?parent=55853"}],"curies":[{"name":"wp","href":"https:\/\/api.w.org\/{rel}","templated":true}]}}