{"id":55847,"date":"2024-04-18T11:04:54","date_gmt":"2024-04-18T10:04:54","guid":{"rendered":"https:\/\/www.mijas.es\/portal\/?page_id=55847"},"modified":"2024-04-23T20:47:59","modified_gmt":"2024-04-23T19:47:59","slug":"elena-padron-anderica","status":"publish","type":"page","link":"https:\/\/www.mijas.es\/portal\/elena-padron-anderica\/","title":{"rendered":"Elena Padr\u00f3n And\u00e9rica &#8211; Asesor Municipal"},"content":{"rendered":"\n<h2 class=\"wp-block-heading\">Formaci\u00f3n<\/h2>\n\n\n\n<ul>\n<li>1994-1998: Licenciada en Ciencias de la Informaci\u00f3n. Periodismo. Universidad de M\u00e1laga. Matr\u00edcula de Honor en el proyecto fin de carrera.<\/li>\n\n\n\n<li>2008-2010: Curso de Doctorado. Periodismo: nuevos escenarios. Universidad de M\u00e1laga.<\/li>\n<\/ul>\n\n\n\n<hr class=\"wp-block-separator has-alpha-channel-opacity\"\/>\n\n\n\n<h2 class=\"wp-block-heading\">Experiencia<\/h2>\n\n\n\n<ul>\n<li>La Madre de los Beatles \/ Abril 2022 \u2013 Noviembre 2023<\/li>\n\n\n\n<li>Ejecutiva de cuentas y Community Manager<\/li>\n\n\n\n<li>Teatro Soho Televisi\u00f3n \/Diciembre 2022 \u2013 Marzo 2023<\/li>\n\n\n\n<li>Redactora documentalista en la segunda temporada del programa \u201cLas Tres Puertas\u201d, presentado y dirigido por Mar\u00eda Casado y emitido en La 2 (RTVE).<\/li>\n\n\n\n<li>Fnac M\u00e1laga y Fnac Marbella \/ Responsable de comunicaci\u00f3n y acci\u00f3n cultural \/ Agosto 2011 \u2013 Febrero 2022<\/li>\n\n\n\n<li>Fnac Granada \/ Responsable de comunicaci\u00f3n y acci\u00f3n cultural \/ Octubre 2016 \u2013 Marzo 2018<\/li>\n\n\n\n<li>CAC M\u00e1laga \/ Jefa de prensa \/ Junio 2009 \u2013 Julio 2011<\/li>\n\n\n\n<li>Hotel Los Monteros 5* GL y Las Dunas Beach Hotel &amp; Spa 5* GL \/ Responsable de Marketing y Comunicaci\u00f3n \/ Junio 2004 \u2013 Marzo 2009<\/li>\n\n\n\n<li>Incosol Hotel Medical Spa 5* \/ Responsable de Marketing y Comunicaci\u00f3n \/ Junio 2004 \u2013 Mayo 2006<\/li>\n\n\n\n<li>Plataforma de Comunicaci\u00f3n \/ Directora de Comunicaci\u00f3n \/ Enero 2002 \u2013 Abril 2003<\/li>\n\n\n\n<li>MC Ag. Inmobiliaria \/ Jefa de Comunicaci\u00f3n y Publicidad \/ Abril 2003 \u2013 Junio 2004<\/li>\n\n\n\n<li>Redactora de informativos \/ Localia TV (Marzo 2000 \u2013 Junio 2001)<\/li>\n\n\n\n<li>Supervisi\u00f3n Producciones. Delegaci\u00f3n local Antena 3 TV (Periodos alternos Septiembre 1999 \u2013 Diciembre 1999)<\/li>\n\n\n\n<li>II Festival de Cine de M\u00e1laga \/ Gesti\u00f3n de acreditaciones<\/li>\n\n\n\n<li>Redactora en pr\u00e1cticas ICTA, S.L \/ Marzo 1996 \u2013 Octubre 1998<\/li>\n\n\n\n<li>Onda Cero Radio: Julio 1997 \u2013 Septiembre 1997<\/li>\n<\/ul>\n\n\n\n<hr class=\"wp-block-separator has-alpha-channel-opacity\"\/>\n\n\n\n<h2 class=\"wp-block-heading\">Contacto<\/h2>\n\n\n\n<ul>\n<li>elena.padron@mijas.es<\/li>\n<\/ul>\n\n\n\n<hr class=\"wp-block-separator has-alpha-channel-opacity\"\/>\n\n\n\n<h2 class=\"wp-block-heading\">Retribuciones<\/h2>\n\n\n\n<p>44.000 \u20ac (brutos\/a\u00f1o)<\/p>\n","protected":false},"excerpt":{"rendered":"<p>Formaci\u00f3n Experiencia Contacto Retribuciones 44.000 \u20ac (brutos\/a\u00f1o)<\/p>\n","protected":false},"author":19,"featured_media":0,"parent":0,"menu_order":0,"comment_status":"closed","ping_status":"closed","template":"","meta":[],"_links":{"self":[{"href":"https:\/\/www.mijas.es\/portal\/wp-json\/wp\/v2\/pages\/55847"}],"collection":[{"href":"https:\/\/www.mijas.es\/portal\/wp-json\/wp\/v2\/pages"}],"about":[{"href":"https:\/\/www.mijas.es\/portal\/wp-json\/wp\/v2\/types\/page"}],"author":[{"embeddable":true,"href":"https:\/\/www.mijas.es\/portal\/wp-json\/wp\/v2\/users\/19"}],"replies":[{"embeddable":true,"href":"https:\/\/www.mijas.es\/portal\/wp-json\/wp\/v2\/comments?post=55847"}],"version-history":[{"count":5,"href":"https:\/\/www.mijas.es\/portal\/wp-json\/wp\/v2\/pages\/55847\/revisions"}],"predecessor-version":[{"id":56087,"href":"https:\/\/www.mijas.es\/portal\/wp-json\/wp\/v2\/pages\/55847\/revisions\/56087"}],"wp:attachment":[{"href":"https:\/\/www.mijas.es\/portal\/wp-json\/wp\/v2\/media?parent=55847"}],"curies":[{"name":"wp","href":"https:\/\/api.w.org\/{rel}","templated":true}]}}