{"id":55837,"date":"2024-04-18T10:47:51","date_gmt":"2024-04-18T09:47:51","guid":{"rendered":"https:\/\/www.mijas.es\/portal\/?page_id=55837"},"modified":"2024-04-23T20:25:42","modified_gmt":"2024-04-23T19:25:42","slug":"alicia-jimenez-sesmero","status":"publish","type":"page","link":"https:\/\/www.mijas.es\/portal\/alicia-jimenez-sesmero\/","title":{"rendered":"Alicia Jim\u00e9nez Sesmero &#8211; Asesor Municipal"},"content":{"rendered":"\n<h2 class=\"wp-block-heading\">Formaci\u00f3n<\/h2>\n\n\n\n<ul>\n<li>EGB Divina Pastora, M\u00e1laga<\/li>\n\n\n\n<li>IES Vicente Espinel e IES C\u00e1novas del Castillo, M\u00e1laga<\/li>\n\n\n\n<li>Escuela de Turismo Costa del Sol, M\u00e1laga<\/li>\n\n\n\n<li>T\u00e9cnico superior de Agencia de Viajes y organizaci\u00f3n de eventos, IES Vega de Mijas<\/li>\n\n\n\n<li>Cursos de Trading y Bolsa<\/li>\n\n\n\n<li><strong><em>FORMACION COMPLEMENTARIA<\/em><\/strong>\n<ul>\n<li>Relaciones p\u00fablicas<\/li>\n\n\n\n<li>Protocolo<\/li>\n\n\n\n<li>Atenci\u00f3n al p\u00fablico<\/li>\n\n\n\n<li>Curso de decoraci\u00f3n de interiores<\/li>\n\n\n\n<li>Jornadas de negociaci\u00f3n empresarial e importaci\u00f3n<\/li>\n<\/ul>\n<\/li>\n<\/ul>\n\n\n\n<hr class=\"wp-block-separator has-alpha-channel-opacity is-style-wide\"\/>\n\n\n\n<h2 class=\"wp-block-heading\">Experiencia<\/h2>\n\n\n\n<ul>\n<li>2018 \/ 2019 Oficina de Turismo Ayuntamiento de Mijas<\/li>\n\n\n\n<li>2017 Departamento de creaci\u00f3n de eventos e interiorismo en Nuva encargada de dise\u00f1ar espacios y negociaci\u00f3n con proveedores para dichos eventos.<\/li>\n\n\n\n<li>2013 \/ 2017 Encargada de creaci\u00f3n de eventos en Matriz control S.L. L.: control de personal de la empresa, negociaci\u00f3n con proveedores, tr\u00e1mites con diferentes administraciones, traducci\u00f3n de comunicados, etc.<\/li>\n\n\n\n<li>2011 \/ 2015 Administrativa en grupo pol\u00edtico.<\/li>\n\n\n\n<li>2009 Kentaurus Praha incoming services<\/li>\n\n\n\n<li>2004 \/ 2007 Alicia Hemmi Decoraci\u00f3n : empresa de importaci\u00f3n con que consist\u00eda en el dise\u00f1o textil, seguimiento de producci\u00f3n, control de calidad y supervisi\u00f3n. Despacho de aduanas.<\/li>\n\n\n\n<li>2001 \/ 2002 Decoradora con la firma KA. Internacional : venta de textiles para decoraci\u00f3n, asesoramiento integral del hogar, etc.<\/li>\n\n\n\n<li>1985 \/ 1987 Gu\u00eda tur\u00edstico en agencia de publicidad Gong : gu\u00eda para diferentes excursiones.<\/li>\n\n\n\n<li>1982 \/ 1983 Palacio de Congresos, Patronato de Turismo, en diferentes actividades como congresos, exposiciones y convenciones.<\/li>\n<\/ul>\n\n\n\n<hr class=\"wp-block-separator has-alpha-channel-opacity\"\/>\n\n\n\n<h2 class=\"wp-block-heading\">Contacto<\/h2>\n\n\n\n<ul>\n<li>alicia.jimenez@mijas.es<\/li>\n<\/ul>\n\n\n\n<hr class=\"wp-block-separator has-alpha-channel-opacity\"\/>\n\n\n\n<h2 class=\"wp-block-heading\">Retribuciones<\/h2>\n\n\n\n<p>44.000 \u20ac (brutos\/a\u00f1o)<\/p>\n","protected":false},"excerpt":{"rendered":"<p>Formaci\u00f3n Experiencia Contacto Retribuciones 44.000 \u20ac (brutos\/a\u00f1o)<\/p>\n","protected":false},"author":19,"featured_media":0,"parent":0,"menu_order":0,"comment_status":"closed","ping_status":"closed","template":"","meta":[],"_links":{"self":[{"href":"https:\/\/www.mijas.es\/portal\/wp-json\/wp\/v2\/pages\/55837"}],"collection":[{"href":"https:\/\/www.mijas.es\/portal\/wp-json\/wp\/v2\/pages"}],"about":[{"href":"https:\/\/www.mijas.es\/portal\/wp-json\/wp\/v2\/types\/page"}],"author":[{"embeddable":true,"href":"https:\/\/www.mijas.es\/portal\/wp-json\/wp\/v2\/users\/19"}],"replies":[{"embeddable":true,"href":"https:\/\/www.mijas.es\/portal\/wp-json\/wp\/v2\/comments?post=55837"}],"version-history":[{"count":4,"href":"https:\/\/www.mijas.es\/portal\/wp-json\/wp\/v2\/pages\/55837\/revisions"}],"predecessor-version":[{"id":56079,"href":"https:\/\/www.mijas.es\/portal\/wp-json\/wp\/v2\/pages\/55837\/revisions\/56079"}],"wp:attachment":[{"href":"https:\/\/www.mijas.es\/portal\/wp-json\/wp\/v2\/media?parent=55837"}],"curies":[{"name":"wp","href":"https:\/\/api.w.org\/{rel}","templated":true}]}}