{"id":55047,"date":"2024-03-08T16:42:39","date_gmt":"2024-03-08T15:42:39","guid":{"rendered":"https:\/\/www.mijas.es\/portal\/?page_id=55047"},"modified":"2024-03-13T16:10:32","modified_gmt":"2024-03-13T15:10:32","slug":"solicitud-cementerio","status":"publish","type":"page","link":"https:\/\/www.mijas.es\/portal\/cementerio\/solicitud-cementerio\/","title":{"rendered":"Solicitud &#8211; Cementerio"},"content":{"rendered":"\n<p>Solicitud Inhumaci\u00f3n \/ Exhumaci\u00f3n &#8211; <a href=\"https:\/\/www.mijas.es\/wp-content\/uploads\/2024\/03\/1.-Plantilla-solicitud-inhumacion-exhumacion.pdf\" data-type=\"URL\" data-id=\"https:\/\/www.mijas.es\/wp-content\/uploads\/2024\/03\/1.-Plantilla-solicitud-inhumacion-exhumacion.pdf\" target=\"_blank\" rel=\"noreferrer noopener\">Descargar<\/a><\/p>\n\n\n\n<p>Declaraci\u00f3n Responsable Inhumaci\u00f3n \/ Exhumaci\u00f3n &#8211; <a href=\"https:\/\/www.mijas.es\/wp-content\/uploads\/2024\/03\/DR-EXHUMACION.pdf\" data-type=\"URL\" data-id=\"https:\/\/www.mijas.es\/wp-content\/uploads\/2024\/03\/DR-EXHUMACION.pdf\" target=\"_blank\" rel=\"noreferrer noopener\">Descargar<\/a><\/p>\n","protected":false},"excerpt":{"rendered":"<p>Solicitud Inhumaci\u00f3n \/ Exhumaci\u00f3n &#8211; Descargar Declaraci\u00f3n Responsable Inhumaci\u00f3n \/ Exhumaci\u00f3n &#8211; Descargar<\/p>\n","protected":false},"author":19,"featured_media":0,"parent":14331,"menu_order":0,"comment_status":"closed","ping_status":"closed","template":"","meta":[],"_links":{"self":[{"href":"https:\/\/www.mijas.es\/portal\/wp-json\/wp\/v2\/pages\/55047"}],"collection":[{"href":"https:\/\/www.mijas.es\/portal\/wp-json\/wp\/v2\/pages"}],"about":[{"href":"https:\/\/www.mijas.es\/portal\/wp-json\/wp\/v2\/types\/page"}],"author":[{"embeddable":true,"href":"https:\/\/www.mijas.es\/portal\/wp-json\/wp\/v2\/users\/19"}],"replies":[{"embeddable":true,"href":"https:\/\/www.mijas.es\/portal\/wp-json\/wp\/v2\/comments?post=55047"}],"version-history":[{"count":3,"href":"https:\/\/www.mijas.es\/portal\/wp-json\/wp\/v2\/pages\/55047\/revisions"}],"predecessor-version":[{"id":55132,"href":"https:\/\/www.mijas.es\/portal\/wp-json\/wp\/v2\/pages\/55047\/revisions\/55132"}],"up":[{"embeddable":true,"href":"https:\/\/www.mijas.es\/portal\/wp-json\/wp\/v2\/pages\/14331"}],"wp:attachment":[{"href":"https:\/\/www.mijas.es\/portal\/wp-json\/wp\/v2\/media?parent=55047"}],"curies":[{"name":"wp","href":"https:\/\/api.w.org\/{rel}","templated":true}]}}