{"id":54717,"date":"2024-02-22T12:20:20","date_gmt":"2024-02-22T11:20:20","guid":{"rendered":"https:\/\/www.mijas.es\/portal\/?page_id=54717"},"modified":"2024-12-04T09:55:22","modified_gmt":"2024-12-04T08:55:22","slug":"desarrollo-economico","status":"publish","type":"page","link":"https:\/\/www.mijas.es\/portal\/desarrollo-economico\/","title":{"rendered":"Desarrollo Econ\u00f3mico"},"content":{"rendered":"\n<p><strong>PROYECTO \u201cMIJAS NAVIDAD GOURMET\u201d<\/strong><\/p>\n\n\n\n<p>Comienza la Ruta incluida en el proyecto \u201cMijas Navidad Gourmet\u201d.<\/p>\n\n\n\n<p>Los establecimientos Mije\u00f1os participantes estar\u00e1n identificados por el siguiente distintivo:<\/p>\n\n\n\n<p>Si quieres conocer los establecimientos participantes pincha sobre el distintivo.<\/p>\n\n\n\n<figure class=\"wp-block-image size-large\"><a href=\"https:\/\/grupoallstars.es\/mijas-gourmet\/\" target=\"_blank\" rel=\"noreferrer noopener\"><img decoding=\"async\" width=\"711\" height=\"1024\" src=\"https:\/\/www.mijas.es\/wp-content\/uploads\/2024\/12\/Sello-Mijas-Navidad-Gourmet-v.04_page-0001-711x1024.jpg\" alt=\"\" class=\"wp-image-59720\" srcset=\"https:\/\/www.mijas.es\/wp-content\/uploads\/2024\/12\/Sello-Mijas-Navidad-Gourmet-v.04_page-0001-711x1024.jpg 711w, https:\/\/www.mijas.es\/wp-content\/uploads\/2024\/12\/Sello-Mijas-Navidad-Gourmet-v.04_page-0001-208x300.jpg 208w, https:\/\/www.mijas.es\/wp-content\/uploads\/2024\/12\/Sello-Mijas-Navidad-Gourmet-v.04_page-0001-768x1105.jpg 768w, https:\/\/www.mijas.es\/wp-content\/uploads\/2024\/12\/Sello-Mijas-Navidad-Gourmet-v.04_page-0001-1067x1536.jpg 1067w, https:\/\/www.mijas.es\/wp-content\/uploads\/2024\/12\/Sello-Mijas-Navidad-Gourmet-v.04_page-0001-1423x2048.jpg 1423w, https:\/\/www.mijas.es\/wp-content\/uploads\/2024\/12\/Sello-Mijas-Navidad-Gourmet-v.04_page-0001.jpg 1477w\" sizes=\"(max-width: 711px) 100vw, 711px\" \/><\/a><\/figure>\n\n\n\n<p>El \u00c1rea de Desarrollo Econ\u00f3mico del Excmo. Ayuntamiento de Mijas ha puesto en marcha el proyecto denominado \u201cMijas Navidad Gourmet\u201d, con la finalidad del fomento, promoci\u00f3n y desarrollo de las peque\u00f1as y medianas empresas del municipio (incluidas las personas trabajadoras aut\u00f3nomas) con actividad en los sectores de la hosteler\u00eda, comercio y restauraci\u00f3n.<\/p>\n\n\n\n<p>El proyecto se fundamenta en tres actuaciones:<\/p>\n\n\n\n<ol type=\"1\" start=\"1\">\n<li>Obtenci\u00f3n del distintivo de calidad Mijas Navidad Gourmet por parte de los establecimientos interesados en participar.<\/li>\n\n\n\n<li>Organizaci\u00f3n de Ruta por los restaurantes de Mijas que ofrezcan platos especiales y de temporada para celebrar la Navidad, as\u00ed como por los comercios con venta de productos relacionados con la Navidad.&nbsp;<\/li>\n\n\n\n<li>Programa de catas, degustaciones, show cooking y talleres gourmet de productos del mundo para la Navidad dirigidos a todos los p\u00fablicos.<\/li>\n<\/ol>\n\n\n\n<p>Si est\u00e1s interesado en participar en la iniciativa presenta tu solicitud en el Registro de Entrada del Excmo. Ayuntamiento y personal de la entidad adjudicataria le visitar\u00e1 para informar sobre el proyecto y comprobar el cumplimiento de los requisitos m\u00ednimos establecidos.<\/p>\n\n\n\n<p>El <strong><u>plazo<\/u><\/strong> de presentaci\u00f3n de solicitudes de participaci\u00f3n finaliza a las <strong><u>14:00 horas del<\/u><\/strong> <strong><u>pr\u00f3ximo 4 de diciembre de 2024.<\/u><\/strong><\/p>\n\n\n\n<figure class=\"wp-block-image size-full\"><img decoding=\"async\" width=\"433\" height=\"905\" src=\"https:\/\/www.mijas.es\/wp-content\/uploads\/2024\/11\/Sin-titulo.jpg\" alt=\"\" class=\"wp-image-59610\" srcset=\"https:\/\/www.mijas.es\/wp-content\/uploads\/2024\/11\/Sin-titulo.jpg 433w, https:\/\/www.mijas.es\/wp-content\/uploads\/2024\/11\/Sin-titulo-144x300.jpg 144w\" sizes=\"(max-width: 433px) 100vw, 433px\" \/><\/figure>\n","protected":false},"excerpt":{"rendered":"<p>PROYECTO \u201cMIJAS NAVIDAD GOURMET\u201d Comienza la Ruta incluida en el proyecto \u201cMijas Navidad Gourmet\u201d. Los establecimientos Mije\u00f1os participantes estar\u00e1n identificados por el siguiente distintivo: Si quieres conocer los establecimientos participantes pincha sobre el distintivo. El \u00c1rea de Desarrollo Econ\u00f3mico del Excmo. Ayuntamiento de Mijas ha puesto en marcha el proyecto denominado \u201cMijas Navidad Gourmet\u201d, con [&hellip;]<\/p>\n","protected":false},"author":19,"featured_media":0,"parent":0,"menu_order":0,"comment_status":"closed","ping_status":"closed","template":"","meta":[],"_links":{"self":[{"href":"https:\/\/www.mijas.es\/portal\/wp-json\/wp\/v2\/pages\/54717"}],"collection":[{"href":"https:\/\/www.mijas.es\/portal\/wp-json\/wp\/v2\/pages"}],"about":[{"href":"https:\/\/www.mijas.es\/portal\/wp-json\/wp\/v2\/types\/page"}],"author":[{"embeddable":true,"href":"https:\/\/www.mijas.es\/portal\/wp-json\/wp\/v2\/users\/19"}],"replies":[{"embeddable":true,"href":"https:\/\/www.mijas.es\/portal\/wp-json\/wp\/v2\/comments?post=54717"}],"version-history":[{"count":4,"href":"https:\/\/www.mijas.es\/portal\/wp-json\/wp\/v2\/pages\/54717\/revisions"}],"predecessor-version":[{"id":59721,"href":"https:\/\/www.mijas.es\/portal\/wp-json\/wp\/v2\/pages\/54717\/revisions\/59721"}],"wp:attachment":[{"href":"https:\/\/www.mijas.es\/portal\/wp-json\/wp\/v2\/media?parent=54717"}],"curies":[{"name":"wp","href":"https:\/\/api.w.org\/{rel}","templated":true}]}}