{"id":54604,"date":"2024-02-16T16:11:15","date_gmt":"2024-02-16T15:11:15","guid":{"rendered":"https:\/\/www.mijas.es\/portal\/?page_id=54604"},"modified":"2024-02-19T15:07:21","modified_gmt":"2024-02-19T14:07:21","slug":"mijas-con-la-mujer-escritora","status":"publish","type":"page","link":"https:\/\/www.mijas.es\/portal\/cultura\/mijas-con-la-mujer-escritora\/","title":{"rendered":"Mijas con la Mujer Escritora"},"content":{"rendered":"\n<p><strong><em>\u00abLa celebraci\u00f3n del D\u00eda de las escritoras se inici\u00f3 en Espa\u00f1a en octubre de 2016 y surgi\u00f3 por iniciativa de la Biblioteca Nacional de Espa\u00f1a, la Federaci\u00f3n espa\u00f1ola de Mujeres Directivas y la Asociaci\u00f3n Cl\u00e1sicas y Modernas para compensar la discriminaci\u00f3n hist\u00f3rica de las mujeres en la literatura. Esta celebraci\u00f3n se convoca el lunes siguiente al 15 de octubre (festividad de Santa Teresa de Jes\u00fas).<\/em><\/strong><\/p>\n\n\n\n<p><strong><em>Si algo nos cuenta la historia es que la mujer ha sido tratada injustamente y con muchos menos derechos que los hombres a lo largo del tiempo. Por este simple hecho, se merecen ser recordadas, todas ellas, pero en este caso, y sobre todo con este documental lo haremos con las mujeres escritoras locales.<\/em><\/strong><\/p>\n\n\n\n<p><strong><em>Algunas se rebelaron contra la injusticia impuesta, otras se camuflaron bajo seud\u00f3nimos masculinos para poder escribir y que se le publicaran obras de igual o mayor calidad que las de muchos colegas masculinos, otras fueron tocadas por la varita de la suerte y pudieron vivir de ello&#8230;<\/em><\/strong><\/p>\n\n\n\n<p><strong><em>Sea cual sea la historia de estas mujeres escritoras, aqu\u00ed y ahora queremos a trav\u00e9s de nuestras escritoras locales, hacer visible y reivindicar la labor y el legado de las mujeres en el campo de la literatura a lo largo de la Historia.\u00bb<\/em><\/strong><\/p>\n\n\n\n<p class=\"has-text-align-center\">Programa Especial \u00abMijas con la Mujer escritora\u00bb &#8211; <a rel=\"noreferrer noopener\" href=\"https:\/\/mijascom.com\/?t=17&amp;e=2344&amp;_gl=1*ksfvwc*_ga*MTAyNjQ0MTM0Mi4xNzA4MzQ0MTcz*_ga_HMNZT6VHNB*MTcwODM0NDE3Mi4xLjEuMTcwODM0NDY2NS4wLjAuMA..\" data-type=\"URL\" data-id=\"https:\/\/mijascom.com\/?t=17&amp;e=2344&amp;_gl=1*ksfvwc*_ga*MTAyNjQ0MTM0Mi4xNzA4MzQ0MTcz*_ga_HMNZT6VHNB*MTcwODM0NDE3Mi4xLjEuMTcwODM0NDY2NS4wLjAuMA..\" target=\"_blank\"><strong>Ver<\/strong><\/a><\/p>\n\n\n\n<hr class=\"wp-block-separator has-alpha-channel-opacity\"\/>\n\n\n\n<p>Entrevista a Carmen Trella: <strong><a href=\"https:\/\/fb.watch\/gi1pYuDBFc\/\">https:\/\/fb.watch\/gi1pYuDBFc\/<\/a><\/strong><\/p>\n\n\n\n<p>Entrevista a Luna Peralta: <strong><a href=\"https:\/\/fb.watch\/gi1zS07i8t\/\">https:\/\/fb.watch\/gi1zS07i8t\/<\/a><\/strong><\/p>\n\n\n\n<p>Entrevista a Mar\u00eda Luisa Morales: <strong><a href=\"https:\/\/fb.watch\/gi1Bw9iMz_\/\">https:\/\/fb.watch\/gi1Bw9iMz_\/<\/a><\/strong><\/p>\n\n\n\n<p>Entrevista a Laura Benavides:<strong> <a href=\"https:\/\/fb.watch\/gioAkkKi9n\/\">https:\/\/fb.watch\/gioAkkKi9n\/<\/a><\/strong><\/p>\n\n\n\n<p>Entrevista a Isabel G\u00e1mez: <strong><a href=\"https:\/\/fb.watch\/gm0ctMDVYC\/\">https:\/\/fb.watch\/gm0ctMDVYC\/<\/a><\/strong><\/p>\n\n\n\n<p>Entrevista a Rosa Mar\u00eda Badillo:<strong> <a href=\"https:\/\/fb.watch\/gm0f5Ez4i7\/\">https:\/\/fb.watch\/gm0f5Ez4i7\/<\/a><\/strong><\/p>\n\n\n\n<p>Entrevista a Cristina N\u00fa\u00f1ez: <strong><a href=\"https:\/\/fb.watch\/gm0rDxybEz\/\">https:\/\/fb.watch\/gm0rDxybEz\/<\/a><\/strong><\/p>\n\n\n\n<p>Entrevista a Amanda Mart\u00edn: <strong><a href=\"https:\/\/fb.watch\/grlUeh8xDx\/\">https:\/\/fb.watch\/grlUeh8xDx\/<\/a><\/strong><\/p>\n\n\n\n<p>Entrevista a Roc\u00edo Clavero: <strong><a href=\"https:\/\/fb.watch\/goNUUD-uqr\/\">https:\/\/fb.watch\/goNUUD-uqr\/<\/a><\/strong><\/p>\n\n\n\n<p>Entrevista a Nuria D\u00edez:<strong> <a href=\"https:\/\/fb.watch\/goNSpdfLQ_\/\">https:\/\/fb.watch\/goNSpdfLQ_\/<\/a><\/strong><\/p>\n\n\n\n<p>Entrevista a Marga Gil: <strong><a href=\"https:\/\/fb.watch\/goNYVasJvV\/\">https:\/\/fb.watch\/goNYVasJvV\/<\/a><\/strong><\/p>\n\n\n\n<p>Entrevista a Caterina Gravina: <strong><a href=\"https:\/\/fb.watch\/goS4kNjJME\/\">https:\/\/fb.watch\/goS4kNjJME\/<\/a><\/strong><\/p>\n\n\n\n<p>Entrevista a Juana Torrijos: <strong><a href=\"https:\/\/fb.watch\/grmkZiE3mT\/\">https:\/\/fb.watch\/grmkZiE3mT\/<\/a><\/strong><\/p>\n\n\n\n<p>Entrevista a Mar\u00eda Donoso: <strong><a href=\"https:\/\/fb.watch\/gpW-nARrS3\/\">https:\/\/fb.watch\/gpW-nARrS3\/<\/a><\/strong><\/p>\n\n\n\n<p>Entrevista a \u00c1ngeles Arias: <strong><a href=\"https:\/\/fb.watch\/gpXawd9afj\/\">https:\/\/fb.watch\/gpXawd9afj\/<\/a><\/strong><\/p>\n\n\n\n<p>Entrevista a Guadalupe Eichelbaum: <strong><a href=\"https:\/\/fb.watch\/grncEo48tH\/\">https:\/\/fb.watch\/grncEo48tH\/<\/a><\/strong><\/p>\n\n\n\n<p>Entrevista a Miryam Roca Rodr\u00edguez: <a href=\"https:\/\/fb.watch\/gzzmbiROkH\/\"><strong>https:\/\/fb.watch\/gzzmbiROkH\/<\/strong><\/a><\/p>\n","protected":false},"excerpt":{"rendered":"<p>\u00abLa celebraci\u00f3n del D\u00eda de las escritoras se inici\u00f3 en Espa\u00f1a en octubre de 2016 y surgi\u00f3 por iniciativa de la Biblioteca Nacional de Espa\u00f1a, la Federaci\u00f3n espa\u00f1ola de Mujeres Directivas y la Asociaci\u00f3n Cl\u00e1sicas y Modernas para compensar la discriminaci\u00f3n hist\u00f3rica de las mujeres en la literatura. Esta celebraci\u00f3n se convoca el lunes siguiente [&hellip;]<\/p>\n","protected":false},"author":19,"featured_media":0,"parent":13352,"menu_order":0,"comment_status":"closed","ping_status":"closed","template":"","meta":[],"_links":{"self":[{"href":"https:\/\/www.mijas.es\/portal\/wp-json\/wp\/v2\/pages\/54604"}],"collection":[{"href":"https:\/\/www.mijas.es\/portal\/wp-json\/wp\/v2\/pages"}],"about":[{"href":"https:\/\/www.mijas.es\/portal\/wp-json\/wp\/v2\/types\/page"}],"author":[{"embeddable":true,"href":"https:\/\/www.mijas.es\/portal\/wp-json\/wp\/v2\/users\/19"}],"replies":[{"embeddable":true,"href":"https:\/\/www.mijas.es\/portal\/wp-json\/wp\/v2\/comments?post=54604"}],"version-history":[{"count":3,"href":"https:\/\/www.mijas.es\/portal\/wp-json\/wp\/v2\/pages\/54604\/revisions"}],"predecessor-version":[{"id":54635,"href":"https:\/\/www.mijas.es\/portal\/wp-json\/wp\/v2\/pages\/54604\/revisions\/54635"}],"up":[{"embeddable":true,"href":"https:\/\/www.mijas.es\/portal\/wp-json\/wp\/v2\/pages\/13352"}],"wp:attachment":[{"href":"https:\/\/www.mijas.es\/portal\/wp-json\/wp\/v2\/media?parent=54604"}],"curies":[{"name":"wp","href":"https:\/\/api.w.org\/{rel}","templated":true}]}}