{"id":53006,"date":"2023-12-15T10:34:16","date_gmt":"2023-12-15T09:34:16","guid":{"rendered":"https:\/\/www.mijas.es\/portal\/?page_id=53006"},"modified":"2023-12-15T12:02:39","modified_gmt":"2023-12-15T11:02:39","slug":"portal-de-transparencia-mantenimiento","status":"publish","type":"page","link":"https:\/\/www.mijas.es\/portal\/portal-de-transparencia-mantenimiento\/","title":{"rendered":"Portal de Transparencia &#8211; Mantenimiento"},"content":{"rendered":"\n<div class=\"wp-block-columns is-layout-flex wp-container-2\">\n<div class=\"wp-block-column is-layout-flow\" style=\"flex-basis:100%\">\n<figure class=\"wp-block-image size-full is-resized\"><center><img decoding=\"async\" src=\"https:\/\/www.mijas.es\/wp-content\/uploads\/2023\/12\/construccion.jpg\" alt=\"\" class=\"wp-image-53007\" width=\"190\" height=\"189\" srcset=\"https:\/\/www.mijas.es\/wp-content\/uploads\/2023\/12\/construccion.jpg 450w, https:\/\/www.mijas.es\/wp-content\/uploads\/2023\/12\/construccion-300x300.jpg 300w, https:\/\/www.mijas.es\/wp-content\/uploads\/2023\/12\/construccion-150x150.jpg 150w\" sizes=\"(max-width: 190px) 100vw, 190px\" \/><\/center><\/figure>\n<\/div>\n<\/div>\n\n\n\n<center><h2 >PORTAL EN CONSTRUCCI\u00d3N<\/h2><\/center>\n\n\n\n<center><h3 >En estos momentos no esta disponible la informaci\u00f3n del portal de transparencia por estar en fase de actualizaci\u00f3n, en breve volver\u00e1 a estar disponible. Le pedimos disculpas por los inconvenientes. Para cualquier consulta puede ponerse en contacto con nosotros en el tel\u00e9fono 952485900 o a trav\u00e9s del email <a href=\"mailto:informatica@mijas.es\">informatica@mijas.es<\/a><\/h3><\/center>\n","protected":false},"excerpt":{"rendered":"<p>PORTAL EN CONSTRUCCI\u00d3N En estos momentos no esta disponible la informaci\u00f3n del portal de transparencia por estar en fase de actualizaci\u00f3n, en breve volver\u00e1 a estar disponible. Le pedimos disculpas por los inconvenientes. Para cualquier consulta puede ponerse en contacto con nosotros en el tel\u00e9fono 952485900 o a trav\u00e9s del email informatica@mijas.es<\/p>\n","protected":false},"author":1,"featured_media":0,"parent":0,"menu_order":0,"comment_status":"closed","ping_status":"closed","template":"","meta":[],"_links":{"self":[{"href":"https:\/\/www.mijas.es\/portal\/wp-json\/wp\/v2\/pages\/53006"}],"collection":[{"href":"https:\/\/www.mijas.es\/portal\/wp-json\/wp\/v2\/pages"}],"about":[{"href":"https:\/\/www.mijas.es\/portal\/wp-json\/wp\/v2\/types\/page"}],"author":[{"embeddable":true,"href":"https:\/\/www.mijas.es\/portal\/wp-json\/wp\/v2\/users\/1"}],"replies":[{"embeddable":true,"href":"https:\/\/www.mijas.es\/portal\/wp-json\/wp\/v2\/comments?post=53006"}],"version-history":[{"count":7,"href":"https:\/\/www.mijas.es\/portal\/wp-json\/wp\/v2\/pages\/53006\/revisions"}],"predecessor-version":[{"id":53025,"href":"https:\/\/www.mijas.es\/portal\/wp-json\/wp\/v2\/pages\/53006\/revisions\/53025"}],"wp:attachment":[{"href":"https:\/\/www.mijas.es\/portal\/wp-json\/wp\/v2\/media?parent=53006"}],"curies":[{"name":"wp","href":"https:\/\/api.w.org\/{rel}","templated":true}]}}