{"id":52695,"date":"2023-11-23T09:39:18","date_gmt":"2023-11-23T08:39:18","guid":{"rendered":"https:\/\/www.mijas.es\/portal\/?page_id=52695"},"modified":"2026-03-02T12:25:55","modified_gmt":"2026-03-02T11:25:55","slug":"campanas-del-area","status":"publish","type":"page","link":"https:\/\/www.mijas.es\/portal\/familia-e-igualdad-de-oportunidades\/campanas-del-area\/","title":{"rendered":"Campa\u00f1as del \u00c1rea"},"content":{"rendered":"\n<figure class=\"wp-block-image size-large\"><img decoding=\"async\" width=\"1024\" height=\"724\" src=\"https:\/\/www.mijas.es\/wp-content\/uploads\/2026\/03\/CARTEL-DIA-INTERNACIONAL-DE-LA-MUJER-impresion-2-1024x724.jpg\" alt=\"\" class=\"wp-image-63702\" srcset=\"https:\/\/www.mijas.es\/wp-content\/uploads\/2026\/03\/CARTEL-DIA-INTERNACIONAL-DE-LA-MUJER-impresion-2-1024x724.jpg 1024w, https:\/\/www.mijas.es\/wp-content\/uploads\/2026\/03\/CARTEL-DIA-INTERNACIONAL-DE-LA-MUJER-impresion-2-300x212.jpg 300w, https:\/\/www.mijas.es\/wp-content\/uploads\/2026\/03\/CARTEL-DIA-INTERNACIONAL-DE-LA-MUJER-impresion-2-768x543.jpg 768w, https:\/\/www.mijas.es\/wp-content\/uploads\/2026\/03\/CARTEL-DIA-INTERNACIONAL-DE-LA-MUJER-impresion-2-1536x1086.jpg 1536w, https:\/\/www.mijas.es\/wp-content\/uploads\/2026\/03\/CARTEL-DIA-INTERNACIONAL-DE-LA-MUJER-impresion-2-2048x1448.jpg 2048w\" sizes=\"(max-width: 1024px) 100vw, 1024px\" \/><\/figure>\n\n\n\n<hr class=\"wp-block-separator has-alpha-channel-opacity\"\/>\n\n\n\n<figure class=\"wp-block-image size-large\"><img decoding=\"async\" width=\"724\" height=\"1024\" src=\"https:\/\/www.mijas.es\/wp-content\/uploads\/2026\/02\/DIA-DE-LA-MUJER-Y-LA-NINA-EN-LA-CIENCIA-redes-724x1024.jpg\" alt=\"\" class=\"wp-image-63459\" srcset=\"https:\/\/www.mijas.es\/wp-content\/uploads\/2026\/02\/DIA-DE-LA-MUJER-Y-LA-NINA-EN-LA-CIENCIA-redes-724x1024.jpg 724w, https:\/\/www.mijas.es\/wp-content\/uploads\/2026\/02\/DIA-DE-LA-MUJER-Y-LA-NINA-EN-LA-CIENCIA-redes-212x300.jpg 212w, https:\/\/www.mijas.es\/wp-content\/uploads\/2026\/02\/DIA-DE-LA-MUJER-Y-LA-NINA-EN-LA-CIENCIA-redes-768x1086.jpg 768w, https:\/\/www.mijas.es\/wp-content\/uploads\/2026\/02\/DIA-DE-LA-MUJER-Y-LA-NINA-EN-LA-CIENCIA-redes-1086x1536.jpg 1086w, https:\/\/www.mijas.es\/wp-content\/uploads\/2026\/02\/DIA-DE-LA-MUJER-Y-LA-NINA-EN-LA-CIENCIA-redes-1448x2048.jpg 1448w, https:\/\/www.mijas.es\/wp-content\/uploads\/2026\/02\/DIA-DE-LA-MUJER-Y-LA-NINA-EN-LA-CIENCIA-redes-scaled.jpg 1810w\" sizes=\"(max-width: 724px) 100vw, 724px\" \/><\/figure>\n\n\n\n<hr class=\"wp-block-separator has-alpha-channel-opacity\"\/>\n\n\n\n<figure class=\"wp-block-image size-large\"><img decoding=\"async\" width=\"1024\" height=\"724\" src=\"https:\/\/www.mijas.es\/wp-content\/uploads\/2026\/02\/CARTEL-DIA-MUTILACION-GENITAL-FEMENINA-2026-redes-1024x724.jpg\" alt=\"\" class=\"wp-image-63460\" srcset=\"https:\/\/www.mijas.es\/wp-content\/uploads\/2026\/02\/CARTEL-DIA-MUTILACION-GENITAL-FEMENINA-2026-redes-1024x724.jpg 1024w, https:\/\/www.mijas.es\/wp-content\/uploads\/2026\/02\/CARTEL-DIA-MUTILACION-GENITAL-FEMENINA-2026-redes-300x212.jpg 300w, https:\/\/www.mijas.es\/wp-content\/uploads\/2026\/02\/CARTEL-DIA-MUTILACION-GENITAL-FEMENINA-2026-redes-768x543.jpg 768w, https:\/\/www.mijas.es\/wp-content\/uploads\/2026\/02\/CARTEL-DIA-MUTILACION-GENITAL-FEMENINA-2026-redes-1536x1086.jpg 1536w, https:\/\/www.mijas.es\/wp-content\/uploads\/2026\/02\/CARTEL-DIA-MUTILACION-GENITAL-FEMENINA-2026-redes-2048x1448.jpg 2048w\" sizes=\"(max-width: 1024px) 100vw, 1024px\" \/><\/figure>\n\n\n\n<hr class=\"wp-block-separator has-alpha-channel-opacity\"\/>\n\n\n\n<figure class=\"wp-block-image size-large\"><img decoding=\"async\" width=\"819\" height=\"1024\" src=\"https:\/\/www.mijas.es\/wp-content\/uploads\/2025\/11\/CARTEL-25N-igfb-vertical-1-819x1024.jpg\" alt=\"\" class=\"wp-image-62832\" srcset=\"https:\/\/www.mijas.es\/wp-content\/uploads\/2025\/11\/CARTEL-25N-igfb-vertical-1-819x1024.jpg 819w, https:\/\/www.mijas.es\/wp-content\/uploads\/2025\/11\/CARTEL-25N-igfb-vertical-1-240x300.jpg 240w, https:\/\/www.mijas.es\/wp-content\/uploads\/2025\/11\/CARTEL-25N-igfb-vertical-1-768x960.jpg 768w, https:\/\/www.mijas.es\/wp-content\/uploads\/2025\/11\/CARTEL-25N-igfb-vertical-1-1229x1536.jpg 1229w, https:\/\/www.mijas.es\/wp-content\/uploads\/2025\/11\/CARTEL-25N-igfb-vertical-1-1638x2048.jpg 1638w, https:\/\/www.mijas.es\/wp-content\/uploads\/2025\/11\/CARTEL-25N-igfb-vertical-1-scaled.jpg 2048w\" sizes=\"(max-width: 819px) 100vw, 819px\" \/><\/figure>\n\n\n\n<hr class=\"wp-block-separator has-alpha-channel-opacity\"\/>\n\n\n\n<figure class=\"wp-block-image size-large is-resized\"><img decoding=\"async\" src=\"https:\/\/www.mijas.es\/wp-content\/uploads\/2025\/09\/CARTEL-DIA-CONTRA-LA-TRATA-Y-LA-EXPLOTACION-SEXUAL-2025-1024x724.jpg\" alt=\"\" class=\"wp-image-62189\" width=\"768\" height=\"543\" srcset=\"https:\/\/www.mijas.es\/wp-content\/uploads\/2025\/09\/CARTEL-DIA-CONTRA-LA-TRATA-Y-LA-EXPLOTACION-SEXUAL-2025-1024x724.jpg 1024w, https:\/\/www.mijas.es\/wp-content\/uploads\/2025\/09\/CARTEL-DIA-CONTRA-LA-TRATA-Y-LA-EXPLOTACION-SEXUAL-2025-300x212.jpg 300w, https:\/\/www.mijas.es\/wp-content\/uploads\/2025\/09\/CARTEL-DIA-CONTRA-LA-TRATA-Y-LA-EXPLOTACION-SEXUAL-2025-768x543.jpg 768w, https:\/\/www.mijas.es\/wp-content\/uploads\/2025\/09\/CARTEL-DIA-CONTRA-LA-TRATA-Y-LA-EXPLOTACION-SEXUAL-2025-1536x1086.jpg 1536w, https:\/\/www.mijas.es\/wp-content\/uploads\/2025\/09\/CARTEL-DIA-CONTRA-LA-TRATA-Y-LA-EXPLOTACION-SEXUAL-2025-2048x1448.jpg 2048w\" sizes=\"(max-width: 768px) 100vw, 768px\" \/><\/figure>\n\n\n\n<figure class=\"wp-block-image size-large\"><img decoding=\"async\" width=\"724\" height=\"1024\" src=\"https:\/\/www.mijas.es\/wp-content\/uploads\/2025\/05\/CARTEL-DIA-INTERNACIONAL-DE-LAS-FAMILIAS-web-y-redes-2-724x1024.jpg\" alt=\"\" class=\"wp-image-61268\" srcset=\"https:\/\/www.mijas.es\/wp-content\/uploads\/2025\/05\/CARTEL-DIA-INTERNACIONAL-DE-LAS-FAMILIAS-web-y-redes-2-724x1024.jpg 724w, https:\/\/www.mijas.es\/wp-content\/uploads\/2025\/05\/CARTEL-DIA-INTERNACIONAL-DE-LAS-FAMILIAS-web-y-redes-2-212x300.jpg 212w, https:\/\/www.mijas.es\/wp-content\/uploads\/2025\/05\/CARTEL-DIA-INTERNACIONAL-DE-LAS-FAMILIAS-web-y-redes-2-768x1086.jpg 768w, https:\/\/www.mijas.es\/wp-content\/uploads\/2025\/05\/CARTEL-DIA-INTERNACIONAL-DE-LAS-FAMILIAS-web-y-redes-2-1086x1536.jpg 1086w, https:\/\/www.mijas.es\/wp-content\/uploads\/2025\/05\/CARTEL-DIA-INTERNACIONAL-DE-LAS-FAMILIAS-web-y-redes-2-1448x2048.jpg 1448w, https:\/\/www.mijas.es\/wp-content\/uploads\/2025\/05\/CARTEL-DIA-INTERNACIONAL-DE-LAS-FAMILIAS-web-y-redes-2.jpg 1754w\" sizes=\"(max-width: 724px) 100vw, 724px\" \/><\/figure>\n\n\n\n<hr class=\"wp-block-separator has-alpha-channel-opacity\"\/>\n\n\n\n<figure class=\"wp-block-image size-large is-resized\"><img decoding=\"async\" src=\"https:\/\/www.mijas.es\/wp-content\/uploads\/2025\/04\/CARTEL-TEATRO-HAMLET-redes-aplazado-1024x724.jpg\" alt=\"\" class=\"wp-image-61094\" width=\"768\" height=\"543\" srcset=\"https:\/\/www.mijas.es\/wp-content\/uploads\/2025\/04\/CARTEL-TEATRO-HAMLET-redes-aplazado-1024x724.jpg 1024w, https:\/\/www.mijas.es\/wp-content\/uploads\/2025\/04\/CARTEL-TEATRO-HAMLET-redes-aplazado-300x212.jpg 300w, https:\/\/www.mijas.es\/wp-content\/uploads\/2025\/04\/CARTEL-TEATRO-HAMLET-redes-aplazado-768x543.jpg 768w, https:\/\/www.mijas.es\/wp-content\/uploads\/2025\/04\/CARTEL-TEATRO-HAMLET-redes-aplazado-1536x1086.jpg 1536w, https:\/\/www.mijas.es\/wp-content\/uploads\/2025\/04\/CARTEL-TEATRO-HAMLET-redes-aplazado-2048x1448.jpg 2048w\" sizes=\"(max-width: 768px) 100vw, 768px\" \/><\/figure>\n\n\n\n<figure class=\"wp-block-image size-large is-resized\"><img decoding=\"async\" src=\"https:\/\/www.mijas.es\/wp-content\/uploads\/2025\/02\/CARTEL-DIA-INTERNACIONAL-DE-LA-MUJER-impresion-1024x724.jpg\" alt=\"\" class=\"wp-image-60474\" width=\"768\" height=\"543\" srcset=\"https:\/\/www.mijas.es\/wp-content\/uploads\/2025\/02\/CARTEL-DIA-INTERNACIONAL-DE-LA-MUJER-impresion-1024x724.jpg 1024w, https:\/\/www.mijas.es\/wp-content\/uploads\/2025\/02\/CARTEL-DIA-INTERNACIONAL-DE-LA-MUJER-impresion-300x212.jpg 300w, https:\/\/www.mijas.es\/wp-content\/uploads\/2025\/02\/CARTEL-DIA-INTERNACIONAL-DE-LA-MUJER-impresion-768x543.jpg 768w, https:\/\/www.mijas.es\/wp-content\/uploads\/2025\/02\/CARTEL-DIA-INTERNACIONAL-DE-LA-MUJER-impresion-1536x1086.jpg 1536w, https:\/\/www.mijas.es\/wp-content\/uploads\/2025\/02\/CARTEL-DIA-INTERNACIONAL-DE-LA-MUJER-impresion-2048x1448.jpg 2048w\" sizes=\"(max-width: 768px) 100vw, 768px\" \/><\/figure>\n\n\n\n<hr class=\"wp-block-separator has-alpha-channel-opacity\"\/>\n\n\n\n<figure class=\"wp-block-image size-large\"><img decoding=\"async\" width=\"724\" height=\"1024\" src=\"https:\/\/www.mijas.es\/wp-content\/uploads\/2025\/02\/CARTEL-DIA-IGUALDAD-SALARIAL-04-724x1024.jpg\" alt=\"\" class=\"wp-image-60419\" srcset=\"https:\/\/www.mijas.es\/wp-content\/uploads\/2025\/02\/CARTEL-DIA-IGUALDAD-SALARIAL-04-724x1024.jpg 724w, https:\/\/www.mijas.es\/wp-content\/uploads\/2025\/02\/CARTEL-DIA-IGUALDAD-SALARIAL-04-212x300.jpg 212w, https:\/\/www.mijas.es\/wp-content\/uploads\/2025\/02\/CARTEL-DIA-IGUALDAD-SALARIAL-04-768x1086.jpg 768w, https:\/\/www.mijas.es\/wp-content\/uploads\/2025\/02\/CARTEL-DIA-IGUALDAD-SALARIAL-04-1086x1536.jpg 1086w, https:\/\/www.mijas.es\/wp-content\/uploads\/2025\/02\/CARTEL-DIA-IGUALDAD-SALARIAL-04-1448x2048.jpg 1448w, https:\/\/www.mijas.es\/wp-content\/uploads\/2025\/02\/CARTEL-DIA-IGUALDAD-SALARIAL-04.jpg 1754w\" sizes=\"(max-width: 724px) 100vw, 724px\" \/><\/figure>\n\n\n\n<hr class=\"wp-block-separator has-alpha-channel-opacity\"\/>\n\n\n\n<figure class=\"wp-block-image size-large\"><img decoding=\"async\" width=\"724\" height=\"1024\" src=\"https:\/\/www.mijas.es\/wp-content\/uploads\/2025\/02\/CARTEL-DIA-DE-LA-MUJER-Y-LA-NINA-EN-LA-CIENCIA-impresion-724x1024.jpg\" alt=\"\" class=\"wp-image-60278\" srcset=\"https:\/\/www.mijas.es\/wp-content\/uploads\/2025\/02\/CARTEL-DIA-DE-LA-MUJER-Y-LA-NINA-EN-LA-CIENCIA-impresion-724x1024.jpg 724w, https:\/\/www.mijas.es\/wp-content\/uploads\/2025\/02\/CARTEL-DIA-DE-LA-MUJER-Y-LA-NINA-EN-LA-CIENCIA-impresion-212x300.jpg 212w, https:\/\/www.mijas.es\/wp-content\/uploads\/2025\/02\/CARTEL-DIA-DE-LA-MUJER-Y-LA-NINA-EN-LA-CIENCIA-impresion-768x1086.jpg 768w, https:\/\/www.mijas.es\/wp-content\/uploads\/2025\/02\/CARTEL-DIA-DE-LA-MUJER-Y-LA-NINA-EN-LA-CIENCIA-impresion-1086x1536.jpg 1086w, https:\/\/www.mijas.es\/wp-content\/uploads\/2025\/02\/CARTEL-DIA-DE-LA-MUJER-Y-LA-NINA-EN-LA-CIENCIA-impresion-1448x2048.jpg 1448w, https:\/\/www.mijas.es\/wp-content\/uploads\/2025\/02\/CARTEL-DIA-DE-LA-MUJER-Y-LA-NINA-EN-LA-CIENCIA-impresion-scaled.jpg 1810w\" sizes=\"(max-width: 724px) 100vw, 724px\" \/><\/figure>\n\n\n\n<hr class=\"wp-block-separator has-alpha-channel-opacity\"\/>\n\n\n\n<figure class=\"wp-block-image size-large is-resized\"><img decoding=\"async\" src=\"https:\/\/www.mijas.es\/wp-content\/uploads\/2025\/02\/CARTEL-DIA-MUTILACION-GENITAL-FEMENINA-def-1024x724.jpg\" alt=\"\" class=\"wp-image-60204\" width=\"768\" height=\"543\" srcset=\"https:\/\/www.mijas.es\/wp-content\/uploads\/2025\/02\/CARTEL-DIA-MUTILACION-GENITAL-FEMENINA-def-1024x724.jpg 1024w, https:\/\/www.mijas.es\/wp-content\/uploads\/2025\/02\/CARTEL-DIA-MUTILACION-GENITAL-FEMENINA-def-300x212.jpg 300w, https:\/\/www.mijas.es\/wp-content\/uploads\/2025\/02\/CARTEL-DIA-MUTILACION-GENITAL-FEMENINA-def-768x543.jpg 768w, https:\/\/www.mijas.es\/wp-content\/uploads\/2025\/02\/CARTEL-DIA-MUTILACION-GENITAL-FEMENINA-def-1536x1086.jpg 1536w, https:\/\/www.mijas.es\/wp-content\/uploads\/2025\/02\/CARTEL-DIA-MUTILACION-GENITAL-FEMENINA-def-2048x1448.jpg 2048w\" sizes=\"(max-width: 768px) 100vw, 768px\" \/><\/figure>\n\n\n\n<hr class=\"wp-block-separator has-alpha-channel-opacity\"\/>\n\n\n\n<figure class=\"wp-block-image size-large\"><img decoding=\"async\" width=\"724\" height=\"1024\" src=\"https:\/\/www.mijas.es\/wp-content\/uploads\/2024\/11\/CARTEL-25N-A4-redes-724x1024.jpg\" alt=\"\" class=\"wp-image-59569\" srcset=\"https:\/\/www.mijas.es\/wp-content\/uploads\/2024\/11\/CARTEL-25N-A4-redes-724x1024.jpg 724w, https:\/\/www.mijas.es\/wp-content\/uploads\/2024\/11\/CARTEL-25N-A4-redes-212x300.jpg 212w, https:\/\/www.mijas.es\/wp-content\/uploads\/2024\/11\/CARTEL-25N-A4-redes-768x1086.jpg 768w, https:\/\/www.mijas.es\/wp-content\/uploads\/2024\/11\/CARTEL-25N-A4-redes-1086x1536.jpg 1086w, https:\/\/www.mijas.es\/wp-content\/uploads\/2024\/11\/CARTEL-25N-A4-redes-1448x2048.jpg 1448w, https:\/\/www.mijas.es\/wp-content\/uploads\/2024\/11\/CARTEL-25N-A4-redes-scaled.jpg 1810w\" sizes=\"(max-width: 724px) 100vw, 724px\" \/><\/figure>\n\n\n\n<hr class=\"wp-block-separator has-alpha-channel-opacity\"\/>\n\n\n\n<div><video controls=\"controls\" width=\"100%\" height=\"90%\">\n<source src=\"https:\/\/www.mijas.es\/wp-content\/uploads\/2024\/10\/VIDEO-2024-10-08-09-29-52.mp4\" type=\"video\/mp4\" \/><span data-mce-type=\"bookmark\" style=\"display: inline-block; width: 0px; overflow: hidden; line-height: 0;\" class=\"mce_SELRES_start\">?<\/span><\/video><\/div>\n<div>\u00a0<\/div>\n\n\n<div class=\"wp-block-image\">\n<figure class=\"aligncenter size-large is-resized\"><img decoding=\"async\" src=\"https:\/\/www.mijas.es\/wp-content\/uploads\/2024\/10\/CARTEL-DIA-DE-LA-NINA-WEB-AYTO-724x1024.jpg\" alt=\"\" class=\"wp-image-58931\" width=\"794\" height=\"1123\" srcset=\"https:\/\/www.mijas.es\/wp-content\/uploads\/2024\/10\/CARTEL-DIA-DE-LA-NINA-WEB-AYTO-724x1024.jpg 724w, https:\/\/www.mijas.es\/wp-content\/uploads\/2024\/10\/CARTEL-DIA-DE-LA-NINA-WEB-AYTO-212x300.jpg 212w, https:\/\/www.mijas.es\/wp-content\/uploads\/2024\/10\/CARTEL-DIA-DE-LA-NINA-WEB-AYTO-768x1086.jpg 768w, https:\/\/www.mijas.es\/wp-content\/uploads\/2024\/10\/CARTEL-DIA-DE-LA-NINA-WEB-AYTO-1086x1536.jpg 1086w, https:\/\/www.mijas.es\/wp-content\/uploads\/2024\/10\/CARTEL-DIA-DE-LA-NINA-WEB-AYTO-1448x2048.jpg 1448w, https:\/\/www.mijas.es\/wp-content\/uploads\/2024\/10\/CARTEL-DIA-DE-LA-NINA-WEB-AYTO-scaled.jpg 1810w\" sizes=\"(max-width: 794px) 100vw, 794px\" \/><\/figure><\/div>\n\n\n<div><video controls=\"controls\" width=\"100%\" height=\"90%\">\n<source src=\"https:\/\/www.mijas.es\/wp-content\/uploads\/2024\/09\/VID-20240923-WA0000.mp4\" type=\"video\/mp4\" \/><span data-mce-type=\"bookmark\" style=\"display: inline-block; width: 0px; overflow: hidden; line-height: 0;\" class=\"mce_SELRES_start\">?<\/span><\/video><\/div>\n<div>\u00a0<\/div>\n\n\n<div class=\"wp-block-image\">\n<figure class=\"aligncenter size-large is-resized\"><img decoding=\"async\" src=\"https:\/\/www.mijas.es\/wp-content\/uploads\/2024\/09\/DIA-CONTRA-LA-TRATA-Y-LA-EXPLOTACION-SEXUAL-2024-724x1024.jpg\" alt=\"\" class=\"wp-image-58640\" width=\"806\" height=\"1140\" srcset=\"https:\/\/www.mijas.es\/wp-content\/uploads\/2024\/09\/DIA-CONTRA-LA-TRATA-Y-LA-EXPLOTACION-SEXUAL-2024-724x1024.jpg 724w, https:\/\/www.mijas.es\/wp-content\/uploads\/2024\/09\/DIA-CONTRA-LA-TRATA-Y-LA-EXPLOTACION-SEXUAL-2024-212x300.jpg 212w, https:\/\/www.mijas.es\/wp-content\/uploads\/2024\/09\/DIA-CONTRA-LA-TRATA-Y-LA-EXPLOTACION-SEXUAL-2024-768x1086.jpg 768w, https:\/\/www.mijas.es\/wp-content\/uploads\/2024\/09\/DIA-CONTRA-LA-TRATA-Y-LA-EXPLOTACION-SEXUAL-2024-1086x1536.jpg 1086w, https:\/\/www.mijas.es\/wp-content\/uploads\/2024\/09\/DIA-CONTRA-LA-TRATA-Y-LA-EXPLOTACION-SEXUAL-2024-1448x2048.jpg 1448w, https:\/\/www.mijas.es\/wp-content\/uploads\/2024\/09\/DIA-CONTRA-LA-TRATA-Y-LA-EXPLOTACION-SEXUAL-2024-scaled.jpg 1810w\" sizes=\"(max-width: 806px) 100vw, 806px\" \/><\/figure><\/div>\n\n\n<hr class=\"wp-block-separator has-alpha-channel-opacity\"\/>\n\n\n<div class=\"wp-block-image\">\n<figure class=\"aligncenter size-large is-resized\"><img decoding=\"async\" src=\"https:\/\/www.mijas.es\/wp-content\/uploads\/2024\/05\/CARTEL-5A-SALUD-MUJERES-4-724x1024.jpg\" alt=\"\" class=\"wp-image-56567\" width=\"752\" height=\"1064\" srcset=\"https:\/\/www.mijas.es\/wp-content\/uploads\/2024\/05\/CARTEL-5A-SALUD-MUJERES-4-724x1024.jpg 724w, https:\/\/www.mijas.es\/wp-content\/uploads\/2024\/05\/CARTEL-5A-SALUD-MUJERES-4-212x300.jpg 212w, https:\/\/www.mijas.es\/wp-content\/uploads\/2024\/05\/CARTEL-5A-SALUD-MUJERES-4-768x1086.jpg 768w, https:\/\/www.mijas.es\/wp-content\/uploads\/2024\/05\/CARTEL-5A-SALUD-MUJERES-4-1086x1536.jpg 1086w, https:\/\/www.mijas.es\/wp-content\/uploads\/2024\/05\/CARTEL-5A-SALUD-MUJERES-4-1448x2048.jpg 1448w, https:\/\/www.mijas.es\/wp-content\/uploads\/2024\/05\/CARTEL-5A-SALUD-MUJERES-4-scaled.jpg 1810w\" sizes=\"(max-width: 752px) 100vw, 752px\" \/><\/figure><\/div>\n\n\n<hr class=\"wp-block-separator has-alpha-channel-opacity\"\/>\n\n\n<div class=\"wp-block-image\">\n<figure class=\"aligncenter size-large is-resized\"><a href=\"https:\/\/www.mijas.es\/wp-content\/uploads\/2024\/02\/8M-definitivo.pdf\"><img decoding=\"async\" src=\"https:\/\/www.mijas.es\/wp-content\/uploads\/2024\/02\/CARTEL-8M-NUEVO-redes-724x1024.jpg\" alt=\"\" class=\"wp-image-54910\" width=\"754\" height=\"1066\" srcset=\"https:\/\/www.mijas.es\/wp-content\/uploads\/2024\/02\/CARTEL-8M-NUEVO-redes-724x1024.jpg 724w, https:\/\/www.mijas.es\/wp-content\/uploads\/2024\/02\/CARTEL-8M-NUEVO-redes-212x300.jpg 212w, https:\/\/www.mijas.es\/wp-content\/uploads\/2024\/02\/CARTEL-8M-NUEVO-redes-768x1086.jpg 768w, https:\/\/www.mijas.es\/wp-content\/uploads\/2024\/02\/CARTEL-8M-NUEVO-redes-1086x1536.jpg 1086w, https:\/\/www.mijas.es\/wp-content\/uploads\/2024\/02\/CARTEL-8M-NUEVO-redes-1448x2048.jpg 1448w, https:\/\/www.mijas.es\/wp-content\/uploads\/2024\/02\/CARTEL-8M-NUEVO-redes-scaled.jpg 1810w\" sizes=\"(max-width: 754px) 100vw, 754px\" \/><\/a><\/figure><\/div>\n\n\n<hr class=\"wp-block-separator has-alpha-channel-opacity\"\/>\n\n\n<div class=\"wp-block-image\">\n<figure class=\"aligncenter size-large is-resized\"><img decoding=\"async\" src=\"https:\/\/www.mijas.es\/wp-content\/uploads\/2024\/02\/CARTEL-DIA-IGUALDAD-SALARIAL-2024-1024x724.jpg\" alt=\"\" class=\"wp-image-54685\" width=\"760\" height=\"536\" srcset=\"https:\/\/www.mijas.es\/wp-content\/uploads\/2024\/02\/CARTEL-DIA-IGUALDAD-SALARIAL-2024-1024x724.jpg 1024w, https:\/\/www.mijas.es\/wp-content\/uploads\/2024\/02\/CARTEL-DIA-IGUALDAD-SALARIAL-2024-300x212.jpg 300w, https:\/\/www.mijas.es\/wp-content\/uploads\/2024\/02\/CARTEL-DIA-IGUALDAD-SALARIAL-2024-768x543.jpg 768w, https:\/\/www.mijas.es\/wp-content\/uploads\/2024\/02\/CARTEL-DIA-IGUALDAD-SALARIAL-2024-1536x1086.jpg 1536w, https:\/\/www.mijas.es\/wp-content\/uploads\/2024\/02\/CARTEL-DIA-IGUALDAD-SALARIAL-2024-2048x1448.jpg 2048w\" sizes=\"(max-width: 760px) 100vw, 760px\" \/><\/figure><\/div>\n\n<div class=\"wp-block-image\">\n<figure class=\"aligncenter size-large is-resized\"><img decoding=\"async\" src=\"https:\/\/www.mijas.es\/wp-content\/uploads\/2024\/02\/CARTEL-1024x724.jpg\" alt=\"\" class=\"wp-image-54357\" width=\"761\" height=\"537\" srcset=\"https:\/\/www.mijas.es\/wp-content\/uploads\/2024\/02\/CARTEL-1024x724.jpg 1024w, https:\/\/www.mijas.es\/wp-content\/uploads\/2024\/02\/CARTEL-300x212.jpg 300w, https:\/\/www.mijas.es\/wp-content\/uploads\/2024\/02\/CARTEL-768x543.jpg 768w, https:\/\/www.mijas.es\/wp-content\/uploads\/2024\/02\/CARTEL-1536x1086.jpg 1536w, https:\/\/www.mijas.es\/wp-content\/uploads\/2024\/02\/CARTEL-2048x1448.jpg 2048w\" sizes=\"(max-width: 761px) 100vw, 761px\" \/><\/figure><\/div>\n\n\n<hr class=\"wp-block-separator has-alpha-channel-opacity\"\/>\n\n\n<div class=\"wp-block-image\">\n<figure class=\"aligncenter size-large is-resized\"><img decoding=\"async\" src=\"https:\/\/www.mijas.es\/wp-content\/uploads\/2024\/02\/CARTEL-6F-724x1024.png\" alt=\"\" class=\"wp-image-53937\" width=\"760\" height=\"1075\" srcset=\"https:\/\/www.mijas.es\/wp-content\/uploads\/2024\/02\/CARTEL-6F-724x1024.png 724w, https:\/\/www.mijas.es\/wp-content\/uploads\/2024\/02\/CARTEL-6F-212x300.png 212w, https:\/\/www.mijas.es\/wp-content\/uploads\/2024\/02\/CARTEL-6F-768x1086.png 768w, https:\/\/www.mijas.es\/wp-content\/uploads\/2024\/02\/CARTEL-6F-1086x1536.png 1086w, https:\/\/www.mijas.es\/wp-content\/uploads\/2024\/02\/CARTEL-6F.png 1240w\" sizes=\"(max-width: 760px) 100vw, 760px\" \/><\/figure><\/div>\n\n\n<hr class=\"wp-block-separator has-alpha-channel-opacity\"\/>\n\n\n<div class=\"wp-block-image\">\n<figure class=\"aligncenter size-large is-resized\"><img decoding=\"async\" src=\"https:\/\/www.mijas.es\/wp-content\/uploads\/2023\/12\/CARTEL-JUGUETE-NO-SEXISTA-1024x724.jpg\" alt=\"\" class=\"wp-image-53163\" width=\"764\" height=\"539\" srcset=\"https:\/\/www.mijas.es\/wp-content\/uploads\/2023\/12\/CARTEL-JUGUETE-NO-SEXISTA-1024x724.jpg 1024w, https:\/\/www.mijas.es\/wp-content\/uploads\/2023\/12\/CARTEL-JUGUETE-NO-SEXISTA-300x212.jpg 300w, https:\/\/www.mijas.es\/wp-content\/uploads\/2023\/12\/CARTEL-JUGUETE-NO-SEXISTA-768x543.jpg 768w, https:\/\/www.mijas.es\/wp-content\/uploads\/2023\/12\/CARTEL-JUGUETE-NO-SEXISTA-1536x1086.jpg 1536w, https:\/\/www.mijas.es\/wp-content\/uploads\/2023\/12\/CARTEL-JUGUETE-NO-SEXISTA-2048x1448.jpg 2048w\" sizes=\"(max-width: 764px) 100vw, 764px\" \/><\/figure><\/div>\n\n\n<hr class=\"wp-block-separator has-alpha-channel-opacity\"\/>\n\n\n<div class=\"wp-block-image\">\n<figure class=\"aligncenter size-large is-resized\"><img decoding=\"async\" src=\"https:\/\/www.mijas.es\/wp-content\/uploads\/2023\/11\/CARTEL-25N-NUEVO-no-estas-sola-724x1024.jpg\" alt=\"\" width=\"764\" height=\"1081\"\/><\/figure><\/div>\n\n\n<hr class=\"wp-block-separator has-alpha-channel-opacity\"\/>\n\n\n<div class=\"wp-block-image\">\n<figure class=\"aligncenter size-large\"><img decoding=\"async\" src=\"https:\/\/www.mijas.es\/wp-content\/uploads\/2023\/09\/impresion-CARTEL-DIA-DE-LA-TRATA-Y-EXPLOTACION-SEXUAL-OK-1024x731.jpg\" alt=\"\"\/><\/figure><\/div>\n\n\n<hr class=\"wp-block-separator has-alpha-channel-opacity\"\/>\n\n\n<div class=\"wp-block-image\">\n<figure class=\"aligncenter size-large\"><img decoding=\"async\" src=\"https:\/\/www.mijas.es\/wp-content\/uploads\/2023\/05\/vive-siente-y-ama-libre-.jpg\" alt=\"\"\/><\/figure><\/div>\n\n\n<hr class=\"wp-block-separator has-alpha-channel-opacity\"\/>\n\n\n\n<figure class=\"wp-block-video\"><video controls src=\"https:\/\/www.mijas.es\/wp-content\/uploads\/2022\/03\/SPOT%208M%20-%20imparables%20somos%208M.mp4\"><\/video><\/figure>\n\n\n\n<figure class=\"wp-block-video\"><video controls src=\"https:\/\/www.mijas.es\/wp-content\/uploads\/2022\/02\/WhatsApp%20Video%202022-02-11%20at%2010.41.59\"><\/video><\/figure>\n\n\n\n<figure class=\"wp-block-video\"><video controls src=\"https:\/\/www.mijas.es\/wp-content\/uploads\/2021\/11\/VIOLENCIA%20DE%20GENERO%202021%20con%20fecha%2025N_redes.mp4\"><\/video><\/figure>\n\n\n\n<p>Atenci\u00f3n y prevenci\u00f3n de la violencia de g\u00e9nero.&nbsp; (<a rel=\"noreferrer noopener\" href=\"https:\/\/www.mijas.es\/wp-content\/uploads\/2020\/08\/CURSOIGUALDAD.pdf\" target=\"_blank\">Dossier Formaci\u00f3n Online &#8211; Descargar<\/a>)<\/p>\n\n\n\n<hr class=\"wp-block-separator has-alpha-channel-opacity\"\/>\n\n\n\n<figure class=\"wp-block-image size-large\"><img decoding=\"async\" src=\"https:\/\/www.mijas.es\/wp-content\/uploads\/2020\/05\/MUJER-Y-SALUD-PORTADA-724x1024.jpg\" alt=\"\"\/><\/figure>\n\n\n\n<p><a rel=\"noreferrer noopener\" aria-label=\"Descargar Dossier Informativo - Pdf (abre en una nueva pesta\u00f1a)\" href=\"https:\/\/www.mijas.es\/wp-content\/uploads\/2020\/05\/MUJER-Y-SALUD-DEF-1.pdf\" target=\"_blank\">Descargar Dossier Informativo &#8211; Pdf<\/a><\/p>\n","protected":false},"excerpt":{"rendered":"<p>? \u00a0 ? \u00a0 Atenci\u00f3n y prevenci\u00f3n de la violencia de g\u00e9nero.&nbsp; (Dossier Formaci\u00f3n Online &#8211; Descargar) Descargar Dossier Informativo &#8211; Pdf<\/p>\n","protected":false},"author":9,"featured_media":0,"parent":14105,"menu_order":0,"comment_status":"closed","ping_status":"closed","template":"","meta":[],"_links":{"self":[{"href":"https:\/\/www.mijas.es\/portal\/wp-json\/wp\/v2\/pages\/52695"}],"collection":[{"href":"https:\/\/www.mijas.es\/portal\/wp-json\/wp\/v2\/pages"}],"about":[{"href":"https:\/\/www.mijas.es\/portal\/wp-json\/wp\/v2\/types\/page"}],"author":[{"embeddable":true,"href":"https:\/\/www.mijas.es\/portal\/wp-json\/wp\/v2\/users\/9"}],"replies":[{"embeddable":true,"href":"https:\/\/www.mijas.es\/portal\/wp-json\/wp\/v2\/comments?post=52695"}],"version-history":[{"count":38,"href":"https:\/\/www.mijas.es\/portal\/wp-json\/wp\/v2\/pages\/52695\/revisions"}],"predecessor-version":[{"id":63703,"href":"https:\/\/www.mijas.es\/portal\/wp-json\/wp\/v2\/pages\/52695\/revisions\/63703"}],"up":[{"embeddable":true,"href":"https:\/\/www.mijas.es\/portal\/wp-json\/wp\/v2\/pages\/14105"}],"wp:attachment":[{"href":"https:\/\/www.mijas.es\/portal\/wp-json\/wp\/v2\/media?parent=52695"}],"curies":[{"name":"wp","href":"https:\/\/api.w.org\/{rel}","templated":true}]}}