{"id":51562,"date":"2023-07-28T09:06:04","date_gmt":"2023-07-28T08:06:04","guid":{"rendered":"https:\/\/www.mijas.es\/portal\/?page_id=51562"},"modified":"2023-07-28T09:06:05","modified_gmt":"2023-07-28T08:06:05","slug":"realizacion-de-obras","status":"publish","type":"page","link":"https:\/\/www.mijas.es\/portal\/realizacion-de-obras\/","title":{"rendered":"REALIZACI\u00d3N DE OBRAS"},"content":{"rendered":"\n<p>Seg\u00fan la normativa vigente diversas actuaciones est\u00e1n sujetas a la presentaci\u00f3n de declaraci\u00f3n responsable de obras (y no a solicitud de licencia). Son los siguientes supuestos de la norma (Art.: 293.1 del Reglamento General de la L.I.S.T.A.):<\/p>\n\n\n\n<p>a) La realizaci\u00f3n de obras de escasa entidad constructiva y sencillez t\u00e9cnica que no requieran proyecto de acuerdo con la legislaci\u00f3n vigente.<\/p>\n\n\n\n<p>b) Las obras en edificaciones o instalaciones existentes que sean conformes con la ordenaci\u00f3n territorial y urban\u00edstica o se encuentren en situaci\u00f3n legal de fuera de ordenaci\u00f3n, situadas en suelo urbano no sometido a actuaciones de transformaci\u00f3n urban\u00edstica, siempre que no alteren los par\u00e1metros de ocupaci\u00f3n y altura, ni conlleven incrementos en la edificabilidad o en el n\u00famero de viviendas.<\/p>\n\n\n\n<p>c) Las obras en edificaciones e instalaciones existentes que sean conformes con la ordenaci\u00f3n territorial y urban\u00edstica o se encuentren en situaci\u00f3n legal de fuera de ordenaci\u00f3n, situadas en suelo r\u00fastico y que tengan por objeto la mejora de las condiciones de eficiencia energ\u00e9tica, la integraci\u00f3n de instalaciones de energ\u00eda renovable o la reducci\u00f3n de su impacto ambiental, siempre que no supongan obras de nueva planta o aumento de la superficie construida.<\/p>\n\n\n\n<p>h) Las alteraciones en la ejecuci\u00f3n material de las obras con previa licencia urban\u00edstica otorgada, siempre que dichas modificaciones no est\u00e9n sometidas a licencia urban\u00edstica.<\/p>\n\n\n\n<p>i) Los trabajos previos a la construcci\u00f3n, tales como sondeos, prospecciones, catas, ensayos y limpieza de solares Si sus obras del tipo de las descritas en los p\u00e1rrafos anteriores, por favor lea detenidamente el formulario de declaraci\u00f3n responsable de obras, rell\u00e9nelo lo m\u00e1s completamente posible, FIRMELO, y adjunte la documentaci\u00f3n necesaria para su presentaci\u00f3n en el Ayuntamiento.<\/p>\n\n\n\n<p><strong>FORMULARIO DE DECLARACI\u00d3N RESPONSABLE DE OBRAS<\/strong><\/p>\n\n\n\n<figure class=\"wp-block-table is-style-stripes\"><table><tbody><tr><td>IMPORTANTE: En el caso que se necesite aportar documentaci\u00f3n para la solicitud o tr\u00e1mite de un expediente y, no la pueda incorporar por registro debido al tama\u00f1o del archivo o archivos que se desea aportar, por favor presente escrito por registro de entrada, indicando en el mismo que necesita INVITACI\u00d3N POR LA PLATAFORMA ALMAC\u00c9N, indicando su nombre, apellidos, DNI, expediente al que necesita incorporar la documentaci\u00f3n, n\u00famero de tel\u00e9fono y <strong><u>correo electr\u00f3nico (imprescindible).<\/u><\/strong>&nbsp; Una vez recibida esta solicitud, el Ayuntamiento le enviar\u00e1 un enlace a su email para que pueda aportar la documentaci\u00f3n necesaria. &nbsp;<\/td><\/tr><\/tbody><\/table><\/figure>\n\n\n\n<p>Para el resto de obras, se deber\u00e1 solicitar licencia de obras. Por favor lea detenidamente el formulario, rell\u00e9nelo lo m\u00e1s completamente posible, FIRMELO, y adjunte la documentaci\u00f3n necesaria para su presentaci\u00f3n en el Ayuntamiento<\/p>\n\n\n\n<p><strong>FORMULARIO DE LICENCIA DE OBRAS<\/strong><\/p>\n\n\n\n<p>IMPORTANTE: En el caso que se necesite aportar documentaci\u00f3n para la solicitud o tr\u00e1mite de un expediente y, no la pueda incorporar por registro debido al tama\u00f1o del archivo o archivos que se desea aportar, por favor presente escrito por registro de entrada, indicando en el mismo que necesita INVITACI\u00d3N POR LA PLATAFORMA ALMAC\u00c9N, indicando su nombre, apellidos, DNI, expediente al que necesita incorporar la documentaci\u00f3n, n\u00famero de tel\u00e9fono y <strong><u>correo electr\u00f3nico (imprescindible).<\/u><\/strong>&nbsp; Una vez recibida esta solicitud, el Ayuntamiento le enviar\u00e1 un enlace a su email para que pueda aportar la documentaci\u00f3n necesaria.<\/p>\n\n\n\n<p><strong>TENGA EN CUENTA:<\/strong><\/p>\n\n\n\n<p>SI LAS OBRAS AFECTAN AL DOMINIO P\u00daBLICO MUNICIPAL NECESITAR\u00c1 PRESENTAR AUTORIZACI\u00d3N PREVIA MUNICIPAL. VEA AQU\u00cd EL FORMULARIO, Y COMO SE RELLENA.<\/p>\n\n\n\n<p>SI LAS OBRAS AFECTAN A LA SERVIDUMBRE DE PROTECCI\u00d3N DE COSTAS, NECESITAR\u00c1 AUTORIZACI\u00d3N DE LA ADMINISTRACI\u00d3N COMPETENTE. VEA AQU\u00cd C\u00d3MO CONTACTAR CON ESA ADMINISTRACI\u00d3N.<\/p>\n\n\n\n<p>Aqu\u00ed se puede poner que el Ayuntamiento no tiene competencias, por lo que no podemos indicar un plano \u201cvinculante\u201d. Pero s\u00ed una aproximaci\u00f3n del trazado de Costas.<\/p>\n\n\n\n<p>SI LAS OBRAS AFECTAN A LA SERVIDUMBRE DE PROTECCI\u00d3N CARRETERAS, NECESITAR\u00c1 AUTORIZACI\u00d3N DE LA ADMINISTRACI\u00d3N COMPETENTE. VEA AQU\u00cd C\u00d3MO CONTACTAR CON LA MISMA.<\/p>\n\n\n\n<figure class=\"wp-block-table is-style-stripes\"><table><tbody><tr><td>SI LAS OBRAS (QUE AFECTEN AL EXTERIOR DE LA EDIFICACI\u00d3N) SE ENCUENTRAN EN EL CONJUNTO HIST\u00d3RICO-ART\u00cdSTICO DEL CASCO URBANO DE MIJAS PUEBLO, EL AYUNTAMIENTO ENVIAR\u00c1 SU FORMULARIO A LA ADMINISTRACI\u00d3N COMPETENTE PARA EL INFORME CORRESPONDIENTE, QUE SER\u00c1 VINCULANTE. NO PODR\u00c1 RESOLVERSE SU LICENCIA DE OBRAS HASTA QUE EL AYUNTAMIENTO TENGA CONSTANCIA DEL INFORME FAVORABLE DE ESTA ADMINISTRACI\u00d3N. Vea aqu\u00ed el plano de la delimitaci\u00f3n del Conjunto Hist\u00f3rico Art\u00edstico. &nbsp;<\/td><\/tr><\/tbody><\/table><\/figure>\n\n\n\n<p>El Ayuntamiento ha absorbido determinadas carreteras (como la que sube a Mijas desde Fuengirola), por lo que en esos casos la afecci\u00f3n la marca el Dpto. de Infraestructuras. En casos de carreteras no cedidas (como la N-340, la AP-7), hay que pedir informe a la Administraci\u00f3n de Carreteras. Por lo que Infraestructuras puede decirnos qu\u00e9 enlace tiene esa administraci\u00f3n.<\/p>\n\n\n\n<p>SI LAS OBRAS (QUE AFECTEN AL EXTERIOR DE LA EDIFICACI\u00d3N) SE ENCUENTRAN EN EL CONJUNTO HIST\u00d3RICO-ART\u00cdSTICO DEL CASCO URBANO DE MIJAS PUEBLO, EL AYUNTAMIENTO ENVIAR\u00c1 SU FORMULARIO A LA ADMINISTRACI\u00d3N COMPETENTE PARA EL INFORME CORRESPONDIENTE, QUE SER\u00c1 VINCULANTE. NO PODR\u00c1 RESOLVERSE SU LICENCIA DE OBRAS HASTA QUE EL AYUNTAMIENTO TENGA CONSTANCIA DEL INFORME FAVORABLE DE ESTA ADMINISTRACI\u00d3N. Vea aqu\u00ed el plano de la delimitaci\u00f3n del Conjunto Hist\u00f3rico Art\u00edstico.<\/p>\n\n\n\n<p>SI LAS OBRAS AFECTAN A OTROS INMUEBLES PROTEGIDOS, DEBE USTED MISMO RECABAR INFORME FAVORABLE DE LA ADMINISTRACI\u00d3N\/DEPARTAMENTO COMPETENTE. Va aqu\u00ed el plano de los inmuebles protegidos del t\u00e9rmino municipal.<\/p>\n\n\n\n<p><\/p>\n\n\n\n<p>SI LAS OBRAS AFECTAN A LA ADMINISTRACI\u00d3N DE AGUAS, DEBE USTED MISMO RECABAR INFORME FAVORABLE DE LA ADMINISTRACI\u00d3N CORRESPONDIENTE, QUE SER\u00c1 VINCULANTE. Vea aqu\u00ed como contactar con ella. <p class=\"MsoNormal\">SI LAS OBRAS AFECTAN A VEGETACI\u00d3N QUE DEBA PROTEGERSE, EL AYUNTAMIENTO ENVIAR\u00c1 SU EXPEDIENTE AL \u00c1REA MUNCIPAL DE MEDIOAMBIENTE PARA EL INFORME CORRESPONDIENTE, QUE SER\u00c1 VINCULANTE.<\/p> <\/p>\n","protected":false},"excerpt":{"rendered":"<p>Seg\u00fan la normativa vigente diversas actuaciones est\u00e1n sujetas a la presentaci\u00f3n de declaraci\u00f3n responsable de obras (y no a solicitud de licencia). Son los siguientes supuestos de la norma (Art.: 293.1 del Reglamento General de la L.I.S.T.A.): a) La realizaci\u00f3n de obras de escasa entidad constructiva y sencillez t\u00e9cnica que no requieran proyecto de acuerdo [&hellip;]<\/p>\n","protected":false},"author":1,"featured_media":0,"parent":0,"menu_order":0,"comment_status":"closed","ping_status":"closed","template":"","meta":[],"_links":{"self":[{"href":"https:\/\/www.mijas.es\/portal\/wp-json\/wp\/v2\/pages\/51562"}],"collection":[{"href":"https:\/\/www.mijas.es\/portal\/wp-json\/wp\/v2\/pages"}],"about":[{"href":"https:\/\/www.mijas.es\/portal\/wp-json\/wp\/v2\/types\/page"}],"author":[{"embeddable":true,"href":"https:\/\/www.mijas.es\/portal\/wp-json\/wp\/v2\/users\/1"}],"replies":[{"embeddable":true,"href":"https:\/\/www.mijas.es\/portal\/wp-json\/wp\/v2\/comments?post=51562"}],"version-history":[{"count":1,"href":"https:\/\/www.mijas.es\/portal\/wp-json\/wp\/v2\/pages\/51562\/revisions"}],"predecessor-version":[{"id":51563,"href":"https:\/\/www.mijas.es\/portal\/wp-json\/wp\/v2\/pages\/51562\/revisions\/51563"}],"wp:attachment":[{"href":"https:\/\/www.mijas.es\/portal\/wp-json\/wp\/v2\/media?parent=51562"}],"curies":[{"name":"wp","href":"https:\/\/api.w.org\/{rel}","templated":true}]}}