{"id":51512,"date":"2023-07-24T12:12:11","date_gmt":"2023-07-24T11:12:11","guid":{"rendered":"https:\/\/www.mijas.es\/portal\/?page_id=51512"},"modified":"2023-10-17T10:04:24","modified_gmt":"2023-10-17T09:04:24","slug":"corta-y-poda-de-arboles","status":"publish","type":"page","link":"https:\/\/www.mijas.es\/portal\/medio-ambiente\/corta-y-poda-de-arboles\/","title":{"rendered":"Corta y Poda de \u00c1rboles"},"content":{"rendered":"\n<p>El t\u00e9rmino municipal de Mijas, por sus caracter\u00edsticas ambientales e hist\u00f3ricas, ha visto favorecida la existencia de una gran biodiversidad de especies vegetales aut\u00f3ctonas y al\u00f3ctonas, que forman parte de la vegetaci\u00f3n de nuestros montes, de los entornos rurales y de nuestras zonas verdes.<\/p>\n\n\n\n<p>Este conjunto de hechos ha facilitado que en el medio natural, agr\u00edcola y urbano existan grupos y ejemplares bot\u00e1nicos que por sus caracter\u00edsticas excepcionales de tipo cient\u00edfico, hist\u00f3rico, cultural y social presentan un gran valor e inter\u00e9s local. Estos elementos vegetales constituyen un patrimonio \u00fanico que forma parte del patrimonio medioambiental y cultural mije\u00f1o, lo que implica que sea de inter\u00e9s p\u00fablico su protecci\u00f3n y conservaci\u00f3n. Puedes consultar el Cat\u00e1logo Municipal de \u00c1rboles Singulares de Mijas en el apartado correspondiente.<\/p>\n\n\n\n<p>Cabe recordar que la <strong>CORTA Y PODA DE \u00c1RBOLES<\/strong>, ya sean p\u00fablicos o privados, est\u00e1 regulada por la <em>Ordenanza de planificaci\u00f3n, gesti\u00f3n, uso y protecci\u00f3n de las zonas verdes y del Patrimonio Vegetal del t\u00e9rmino municipal de Mijas<\/em>.<\/p>\n\n\n\n<p>En consecuencia, <strong>est\u00e1 prohibida<\/strong> la corta o tala de \u00e1rboles sin la preceptiva <strong>autorizaci\u00f3n municipal<\/strong>, as\u00ed como la poda de \u00e1rboles sin el preceptivo tr\u00e1mite de <strong>Declaraci\u00f3n Responsable<\/strong> establecido.<\/p>\n\n\n\n<p>La corta (tala) de \u00e1rboles implica el compromiso de asumir las medidas compensatorias determinadas en la citada ordenanza, mientras que la realizaci\u00f3n de la poda de \u00e1rboles est\u00e1 sujeta al cumplimiento de unos criterios t\u00e9cnicos que se recogen en el art\u00edculo 23.<\/p>\n\n\n\n<p>A continuaci\u00f3n se ofrecen algunas im\u00e1genes ilustrativas:<\/p>\n\n\n\n<figure class=\"wp-block-image size-full\"><img decoding=\"async\" width=\"646\" height=\"272\" src=\"https:\/\/www.mijas.es\/wp-content\/uploads\/2023\/07\/Sin-titulo1.jpg\" alt=\"\" class=\"wp-image-51567\" srcset=\"https:\/\/www.mijas.es\/wp-content\/uploads\/2023\/07\/Sin-titulo1.jpg 646w, https:\/\/www.mijas.es\/wp-content\/uploads\/2023\/07\/Sin-titulo1-300x126.jpg 300w\" sizes=\"(max-width: 646px) 100vw, 646px\" \/><\/figure>\n\n\n\n<figure class=\"wp-block-image size-full\"><img decoding=\"async\" width=\"591\" height=\"514\" src=\"https:\/\/www.mijas.es\/wp-content\/uploads\/2023\/07\/Sin-titulo2.jpg\" alt=\"\" class=\"wp-image-51568\" srcset=\"https:\/\/www.mijas.es\/wp-content\/uploads\/2023\/07\/Sin-titulo2.jpg 591w, https:\/\/www.mijas.es\/wp-content\/uploads\/2023\/07\/Sin-titulo2-300x261.jpg 300w\" sizes=\"(max-width: 591px) 100vw, 591px\" \/><\/figure>\n\n\n\n<figure class=\"wp-block-image size-full\"><img decoding=\"async\" width=\"1024\" height=\"581\" src=\"https:\/\/www.mijas.es\/wp-content\/uploads\/2023\/07\/Sin-titulo3.jpg\" alt=\"\" class=\"wp-image-51569\" srcset=\"https:\/\/www.mijas.es\/wp-content\/uploads\/2023\/07\/Sin-titulo3.jpg 1024w, https:\/\/www.mijas.es\/wp-content\/uploads\/2023\/07\/Sin-titulo3-300x170.jpg 300w, https:\/\/www.mijas.es\/wp-content\/uploads\/2023\/07\/Sin-titulo3-768x436.jpg 768w\" sizes=\"(max-width: 1024px) 100vw, 1024px\" \/><\/figure>\n\n\n\n<ul>\n<li> Solicitud de Autorizaci\u00f3n para la Corta de \u00c1rboles &#8211;&nbsp;<a rel=\"noreferrer noopener\" aria-label=\" (abre en una nueva pesta\u00f1a)\" href=\"https:\/\/www.mijas.es\/files\/adjuntos\/Parques_Jardines\/Solicitud_de_autorizacin_TALA.pdf\" target=\"_blank\">Descargar<\/a>&nbsp;(PDF).<\/li>\n\n\n\n<li> Declaraci\u00f3n responsable PODA &#8211;&nbsp;<a rel=\"noreferrer noopener\" href=\"https:\/\/www.mijas.es\/wp-content\/uploads\/2023\/07\/Declaraci%C3%B3n%20Responsable%20PODA.pdf\" target=\"_blank\">Descargar&nbsp;<\/a>(PDF)<\/li>\n\n\n\n<li>Ordenanza Zonas Verdes y Patrimonio Vegetal de Mijas &#8211; <a rel=\"noreferrer noopener\" href=\"https:\/\/www.mijas.es\/wp-content\/uploads\/2023\/07\/Ordenanza%20Zonas%20Verdes%20y%20Patrimonio%20Vegetal%20Mijas.pdf\" target=\"_blank\">Descarga<\/a> (PDF)<\/li>\n\n\n\n<li>Declaraci\u00f3n Responsable para Comunidades de Vecinos &#8211; <a rel=\"noreferrer noopener\" href=\"https:\/\/www.mijas.es\/files\/adjuntos\/Parques_Jardines\/Declaracin_responsable_para_comunidades_de_vecinos.pdf\" target=\"_blank\">Descarga<\/a>\u00a0(PDF)<\/li>\n<\/ul>\n","protected":false},"excerpt":{"rendered":"<p>El t\u00e9rmino municipal de Mijas, por sus caracter\u00edsticas ambientales e hist\u00f3ricas, ha visto favorecida la existencia de una gran biodiversidad de especies vegetales aut\u00f3ctonas y al\u00f3ctonas, que forman parte de la vegetaci\u00f3n de nuestros montes, de los entornos rurales y de nuestras zonas verdes. Este conjunto de hechos ha facilitado que en el medio natural, [&hellip;]<\/p>\n","protected":false},"author":9,"featured_media":0,"parent":12115,"menu_order":0,"comment_status":"closed","ping_status":"closed","template":"","meta":[],"_links":{"self":[{"href":"https:\/\/www.mijas.es\/portal\/wp-json\/wp\/v2\/pages\/51512"}],"collection":[{"href":"https:\/\/www.mijas.es\/portal\/wp-json\/wp\/v2\/pages"}],"about":[{"href":"https:\/\/www.mijas.es\/portal\/wp-json\/wp\/v2\/types\/page"}],"author":[{"embeddable":true,"href":"https:\/\/www.mijas.es\/portal\/wp-json\/wp\/v2\/users\/9"}],"replies":[{"embeddable":true,"href":"https:\/\/www.mijas.es\/portal\/wp-json\/wp\/v2\/comments?post=51512"}],"version-history":[{"count":6,"href":"https:\/\/www.mijas.es\/portal\/wp-json\/wp\/v2\/pages\/51512\/revisions"}],"predecessor-version":[{"id":52226,"href":"https:\/\/www.mijas.es\/portal\/wp-json\/wp\/v2\/pages\/51512\/revisions\/52226"}],"up":[{"embeddable":true,"href":"https:\/\/www.mijas.es\/portal\/wp-json\/wp\/v2\/pages\/12115"}],"wp:attachment":[{"href":"https:\/\/www.mijas.es\/portal\/wp-json\/wp\/v2\/media?parent=51512"}],"curies":[{"name":"wp","href":"https:\/\/api.w.org\/{rel}","templated":true}]}}