{"id":51348,"date":"2023-07-11T08:47:02","date_gmt":"2023-07-11T07:47:02","guid":{"rendered":"https:\/\/www.mijas.es\/portal\/?page_id=51348"},"modified":"2023-07-11T08:47:04","modified_gmt":"2023-07-11T07:47:04","slug":"playas-con-bano-adaptado","status":"publish","type":"page","link":"https:\/\/www.mijas.es\/portal\/playas\/playas-con-bano-adaptado\/","title":{"rendered":"Playas con Ba\u00f1o Adaptado"},"content":{"rendered":"\n<p>En Mijas existen actualmente 4 playas que disponen de servicio de ba\u00f1o asistido para personas con movilidad reducida y\/o diversidad funcional. Estas zonas est\u00e1n provistas de sombra y disponen de tumbonas para el descanso as\u00ed como muletas y sillas anfibias para poder entrar en el agua con la asistencia de socorristas que est\u00e1n formados y especializados en la atenci\u00f3n a usuarios con estas caracter\u00edsticas.<\/p>\n\n\n\n<p>Para hacer uso de estas instalaciones basta con ir al lugar en horario de ba\u00f1o, o bien llamando al servicio de socorristas, especialmente si se trata de un grupo o colectivo, para concertar previamente el servicio.<\/p>\n\n\n\n<p><em><strong><u>Horario de ba\u00f1o<\/u>:<\/strong><\/em><\/p>\n\n\n\n<p><em>Con car\u00e1cter general es de 11,00h. a 20,00h. de lunes a domingo.<\/em><\/p>\n\n\n\n<p><em><strong><u>Temporada de ba\u00f1o<\/u>:<\/strong><\/em><\/p>\n\n\n\n<p><em>Desde el 01 de junio al 30 de Septiembre<\/em><\/p>\n\n\n\n<p><em>Semana Santa (*)<\/em><\/p>\n\n\n\n<p><em>Fines de semana de Mayo (*)<\/em><\/p>\n\n\n\n<p><em>Fines de semana de Octubre (*)<\/em><\/p>\n\n\n\n<p><em>(*) de 12,00h a 19,00h<\/em><\/p>\n\n\n\n<p><em><strong>Servicio prestado por Socorrismo M\u00e1laga, S.L.<\/strong><\/em><\/p>\n\n\n\n<p><em>Contacto:<strong> 951 08 88 98 \/ 655 90 30 63<\/strong><\/em><\/p>\n\n\n\n<table class=\"default\">\n  <tr>\n    <td><p style=\"text-align: justify;\"><b>Playa de Calahonda-La Luna<\/b>. Dispone de una carpa de sombra de 18 m2 atendidos por 2 socorristas especializados. La zona dispone de tumbonas, un juego de muletas y silla anfibia.<\/p><\/td>\n    <td><a href=\"https:\/\/www.mijas.es\/wp-content\/uploads\/2023\/07\/PLAYA-LA-LUNA-scaled.jpg\" target=\"_blank\" rel=\"noopener\"><img decoding=\"async\" src=\"https:\/\/www.mijas.es\/wp-content\/uploads\/2023\/07\/PLAYA-LA-LUNA-scaled.jpg\" style=\"max-width:500px; margin-left:20px; margin-right:auto\" alt=\"...\" width=\"350px\" height=\"auto\"><\/a><\/td>\n  <\/tr>\n  <tr>\n    <td><p style=\"text-align: justify;\"><b>Playa de La Cala &#8211; Torre\u00f3n<\/b>. Dispone de una carpa de sombra de 156 m2 atendidos por 3 socorristas especializados. La zona dispone de tumbonas, un juego de muletas, gr\u00faa y 3 sillas anfibias (2 de adulto y 1 pedi\u00e1trica). <\/p><\/td>\n    <td><a href=\"https:\/\/www.mijas.es\/wp-content\/uploads\/2023\/07\/PLAYA-LA-CALA-scaled.jpeg\" target=\"_blank\" rel=\"noopener\"><img decoding=\"async\" src=\"https:\/\/www.mijas.es\/wp-content\/uploads\/2023\/07\/PLAYA-LA-CALA-scaled.jpeg\" style=\"max-width:500px; margin-left: 20px; margin-right:auto; margin-top:20px;\" alt=\"...\" width=\"350px\" height=\"auto\"><\/a><\/td>\n  <\/tr>\n  <tr>\n    <td><p style=\"text-align: justify;\"><b>Playa el Bombo.<\/b> Dispone de una carpa de sombra de 88 m2 atendidos por 3 socorristas especializados. La zona dispone de tumbonas, un juego de muletas, gr\u00faa y silla anfibia.<\/p><\/td>\n    <td><a href=\"https:\/\/www.mijas.es\/wp-content\/uploads\/2023\/07\/PLAYA-EL-BOMBO-scaled.jpeg\" target=\"_blank\" rel=\"noopener\"><img decoding=\"async\" src=\"https:\/\/www.mijas.es\/wp-content\/uploads\/2023\/07\/PLAYA-EL-BOMBO-scaled.jpeg\" style=\"max-width:500px; margin-left: 20px; margin-right:auto; margin-top:20px;\" alt=\"...\" width=\"350px\" height=\"auto\"><\/a><\/td>\n  <\/tr>\n  <tr>\n    <td><p style=\"text-align: justify;\"><b>Playa del Chaparral.<\/b>Dispone de una carpa de sombra de 18m2 atendidos por 2 socorristas especializados. La zona dispone de tumbonas, un juego de muletas y silla anfibia.<\/p><\/td>\n    <td><a href=\"https:\/\/www.mijas.es\/wp-content\/uploads\/2023\/07\/PLAYA-EL-CHAPARRAL-scaled.jpeg\" target=\"_blank\" rel=\"noopener\"><img decoding=\"async\" src=\"https:\/\/www.mijas.es\/wp-content\/uploads\/2023\/07\/PLAYA-EL-CHAPARRAL-scaled.jpeg\" style=\"max-width:500px; margin-left: 20px; margin-right:auto; margin-top:20px;\" alt=\"...\" width=\"350px\" height=\"auto\"><\/a><\/td>\n  <\/tr>\n<\/table>\n\n\n\n<p><\/p>\n\n\n\n<p><\/p>\n","protected":false},"excerpt":{"rendered":"<p>En Mijas existen actualmente 4 playas que disponen de servicio de ba\u00f1o asistido para personas con movilidad reducida y\/o diversidad funcional. Estas zonas est\u00e1n provistas de sombra y disponen de tumbonas para el descanso as\u00ed como muletas y sillas anfibias para poder entrar en el agua con la asistencia de socorristas que est\u00e1n formados y [&hellip;]<\/p>\n","protected":false},"author":9,"featured_media":0,"parent":13928,"menu_order":0,"comment_status":"closed","ping_status":"closed","template":"","meta":[],"_links":{"self":[{"href":"https:\/\/www.mijas.es\/portal\/wp-json\/wp\/v2\/pages\/51348"}],"collection":[{"href":"https:\/\/www.mijas.es\/portal\/wp-json\/wp\/v2\/pages"}],"about":[{"href":"https:\/\/www.mijas.es\/portal\/wp-json\/wp\/v2\/types\/page"}],"author":[{"embeddable":true,"href":"https:\/\/www.mijas.es\/portal\/wp-json\/wp\/v2\/users\/9"}],"replies":[{"embeddable":true,"href":"https:\/\/www.mijas.es\/portal\/wp-json\/wp\/v2\/comments?post=51348"}],"version-history":[{"count":19,"href":"https:\/\/www.mijas.es\/portal\/wp-json\/wp\/v2\/pages\/51348\/revisions"}],"predecessor-version":[{"id":51372,"href":"https:\/\/www.mijas.es\/portal\/wp-json\/wp\/v2\/pages\/51348\/revisions\/51372"}],"up":[{"embeddable":true,"href":"https:\/\/www.mijas.es\/portal\/wp-json\/wp\/v2\/pages\/13928"}],"wp:attachment":[{"href":"https:\/\/www.mijas.es\/portal\/wp-json\/wp\/v2\/media?parent=51348"}],"curies":[{"name":"wp","href":"https:\/\/api.w.org\/{rel}","templated":true}]}}