{"id":50899,"date":"2023-06-23T11:36:42","date_gmt":"2023-06-23T10:36:42","guid":{"rendered":"https:\/\/www.mijas.es\/portal\/?page_id=50899"},"modified":"2025-10-08T09:52:03","modified_gmt":"2025-10-08T08:52:03","slug":"juan-carlos-cuevas-dawson","status":"publish","type":"page","link":"https:\/\/www.mijas.es\/portal\/tu-ayuntamiento\/juan-carlos-cuevas-dawson\/","title":{"rendered":"Juan Carlos Cuevas Dawson"},"content":{"rendered":"\n<style>\n.profile{\nwidth: 130px;\nfloat:left;\nborder-radius: 26px;\n}\n.profile2{\nmargin-top: 14px;\nmargin-left: 10px;\nwidth: 70px;\nfloat: left;\n}\n.texto{\n  display: inline-grid;\n margin-left: 12px;\n  vertical-align: top;\n}\n.partido{\nmargin-top:6px;\n}\n.redes{\nmargin-top: 20px;\n}\n.fa {\n  padding: 20px;\n  font-size: 30px;\n  width: 55px;\n  text-align: center;\n  text-decoration: none;\n  margin: 5px 2px;\n  border-radius: 50px;\n}\n\n.fa:hover {\n    opacity: 0.7;\n}\n\n#facebook {\n  background: #3B5998;\n  color: white;\n  text-decoration: none;\n}\n\n#twitter {\n  background: #55ACEE;\n  color: white;\ntext-decoration: none;\n}\n\n#linkedin {\n  background: #007bb5;\n  color: white;\ntext-decoration: none;\n}\n\n#youtube {\n  background: #bb0000;\n  color: white;\ntext-decoration: none;\n}\n\n#instagram {\n  background: #be279b;\n  color: white;\n  text-decoration: none;\n}\n#envelope {\n  background: #999899;\n  color: white;\n  text-decoration: none;\n}\n\n<\/style>\n<link rel=\"stylesheet\" href=\"https:\/\/cdnjs.cloudflare.com\/ajax\/libs\/font-awesome\/4.7.0\/css\/font-awesome.min.css\">\n<nav>\n  <div class=\"nav nav-tabs\" id=\"nav-tab\" role=\"tablist\">\n    <!--<a class=\"nav-item nav-link active\" id=\"nav-home-tab\" data-toggle=\"tab\" href=\"#nav-home\" role=\"tab\" aria-controls=\"nav-home\" aria-selected=\"true\">Biograf\u00eda<\/a>-->\n    <a class=\"nav-item nav-link active\" id=\"nav-profile-tab\" data-toggle=\"tab\" href=\"#nav-profile\" role=\"tab\" aria-controls=\"nav-profile\" aria-selected=\"false\">Perfil<\/a>\n  <\/div>\n<\/nav>\n<!--<div class=\"tab-content\" id=\"nav-tabContent\">\n  <div class=\"tab-pane fade show active\" id=\"nav-home\" role=\"tabpanel\" aria-labelledby=\"nav-home-tab\">\n<div>\n<br>\n<img decoding=\"async\" class=\"profile\" src=\"xxxxxxxxxxxx\"> \n<p class=\"texto\"> <b>Fecha de nacimiento:<\/b><\/p><br>\n<p class=\"texto\"> <b>Lugar de nacimiento:<\/b><\/p><br>\n<p class=\"texto\"> <b>Formaci\u00f3n acad\u00e9mica:<\/b>\n<\/p> <br>\n<p class=\"texto\"> <b>Trayectoria profesional:<\/b>\n\n<\/p>\n<br>-->\n\n\n<div class=\"tab-pane fade row  show\" id=\"nav-profile\" role=\"tabpanel\" aria-labelledby=\"nav-profile-tab\">\n\t\t\t\t<!--<p style=\"text-align: justify;\">\n\t\t\t\t\t<strong>Cargos<\/strong><\/p>-->\n<div class=\"col-md-3\">\n<img decoding=\"async\" class=\"\" width=\"100%\" src=\"https:\/\/www.mijas.es\/wp-content\/uploads\/2023\/06\/VOX%2001%20JUAN%20CARLOS%20CUEVAS%20DAWSON.jpg\">\n<\/div>\n<div class=\"col-md-9 p-3\">\n<h4><u>Cargos<\/u><\/h4>\n<div style=\"float:right\"><img decoding=\"async\" width=\"80px\" data-src=\"https:\/\/www.mijas.es\/wp-content\/uploads\/2023\/06\/logo-vox1.jpg\" class=\"profile2 lazyloaded\" src=\"https:\/\/www.mijas.es\/wp-content\/uploads\/2023\/06\/logo-vox1.jpg\"><noscript><img decoding=\"async\" class=\"profile2 lazy\" src=\"data:image\/svg+xml,%3Csvg%20xmlns='http:\/\/www.w3.org\/2000\/svg'%20viewBox='0%200%2080%2080'%3E%3C\/svg%3E\" data-src=\"https:\/\/www.mijas.es\/wp-content\/uploads\/2023\/06\/logo-vox1.jpg\" width=\"80px\"><\/noscript><\/div>\n\t<ul>\n<li style=\"text-align: justify;\">\n\t\t\t\t\t\tConcejal de Vox<\/li>\n<li style=\"text-align: justify;\">\n\t\t\t\t\t\tPortavoz del Grupo Pol\u00edtico<\/li>\n<li style=\"text-align: justify;\">\n\t\t\t\t\t\tPrimer Teniente de Alcalde<\/li>\n\t  <li style=\"text-align: justify;\">\n\t\t\t\t\t\t\u00c1rea de Presidencia<\/li>\n          <li style=\"text-align: justify;\">\n\t\t\t\t\t\tPolic\u00eda Local<\/li>\n          <li style=\"text-align: justify;\">\n\t\t\t\t\t\tUrbanizaciones<\/li>\n\t\t\t\t<\/ul>\n<h4><u>Curriculum Vitae<\/u><\/h4>\n<ul>\n\t  <li style=\"text-align: justify;\">\n                                             <a href=\"http:\/\/www.mijas.es\/wp-content\/uploads\/2025\/01\/CV%20JC%20Cuevas.pdf\" target=\"_blank\" rel=\"noopener noreferrer\">Ver<\/a>\n\t\t\t\t\t\t<\/li>\n\t\t\t\t<\/ul>\n<h4><u>Contacto<\/u><\/h4>\n\n\n<a href=\"mailto:juancarlos.cuevas@mijas.es?Subject=Consulta\" target=\"_blank\" id=\"envelope\" class=\"fa fa-envelope\" rel=\"noopener noreferrer\"><\/a> <a href=\"mailto:juancarlos.cuevas@mijas.es?Subject=Consulta\" target=\"_blank\" rel=\"noopener noreferrer\">juancarlos.cuevas@mijas.es<\/a>\n<\/ul>\n<h4><u>Retribuciones<\/u><\/h4>\n<ul>\n\t  <li style=\"text-align: justify;\">\n\t\t\t\t\t\t62.900 \u20ac\n          <\/ul>\n\n<hr>\n<p class=\"texto\"><a href=\"https:\/\/www.mijas.es\/wp-content\/uploads\/2023\/06\/20_JUAN_CARLOS_CUEVAS_DAWSON.pdf\" target=\"_blank\" rel=\"noopener\">Ver registro de actividades, bienes e intereses<\/a><\/p>\n\n<\/div>\n","protected":false},"excerpt":{"rendered":"<p>Perfil Cargos Concejal de Vox Portavoz del Grupo Pol\u00edtico Primer Teniente de Alcalde \u00c1rea de Presidencia Polic\u00eda Local Urbanizaciones Curriculum Vitae Ver Contacto juancarlos.cuevas@mijas.es Retribuciones 62.900 \u20ac Ver registro de actividades, bienes e intereses<\/p>\n","protected":false},"author":9,"featured_media":0,"parent":7,"menu_order":0,"comment_status":"closed","ping_status":"closed","template":"","meta":[],"_links":{"self":[{"href":"https:\/\/www.mijas.es\/portal\/wp-json\/wp\/v2\/pages\/50899"}],"collection":[{"href":"https:\/\/www.mijas.es\/portal\/wp-json\/wp\/v2\/pages"}],"about":[{"href":"https:\/\/www.mijas.es\/portal\/wp-json\/wp\/v2\/types\/page"}],"author":[{"embeddable":true,"href":"https:\/\/www.mijas.es\/portal\/wp-json\/wp\/v2\/users\/9"}],"replies":[{"embeddable":true,"href":"https:\/\/www.mijas.es\/portal\/wp-json\/wp\/v2\/comments?post=50899"}],"version-history":[{"count":29,"href":"https:\/\/www.mijas.es\/portal\/wp-json\/wp\/v2\/pages\/50899\/revisions"}],"predecessor-version":[{"id":62353,"href":"https:\/\/www.mijas.es\/portal\/wp-json\/wp\/v2\/pages\/50899\/revisions\/62353"}],"up":[{"embeddable":true,"href":"https:\/\/www.mijas.es\/portal\/wp-json\/wp\/v2\/pages\/7"}],"wp:attachment":[{"href":"https:\/\/www.mijas.es\/portal\/wp-json\/wp\/v2\/media?parent=50899"}],"curies":[{"name":"wp","href":"https:\/\/api.w.org\/{rel}","templated":true}]}}