{"id":50884,"date":"2023-06-23T11:00:04","date_gmt":"2023-06-23T10:00:04","guid":{"rendered":"https:\/\/www.mijas.es\/portal\/?page_id=50884"},"modified":"2026-01-02T13:18:24","modified_gmt":"2026-01-02T12:18:24","slug":"ana-carmen-mata-rico","status":"publish","type":"page","link":"https:\/\/www.mijas.es\/portal\/tu-ayuntamiento\/ana-carmen-mata-rico\/","title":{"rendered":"Ana Carmen Mata Rico"},"content":{"rendered":"\n<style>\n\n.fa {\n  padding: 20px;\n  \n  width: 55px;\n  text-align: center;\n  text-decoration: none;\n  margin: 5px 2px;\n  border-radius: 50px;\n}\n\n.fa:hover {\n    opacity: 0.7;\n}\n\n#envelope {\n  background: #999899;\n  color: white;\n  text-decoration: none;\n}\n\n<\/style>\n<nav>\n  <div class=\"nav nav-tabs\" id=\"nav-tab\" role=\"tablist\">\n\n    <a class=\"nav-item nav-link active\" id=\"nav-profile-tab\" data-toggle=\"tab\" href=\"#nav-profile\" role=\"tab\" aria-controls=\"nav-profile\" aria-selected=\"false\">Perfil<\/a>\n  <\/div>\n<\/nav>\n<!--<div class=\"tab-content\" id=\"nav-tabContent\">\n  <div class=\"tab-pane fade show active\" id=\"nav-home\" role=\"tabpanel\" aria-labelledby=\"nav-home-tab\">\n<div>\n<br>\n<img decoding=\"async\" class=\"profile\" src=\"xxxxxxxxx\"> \n<p class=\"texto\"> <b>Fecha de nacimiento:<\/b><\/p><br>\n<p class=\"texto\"> <b>Lugar de nacimiento:<\/b><\/p><br>\n<p class=\"texto\"> <b>Formaci\u00f3n acad\u00e9mica:<\/b>\n<\/p> <br>\n<p class=\"texto\"> <b>Trayectoria profesional:<\/b>\n\n<\/p>\n<br>-->\n\n<div class=\"tab-pane fade row  show\" id=\"nav-profile\" role=\"tabpanel\" aria-labelledby=\"nav-profile-tab\">\n\t\t\t\t<!--<p style=\"text-align: justify;\">\n\t\t\t\t\t<strong>Perfil<\/strong><\/p>-->\n<div class=\"col-md-3\">\n<img decoding=\"async\" class=\"\" width=\"100%\" src=\"https:\/\/www.mijas.es\/wp-content\/uploads\/2024\/04\/IMG_0759.png\">\n\n<\/div>\n<div class=\"col-md-9 p-3\">\n<div style=\"float:right\"><img decoding=\"async\" class=\"profile2\" src=\"https:\/\/www.mijas.es\/wp-content\/uploads\/2023\/11\/100px-Logo_del_PP_(2022).png\" width=\"80px\"><\/div>\n<h4><u>Cargos<\/u><\/h4>\n\t<ul>\n\t  <li style=\"text-align: justify;\">\n\t\t\t\t\t\tAlcaldesa &#8211; Presidenta<\/li>\n          <li style=\"text-align: justify;\">\n\t\t\t\t\t\tViceportavoz Segundo del Grupo Politico<\/li>\n\n<li style=\"text-align: justify;\">\n\t\t\t\t\t\t\u00c1rea de Gobierno<\/li>\n          <li style=\"text-align: justify;\">\n\t\t\t\t\t\tFamilia e Igualdad de Oportunidades<\/li>\n          <li style=\"text-align: justify;\">\n\t\t\t\t\t\tRepresentante Titular en Consejo de Administraci\u00f3n del \n                                                Consorcio de Transportes Metropolitano \u00c1rea de M\u00e1laga<\/li>\n          <li style=\"text-align: justify;\">\n\t\t\t\t\t\tRepresentante Titular en Comit\u00e9 Ejecutivo del \n                                                Consorcio de Transportes Metropolitano \u00c1rea de M\u00e1laga<\/li>\n\t\t\t\t<\/ul>\n<h4><u>Curriculum Vitae<\/u><\/h4>\n<ul>\n\t  <li style=\"text-align: justify;\">\n                                             <a href=\"http:\/\/www.mijas.es\/wp-content\/uploads\/2025\/01\/CV%20ANA%20MATA.pdf\" target=\"_blank\" rel=\"noopener noreferrer\">Ver<\/a>\n\t\t\t\t\t\t<\/li>\n\t\t\t\t<\/ul>\n<h4><u>Contacto<\/u><\/h4>\n\n\n<a href=\"mailto:alcaldia@mijas.es?Subject=Consulta\" target=\"_blank\" id=\"envelope\" class=\"fa fa-envelope\" rel=\"noopener noreferrer\"><\/a> <a href=\"mailto:alcaldia@mijas.es?Subject=Consulta\" target=\"_blank\" rel=\"noopener noreferrer\">alcaldia@mijas.es<\/a>\n<\/ul>\n<h4><u>Retribuciones<\/u><\/h4>\n<ul>\n\t  <li style=\"text-align: justify;\">\n\t\t\t\t\t\t62.900 \u20ac\n          <\/ul>\n\n<hr>\n<p class=\"texto\"><a href=\"https:\/\/www.mijas.es\/wp-content\/uploads\/2023\/06\/15_ANA_CARMEN_MATA_RICO.pdf\" target=\"_blank\" rel=\"noopener\">Ver registro de actividades, bienes e intereses 2023<\/a><\/p>\n\n<hr>\n<p class=\"texto\"><a href=\"https:\/\/www.mijas.es\/wp-content\/uploads\/2025\/10\/20251008_REGISTRO%20%20INTERESES%20ANA%20CARMEN%20MATA%20RICO.pdf\" target=\"_blank\" rel=\"noopener\">Ver registro de actividades, bienes e intereses 2024<\/a><\/p>\n\n<hr>\n<p class=\"texto\"><a href=\"https:\/\/www.mijas.es\/wp-content\/uploads\/2026\/01\/20251219_REGISTRO%20INTERESES%20ANA%20CARMEN%20MATA%20RICO%202025.pdf\" target=\"_blank\" rel=\"noopener\">Ver registro de actividades, bienes e intereses 2025<\/a><\/p>\n<hr>\n<\/div>\n\n<\/div>\n","protected":false},"excerpt":{"rendered":"<p>Perfil Cargos Alcaldesa &#8211; Presidenta Viceportavoz Segundo del Grupo Politico \u00c1rea de Gobierno Familia e Igualdad de Oportunidades Representante Titular en Consejo de Administraci\u00f3n del Consorcio de Transportes Metropolitano \u00c1rea de M\u00e1laga Representante Titular en Comit\u00e9 Ejecutivo del Consorcio de Transportes Metropolitano \u00c1rea de M\u00e1laga Curriculum Vitae Ver Contacto alcaldia@mijas.es Retribuciones 62.900 \u20ac Ver registro [&hellip;]<\/p>\n","protected":false},"author":9,"featured_media":0,"parent":7,"menu_order":0,"comment_status":"closed","ping_status":"closed","template":"","meta":[],"_links":{"self":[{"href":"https:\/\/www.mijas.es\/portal\/wp-json\/wp\/v2\/pages\/50884"}],"collection":[{"href":"https:\/\/www.mijas.es\/portal\/wp-json\/wp\/v2\/pages"}],"about":[{"href":"https:\/\/www.mijas.es\/portal\/wp-json\/wp\/v2\/types\/page"}],"author":[{"embeddable":true,"href":"https:\/\/www.mijas.es\/portal\/wp-json\/wp\/v2\/users\/9"}],"replies":[{"embeddable":true,"href":"https:\/\/www.mijas.es\/portal\/wp-json\/wp\/v2\/comments?post=50884"}],"version-history":[{"count":49,"href":"https:\/\/www.mijas.es\/portal\/wp-json\/wp\/v2\/pages\/50884\/revisions"}],"predecessor-version":[{"id":63189,"href":"https:\/\/www.mijas.es\/portal\/wp-json\/wp\/v2\/pages\/50884\/revisions\/63189"}],"up":[{"embeddable":true,"href":"https:\/\/www.mijas.es\/portal\/wp-json\/wp\/v2\/pages\/7"}],"wp:attachment":[{"href":"https:\/\/www.mijas.es\/portal\/wp-json\/wp\/v2\/media?parent=50884"}],"curies":[{"name":"wp","href":"https:\/\/api.w.org\/{rel}","templated":true}]}}