{"id":486,"date":"2013-06-02T15:32:31","date_gmt":"2013-06-02T15:32:31","guid":{"rendered":"http:\/\/localhost\/pruebaweb\/?p=486"},"modified":"2019-02-13T13:04:01","modified_gmt":"2019-02-13T13:04:01","slug":"presupuesto-e-indicadores-economicos","status":"publish","type":"page","link":"https:\/\/www.mijas.es\/portal\/presupuesto-e-indicadores-economicos\/","title":{"rendered":"Presupuestos e indicadores econ\u00f3micos"},"content":{"rendered":"\n<p>A continuaci\u00f3n se presentan para el conocimiento de los ciudadanos indicadores econ\u00f3micos del Ayuntamiento de Mijas. <\/p>\n\n\n\n<ul><li><a href=\"http:\/\/192.168.0.42\/index.php\/presupuesto-e-indicadores-economicos\/#indicadores\">Indicadores Econ\u00f3micos e Informes de Auditor\u00edas y fiscalizaci\u00f3n<\/a><\/li><li><a href=\"http:\/\/192.168.0.42\/index.php\/presupuesto-e-indicadores-economicos\/#presupuestos\">Presupuestos<\/a><\/li><li><a href=\"http:\/\/192.168.0.42\/index.php\/presupuesto-e-indicadores-economicos\/#informes\">Informes relativos al presupuesto<\/a><\/li><li><a href=\"http:\/\/192.168.0.42\/index.php\/presupuesto-e-indicadores-economicos\/#detalles\">Detalle de Presupuestos<\/a><\/li><li><a href=\"http:\/\/192.168.0.42\/index.php\/presupuesto-e-indicadores-economicos\/#modificaciones\">Modificaciones Presupuestarias<\/a><\/li><li><a href=\"http:\/\/192.168.0.42\/index.php\/presupuesto-e-indicadores-economicos\/#cuentas\">Cuentas Generales<\/a><\/li><li><a href=\"http:\/\/192.168.0.42\/index.php\/presupuesto-e-indicadores-economicos\/#administracion\">Presupuestos Administraci\u00f3n Descentralizada<\/a><\/li><li><a href=\"http:\/\/192.168.0.42\/index.php\/presupuesto-e-indicadores-economicos\/#participacion\">Participaci\u00f3n Ciudadana<\/a><\/li><\/ul>\n\n\n\n<h2 id=\"indicadores\" class=\"anchor wp-block-heading\">Indicadores Econ\u00f3micos<\/h2>\n\n\n\n<ul><li>Indicadores Econ\u00f3micos A\u00f1o 2011<\/li><li><a rel=\"noreferrer noopener\" href=\"https:\/\/www.mijas.es\/portal\/files\/adjuntos\/Contabilidad\/IndicadoresEconomicosOficialesAnuales2012.pdf\" target=\"_blank\">Indicadores Econ\u00f3micos A\u00f1o 2012<\/a><\/li><li><a rel=\"noreferrer noopener\" href=\"https:\/\/www.mijas.es\/portal\/files\/adjuntos\/Contabilidad\/IndicadoresEconomicosOficialesAnuales2012-Parte2.pdf\" target=\"_blank\">Indicadores Econ\u00f3micos a\u00f1o 2012 (Parte 2)<\/a><\/li><li><a rel=\"noreferrer noopener\" href=\"https:\/\/www.mijas.es\/portal\/files\/adjuntos\/intervencion\/2014\/MEM21_04.pdf\" target=\"_blank\">Indicadores Econ\u00f3micos a\u00f1o 2013<\/a><ul><li>Ingresos fiscales por habitante (Ingresos tributarios\/N\u00ba habitantes)<\/li><li>Endeudamiento relativo (Deuda Municipal\/Presupuesto total Ayuntamiento)<\/li><li>Inversi\u00f3n en infraestructuras por habitante (Gastos del ejercicio  (ejecutados) en inversi\u00f3n (cap\u00edtulo 6) en infraestructuras \/ N\u00ba  habitantes)<\/li><li>Informes de Auditor\u00eda de cuentas y los de Fiscalizaci\u00f3n<\/li><li>Porcentaje de ingresos derivados de Urbanismo \/ Presupuesto total de Ingresos a\u00f1o<\/li><li>Porcentaje de gastos derivados de Urbanismo \/ Presupuesto total de Ingresos a\u00f1o<\/li><\/ul><\/li><li><a rel=\"noreferrer noopener\" href=\"https:\/\/www.mijas.es\/portal\/files\/adjuntos\/Contabilidad\/Presupuesto.pdf\" target=\"_blank\">Liquidaci\u00f3n del Presupuesto 2012<\/a><\/li><li><a rel=\"noreferrer noopener\" href=\"https:\/\/www.mijas.es\/portal\/files\/adjuntos\/intervencion\/2014\/44_20140930_InformesTrimestrales_Morosidad_3T_2014.pdf\" target=\"_blank\">Informe de morosidad 2014<\/a><\/li><li><a rel=\"noreferrer noopener\" href=\"https:\/\/www.mijas.es\/portal\/files\/adjuntos\/intervencion\/2014\/63_20140930_InversionCap6PorHabitante_3T2014.pdf\" target=\"_blank\">Inversi\u00f3n en Infraestructuras por habitante 2014<\/a><\/li><li><a rel=\"noreferrer noopener\" href=\"https:\/\/www.mijas.es\/portal\/files\/adjuntos\/intervencion\/2014\/64_20140930_IngresosUrbanismoSobreTotalIngresos_3T2014.pdf\" target=\"_blank\">Proporci\u00f3n de ingresos del Urbanismo 2014<\/a> <\/li><\/ul>\n\n\n\n<h2 id=\"presupuestos\" class=\"anchor wp-block-heading\">Presupuestos<\/h2>\n\n\n\n<ul><li><a rel=\"noreferrer noopener\" href=\"https:\/\/www.mijas.es\/portal\/files\/adjuntos\/intervencion\/2014\/008_PPTO_INICIAL_CONSOLIDADO-2014.pdf\" target=\"_blank\">Presupuesto del Ayuntamiento y de\u00a0los Organismos Institucionales y Descentralizados 2014<\/a> <\/li><li>Alegaciones:<ul><li>No han habido alegaciones a los \u00faltimos presupuestos<\/li><\/ul><\/li><\/ul>\n\n\n\n<h2 id=\"informes\" class=\"anchor wp-block-heading\">Informes relativos al presupuesto<\/h2>\n\n\n\n<ul><li><a rel=\"noreferrer noopener\" href=\"https:\/\/www.mijas.es\/portal\/files\/adjuntos\/intervencion\/2014\/003_INFORME_DE_ESTABILIDAD_PRESUPUESTARIA_2014.pdf\" target=\"_blank\">Informe en relaci\u00f3n a la estabilidad presupuestaria<\/a><\/li><li><a rel=\"noreferrer noopener\" href=\"https:\/\/www.mijas.es\/portal\/files\/adjuntos\/intervencion\/2014\/003_INFORME_ECONOMICO-FINANCIERO_AYTO_2014.pdf\" target=\"_blank\">Informe econ\u00f3mico-financiero<\/a><\/li><li><a rel=\"noreferrer noopener\" href=\"https:\/\/www.mijas.es\/portal\/files\/adjuntos\/intervencion\/2014\/040_ESTADO_DE_PREVISION_DE_LA_DEUDA_2014.pdf\" target=\"_blank\">Estado de la deuda 2014<\/a><\/li><li><a rel=\"noreferrer noopener\" href=\"https:\/\/www.mijas.es\/portal\/files\/adjuntos\/intervencion\/2014\/49_20131231_CosteServicios_Liquidacion2013.pdf\" target=\"_blank\">Memoria de costes y rendimiento de los servicios 2013<\/a><\/li><li><a rel=\"noreferrer noopener\" href=\"https:\/\/www.mijas.es\/portal\/files\/adjuntos\/intervencion\/2014\/1397470719-sl-03-1-2012-res.pdf\" target=\"_blank\">Informe de la C\u00e1mara de Cuentas de Andaluc\u00eda<\/a><\/li><\/ul>\n\n\n\n<h2 id=\"detalles\" class=\"anchor wp-block-heading\">Detalle de Presupuestos<\/h2>\n\n\n\n<h3 class=\"wp-block-heading\">2014<\/h3>\n\n\n\n<ul><li><a rel=\"noreferrer noopener\" href=\"https:\/\/www.mijas.es\/portal\/files\/adjuntos\/intervencion\/2014\/007_PRESUPUESTO_DE_INGRESOS_AYTO_2014_DETALLE.pdf\" target=\"_blank\">Ingresos<\/a><\/li><li><a rel=\"noreferrer noopener\" href=\"https:\/\/www.mijas.es\/portal\/files\/adjuntos\/intervencion\/2014\/006_PRESUPUESTO_DE_GASTOS_AYTO_2014_ECONOMICA_DETALLE.PDF\" target=\"_blank\">Gastos<\/a><\/li><li><a rel=\"noreferrer noopener\" href=\"https:\/\/www.mijas.es\/portal\/files\/adjuntos\/intervencion\/2014\/001_MEMORIA_EXPLICATIVA_AYTO_PPTO_2014.pdf\" target=\"_blank\">Memoria<\/a><\/li><li><a rel=\"noreferrer noopener\" href=\"https:\/\/www.mijas.es\/portal\/files\/adjuntos\/intervencion\/2014\/78_20143009_LiquidacionPptoIngresos_3T2014.pdf\" target=\"_blank\">Estado Ingresos 2014<\/a> (3er. trimestre)<\/li><li><a rel=\"noreferrer noopener\" href=\"https:\/\/www.mijas.es\/portal\/files\/adjuntos\/intervencion\/2014\/78_20143009_LiquidacionPptoGastos_3T2014.pdf\" target=\"_blank\">Estado Gastos 2014\u00a0<\/a>(3er. trimestre)<\/li><\/ul>\n\n\n\n<h3 class=\"wp-block-heading\">2013<\/h3>\n\n\n\n<ul><li><a rel=\"noreferrer noopener\" href=\"https:\/\/www.mijas.es\/portal\/files\/adjuntos\/Contabilidad\/PRESUPUESTOINGRESOSAYTO2013_DETALLE.pdf\" target=\"_blank\">Ingresos<\/a><\/li><li><a rel=\"noreferrer noopener\" href=\"https:\/\/www.mijas.es\/portal\/files\/adjuntos\/Contabilidad\/PRESUPUESTOGASTOSAYTO2013_ECONOMICA.PDF\" target=\"_blank\">Gastos<\/a><\/li><li><a rel=\"noreferrer noopener\" href=\"https:\/\/www.mijas.es\/portal\/files\/adjuntos\/Contabilidad\/MemoriaPresupuestos2013.pdf\" target=\"_blank\">Memoria<\/a><\/li><\/ul>\n\n\n\n<h3 class=\"wp-block-heading\">2012<\/h3>\n\n\n\n<ul><li><a rel=\"noreferrer noopener\" href=\"https:\/\/www.mijas.es\/portal\/files\/adjuntos\/Contabilidad\/RESUPINGRESOSDETALLE30-06-2012.pdf\" target=\"_blank\">Ingresos<\/a><\/li><li><a rel=\"noreferrer noopener\" href=\"https:\/\/www.mijas.es\/portal\/files\/adjuntos\/Contabilidad\/PRESUPGASTOSDETALLE30-06-2012.pdf\" target=\"_blank\">Gastos<\/a><\/li><\/ul>\n\n\n\n<h2 id=\"modificaciones\" class=\"anchor wp-block-heading\">Modificaciones Presupuestarias<\/h2>\n\n\n\n<ul><li><a rel=\"noreferrer noopener\" href=\"https:\/\/www.mijas.es\/portal\/files\/adjuntos\/Contabilidad\/ModificacionPresupuestos1a.pdf\" target=\"_blank\">Modificaci\u00f3n de Cr\u00e9ditos del Patronato Municipal De Deportes<\/a><\/li><li><a rel=\"noreferrer noopener\" href=\"https:\/\/www.mijas.es\/portal\/files\/adjuntos\/Contabilidad\/ModificacionPresupuestos1b.pdf\" target=\"_blank\">Modificaci\u00f3n de Cr\u00e9ditos del ayuntamiento de Mijas. 30-05-2013<\/a><\/li><li><a rel=\"noreferrer noopener\" href=\"https:\/\/www.mijas.es\/portal\/files\/adjuntos\/intervencion\/2014\/35_20141027_GraficoModPptarias_De_20140101_A_20141027.pdf\" target=\"_blank\">Modificaciones presupuestarias 2014<\/a><\/li><\/ul>\n\n\n\n<h2 id=\"cuentas\" class=\"anchor wp-block-heading\">Cuentas Generales<\/h2>\n\n\n\n<ul><li><a href=\"https:\/\/www.mijas.es\/portal\/files\/adjuntos\/Contabilidad\/CD-CUENTAGENERAL2011.rar\">Descarga cuentas generales 2011<\/a><\/li><li><a rel=\"noreferrer noopener\" href=\"https:\/\/www.mijas.es\/portal\/files\/adjuntos\/intervencion\/2014\/Cuenta Anual Ayto Mijas 2012.zip\" target=\"_blank\">Descarga cuentas generales 2012<\/a><\/li><\/ul>\n\n\n\n<h2 id=\"administracion\" class=\"anchor wp-block-heading\">Presupuesto Administraci\u00f3n Descentralizada<\/h2>\n\n\n\n<h3 class=\"wp-block-heading\">Mijagua<\/h3>\n\n\n\n<ul><li><a rel=\"noreferrer noopener\" href=\"https:\/\/www.mijas.es\/portal\/files\/adjuntos\/intervencion\/2014\/006_PPTO_ECONOMICA_DE_GASTOS_MIJAGUA_2014_DETALLE.pdf\" target=\"_blank\">Gastos<\/a><\/li><li><a rel=\"noreferrer noopener\" href=\"https:\/\/www.mijas.es\/portal\/files\/adjuntos\/intervencion\/2014\/007_PRESUPUESTO_DE_INGRESOS_MIJAGUA_2014_RESUMEN.pdf\" target=\"_blank\">Ingresos<\/a><\/li><\/ul>\n\n\n\n<h3 class=\"wp-block-heading\">Patronato de Deportes<\/h3>\n\n\n\n<ul><li><a rel=\"noreferrer noopener\" href=\"https:\/\/www.mijas.es\/portal\/files\/adjuntos\/intervencion\/2014\/006_PRESUPUESTO_DE_GASTOS_DEPORTES_2014_ECONOMICA.pdf\" target=\"_blank\">Gastos<\/a><\/li><li><a rel=\"noreferrer noopener\" href=\"https:\/\/www.mijas.es\/portal\/files\/adjuntos\/intervencion\/2014\/007_PRESUPUESTO_DE_INGRESOS_DEPORTES_2014_DETALLE.pdf\" target=\"_blank\">Ingresos<\/a><\/li><\/ul>\n\n\n\n<h3 class=\"wp-block-heading\">Mijas Comunicaci\u00f3n<\/h3>\n\n\n\n<ul><li><a rel=\"noreferrer noopener\" href=\"https:\/\/www.mijas.es\/portal\/files\/adjuntos\/intervencion\/2014\/006_PPTO_DE_GASTOS_DETALLE_MIJAS_COMUNIC_2014.pdf\" target=\"_blank\">Gastos<\/a><\/li><li><a rel=\"noreferrer noopener\" href=\"https:\/\/www.mijas.es\/portal\/files\/adjuntos\/intervencion\/2014\/007_PPTO_DE_INGRESOS_MIJAS_COMUNIC_2014__DETALLE.pdf\" target=\"_blank\">Ingresos<\/a><\/li><\/ul>\n\n\n\n<h3 class=\"wp-block-heading\">Recursos Tur\u00edsticos<\/h3>\n\n\n\n<ul><li><a rel=\"noreferrer noopener\" href=\"https:\/\/www.mijas.es\/portal\/files\/adjuntos\/intervencion\/2014\/006_PPTO_ECONOMICA_DE_GASTOS_RRTT_2014_DETALLE.pdf\" target=\"_blank\">Gastos<\/a><\/li><li><a rel=\"noreferrer noopener\" href=\"https:\/\/www.mijas.es\/portal\/files\/adjuntos\/intervencion\/2014\/007_PRESUPUESTO_DE_INGRESOS_RRTT_2014_DETALLE.pdf\" target=\"_blank\">Ingresos<\/a><\/li><\/ul>\n\n\n\n<h3 class=\"wp-block-heading\">Universidad Popular<\/h3>\n\n\n\n<ul><li><a rel=\"noreferrer noopener\" href=\"https:\/\/www.mijas.es\/portal\/files\/adjuntos\/intervencion\/2014\/006_PRESUPUESTO_DE_GASTOS_U_POPULAR_2014_ECONOMICA.pdf\" target=\"_blank\">Gastos<\/a><\/li><li><a rel=\"noreferrer noopener\" href=\"https:\/\/www.mijas.es\/portal\/files\/adjuntos\/intervencion\/2014\/007_PRESUPUESTO_DE_INGRESOS_U_POPULAR_2014_DETALLE.pdf\" target=\"_blank\">Ingresos<\/a><\/li><li><a rel=\"noreferrer noopener\" href=\"https:\/\/www.mijas.es\/portal\/files\/adjuntos\/intervencion\/2014\/004_BASES_EJECUCION_PPTO__PATTO_UNIV_POPULAR_2014.pdf\" target=\"_blank\">Bases<\/a><\/li><\/ul>\n\n\n\n<h3 class=\"wp-block-heading\">Mijas Servicios Complementarios<\/h3>\n\n\n\n<ul><li><a rel=\"noreferrer noopener\" href=\"https:\/\/www.mijas.es\/portal\/files\/adjuntos\/intervencion\/2014\/006_PRESUPUESTO_DE_GASTOS_MSC_2014_ECONOMICA_DETALLE.pdf\" target=\"_blank\">Gastos<\/a><\/li><li><a rel=\"noreferrer noopener\" href=\"https:\/\/www.mijas.es\/portal\/files\/adjuntos\/intervencion\/2014\/007_PRESUPUESTO_DE_INGRESOS_MSC_2014_DETALLE.pdf\" target=\"_blank\">Ingresos<\/a><\/li><\/ul>\n\n\n\n<h2 id=\"participacion\" class=\"anchor wp-block-heading\">Participaci\u00f3n Ciudadana<\/h2>\n\n\n\n<p>Participa con tu idea o sugerencia en la elaboraci\u00f3n de los presupuestos municipales: <\/p>\n\n\n\n<p>Env\u00eda un correo electr\u00f3nico a la siguiente direcci\u00f3n: <a href=\"mailto:presupuesto2015@mijas.es\">presupuesto2015@mijas.es<\/a><\/p>\n","protected":false},"excerpt":{"rendered":"<p>A continuaci\u00f3n se presentan para el conocimiento de los ciudadanos indicadores econ\u00f3micos del Ayuntamiento de Mijas. Indicadores Econ\u00f3micos e Informes de Auditor\u00edas y fiscalizaci\u00f3n Presupuestos Informes relativos al presupuesto Detalle de Presupuestos Modificaciones Presupuestarias Cuentas Generales Presupuestos Administraci\u00f3n Descentralizada Participaci\u00f3n Ciudadana Indicadores Econ\u00f3micos Indicadores Econ\u00f3micos A\u00f1o 2011 Indicadores Econ\u00f3micos A\u00f1o 2012 Indicadores Econ\u00f3micos a\u00f1o 2012 [&hellip;]<\/p>\n","protected":false},"author":1,"featured_media":0,"parent":0,"menu_order":0,"comment_status":"closed","ping_status":"open","template":"","meta":[],"_links":{"self":[{"href":"https:\/\/www.mijas.es\/portal\/wp-json\/wp\/v2\/pages\/486"}],"collection":[{"href":"https:\/\/www.mijas.es\/portal\/wp-json\/wp\/v2\/pages"}],"about":[{"href":"https:\/\/www.mijas.es\/portal\/wp-json\/wp\/v2\/types\/page"}],"author":[{"embeddable":true,"href":"https:\/\/www.mijas.es\/portal\/wp-json\/wp\/v2\/users\/1"}],"replies":[{"embeddable":true,"href":"https:\/\/www.mijas.es\/portal\/wp-json\/wp\/v2\/comments?post=486"}],"version-history":[{"count":2,"href":"https:\/\/www.mijas.es\/portal\/wp-json\/wp\/v2\/pages\/486\/revisions"}],"predecessor-version":[{"id":10960,"href":"https:\/\/www.mijas.es\/portal\/wp-json\/wp\/v2\/pages\/486\/revisions\/10960"}],"wp:attachment":[{"href":"https:\/\/www.mijas.es\/portal\/wp-json\/wp\/v2\/media?parent=486"}],"curies":[{"name":"wp","href":"https:\/\/api.w.org\/{rel}","templated":true}]}}