{"id":47240,"date":"2022-08-12T11:37:12","date_gmt":"2022-08-12T10:37:12","guid":{"rendered":"https:\/\/www.mijas.es\/portal\/?page_id=47240"},"modified":"2026-02-13T12:39:37","modified_gmt":"2026-02-13T11:39:37","slug":"prevencion-de-incendios-forestales","status":"publish","type":"page","link":"https:\/\/www.mijas.es\/portal\/medio-ambiente\/prevencion-de-incendios-forestales\/","title":{"rendered":"Prevenci\u00f3n de Incendios Forestales"},"content":{"rendered":"\n<p>El <strong>Plan Local de Emergencia por Incendios Forestales (PLEIF) del municipio de Mijas<\/strong> fue aprobado por el Ayuntamiento Pleno en sesi\u00f3n ordinaria de fecha 2\/08\/2002, siendo revisado posteriormente mediante acuerdo del Ayuntamiento Pleno en sesi\u00f3n ordinaria de fecha 23\/12\/2010. Asimismo, en sesi\u00f3n ordinaria de fecha 18\/05\/2016, la Junta de Gobierno Local acord\u00f3 la aprobaci\u00f3n de una nueva revisi\u00f3n y actualizaci\u00f3n \u00edntegra del Plan, previo informe preceptivo favorable de la Delegaci\u00f3n Territorial de la Junta de Andaluc\u00eda con competencias en la materia. Finalmente, con fecha 16\/06\/2021, la Junta de Gobierno Local acuerda en sesi\u00f3n ordinaria la aprobaci\u00f3n del documento de revisi\u00f3n y actualizaci\u00f3n del PLEIF del municipio de Mijas.<\/p>\n\n\n\n<div class=\"wp-block-columns is-layout-flex wp-container-2\">\n<div class=\"wp-block-column is-layout-flow\" style=\"flex-basis:100%\">\n<figure class=\"\"><img decoding=\"async\" width=\"100%\" src=\"https:\/\/www.mijas.es\/wp-content\/uploads\/2022\/08\/Desbroce-vial-1.jpg\" alt=\"\" class=\"wp-image-47246\"><\/figure>\n<\/div>\n<\/div>\n\n\n\n<p><br><\/p>\n\n\n\n<p>Cabe rese\u00f1ar que el municipio de Mijas est\u00e1 catalogado como Zona de Peligro por el riesgo de incendios forestales (Decreto 371\/2010, de 14 de septiembre), por lo que <strong>todas las urbanizaciones y n\u00facleos de poblaci\u00f3n aislada est\u00e1n obligadas a elaborar y <\/strong><strong>ejecutar <\/strong><strong>sus Planes de Autoprotecci\u00f3n contra Incendios Forestales (PAIF)<\/strong> de conformidad con lo establecido en la <em>Ley 5\/1999, de 29 de junio, de Prevenci\u00f3n y Lucha contra los Incendios Forestales<\/em>.<\/p>\n\n\n\n<p>Igualmente, <strong>todas las viviendas aisladas<\/strong> deben realizar las medidas preventivas que se indican seguidamente.<\/p>\n\n\n\n<p>Por ello, y en la confianza de que tod@s deseamos colaborar con una mayor seguridad y protecci\u00f3n contra los incendios forestales, le invitamos a consultar la informaci\u00f3n divulgativa que a continuaci\u00f3n se ofrece.<\/p>\n\n\n\n<p>Y recuerde, si ve llamas&#8230; LLAMA AL 112.<\/p>\n\n\n\n<p>&#8211; Prevenci\u00f3n en Viviendas diseminadas y Urbanizaciones<\/p>\n\n\n\n<ul>\n<li><a href=\"https:\/\/www.mijas.es\/wp-content\/uploads\/2022\/08\/1.-Prevencion-Viviendas-y-Urbanizaciones.pdf\" data-type=\"URL\" data-id=\"https:\/\/www.mijas.es\/wp-content\/uploads\/2022\/08\/1.-Prevencion-Viviendas-y-Urbanizaciones.pdf\" target=\"_blank\" rel=\"noreferrer noopener\">Documentaci\u00f3n en espa\u00f1ol<\/a><\/li>\n\n\n\n<li><a href=\"https:\/\/www.mijas.es\/wp-content\/uploads\/2022\/08\/2.-Prevencion-Viviendas-y-Urbanizaciones-INGLES.pdf\" data-type=\"URL\" data-id=\"https:\/\/www.mijas.es\/wp-content\/uploads\/2022\/08\/2.-Prevencion-Viviendas-y-Urbanizaciones-INGLES.pdf\" target=\"_blank\" rel=\"noreferrer noopener\">English documentation<\/a><\/li>\n<\/ul>\n\n\n\n<p>&#8211; Prevenci\u00f3n y Autoprotecci\u00f3n en la Interfaz Urbano-Forestal<\/p>\n\n\n\n<ul>\n<li><a href=\"https:\/\/www.mijas.es\/wp-content\/uploads\/2026\/02\/Triptico_prevencio%CC%81n_en_la_interfaz_en_castellano.pdf\" data-type=\"URL\" data-id=\"https:\/\/www.mijas.es\/wp-content\/uploads\/2022\/08\/3.-Interfaz-ESP.pdf\" target=\"_blank\" rel=\"noreferrer noopener\">Documentaci\u00f3n en espa\u00f1ol<\/a><\/li>\n\n\n\n<li><a href=\"https:\/\/www.mijas.es\/wp-content\/uploads\/2026\/02\/Triptico_prevencion_interfaz_en_ingles.pdf\" data-type=\"URL\" data-id=\"https:\/\/www.mijas.es\/wp-content\/uploads\/2022\/08\/4.-Interfaz-ING.pdf\" target=\"_blank\" rel=\"noreferrer noopener\">English documentation<\/a><\/li>\n<\/ul>\n\n\n\n<p>&#8211; Prevenci\u00f3n de incendios en alojamientos rurales<\/p>\n\n\n\n<ul>\n<li><a href=\"https:\/\/www.mijas.es\/wp-content\/uploads\/2026\/02\/Prevencion_de_incendios_en_alojamientos_rurales.pdf\" data-type=\"URL\" data-id=\"https:\/\/www.mijas.es\/wp-content\/uploads\/2022\/08\/3.-Interfaz-ESP.pdf\" target=\"_blank\" rel=\"noreferrer noopener\">Documentaci\u00f3n en espa\u00f1ol<\/a><\/li>\n\n\n\n<li><a href=\"https:\/\/www.mijas.es\/wp-content\/uploads\/2026\/02\/Prevencion_de_incendios_en_alojamientos_rurales_en_ingles.pdf\" data-type=\"URL\" data-id=\"https:\/\/www.mijas.es\/wp-content\/uploads\/2022\/08\/4.-Interfaz-ING.pdf\" target=\"_blank\" rel=\"noreferrer noopener\">English documentation<\/a><\/li>\n<\/ul>\n\n\n\n<p>&#8211; Gu\u00eda de elaboraci\u00f3n de los PAIF &#8211; <a href=\"https:\/\/www.mijas.es\/wp-content\/uploads\/2026\/02\/PAIF.pdf\" target=\"_blank\" rel=\"noreferrer noopener\">Ver<\/a><\/p>\n\n\n\n<p>&#8211; Ordenanza reguladora de los Planes de Autoprotecci\u00f3n &#8211; <a href=\"https:\/\/www.mijas.es\/wp-content\/uploads\/2022\/08\/Ordenanza-PAIF.pdf\" data-type=\"URL\" data-id=\"https:\/\/www.mijas.es\/wp-content\/uploads\/2022\/08\/Ordenanza-PAIF.pdf\" target=\"_blank\" rel=\"noreferrer noopener\">Documentaci\u00f3n (PDF)<\/a><\/p>\n\n\n\n<p><\/p>\n\n\n\n<p>Para cualquier consulta que desee realizar puede contactar con este departamento en <a href=\"mailto:medioambiente@mijas.es\">medioambiente@mijas.es<\/a><\/p>\n","protected":false},"excerpt":{"rendered":"<p>El Plan Local de Emergencia por Incendios Forestales (PLEIF) del municipio de Mijas fue aprobado por el Ayuntamiento Pleno en sesi\u00f3n ordinaria de fecha 2\/08\/2002, siendo revisado posteriormente mediante acuerdo del Ayuntamiento Pleno en sesi\u00f3n ordinaria de fecha 23\/12\/2010. Asimismo, en sesi\u00f3n ordinaria de fecha 18\/05\/2016, la Junta de Gobierno Local acord\u00f3 la aprobaci\u00f3n de [&hellip;]<\/p>\n","protected":false},"author":1,"featured_media":0,"parent":12115,"menu_order":0,"comment_status":"closed","ping_status":"closed","template":"","meta":[],"_links":{"self":[{"href":"https:\/\/www.mijas.es\/portal\/wp-json\/wp\/v2\/pages\/47240"}],"collection":[{"href":"https:\/\/www.mijas.es\/portal\/wp-json\/wp\/v2\/pages"}],"about":[{"href":"https:\/\/www.mijas.es\/portal\/wp-json\/wp\/v2\/types\/page"}],"author":[{"embeddable":true,"href":"https:\/\/www.mijas.es\/portal\/wp-json\/wp\/v2\/users\/1"}],"replies":[{"embeddable":true,"href":"https:\/\/www.mijas.es\/portal\/wp-json\/wp\/v2\/comments?post=47240"}],"version-history":[{"count":13,"href":"https:\/\/www.mijas.es\/portal\/wp-json\/wp\/v2\/pages\/47240\/revisions"}],"predecessor-version":[{"id":63557,"href":"https:\/\/www.mijas.es\/portal\/wp-json\/wp\/v2\/pages\/47240\/revisions\/63557"}],"up":[{"embeddable":true,"href":"https:\/\/www.mijas.es\/portal\/wp-json\/wp\/v2\/pages\/12115"}],"wp:attachment":[{"href":"https:\/\/www.mijas.es\/portal\/wp-json\/wp\/v2\/media?parent=47240"}],"curies":[{"name":"wp","href":"https:\/\/api.w.org\/{rel}","templated":true}]}}