{"id":46690,"date":"2022-06-23T13:55:24","date_gmt":"2022-06-23T12:55:24","guid":{"rendered":"https:\/\/www.mijas.es\/portal\/?page_id=46690"},"modified":"2026-01-29T10:12:53","modified_gmt":"2026-01-29T09:12:53","slug":"subvenciones-ampas","status":"publish","type":"page","link":"https:\/\/www.mijas.es\/portal\/educacion\/subvenciones-ampas\/","title":{"rendered":"Subvenciones AMPAS"},"content":{"rendered":"\n<p><strong>Subvenciones AMPAS 2023\/2024<\/strong><\/p>\n\n\n\n<p><a rel=\"noreferrer noopener\" href=\"https:\/\/www.mijas.es\/wp-content\/uploads\/2026\/01\/20251205_Otros_CONVOCATORIA%20%20SUBVENCIONES%20AMPAS%202025.pdf\" data-type=\"URL\" data-id=\"https:\/\/www.mijas.es\/wp-content\/uploads\/2024\/10\/COMUNICACION-REFERENTE-SUBVENCION-AMPAS-CURSO-2023-2024.-FIRMADO.pdf\" target=\"_blank\">Comunicaci\u00f3n Subvenciones AMPAS Curso 202<\/a><a rel=\"noreferrer noopener\" href=\"https:\/\/www.mijas.es\/wp-content\/uploads\/2026\/01\/20251205_Otros_CONVOCATORIA%20%20SUBVENCIONES%20AMPAS%202025.pdf\" data-type=\"URL\" data-id=\"https:\/\/www.mijas.es\/wp-content\/uploads\/2024\/10\/COMUNICACION-REFERENTE-SUBVENCION-AMPAS-CURSO-2023-2024.-FIRMADO.pdf\" target=\"_blank\">4<\/a><a rel=\"noreferrer noopener\" href=\"https:\/\/www.mijas.es\/wp-content\/uploads\/2026\/01\/20251205_Otros_CONVOCATORIA%20%20SUBVENCIONES%20AMPAS%202025.pdf\" data-type=\"URL\" data-id=\"https:\/\/www.mijas.es\/wp-content\/uploads\/2024\/10\/COMUNICACION-REFERENTE-SUBVENCION-AMPAS-CURSO-2023-2024.-FIRMADO.pdf\" target=\"_blank\">-2025<\/a> <\/p>\n\n\n\n<p>As\u00ed mismo, no duden en contactar con el \u00c1rea de Educaci\u00f3n, para cualquier duda o consulta a trav\u00e9s del correo electr\u00f3nico: educacion@mijas.es.<\/p>\n\n\n\n<ul>\n<li>Anexo I \u2013 Solicitud &#8211; <a href=\"https:\/\/www.mijas.es\/wp-content\/uploads\/2026\/01\/20260115_Otros_ANEXO%20I-SOLICITUD%20DE%20SUBVENCI%C3%93N%20A%20LAS%20AMPAS%20PROCEDIMIENTO%20DE%20CONCURRENCIA%20COMPETITIVA.pdf\" data-type=\"URL\" data-id=\"https:\/\/www.mijas.es\/wp-content\/uploads\/2024\/10\/ANEXO-I.pdf\" target=\"_blank\" rel=\"noreferrer noopener\">Descargar<\/a><\/li>\n\n\n\n<li>Anexo I.I \u2013 Certificado de acuerdo de la Junta Directiva de la entidad &#8211; <a rel=\"noreferrer noopener\" href=\"https:\/\/www.mijas.es\/wp-content\/uploads\/2026\/01\/20260115_Otros_ANEXO%20I.I-CERTIFICADO%20DE%20ACUERDO%20DE%20LA%20JUNTA%20DIRECTIVA%20DE%20LA%20ENTIDAD.pdf\" data-type=\"URL\" data-id=\"https:\/\/www.mijas.es\/wp-content\/uploads\/2024\/10\/ANEXO-II.pdf\" target=\"_blank\">Descargar<\/a><\/li>\n\n\n\n<li>Anexo I.II \u2013 Ficha t\u00e9cnica del proyecto &#8211; <a href=\"https:\/\/www.mijas.es\/wp-content\/uploads\/2026\/01\/20260116_Otros_ANEXO%20I.II-FICHA%20T%C3%89CNICA%20DEL%20PROYECTO.pdf\" data-type=\"URL\" target=\"_blank\" rel=\"noreferrer noopener\">Descargar<\/a><\/li>\n\n\n\n<li>Anexo I.III &#8211; Justificaci\u00f3n de la subvenci\u00f3n al proyecto &#8211; <a href=\"https:\/\/www.mijas.es\/wp-content\/uploads\/2026\/01\/20260116_Otros_ANEXO%20I.III-JUSTIFICACI%C3%93N%20DE%20LA%20SUBVENCI%C3%93N%20AL%20PROYECTO.pdf\" data-type=\"URL\" target=\"_blank\" rel=\"noreferrer noopener\">Descargar<\/a><\/li>\n\n\n\n<li>Anexo I.IV \u2013 Declaraci\u00f3n Responsable de la ejecuci\u00f3n del proyecto &#8211; <a rel=\"noreferrer noopener\" href=\"https:\/\/www.mijas.es\/wp-content\/uploads\/2026\/01\/20260116_Otros_ANEXO%20I.IV-DECLARACI%C3%93N%20RESPONSABLE%20DE%20LA%20EJECUCI%C3%93N%20DEL%20PROYECTO.pdf\" data-type=\"URL\" data-id=\"https:\/\/www.mijas.es\/wp-content\/uploads\/2024\/10\/ANEXO-VI.pdf\" target=\"_blank\">Descargar<\/a><\/li>\n\n\n\n<li>Anexo II \u2013 Autorizaci\u00f3n de cesi\u00f3n de datos personales &#8211; <a href=\"https:\/\/www.mijas.es\/wp-content\/uploads\/2026\/01\/20260116_Otros_ANEXO%20II.b)%20(OGS)-AUTORIZACI%C3%93N%20AL%20AYUNTAMIENTO%20PARA%20RECABAR%20INFORMACI%C3%93N.pdf\" data-type=\"URL\" target=\"_blank\" rel=\"noreferrer noopener\">Descargar<\/a><\/li>\n\n\n\n<li>Anexo III &#8211; Declaraci\u00f3n Responsable supuestos de personas jur\u00eddicas, entidades o asociaciones &#8211; <a href=\"https:\/\/www.mijas.es\/wp-content\/uploads\/2026\/01\/20260116_Otros_ANEXO%20III.b)%20(OGS)-DECLARACI%C3%93N%20RESPONSABLE%20SUPUESTOS%20DE%20PERSONAS%20JUR%C3%8DDICAS%2C%20ENTIDADES%20O%20ASOCIACIONES.pdf\" data-type=\"URL\" data-id=\"https:\/\/www.mijas.es\/wp-content\/uploads\/2024\/10\/ANEXO-VI.pdf\" target=\"_blank\" rel=\"noreferrer noopener\">Descargar<\/a><\/li>\n\n\n\n<li>Anexo IV \u2013 Informaci\u00f3n sobre protecci\u00f3n de datos de car\u00e1cter personal &#8211; <a rel=\"noreferrer noopener\" href=\"https:\/\/www.mijas.es\/wp-content\/uploads\/2026\/01\/20260116_Otros_ANEXO%20IV%20(OGS)-INFORMACI%C3%93N%20SOBRE%20PROTECCION%20DE%20DATOS%20DE%20CAR%C3%81CTER%20PERSONAL.pdf\" data-type=\"URL\" target=\"_blank\">Descargar<\/a><\/li>\n<\/ul>\n","protected":false},"excerpt":{"rendered":"<p>Subvenciones AMPAS 2023\/2024 Comunicaci\u00f3n Subvenciones AMPAS Curso 2024-2025 As\u00ed mismo, no duden en contactar con el \u00c1rea de Educaci\u00f3n, para cualquier duda o consulta a trav\u00e9s del correo electr\u00f3nico: educacion@mijas.es.<\/p>\n","protected":false},"author":9,"featured_media":12890,"parent":266,"menu_order":0,"comment_status":"closed","ping_status":"closed","template":"","meta":[],"_links":{"self":[{"href":"https:\/\/www.mijas.es\/portal\/wp-json\/wp\/v2\/pages\/46690"}],"collection":[{"href":"https:\/\/www.mijas.es\/portal\/wp-json\/wp\/v2\/pages"}],"about":[{"href":"https:\/\/www.mijas.es\/portal\/wp-json\/wp\/v2\/types\/page"}],"author":[{"embeddable":true,"href":"https:\/\/www.mijas.es\/portal\/wp-json\/wp\/v2\/users\/9"}],"replies":[{"embeddable":true,"href":"https:\/\/www.mijas.es\/portal\/wp-json\/wp\/v2\/comments?post=46690"}],"version-history":[{"count":12,"href":"https:\/\/www.mijas.es\/portal\/wp-json\/wp\/v2\/pages\/46690\/revisions"}],"predecessor-version":[{"id":63392,"href":"https:\/\/www.mijas.es\/portal\/wp-json\/wp\/v2\/pages\/46690\/revisions\/63392"}],"up":[{"embeddable":true,"href":"https:\/\/www.mijas.es\/portal\/wp-json\/wp\/v2\/pages\/266"}],"wp:featuredmedia":[{"embeddable":true,"href":"https:\/\/www.mijas.es\/portal\/wp-json\/wp\/v2\/media\/12890"}],"wp:attachment":[{"href":"https:\/\/www.mijas.es\/portal\/wp-json\/wp\/v2\/media?parent=46690"}],"curies":[{"name":"wp","href":"https:\/\/api.w.org\/{rel}","templated":true}]}}