{"id":4608,"date":"2015-09-22T08:11:47","date_gmt":"2015-09-22T08:11:47","guid":{"rendered":"http:\/\/localhost\/pruebaweb\/?p=4608"},"modified":"2026-04-10T07:43:44","modified_gmt":"2026-04-10T06:43:44","slug":"tenencias-de-alcaldia","status":"publish","type":"page","link":"https:\/\/www.mijas.es\/portal\/tu-ayuntamiento\/tenencias-de-alcaldia\/","title":{"rendered":"Tenencias de Alcald&iacute;a"},"content":{"rendered":"<div class=\"container\">\n<section id=\"primary\" class=\"content-area col-sm-12 col-lg-12\"><main id=\"main\" class=\"site-main\" role=\"main\"><\/p>\n<div class=\"row\">\n<div class=\"col-md-12\">\n<p>El Ayuntamiento de Mijas, adem\u00e1s de contar con su sede principal, situada en Mijas Pueblo, cuenta con dos tenencias de alcald\u00eda, en los n\u00facleos de Las Lagunas y La Cala. Estas dos tenencias de Alcald\u00eda cuentan con servicios propios.<\/p>\n<\/div>\n<\/div>\n<div class=\"row\">\n<div class=\"col-md-12\">\n<ul id=\"myTab\" class=\"nav nav-tabs\" role=\"tablist\">\n<li class=\"nav-item\"><a id=\"lasLagunas-tab\" class=\"nav-link active\" role=\"tab\" href=\"#lasLagunas\" data-toggle=\"tab\" aria-controls=\"lasLagunas\" aria-selected=\"true\">Tenencia de Las Lagunas<\/a><\/li>\n<li class=\"nav-item\"><a id=\"laCala-tab\" class=\"nav-link\" role=\"tab\" href=\"#laCala\" data-toggle=\"tab\" aria-controls=\"laCala\" aria-selected=\"false\">Tenencia de La Cala<\/a><\/li>\n<li class=\"nav-item\"><a id=\"otrosEntes-tab\" class=\"nav-link\" role=\"tab\" href=\"#otrosEntes\" data-toggle=\"tab\" aria-controls=\"otrosEntes\" aria-selected=\"false\">Otros entes municipales<\/a><\/li>\n<\/ul>\n<div id=\"myTabContent\" class=\"tab-content\">\n<div id=\"lasLagunas\" class=\"tab-pane fade show active\" role=\"tabpanel\" aria-labelledby=\"lasLagunas-tab\">\n<ul class=\"list-group list-group-flush\">\n<li class=\"list-group-item\"><strong>Direcci\u00f3n:<\/strong> C\/ R\u00edo Adra, 25 &#8211; Las Lagunas (Mijas Costa), 29649 M\u00e1laga<\/li>\n<li><strong>Horario:<\/strong>\n<ul>\n<li>Lunes a Viernes de 9:00h a 14:00 h<\/li>\n<li>Martes y Jueves de 16:00h a 19:00h <em>(Solo Atenci\u00f3n Ciudadana)<\/em><\/li>\n<\/ul>\n<\/li>\n<li><strong>Horario<\/strong>\u00a0<strong>Verano (Julio y Agosto)<\/strong>:\n<ul>\n<li>Lunes a Viernes de 9:00h a 14:00 h<\/li>\n<li>Martes de 16:00h a 19:00h <em>(Solo Atenci\u00f3n Ciudadana)<\/em><\/li>\n<\/ul>\n<\/li>\n<li class=\"list-group-item\"><strong>Tel\u00e9fonos:<\/strong> 952 59 36 44<\/li>\n<li class=\"list-group-item\"><strong>Servicios disponibles:<\/strong><\/li>\n<\/ul>\n<div class=\"row\">\n<div class=\"col-md-6\">\n<div class=\"card\">\n<h5 class=\"card-header\">Servicio de Atenci\u00f3n Ciudadana<\/h5>\n<div class=\"card-body\"><a href=\"mailto:info@mijas.es\">info@mijas.es<\/a><\/p>\n<ul class=\"list-group\">\n<li class=\"list-group-item\">Registro General de Entrada y Salida<\/li>\n<li class=\"list-group-item\">Empadronamiento<\/li>\n<li class=\"list-group-item\">Informaci\u00f3n en General<\/li>\n<\/ul>\n<\/div>\n<\/div>\n<\/div>\n<div class=\"col-md-6\">\n<div class=\"card\">\n<h5 class=\"card-header\">Recaudaci\u00f3n<\/h5>\n<div class=\"card-body\"><a href=\"mailto:recaudacion.laslagunas@mijas.es\">recaudacion.laslagunas@mijas.es<\/a><\/p>\n<ul class=\"list-group\">\n<li class=\"list-group-item\">Cobro de recibos<\/li>\n<li class=\"list-group-item\">Emisi\u00f3n de cartas de pago<\/li>\n<li class=\"list-group-item\">Fraccionamiento de deudas<\/li>\n<li class=\"list-group-item\">Domiciliaciones bancarias<\/li>\n<\/ul>\n<\/div>\n<\/div>\n<\/div>\n<\/div>\n<div class=\"row\">\n<div class=\"col-md-6\">\n<div class=\"card\">\n<h5 class=\"card-header\">Participaci\u00f3n Ciudadana<\/h5>\n<div class=\"card-body\"><a href=\"mailto:asociaciones@mijas.es\">participa@mijas.es<\/a><\/p>\n<ul class=\"list-group\">\n<li class=\"list-group-item\">Registro municipal de asociaciones<\/li>\n<li class=\"list-group-item\">Atenci\u00f3n a asociaciones<\/li>\n<li class=\"list-group-item\">Acciones de deliberaci\u00f3n participativa<\/li>\n<\/ul>\n<\/div>\n<\/div>\n<\/div>\n<div class=\"col-md-6\">\n<div class=\"card\">\n<h5 class=\"card-header\">Gesti\u00f3n Tributaria<\/h5>\n<div class=\"card-body\"><a href=\"mailto:gestiontributaria@mijas.es\">gestiontributaria@mijas.es<\/a><\/p>\n<ul class=\"list-group\">\n<li class=\"list-group-item\"><a href=\"https:\/\/www.mijas.es\/files\/adjuntos\/geomap\/lasLagunasCatastral.pdf\" target=\"_blank\" rel=\"noopener noreferrer\">Punto de informaci\u00f3n catastral<\/a><\/li>\n<li class=\"list-group-item\">Autoliquidaci\u00f3n de plusval\u00eda (IIVTNU)<\/li>\n<li class=\"list-group-item\">Alta y baja del impuesto de tracci\u00f3n mec\u00e1nica de veh\u00edculos (IVTM)<\/li>\n<li class=\"list-group-item\">Declaraci\u00f3n catastral por cambio de titular<\/li>\n<li class=\"list-group-item\">Emisi\u00f3n de cartas de pago de expedientes de gesti\u00f3n tributaria<\/li>\n<li class=\"list-group-item\">Informaci\u00f3n general de tributos y tasas municipales<\/li>\n<\/ul>\n<\/div>\n<\/div>\n<\/div>\n<\/div>\n<div class=\"row\">\n<div class=\"col-md-6\">\n<div class=\"card\">\n<h5 class=\"card-header\">Punto de informaci\u00f3n catastral<\/h5>\n<div class=\"card-body\" align=\"center\"><a href=\"https:\/\/www.mijas.es\/files\/imagen\/alcaldia\/tenencias\/laslagunas.png\" target=\"_blank\" rel=\"noopener noreferrer\"><br \/>\n<img decoding=\"async\" style=\"width: 289px; height: 250px;\" src=\"https:\/\/www.mijas.es\/files\/imagen\/alcaldia\/tenencias\/laslagunas.png\" alt=\"\" \/><br \/>\n<\/a><\/div>\n<\/div>\n<\/div>\n<div class=\"col-md-6\">\n<div class=\"card\">\n<h5 class=\"card-header\">Otros servicios<\/h5>\n<div class=\"card-body\">\n<h5>Educaci\u00f3n<\/h5>\n<p><a href=\"mailto:educacion@mijas.es\">educacion@mijas.es<\/a><\/p>\n<h5>Transportes<\/h5>\n<p><a href=\"mailto:transportes@mijas.es\">transportes@mijas.es<\/a><\/p>\n<h5>Recursos Humanos<\/h5>\n<p><a href=\"mailto:recursoshumanos@mijas.es\">recursoshumanos@mijas.es<\/a><\/p>\n<h5>Notificadores<\/h5>\n<p><a href=\"mailto:fbarranquero@mijas.es\">fbarranquero@mijas.es<\/a><\/p>\n<h5>Fiestas y Tradiciones<\/h5>\n<p><a href=\"mailto:eventos@mijas.es\">eventos@mijas.es<\/a><\/p>\n<\/div>\n<\/div>\n<\/div>\n<\/div>\n<div class=\"row\">\n<div class=\"col-md-12\">\n<h4>\u00a1Encu\u00e9ntranos!<\/h4>\n<\/div>\n<div class=\"col-md-12\"><iframe style=\"border: 0;\" src=\"https:\/\/www.google.com\/maps\/embed?pb=!1m18!1m12!1m3!1d3205.4976737081556!2d-4.6422948842552465!3d36.54211148000256!2m3!1f0!2f0!3f0!3m2!1i1024!2i768!4f13.1!3m3!1m2!1s0xd72e21631529807%3A0x33d2f76f4cc2921a!2sTenencia+de+Alcald%C3%ADa!5e0!3m2!1ses!2ses!4v1542182189068\" width=\"100%\" height=\"450\" frameborder=\"0\" allowfullscreen=\"allowfullscreen\"><\/iframe><\/div>\n<\/div>\n<\/div>\n<div id=\"laCala\" class=\"tab-pane fade\" role=\"tabpanel\" aria-labelledby=\"laCala-tab\">\n<ul class=\"list-group list-group-flush\">\n<li class=\"list-group-item\"><strong>Direcci\u00f3n:<\/strong> Edificio Cala del Sol, Bulevar La Cala 45, La Cala, 29649 M\u00e1laga<\/li>\n<li class=\"list-group-item\"><strong>Horario de oficinas:<\/strong> de 9:00 a 14:00 horas<\/li>\n<li class=\"list-group-item\"><strong>Tel\u00e9fonos:<\/strong> 952 49 32 08 \/ 952 49 32 51<\/li>\n<li class=\"list-group-item\"><strong>Fax:<\/strong> 952 49 41 87<\/li>\n<li class=\"list-group-item\"><strong>Servicios disponibles:<\/strong><\/li>\n<\/ul>\n<div class=\"row\">\n<div class=\"col-md-6\">\n<div class=\"card\">\n<h5 class=\"card-header\">Servicio de Atenci\u00f3n Ciudadana<\/h5>\n<div class=\"card-body\"><a href=\"mailto:info@mijas.es\">info@mijas.es<\/a><\/p>\n<ul class=\"list-group\">\n<li class=\"list-group-item\">Registro General de Entrada y Salida<\/li>\n<li class=\"list-group-item\">Empadronamiento<\/li>\n<li class=\"list-group-item\">Atenci\u00f3n e informaci\u00f3n en General<\/li>\n<li class=\"list-group-item\">Informaci\u00f3n Urban\u00edstica<\/li>\n<li class=\"list-group-item\">Licencias de obras mayores y menores<\/li>\n<li class=\"list-group-item\">Licencias de apertura, cambio de titular y cambio de actividad<\/li>\n<\/ul>\n<\/div>\n<\/div>\n<\/div>\n<div class=\"col-md-6\">\n<div class=\"card\">\n<h5 class=\"card-header\">Recaudaci\u00f3n<\/h5>\n<div class=\"card-body\"><a href=\"mailto:recaudacion.lacala@mijas.es\">recaudacion.lacala@mijas.es<\/a><\/p>\n<ul class=\"list-group\">\n<li class=\"list-group-item\">Cobros<\/li>\n<li class=\"list-group-item\">Fraccionamientos<\/li>\n<li class=\"list-group-item\">Informaci\u00f3n en general<\/li>\n<\/ul>\n<\/div>\n<\/div>\n<\/div>\n<\/div>\n<div class=\"row\">\n<div class=\"col-md-6\">\n<div class=\"card\">\n<div class=\"card-body\"><\/div>\n<\/div>\n<\/div>\n<div class=\"row\">\n<div class=\"col-md-6\">\n<div class=\"card\">\n<h5 class=\"card-header\">Medio Ambiente<\/h5>\n<div class=\"card-body\"><a href=\"mailto:medioambiente@mijas.es\">medioambiente@mijas.es<\/a><\/div>\n<\/div>\n<\/div>\n<div class=\"col-md-6\">\n<div class=\"card\">\n<h5 class=\"card-header\">Gesti\u00f3n Tributaria<\/h5>\n<div class=\"card-body\"><a href=\"mailto:gestiontributaria.lacala@mijas.es\">gestiontributaria.lacala@mijas.es<\/a><\/p>\n<ul class=\"list-group\">\n<li class=\"list-group-item\"><a href=\"https:\/\/www.mijas.es\/files\/adjuntos\/geomap\/laCalaCatastral.pdf\" target=\"_blank\" rel=\"noopener noreferrer\">Punto de informaci\u00f3n catastral<\/a><\/li>\n<li class=\"list-group-item\">Liquidaci\u00f3n de expedientes de plusval\u00edas<\/li>\n<li class=\"list-group-item\">Depuraci\u00f3n de datos tributarios<\/li>\n<li class=\"list-group-item\">Dep\u00f3sito previos de todos los expedientes que lo requieren<\/li>\n<li class=\"list-group-item\">Cambio de titularidad<\/li>\n<li class=\"list-group-item\">Altas en veh\u00edculos<\/li>\n<li class=\"list-group-item\">Certificaciones Catastrales<\/li>\n<li class=\"list-group-item\">IBI<\/li>\n<\/ul>\n<\/div>\n<\/div>\n<\/div>\n<\/div>\n<div class=\"row\">\n<div class=\"col-md-6\">\n<div class=\"card\">\n<h5 class=\"card-header\"><\/h5>\n<\/div>\n<\/div>\n<div class=\"col-md-6\">\n<div class=\"card\">\n<div class=\"card-body\"><\/div>\n<\/div>\n<\/div>\n<\/div>\n<div class=\"row\">\n<div class=\"col-md-6\">\n<div class=\"card\">\n<h5 class=\"card-header\">Punto de informaci\u00f3n catastral<\/h5>\n<div class=\"card-body\" align=\"center\"><a href=\"https:\/\/www.mijas.es\/files\/imagen\/alcaldia\/tenencias\/lacala.png\" target=\"_blank\" rel=\"noopener noreferrer\"><br \/>\n<img decoding=\"async\" style=\"width: 289px; height: 250px;\" src=\"https:\/\/www.mijas.es\/files\/imagen\/alcaldia\/tenencias\/lacala.png\" alt=\"\" \/><br \/>\n<\/a><\/div>\n<\/div>\n<\/div>\n<\/div>\n<div class=\"row\">\n<div class=\"col-md-12\">\n<h4>\u00a1Encu\u00e9ntranos!<\/h4>\n<\/div>\n<div class=\"col-md-12\"><iframe style=\"border: 0;\" src=\"https:\/\/www.google.com\/maps\/embed?pb=!1m18!1m12!1m3!1d3207.068908286885!2d-4.681895584256067!3d36.50419868001058!2m3!1f0!2f0!3f0!3m2!1i1024!2i768!4f13.1!3m3!1m2!1s0xd731e291c0daa61%3A0x4bad09d2b078bf64!2sAyuntamiento+de+Mijas+Tenencia+de+Alcald%C3%ADa+de+la+Cala!5e0!3m2!1ses!2ses!4v1542182639517\" width=\"100%\" height=\"450\" frameborder=\"0\" allowfullscreen=\"allowfullscreen\"><\/iframe><\/div>\n<\/div>\n<\/div>\n<div id=\"otrosEntes\" class=\"tab-pane fade\" role=\"tabpanel\" aria-labelledby=\"otrosEntes-tab\">\n<div id=\"accordion\">\n<div class=\"card\">\n<div id=\"headingOne\" class=\"card-header\">\n<h5 class=\"mb-0\"><button class=\"btn btn-link\" data-toggle=\"collapse\" data-target=\"#collapseOne\" aria-expanded=\"true\" aria-controls=\"collapseOne\"><br \/>\nAparcamiento Municipal<br \/>\n<\/button><\/h5>\n<\/div>\n<div id=\"collapseOne\" class=\"collapse show\" aria-labelledby=\"headingOne\" data-parent=\"#accordion\">\n<div class=\"card-body\">\n<ul class=\"list-group list-group-flush\">\n<li class=\"list-group-item\"><strong>Direcci\u00f3n:<\/strong> Plaza Virgen de la Pe\u00f1a s\/n<\/li>\n<li class=\"list-group-item\"><strong>Tel\u00e9fono:<\/strong> 952 48 51 65<\/li>\n<li class=\"list-group-item\"><strong>Email:<\/strong> <a href=\"mailto:aparcamiento@mijagua.es\">aparcamiento@mijagua.es<\/a><\/li>\n<\/ul>\n<div class=\"row\">\n<div class=\"col-md-12\">\n<h4>\u00a1Encu\u00e9ntranos!<\/h4>\n<\/div>\n<div class=\"col-md-12\"><iframe style=\"border: 0;\" src=\"https:\/\/www.google.com\/maps\/embed?pb=!1m18!1m12!1m3!1d800.8133562534423!2d-4.635817966361933!3d36.59620501653148!2m3!1f0!2f0!3f0!3m2!1i1024!2i768!4f13.1!3m3!1m2!1s0xd72e3fac6a0fa35%3A0x8c0443a718b9647f!2sParking+Municipal+P%C3%BAblico!5e0!3m2!1ses!2ses!4v1542182787515\" width=\"100%\" height=\"450\" frameborder=\"0\" allowfullscreen=\"allowfullscreen\"><\/iframe><\/div>\n<\/div>\n<\/div>\n<\/div>\n<\/div>\n<div class=\"card\">\n<div id=\"headingTwo\" class=\"card-header\">\n<h5 class=\"mb-0\"><button class=\"btn btn-link collapsed\" data-toggle=\"collapse\" data-target=\"#collapseTwo\" aria-expanded=\"false\" aria-controls=\"collapseTwo\"><br \/>\nMijas Comunicaci\u00f3n<br \/>\n<\/button><\/h5>\n<\/div>\n<div id=\"collapseTwo\" class=\"collapse\" aria-labelledby=\"headingTwo\" data-parent=\"#accordion\">\n<div class=\"card-body\">\n<ul class=\"list-group list-group-flush\">\n<li class=\"list-group-item\"><strong>Direcci\u00f3n:<\/strong> Urbanizaci\u00f3n Polarsol s\/n. Autov\u00eda A-7 P.K.205,9, 29649 Mijas Costa<\/li>\n<li class=\"list-group-item\"><strong>Tel\u00e9fono:<\/strong> 952 58 30 30<\/li>\n<li class=\"list-group-item\"><strong>Fax:<\/strong> 952 58 21 61<\/li>\n<li class=\"list-group-item\"><strong>Web:<\/strong> <a href=\"http:\/\/www.mijascomunicacion.org\" target=\"_blank\" rel=\"noopener noreferrer\">www.mijascomunicacion.org<\/a><\/li>\n<\/ul>\n<div class=\"row\">\n<div class=\"col-md-12\">\n<h4>\u00a1Encu\u00e9ntranos!<\/h4>\n<\/div>\n<div class=\"col-md-12\"><iframe style=\"border: 0;\" src=\"https:\/\/www.google.com\/maps\/embed?pb=!1m18!1m12!1m3!1d3206.4776055702346!2d-4.638452684255751!3d36.51847038000766!2m3!1f0!2f0!3f0!3m2!1i1024!2i768!4f13.1!3m3!1m2!1s0xd731df80c7e1be7%3A0xfcacadefb2b5eee6!2sMijas+Comunicaci%C3%B3n!5e0!3m2!1ses!2ses!4v1542182832660\" width=\"100%\" height=\"450\" frameborder=\"0\" allowfullscreen=\"allowfullscreen\"><\/iframe><\/div>\n<\/div>\n<\/div>\n<\/div>\n<\/div>\n<\/div>\n<\/div>\n<\/div>\n<\/div>\n<\/div>\n<\/div>\n<p><\/main><\/section>\n<\/div>\n<p><script src=\"https:\/\/ajax.googleapis.com\/ajax\/libs\/jquery\/3.3.1\/jquery.min.js\"><\/script><br \/>\n<script type=\"text\/javascript\"><br \/>\n$('#myTab a').on('click', function (e) {<br \/>\n  e.preventDefault()<br \/>\n  $(this).tab('show')<br \/>\n})<br \/>\n<\/script><\/p>\n","protected":false},"excerpt":{"rendered":"<p>El Ayuntamiento de Mijas, adem\u00e1s de contar con su sede principal, situada en Mijas Pueblo, cuenta con dos tenencias de alcald\u00eda, en los n\u00facleos de Las Lagunas y La Cala. Estas dos tenencias de Alcald\u00eda cuentan con servicios propios. Tenencia de Las Lagunas Tenencia de La Cala Otros entes municipales Direcci\u00f3n: C\/ R\u00edo Adra, 25 [&hellip;]<\/p>\n","protected":false},"author":1,"featured_media":0,"parent":7,"menu_order":0,"comment_status":"closed","ping_status":"open","template":"page-departamental.php","meta":[],"_links":{"self":[{"href":"https:\/\/www.mijas.es\/portal\/wp-json\/wp\/v2\/pages\/4608"}],"collection":[{"href":"https:\/\/www.mijas.es\/portal\/wp-json\/wp\/v2\/pages"}],"about":[{"href":"https:\/\/www.mijas.es\/portal\/wp-json\/wp\/v2\/types\/page"}],"author":[{"embeddable":true,"href":"https:\/\/www.mijas.es\/portal\/wp-json\/wp\/v2\/users\/1"}],"replies":[{"embeddable":true,"href":"https:\/\/www.mijas.es\/portal\/wp-json\/wp\/v2\/comments?post=4608"}],"version-history":[{"count":66,"href":"https:\/\/www.mijas.es\/portal\/wp-json\/wp\/v2\/pages\/4608\/revisions"}],"predecessor-version":[{"id":64088,"href":"https:\/\/www.mijas.es\/portal\/wp-json\/wp\/v2\/pages\/4608\/revisions\/64088"}],"up":[{"embeddable":true,"href":"https:\/\/www.mijas.es\/portal\/wp-json\/wp\/v2\/pages\/7"}],"wp:attachment":[{"href":"https:\/\/www.mijas.es\/portal\/wp-json\/wp\/v2\/media?parent=4608"}],"curies":[{"name":"wp","href":"https:\/\/api.w.org\/{rel}","templated":true}]}}