{"id":45686,"date":"2022-04-04T10:32:08","date_gmt":"2022-04-04T09:32:08","guid":{"rendered":"https:\/\/www.mijas.es\/portal\/?page_id=45686"},"modified":"2022-04-04T10:32:09","modified_gmt":"2022-04-04T09:32:09","slug":"mijas-aprueba-una-modificacion-presupuestaria-de-78-millones-para-el-impulso-de-nuevos-proyectos-en-la-localidad-y-el-aumento-de-las-ayudas-sociales","status":"publish","type":"page","link":"https:\/\/www.mijas.es\/portal\/mijas-aprueba-una-modificacion-presupuestaria-de-78-millones-para-el-impulso-de-nuevos-proyectos-en-la-localidad-y-el-aumento-de-las-ayudas-sociales\/","title":{"rendered":"Mijas aprueba una modificaci\u00f3n presupuestaria de 78 millones para el impulso de nuevos proyectos en la localidad y el aumento de las ayudas sociales"},"content":{"rendered":"\n<ul><li>En pleno aprueba cr\u00e9ditos extraordinarios por valor de 32.630.466,07 millones y 45.479.181,19 millones en suplementos de cr\u00e9ditos<\/li><li>Entre los proyectos incluidos se encuentran el desdoblamiento de Camino Viejo de Co\u00edn en su tramo hacia la rotonda de las v\u00edctimas del terrorismo, la ejecuci\u00f3n del tramo de la Senda Litoral entre La Cala y Fuengirola o la dotaci\u00f3n de equipamiento en Cortijo Colorado<\/li><li>Del mismo modo se aumenta la dotaci\u00f3n econ\u00f3mica del \u00e1rea de Bienestar Social para ayudas al alquiler, econ\u00f3micas familiares o de emergencia entre otras, la creaci\u00f3n del Plan de Movilidad Municipal, o la puesta en marcha de actividades culturales de gran atractivo<\/li><\/ul>\n\n\n\n<p><strong>Mijas, 01 de abril de 2022.-<\/strong> El pleno del Ayuntamiento de Mijas, aprobaba esta ma\u00f1ana una modificaci\u00f3n presupuestaria por valor de 78.109.647,26 euros que se destinar\u00e1n al impulso de nuevos proyectos e infraestructuras, el aumento de las ayudas sociales destinadas a las familias m\u00e1s vulnerables residentes en la localidad y la puesta en marcha de nuestro proyectos culturales y de ocio.<\/p>\n\n\n\n<p>\u201cEsta modificaci\u00f3n presupuestaria es muy importante para Mijas ya que cada euro incluido en la misma esta destinado a mejorar nuestro municipio, con partidas que vienen a mejorar la calidad de vida de los mije\u00f1os y las mije\u00f1as, y llega precisamente por la capacidad de trabajo de este equipo de gobierno local\u201d, subraya el regidor, Josele Gonz\u00e1lez, qui\u00e9n explica como esta modificaci\u00f3n \u201ces una herramienta que permite a administraciones como la nuestra afrontar nuevos proyectos, actividades y ayudas que vienen a dinamizar un municipio tan extenso como lo es Mijas m\u00e1xime en un contexto tan complejo como el actual tras dos a\u00f1o de pandemia y ante la actual crisis, pese a todo ello, seguimos avanzando en los compromisos de gobierno adquiridos con los mije\u00f1os y las mije\u00f1as como son la piscina ol\u00edmpica de La Cala, el Gran Parque, la ampliaci\u00f3n de la Senda, los puentes que conectan el Camino de Co\u00edn con Cerros del \u00c1guila e Hip\u00f3dromo, el parking de Los Santos as\u00ed como para la puesta en marcha de diferentes actividades y festejos para el disfrute de vecinos y visitantes, sin dejar de lado la mejora de la limpieza, las zonas verdes y parques o escuelas infantiles entre otros\u201d.<\/p>\n\n\n\n<p>En este sentido el concejal de Hacienda Roy P\u00e9rez, ha subrayado la importancia c\u00f3mo \u201ces una modificaci\u00f3n que trae consigo inversiones muy necesarias para la localidad y que vendr\u00e1n a mejorar la calidad de vida de los mije\u00f1os y las mije\u00f1as ya que permitir\u00e1n ejecutar nuevas infraestructuras y aumentar la prestaci\u00f3n de servicios destinados a la ciudadan\u00eda\u201d, en lo que es un texto \u201cque como en presupuestos anteriores cuenta con dos vertientes muy marcadas, por un lado la mejora y dotaci\u00f3n de nuevas infraestructuras y por otro el aumento de la inversi\u00f3n en materia social y cultural, de modo que las familias mas necesitadas puedan contar con el respaldo de su Administraci\u00f3n m\u00e1s cercana una vez con ayudas como las ayudas al alquiler, de emergencia o sociales de las que ya se beneficiaron tan s\u00f3lo en 2021 m\u00e1s de 3.000 familias\u201d.<\/p>\n\n\n\n<p>La modificaci\u00f3n presupuestaria incluye inversi\u00f3n para la ejecuci\u00f3n y puesta en marcha de proyectos como la ejecuci\u00f3n del nuevo tramo de Senda Litoral desde La Cala hasta Fuengirola; el proyecto de desdoblamiento de Camino Viejo de Co\u00edn tramo hacia la glorieta de V\u00edctimas del Terrorismo-Camino Campanales; dotaci\u00f3n de equipamiento en Cortijo Colorado; diversos proyectos de colectores de aguas; conexi\u00f3n viaria Miguel Hern\u00e1ndez con Carretera A-7053; entre otros.<\/p>\n\n\n\n<p>Una modificaci\u00f3n que en gran parte se destinar\u00e1 a la mejora de las infraestructuras de la ciudad tal y como ha se\u00f1alado el edil del \u00e1rea Jos\u00e9 Carlos Mart\u00edn, \u201cEsta modificaci\u00f3n nos permite abarcar l\u00edneas de trabajo tan importantes como acabar con los problemas de saneamiento de Mijas Pueblo con los colectores Este y Oeste as\u00ed como Mijas la Nueva y la Alquer\u00eda. No podemos olvidar conexiones tan importantes para la movilidad del municipio como el desdoblamiento del Camino de Coin y la A387\u201d, relata Mart\u00edn quien a\u00f1ade que \u201ctras seis a\u00f1os de duro trabajo el Gran Parque de la Costa del Sol ya ve su horizonte m\u00e1s cercano con una primera partida presupuestaria de 4,5 millones de euros\u201d.<\/p>\n\n\n\n<p>Adem\u00e1s se incluyen la Creaci\u00f3n del Plan de Movilidad Municipal para la mejora de la movilidad urbana; ejecuci\u00f3n y promoci\u00f3n de nuevos proyectos culturales; ayudas a la dependencia, econ\u00f3micas familiares, de emergencia y de alquiler; mejora del alumbrado p\u00fablico; servicio de limpieza; becas de transporte urbano; y ayudas para las escuelas de verano entre otros.<\/p>\n","protected":false},"excerpt":{"rendered":"<p>En pleno aprueba cr\u00e9ditos extraordinarios por valor de 32.630.466,07 millones y 45.479.181,19 millones en suplementos de cr\u00e9ditos Entre los proyectos incluidos se encuentran el desdoblamiento de Camino Viejo de Co\u00edn en su tramo hacia la rotonda de las v\u00edctimas del terrorismo, la ejecuci\u00f3n del tramo de la Senda Litoral entre La Cala y Fuengirola o [&hellip;]<\/p>\n","protected":false},"author":9,"featured_media":45680,"parent":0,"menu_order":0,"comment_status":"closed","ping_status":"closed","template":"","meta":[],"_links":{"self":[{"href":"https:\/\/www.mijas.es\/portal\/wp-json\/wp\/v2\/pages\/45686"}],"collection":[{"href":"https:\/\/www.mijas.es\/portal\/wp-json\/wp\/v2\/pages"}],"about":[{"href":"https:\/\/www.mijas.es\/portal\/wp-json\/wp\/v2\/types\/page"}],"author":[{"embeddable":true,"href":"https:\/\/www.mijas.es\/portal\/wp-json\/wp\/v2\/users\/9"}],"replies":[{"embeddable":true,"href":"https:\/\/www.mijas.es\/portal\/wp-json\/wp\/v2\/comments?post=45686"}],"version-history":[{"count":1,"href":"https:\/\/www.mijas.es\/portal\/wp-json\/wp\/v2\/pages\/45686\/revisions"}],"predecessor-version":[{"id":45687,"href":"https:\/\/www.mijas.es\/portal\/wp-json\/wp\/v2\/pages\/45686\/revisions\/45687"}],"wp:featuredmedia":[{"embeddable":true,"href":"https:\/\/www.mijas.es\/portal\/wp-json\/wp\/v2\/media\/45680"}],"wp:attachment":[{"href":"https:\/\/www.mijas.es\/portal\/wp-json\/wp\/v2\/media?parent=45686"}],"curies":[{"name":"wp","href":"https:\/\/api.w.org\/{rel}","templated":true}]}}