{"id":45684,"date":"2022-04-04T10:29:08","date_gmt":"2022-04-04T09:29:08","guid":{"rendered":"https:\/\/www.mijas.es\/portal\/?page_id=45684"},"modified":"2022-04-04T10:29:11","modified_gmt":"2022-04-04T09:29:11","slug":"la-psico-woman-y-roy-galan-hablan-de-postureo-en-mijas","status":"publish","type":"page","link":"https:\/\/www.mijas.es\/portal\/la-psico-woman-y-roy-galan-hablan-de-postureo-en-mijas\/","title":{"rendered":"La Psico Woman y Roy Gal\u00e1n hablan &#8216;de postureo&#8217; en Mijas"},"content":{"rendered":"\n<ul><li>De la mano del \u00e1rea de Igualdad y Diversidad, el Teatro Las Lagunas recibir\u00e1 el pr\u00f3ximo 29 de abril a estas dos figuras que acumulan miles de seguidores en redes sociales para hablar de la importancia de la identidad virtual<\/li><\/ul>\n\n\n\n<p><strong>Mijas, 01 de abril de 2022.-<\/strong> &#8216;Hablemos de postureo&#8217;. Este es el t\u00edtulo de la jornada formativa que el \u00e1rea de Igualdad y Diversidad ha programado para el pr\u00f3ximo 29 de abril y que supondr\u00e1 la visita a Mijas de dos figuras que acumulan miles de seguidores en redes sociales, Psico Woman y Roy Gal\u00e1n. Tal y como ha anunciado esta ma\u00f1ana la concejala del \u00e1rea, Natalia Mart\u00ednez, ambos dar\u00e1n una charla sobre la importancia de la identidad virtual..<\/p>\n\n\n\n<p>\u00abHay una generaci\u00f3n que ha nacido con el m\u00f3vil debajo del brazo y que est\u00e1 construyendo una realidad inexistente. Tenemos que desmotar mitos, hablar de estereotipos de g\u00e9neros para que la gente joven haga un buen uso de las redes sociales y no terminen cayendo en ciberviolencia, en violencias machistas y en crear un ideal de belleza que es totalmente irreal\u00bb, explica Mart\u00ednez.<\/p>\n\n\n\n<p>El Teatro Las Lagunas ser\u00e1 el epicentro de esta jornada que tendr\u00e1 una primera parte m\u00e1s expositiva en la que Roy Gal\u00e1n y la Psico Woman trasladar\u00e1n diferentes tips o claves que inviten a la reflexi\u00f3n y una segunda en la que habr\u00e1 espacio para el di\u00e1logo entre p\u00fablico e invitados. La jornada se desarrollar\u00e1 en dos sesiones: a las 11.30 horas \u00abcon un aforo concertado con los institutos, concretamente con los alumnos y alumnas de primero de Bachillerato\u00bb, y a las 19 horas, con una actividad abierta a la ciudadan\u00eda hasta completar aforo. \u00abEs una charla para todas las personas independientemente del g\u00e9nero y la edad que tengan\u00bb, a\u00f1ade la edil.<\/p>\n\n\n\n<p>Isa Duque o m\u00e1s conocida como la Psico Woman es psic\u00f3loga, sex\u00f3loga y terapeuta sistem\u00e1tica familiar. En 2005 comienza a realizar diversas investigaciones y talleres en el marco de la prevenci\u00f3n de violencias machistas colaborando a partir de entonces con instituciones y colectivos en multitud de programas dirigidos a asociaciones de mujeres, comunidad educativa, profesionales de la psicolog\u00eda y adolescentes. En 2015 da el salto al mundo virtual con el canal de youtube educativo Psico Woman, premiado tan solo un a\u00f1o despu\u00e9s en la categor\u00eda de comunicaci\u00f3n en los premios emprendimiento a nivel de Andaluc\u00eda. En 2018 recibi\u00f3 el premio Clara Campoamor.<\/p>\n\n\n\n<p>Roy Gal\u00e1n es escritor y activista LGTBQJA+ que tiene en su haber seis libros y colabora con diferentes medios de comunicaci\u00f3n con art\u00edculos que invitan a la reflexi\u00f3n y a la emoci\u00f3n. En 2014 empieza a escribir en redes sociales, donde acumula la friolera de m\u00e1s de medio mill\u00f3n de seguidores. Entre sus reconocimientos, el Premio Kr\u00e1mpack otorgado por el Festival Internacional de Cine LGTB de Extremadura en 2019.<\/p>\n","protected":false},"excerpt":{"rendered":"<p>De la mano del \u00e1rea de Igualdad y Diversidad, el Teatro Las Lagunas recibir\u00e1 el pr\u00f3ximo 29 de abril a estas dos figuras que acumulan miles de seguidores en redes sociales para hablar de la importancia de la identidad virtual Mijas, 01 de abril de 2022.- &#8216;Hablemos de postureo&#8217;. Este es el t\u00edtulo de la [&hellip;]<\/p>\n","protected":false},"author":9,"featured_media":45683,"parent":0,"menu_order":0,"comment_status":"closed","ping_status":"closed","template":"","meta":[],"_links":{"self":[{"href":"https:\/\/www.mijas.es\/portal\/wp-json\/wp\/v2\/pages\/45684"}],"collection":[{"href":"https:\/\/www.mijas.es\/portal\/wp-json\/wp\/v2\/pages"}],"about":[{"href":"https:\/\/www.mijas.es\/portal\/wp-json\/wp\/v2\/types\/page"}],"author":[{"embeddable":true,"href":"https:\/\/www.mijas.es\/portal\/wp-json\/wp\/v2\/users\/9"}],"replies":[{"embeddable":true,"href":"https:\/\/www.mijas.es\/portal\/wp-json\/wp\/v2\/comments?post=45684"}],"version-history":[{"count":1,"href":"https:\/\/www.mijas.es\/portal\/wp-json\/wp\/v2\/pages\/45684\/revisions"}],"predecessor-version":[{"id":45685,"href":"https:\/\/www.mijas.es\/portal\/wp-json\/wp\/v2\/pages\/45684\/revisions\/45685"}],"wp:featuredmedia":[{"embeddable":true,"href":"https:\/\/www.mijas.es\/portal\/wp-json\/wp\/v2\/media\/45683"}],"wp:attachment":[{"href":"https:\/\/www.mijas.es\/portal\/wp-json\/wp\/v2\/media?parent=45684"}],"curies":[{"name":"wp","href":"https:\/\/api.w.org\/{rel}","templated":true}]}}