{"id":45323,"date":"2022-03-02T16:14:15","date_gmt":"2022-03-02T15:14:15","guid":{"rendered":"https:\/\/www.mijas.es\/portal\/?page_id=45323"},"modified":"2026-04-16T12:16:00","modified_gmt":"2026-04-16T11:16:00","slug":"declaracion-responsable-obras","status":"publish","type":"page","link":"https:\/\/www.mijas.es\/portal\/urbanismo\/declaracion-responsable-obras\/","title":{"rendered":"Declaraci\u00f3n Responsable Obras"},"content":{"rendered":"\n<p>Seg\u00fan el Art. 293 del Decreto 550\/2022, de 29 de noviembre, por el que se aprueba el Reglamento General de la Ley 7\/2021, de 1 de diciembre, de impulso para la sostenibilidad del territorio de Andaluc\u00eda determinadas actuaciones est\u00e1n sujetas a declaraci\u00f3n responsable. Se facilita modelo de formulario de DECLARACI\u00d3N RESPONSABLE DE OBRAS para los siguientes supuestos de la norma:<\/p>\n\n\n\n<p>a) La realizaci\u00f3n de obras de escasa entidad constructiva y sencillez t\u00e9cnica que no requieran proyecto de acuerdo con la legislaci\u00f3n vigente.<\/p>\n\n\n\n<p>b) Las obras en edificaciones o instalaciones existentes que sean conformes con la ordenaci\u00f3n territorial y urban\u00edstica o se encuentren en situaci\u00f3n legal de fuera de ordenaci\u00f3n, situadas en suelo urbano no sometido a actuaciones de transformaci\u00f3n urban\u00edstica, siempre que no alteren los par\u00e1metros de ocupaci\u00f3n y altura, ni conlleven incrementos en la edificabilidad o en el n\u00famero de viviendas.<\/p>\n\n\n\n<p>c) Las obras en edificaciones e instalaciones existentes que sean conformes con la ordenaci\u00f3n territorial y urban\u00edstica o se encuentren en situaci\u00f3n legal de fuera de ordenaci\u00f3n, situadas en suelo r\u00fastico y que tengan por objeto la mejora de las condiciones de eficiencia energ\u00e9tica, la integraci\u00f3n de instalaciones de energ\u00eda renovable o la reducci\u00f3n de su impacto ambiental, siempre que no supongan obras de nueva planta o aumento de la superficie construida.<\/p>\n\n\n\n<p>h) Las alteraciones en la ejecuci\u00f3n material de las obras con previa licencia urban\u00edstica otorgada, siempre que dichas modificaciones no est\u00e9n sometidas a licencia urban\u00edstica.<\/p>\n\n\n\n<p> i) Los trabajos previos a la construcci\u00f3n, tales como sondeos, prospecciones, catas, ensayos y limpieza de solares<\/p>\n\n\n\n<p><span style=\"text-decoration: underline;\">Para el resto de obras se deber\u00e1 solicitar licencia de obras.<\/span><\/p>\n\n\n\n<p><a rel=\"noreferrer noopener\" href=\"https:\/\/mijas.sedelectronica.es\/catalog\/t\/bc114055-89cf-4312-b2d2-b3506d5a04b4\" target=\"_blank\">Ver en Sede Electr\u00f3nica<\/a><\/p>\n","protected":false},"excerpt":{"rendered":"<p>Seg\u00fan el Art. 293 del Decreto 550\/2022, de 29 de noviembre, por el que se aprueba el Reglamento General de la Ley 7\/2021, de 1 de diciembre, de impulso para la sostenibilidad del territorio de Andaluc\u00eda determinadas actuaciones est\u00e1n sujetas a declaraci\u00f3n responsable. Se facilita modelo de formulario de DECLARACI\u00d3N RESPONSABLE DE OBRAS para los [&hellip;]<\/p>\n","protected":false},"author":9,"featured_media":0,"parent":12090,"menu_order":0,"comment_status":"closed","ping_status":"closed","template":"","meta":[],"_links":{"self":[{"href":"https:\/\/www.mijas.es\/portal\/wp-json\/wp\/v2\/pages\/45323"}],"collection":[{"href":"https:\/\/www.mijas.es\/portal\/wp-json\/wp\/v2\/pages"}],"about":[{"href":"https:\/\/www.mijas.es\/portal\/wp-json\/wp\/v2\/types\/page"}],"author":[{"embeddable":true,"href":"https:\/\/www.mijas.es\/portal\/wp-json\/wp\/v2\/users\/9"}],"replies":[{"embeddable":true,"href":"https:\/\/www.mijas.es\/portal\/wp-json\/wp\/v2\/comments?post=45323"}],"version-history":[{"count":8,"href":"https:\/\/www.mijas.es\/portal\/wp-json\/wp\/v2\/pages\/45323\/revisions"}],"predecessor-version":[{"id":64212,"href":"https:\/\/www.mijas.es\/portal\/wp-json\/wp\/v2\/pages\/45323\/revisions\/64212"}],"up":[{"embeddable":true,"href":"https:\/\/www.mijas.es\/portal\/wp-json\/wp\/v2\/pages\/12090"}],"wp:attachment":[{"href":"https:\/\/www.mijas.es\/portal\/wp-json\/wp\/v2\/media?parent=45323"}],"curies":[{"name":"wp","href":"https:\/\/api.w.org\/{rel}","templated":true}]}}