{"id":44740,"date":"2021-12-28T12:33:17","date_gmt":"2021-12-28T11:33:17","guid":{"rendered":"https:\/\/www.mijas.es\/portal\/?page_id=44740"},"modified":"2026-03-27T08:22:05","modified_gmt":"2026-03-27T07:22:05","slug":"departamentos-servicios-municipales","status":"publish","type":"page","link":"https:\/\/www.mijas.es\/portal\/tu-ayuntamiento\/departamentos-servicios-municipales\/","title":{"rendered":"Delegaciones"},"content":{"rendered":"\n<div class=\"row\">\n<div class=\"col-md-6\">\n<ul class=\"list-departament\">\n<li><a href=\"https:\/\/www.mijas.es\/portal\/agricultura-caza-y-pesca\/\">Agricultura, Caza y Pesca<\/a><\/li>\n<li><a href=\"https:\/\/www.mijas.es\/portal\/departamento-de-albergues\/\">Albergues<\/a><\/li>\n<li><a href=\"https:\/\/www.mijas.es\/portal\/archivo-2\/\">Archivo<\/a><\/li>\n<li><a href=\"https:\/\/www.mijas.es\/portal\/asesoria-juridica\/\">Asesor\u00eda Jur\u00eddica<\/a><\/li>\n<li><a href=\"https:\/\/www.mijas.es\/atencion-ciudadana\/\">Atenci\u00f3n Ciudadana<\/a><\/li>\n<li><a href=\"https:\/\/www.mijas.es\/portal\/bienestar-animal\/\">Bienestar Animal<\/a><\/li>\n<li><a href=\"https:\/\/www.mijas.es\/portal\/bomberos\/\">Bomberos<\/a><\/li>\n<li><a href=\"https:\/\/www.mijas.es\/portal\/cementerio\/\">Cementerio<\/a><\/li>\n<li><a href=\"https:\/\/www.mijas.es\/portal\/comercio\/\">Comercio<\/a><\/li>\n<li><a href=\"https:\/\/www.mijas.es\/portal\/oficina-de-consumo\/\">Consumo<\/a><\/li>\n<li><a href=\"https:\/\/www.mijas.es\/portal\/contratacion\/\">Contrataci\u00f3n<\/a><\/li>\n<li><a href=\"https:\/\/www.mijas.es\/portal\/cultura\/\">Cultura<\/a><\/li>\n<li><a href=\"https:\/\/www.mijas.es\/deportes\/\">Deportes<\/a><\/li>\n<li><a href=\"https:\/\/www.mijas.es\/portal\/desarrollo-economico\/\">Desarrollo Econ\u00f3mico<\/a><\/li>\n<li><a href=\"https:\/\/www.mijas.es\/departamento-de-drogodependencia\/\">Drogodependencia<\/a><\/li>\n<li><a href=\"https:\/\/www.mijas.es\/portal\/economia-y-hacienda\/\">Econom\u00eda y Hacienda<\/a><\/li>\n<li><a href=\"https:\/\/www.mijas.es\/educacion\/\">Educaci\u00f3n<\/a><\/li>\n\n<li><a href=\"https:\/\/www.mijas.es\/portal\/estadisticas\/\">Estad\u00edstica<\/a><\/li>\n<li><a href=\"https:\/\/www.mijas.es\/portal\/extranjeros\/\">Extranjeros<\/a><\/li>\n<li><a href=\"https:\/\/www.mijas.es\/portal\/familia-e-igualdad-de-oportunidades\/\">Familia e Igualdad de Oportunidades<\/a><\/li>\n<li><a href=\"https:\/\/www.mijas.es\/portal\/fiestas-y-tradiciones\/\">Fiestas y Tradiciones<\/a><\/li>\n<li><a href=\"https:\/\/www.mijas.es\/portal\/fomento-empleo\/\">Fomento del Empleo<\/a><\/li>\n<li><a href=\"https:\/\/www.mijas.es\/portal\/ganaderia\/\">Ganader\u00eda<\/a><\/li>\n<li><a href=\"https:\/\/www.mijas.es\/portal\/eficiencia-energetica\/\">Gesti\u00f3n de Instalaciones y Energ\u00eda<\/a><\/li>\n<li><a href=\"https:\/\/www.mijas.es\/gestion-tributaria\/\">Gesti\u00f3n Tributaria<\/a><\/li>\n<li><a href=\"https:\/\/www.mijas.es\/portal\/gobierno\/\">Gobierno<\/a><\/li>\n<li><a href=\"https:\/\/www.mijas.es\/inclusion-social\/\">Inclusi\u00f3n Social<\/a><\/li>\n<li><a href=\"https:\/\/www.mijas.es\/portal\/intervencion-general\/\">Intervenci\u00f3n General<\/a><\/li>\n<li><a href=\"https:\/\/www.mijas.es\/portal\/infracciones\/\">Infracciones<\/a><\/li>\n<li><a href=\"https:\/\/www.mijas.es\/portal\/infraestructuras-y-obras\/\">Infraestructuras y Obras<\/a><\/li>\n<li><a href=\"https:\/\/www.mijas.es\/portal\/instalaciones-electricas\/\">Instalaciones El\u00e9ctricas<\/a><\/li>\n<li><a href=\"https:\/\/www.mijas.es\/portal\/juventud\/\">Juventud<\/a><\/li>\n<li><a href=\"https:\/\/www.mijas.es\/portal\/limpieza-viaria\/\">Limpieza Viaria<\/a><\/li>\n\n\n<\/ul>\n<\/div>\n<div class=\"col-md-6\">\n<ul  class=\"list-departament\">\n<li><a href=\"https:\/\/www.mijas.es\/portal\/mayores\/\">Mayores<\/a><\/li>\n<li><a href=\"https:\/\/www.mijas.es\/medio-ambiente\/\">Medio Ambiente<\/a><\/li>\n<li><a href=\"https:\/\/www.mijas.es\/portal\/mercado-venta-ambulante\/\">Mercado y Venta Ambulante<\/a><\/li>\n<li><a href=\"https:\/\/www.mijas.es\/portal\/modernizacion-digital\/\">Modernizaci\u00f3n Digital &#8211; Inform\u00e1tica<\/a><\/li>\n<li><a href=\"https:\/\/www.mijas.es\/portal\/movilidad-urbana\/\">Movilidad Urbana<\/a><\/li>\n<li><a href=\"https:\/\/www.mijas.es\/portal\/oficina-de-captacion-de-fondos-europeos-e-inversiones\/\">Oficina de Captaci\u00f3n de Fondos Europeos e Inversiones<\/a><\/li>\n<li><a href=\"https:\/\/www.mijas.es\/portal\/parejas-de-hecho\/\">Parejas de Hecho<\/a><\/li>\n<li><a href=\"https:\/\/www.mijas.es\/portal\/parque-movil\/\">Parque M\u00f3vil<\/a><\/li>\n<li><a href=\"https:\/\/www.mijas.es\/portal\/parques-y-jardines\/\">Parques y Jardines<\/a><\/li>\n<li><a href=\"https:\/\/www.mijas.es\/portal\/participacion-ciudadana\/\">Participaci\u00f3n Ciudadana<\/a><\/li>\n<li><a href=\"https:\/\/www.mijas.es\/portal\/patrimonio\/\">Patrimonio<\/a><\/li>\n<li><a href=\"https:\/\/www.mijas.es\/patrimonio-historico\/\">Patrimonio Hist\u00f3rico<\/a><\/li>\n<li><a href=\"https:\/\/www.mijas.es\/portal\/playas\/\">Playas<\/a><\/li>\n<li><a href=\"https:\/\/www.mijas.es\/portal\/policia-local\/\">Polic\u00eda Local<\/a><\/li>\n<li><a href=\"https:\/\/www.mijas.es\/portal\/tu-ayuntamiento\/\">Presidencia<\/a><\/li>\n<li><a href=\"https:\/\/www.mijas.es\/portal\/promocion-turistica-del-municipio\/\">Promoci\u00f3n Tur\u00edstica del Municipio<\/a><\/li>\n<li><a href=\"https:\/\/www.mijas.es\/portal\/proteccion-civil\/\">Protecci\u00f3n Civil<\/a><\/li>\n<li><a href=\"https:\/\/www.mijas.es\/portal\/recaudacion\/\">Recaudaci\u00f3n<\/a><\/li>\n<li><a href=\"https:\/\/www.mijas.es\/portal\/tribunal-administrativo-de-recursos-contractuales\/\">Recursos Contractuales<\/a><\/li>\n<li><a href=\"https:\/\/www.mijas.es\/portal\/recursos-humanos\/\">Recursos Humanos<\/a><\/li>\n<li><a href=\"https:\/\/www.mijas.es\/portal\/regimen-interior\/\">R\u00e9gimen Interior<\/a><\/li>\n<li><a href=\"https:\/\/www.mijas.es\/portal\/responsabilidad-patrimonial\/\">Responsabilidad Patrimonial<\/a><\/li>\n<li><a href=\"https:\/\/www.mijas.es\/portal\/sanciones\/\">Sanciones<\/a><\/li>\n<li><a href=\"https:\/\/www.mijas.es\/portal\/sanidad-municipal\/\">Sanidad<\/a><\/li>\n<li><a href=\"https:\/\/www.mijas.es\/portal\/secretaria\/\">Secretar\u00eda<\/a><\/li>\n<li><a href=\"https:\/\/www.mijas.es\/portal\/servicios-operativos\/\">Servicios Operativos<\/a><\/li>\n<li><a href=\"https:\/\/turismo.mijas.es\/es\/\" target=\"_blank\" rel=\"noopener\">Turismo<\/a><\/li>\n<li><a href=\"https:\/\/www.mijas.es\/portal\/universidad-popular\/\">Universidad Popular<\/a><\/li>\n<li><a href=\"https:\/\/www.mijas.es\/portal\/urbanismo\/\">Urbanismo<\/a><\/li>\n<li><a href=\"https:\/\/www.mijas.es\/portal\/urbanizaciones\/\">Urbanizaciones<\/a><\/li>\n<li><a href=\"https:\/\/www.mijas.es\/portal\/via-publica\/\">V\u00eda P\u00fablica<\/a><\/li>\n<li><a href=\"https:\/\/www.mijas.es\/portal\/vivienda\/\">Vivienda<\/a><\/li>\n<li><a href=\"https:\/\/www.mijas.es\/portal\/zonas-rurales\/\">Zonas Rurales<\/a><\/li>\n<\/ul>\n<\/div>\n<\/div>\n","protected":false},"excerpt":{"rendered":"<p>Agricultura, Caza y Pesca Albergues Archivo Asesor\u00eda Jur\u00eddica Atenci\u00f3n Ciudadana Bienestar Animal Bomberos Cementerio Comercio Consumo Contrataci\u00f3n Cultura Deportes Desarrollo Econ\u00f3mico Drogodependencia Econom\u00eda y Hacienda Educaci\u00f3n Estad\u00edstica Extranjeros Familia e Igualdad de Oportunidades Fiestas y Tradiciones Fomento del Empleo Ganader\u00eda Gesti\u00f3n de Instalaciones y Energ\u00eda Gesti\u00f3n Tributaria Gobierno Inclusi\u00f3n Social Intervenci\u00f3n General Infracciones Infraestructuras y [&hellip;]<\/p>\n","protected":false},"author":1,"featured_media":0,"parent":7,"menu_order":0,"comment_status":"closed","ping_status":"closed","template":"","meta":[],"_links":{"self":[{"href":"https:\/\/www.mijas.es\/portal\/wp-json\/wp\/v2\/pages\/44740"}],"collection":[{"href":"https:\/\/www.mijas.es\/portal\/wp-json\/wp\/v2\/pages"}],"about":[{"href":"https:\/\/www.mijas.es\/portal\/wp-json\/wp\/v2\/types\/page"}],"author":[{"embeddable":true,"href":"https:\/\/www.mijas.es\/portal\/wp-json\/wp\/v2\/users\/1"}],"replies":[{"embeddable":true,"href":"https:\/\/www.mijas.es\/portal\/wp-json\/wp\/v2\/comments?post=44740"}],"version-history":[{"count":88,"href":"https:\/\/www.mijas.es\/portal\/wp-json\/wp\/v2\/pages\/44740\/revisions"}],"predecessor-version":[{"id":63977,"href":"https:\/\/www.mijas.es\/portal\/wp-json\/wp\/v2\/pages\/44740\/revisions\/63977"}],"up":[{"embeddable":true,"href":"https:\/\/www.mijas.es\/portal\/wp-json\/wp\/v2\/pages\/7"}],"wp:attachment":[{"href":"https:\/\/www.mijas.es\/portal\/wp-json\/wp\/v2\/media?parent=44740"}],"curies":[{"name":"wp","href":"https:\/\/api.w.org\/{rel}","templated":true}]}}