{"id":44342,"date":"2021-11-10T16:25:37","date_gmt":"2021-11-10T15:25:37","guid":{"rendered":"https:\/\/www.mijas.es\/portal\/?page_id=44342"},"modified":"2021-11-10T16:31:37","modified_gmt":"2021-11-10T15:31:37","slug":"ana-maria-marin-garcia","status":"publish","type":"page","link":"https:\/\/www.mijas.es\/portal\/tu-ayuntamiento\/ana-maria-marin-garcia\/","title":{"rendered":"Ana Mar\u00eda Mar\u00edn Garc\u00eda"},"content":{"rendered":"\n<figure class=\"wp-block-image size-full is-resized\"><img decoding=\"async\" src=\"https:\/\/www.mijas.es\/wp-content\/uploads\/2021\/11\/FOTOGRAFIA-PARA-WEB-ASESORA-ANA-MARIN-GARCIA.jpg\" alt=\"\" class=\"wp-image-44344\" width=\"319\" height=\"319\" srcset=\"https:\/\/www.mijas.es\/wp-content\/uploads\/2021\/11\/FOTOGRAFIA-PARA-WEB-ASESORA-ANA-MARIN-GARCIA.jpg 900w, https:\/\/www.mijas.es\/wp-content\/uploads\/2021\/11\/FOTOGRAFIA-PARA-WEB-ASESORA-ANA-MARIN-GARCIA-300x300.jpg 300w, https:\/\/www.mijas.es\/wp-content\/uploads\/2021\/11\/FOTOGRAFIA-PARA-WEB-ASESORA-ANA-MARIN-GARCIA-150x150.jpg 150w, https:\/\/www.mijas.es\/wp-content\/uploads\/2021\/11\/FOTOGRAFIA-PARA-WEB-ASESORA-ANA-MARIN-GARCIA-768x768.jpg 768w\" sizes=\"(max-width: 319px) 100vw, 319px\" \/><\/figure>\n\n\n\n<p> <strong>Fecha de nacimiento:<\/strong>  4 de Diciembre de 1986 <\/p>\n\n\n\n<p><strong>Formaci\u00f3n acad\u00e9mica:<\/strong> Licenciada en Periodismo por la Universidad de M\u00e1laga.<\/p>\n\n\n\n<p>M\u00e1ster en Asesor\u00eda Jur\u00eddica de Empresas por la Universidad de M\u00e1laga.<\/p>\n\n\n\n<p>Curso de Dise\u00f1ador Web por IFES M\u00e1laga.<\/p>\n\n\n\n<p>Curso &#8216;Community Manager&#8217; por Andaluc\u00eda Compromiso Digital.<\/p>\n\n\n\n<p><strong>Trayectoria profesional:<\/strong> <\/p>\n\n\n\n<p>Tras formarse como redactora cultural en el diario SUR y otros medios provinciales, ha ejercido de community manager, dise\u00f1adora y editora de piezas audiovisuales para el \u00e1rea de Juventud del Ayuntamiento de Mijas.<\/p>\n\n\n\n<p> <strong>Asesoramiento<\/strong>:  Prensa alcald\u00eda<\/p>\n","protected":false},"excerpt":{"rendered":"<p>Fecha de nacimiento: 4 de Diciembre de 1986 Formaci\u00f3n acad\u00e9mica: Licenciada en Periodismo por la Universidad de M\u00e1laga. M\u00e1ster en Asesor\u00eda Jur\u00eddica de Empresas por la Universidad de M\u00e1laga. Curso de Dise\u00f1ador Web por IFES M\u00e1laga. Curso &#8216;Community Manager&#8217; por Andaluc\u00eda Compromiso Digital. Trayectoria profesional: Tras formarse como redactora cultural en el diario SUR y [&hellip;]<\/p>\n","protected":false},"author":9,"featured_media":0,"parent":7,"menu_order":0,"comment_status":"closed","ping_status":"closed","template":"","meta":[],"_links":{"self":[{"href":"https:\/\/www.mijas.es\/portal\/wp-json\/wp\/v2\/pages\/44342"}],"collection":[{"href":"https:\/\/www.mijas.es\/portal\/wp-json\/wp\/v2\/pages"}],"about":[{"href":"https:\/\/www.mijas.es\/portal\/wp-json\/wp\/v2\/types\/page"}],"author":[{"embeddable":true,"href":"https:\/\/www.mijas.es\/portal\/wp-json\/wp\/v2\/users\/9"}],"replies":[{"embeddable":true,"href":"https:\/\/www.mijas.es\/portal\/wp-json\/wp\/v2\/comments?post=44342"}],"version-history":[{"count":2,"href":"https:\/\/www.mijas.es\/portal\/wp-json\/wp\/v2\/pages\/44342\/revisions"}],"predecessor-version":[{"id":44350,"href":"https:\/\/www.mijas.es\/portal\/wp-json\/wp\/v2\/pages\/44342\/revisions\/44350"}],"up":[{"embeddable":true,"href":"https:\/\/www.mijas.es\/portal\/wp-json\/wp\/v2\/pages\/7"}],"wp:attachment":[{"href":"https:\/\/www.mijas.es\/portal\/wp-json\/wp\/v2\/media?parent=44342"}],"curies":[{"name":"wp","href":"https:\/\/api.w.org\/{rel}","templated":true}]}}