{"id":440,"date":"2013-06-02T08:41:41","date_gmt":"2013-06-02T08:41:41","guid":{"rendered":"http:\/\/localhost\/pruebaweb\/?p=440"},"modified":"2023-04-28T09:10:09","modified_gmt":"2023-04-28T08:10:09","slug":"iglesia-de-la-inmaculada-concepcion","status":"publish","type":"page","link":"https:\/\/www.mijas.es\/portal\/patrimonio-historico\/iglesia-de-la-inmaculada-concepcion\/","title":{"rendered":"Iglesia Inmaculada Concepci\u00f3n"},"content":{"rendered":"\n<figure class=\"wp-block-image is-resized\"><img decoding=\"async\" src=\"https:\/\/www.mijas.es\/wp-content\/uploads\/2012\/05\/Iglesia1.jpg\" alt=\"\" width=\"100%\" height=\"100%\"\/><\/figure>\n\n\n\n<p>Tras la conquista de Mijas por los Reyes Cat\u00f3licos y la venta como esclavos de sus habitantes musulmanes, la villa fue repoblada por colonos cristianos que necesitaban de un lugar para celebrar sus cultos.<\/p>\n\n\n\n<p>Se ha escrito que ese lugar fue la antigua mezquita musulmana que tras ser consagrada sirvi\u00f3 como iglesia cristiana, pero eso no fue as\u00ed. Los documentos de los repartimientos que se hicieron a los nuevos colonos as\u00ed nos lo se\u00f1alan, pues en los mismos se indica como la \u201cmezquita de los moros\u201d se entreg\u00f3 como vivienda a uno de esos colonos, mientras que otra casa se dedic\u00f3 para iglesia. En el mismo sentido, las catas arqueol\u00f3gicas realizadas recientemente en el interior de la Iglesia de la Inmaculada Concepci\u00f3n, aunque limitadas en su extensi\u00f3n, no han podido constatar la existencia de dicha mezquita en el subsuelo de la iglesia. Si se ha constatado, como era de esperar, que la iglesia se construy\u00f3 sobre edificaciones anteriores que, previamente a dicha construcci\u00f3n, fueron niveladas hasta la rasante de sus suelos que eran de tierra apisonada.<\/p>\n\n\n\n<p>La actual iglesia comenz\u00f3 a construirse en la segunda mitad del siglo XVI y se termin\u00f3 a mediados de 1631, consagr\u00e1ndose en septiembre de ese mismo a\u00f1o. Dos maestros de alba\u00f1iler\u00eda dieron el visto bueno a su terminaci\u00f3n y certificaron el coste de los materiales utilizados que alcanz\u00f3 la cifra de 45.876 reales, cantidad importante si tenemos en cuenta que un pe\u00f3n de obra cobraba por entonces sobre 2 reales diarios y con eso se pod\u00eda comprar medio kilo de sardinas, medio kilo de velas para alumbrarse, un pan de un kilo y tres huevos.<\/p>\n\n\n\n<p>La iglesia se construy\u00f3 con tres naves y ya desde un principio contaba casi con seguridad con una capilla bajo la cual exist\u00eda una cripta de enterramiento. Posteriormente y a lo largo de muchos a\u00f1os se fueron a\u00f1adiendo a la misma nuevas dependencias como otra capilla con su cripta.<\/p>\n\n\n\n<p>La fachada exterior de la iglesia era de piedra y ladrillo dispuestos en lo que se conoce como aparejo mixto (alternando filas de ladrillos con filas de piedras) y no se encontraba encalada. Esa pared exterior se ados\u00f3 a la conocida como Torre de la Vela que se convirti\u00f3 en su campanario. Esa torre, construida en ladrillo y de tres cuerpos, se construy\u00f3 despu\u00e9s de 1544, pues no es mencionada en un informe de ese a\u00f1o sobre la villa y la fortaleza de Mijas que remiti\u00f3 el Conde de Tendilla al emperador Carlos I, recomend\u00e1ndole el derribo de dicha fortaleza por no ser de utilidad, lo que llev\u00f3 a la construcci\u00f3n de la citada torre para servir de vigilancia (velar) y de resguardo de la poblaci\u00f3n en caso de una incursi\u00f3n de los piratas norteafricanos.<\/p>\n\n\n\n<figure class=\"wp-block-image\"><img decoding=\"async\" src=\"https:\/\/www.mijas.es\/files\/imagen\/servicios\/patrimonio\/Iglesia2.jpg\" alt=\"\"\/><\/figure>\n\n\n\n<p>Desde su construcci\u00f3n el interior de la iglesia fue el lugar de enterramiento de todas las personas que fallec\u00edan en Mijas, hasta que dicha pr\u00e1ctica fue prohibida a finales del siglo XVIII y llevada a efecto tras la construcci\u00f3n de un cementerio adosado a la misma en su lateral sur a comienzos del siglo XIX, cementerio que estuvo en uso hasta mediados del siglo XX. Los continuos enterramientos durante doscientos a\u00f1os bajo el suelo de la iglesia, provocaron que la soler\u00eda de barro original se encontrase en un lamentable estado cuando se llev\u00f3 a efecto la prohibici\u00f3n de enterramientos en su interior, por lo que sobre los pocos restos de ella se instal\u00f3 una nueva soler\u00eda de barro en el siglo XIX. Posteriormente se volvi\u00f3 a colocar otra sobrepuesta a mediados del siglo pasado que est\u00e1 siendo sustituida en la actualidad.<\/p>\n\n\n\n<p>En 1937 la iglesia fue objeto de saqueos y de un incendio que destruy\u00f3 numerosas im\u00e1genes y objetos de culto y sobre todo el riqu\u00edsimo Archivo parroquial que databa del a\u00f1o 1558, con lo que se perdieron para siempre documentos important\u00edsimos sobre la historia de nuestro pueblo.<\/p>\n\n\n\n<p>En una nueva reforma realizada en la misma en 1992 se descubrieron sobre las columnas de la nave central y bajo varias capas de cal las pinturas de ocho ap\u00f3stoles fechadas en 1632 sin que conozcamos quien fue el autor de las mismas.<\/p>\n\n\n\n<iframe src=\"https:\/\/www.google.com\/maps\/embed?pb=!1m18!1m12!1m3!1d7618.599817011125!2d-4.639605673822112!3d36.59685026088439!2m3!1f0!2f0!3f0!3m2!1i1024!2i768!4f13.1!3m3!1m2!1s0x0%3A0x13b1906e6dc294c9!2sIglesia+Inmaculada+Concepcion%2C!5e0!3m2!1ses!2ses!4v1547548740070\" style=\"border:0; margin-bottom: 20px\" allowfullscreen=\"\" width=\"100%\" height=\"450\" frameborder=\"0\"><\/iframe>\n","protected":false},"excerpt":{"rendered":"<p>Tras la conquista de Mijas por los Reyes Cat\u00f3licos y la venta como esclavos de sus habitantes musulmanes, la villa fue repoblada por colonos cristianos que necesitaban de un lugar para celebrar sus cultos. Se ha escrito que ese lugar fue la antigua mezquita musulmana que tras ser consagrada sirvi\u00f3 como iglesia cristiana, pero eso [&hellip;]<\/p>\n","protected":false},"author":1,"featured_media":14654,"parent":172,"menu_order":0,"comment_status":"closed","ping_status":"open","template":"page-departamental.php","meta":[],"_links":{"self":[{"href":"https:\/\/www.mijas.es\/portal\/wp-json\/wp\/v2\/pages\/440"}],"collection":[{"href":"https:\/\/www.mijas.es\/portal\/wp-json\/wp\/v2\/pages"}],"about":[{"href":"https:\/\/www.mijas.es\/portal\/wp-json\/wp\/v2\/types\/page"}],"author":[{"embeddable":true,"href":"https:\/\/www.mijas.es\/portal\/wp-json\/wp\/v2\/users\/1"}],"replies":[{"embeddable":true,"href":"https:\/\/www.mijas.es\/portal\/wp-json\/wp\/v2\/comments?post=440"}],"version-history":[{"count":9,"href":"https:\/\/www.mijas.es\/portal\/wp-json\/wp\/v2\/pages\/440\/revisions"}],"predecessor-version":[{"id":50220,"href":"https:\/\/www.mijas.es\/portal\/wp-json\/wp\/v2\/pages\/440\/revisions\/50220"}],"up":[{"embeddable":true,"href":"https:\/\/www.mijas.es\/portal\/wp-json\/wp\/v2\/pages\/172"}],"wp:featuredmedia":[{"embeddable":true,"href":"https:\/\/www.mijas.es\/portal\/wp-json\/wp\/v2\/media\/14654"}],"wp:attachment":[{"href":"https:\/\/www.mijas.es\/portal\/wp-json\/wp\/v2\/media?parent=440"}],"curies":[{"name":"wp","href":"https:\/\/api.w.org\/{rel}","templated":true}]}}