{"id":439,"date":"2013-06-02T08:41:32","date_gmt":"2013-06-02T08:41:32","guid":{"rendered":"http:\/\/localhost\/pruebaweb\/?p=439"},"modified":"2019-06-10T14:30:18","modified_gmt":"2019-06-10T14:30:18","slug":"ermitas","status":"publish","type":"page","link":"https:\/\/www.mijas.es\/portal\/patrimonio-historico\/ermitas\/","title":{"rendered":"Ermitas"},"content":{"rendered":"\n<p>Los or\u00edgenes de las ermitas se remontan a los propios inicios del cristianismo, con la aparici\u00f3n de los primeros ermita\u00f1os que vivieron en lugares apartados, separados de la vida en sociedad. En principio se trataba de lugares ubicados en cuevas o covachas en las afueras de las ciudades, que ocuparon los ermita\u00f1os para dedicarse a la oraci\u00f3n y la meditaci\u00f3n.<\/p>\n\n\n\n<p>El desarrollo de las ermitas como edificios religiosos lleg\u00f3 tras el Concilio de Trento que tuvo lugar en esa ciudad italiana entre 1545 y 1563. En dicho concilio se ratificaron ciertas pr\u00e1cticas populares relacionadas con la devoci\u00f3n a los santos y el culto a la Virgen, lo que llev\u00f3 en la pr\u00e1ctica a la construcci\u00f3n de numerosas ermitas y santuarios.<\/p>\n\n\n\n<p>En Mijas, por la documentaci\u00f3n que disponemos, la construcci\u00f3n de ermitas debi\u00f3 comenzarse un siglo despu\u00e9s, construidas en las afueras de la poblaci\u00f3n que en aquellos momentos se encontraba limitada al entorno de La Muralla y situadas junto a los caminos que llevaban a M\u00e1laga, a Fuengirola y a Co\u00edn, habiendo quedado hoy en d\u00eda muchas de ellas integradas dentro del pueblo tras la expansi\u00f3n urban\u00edstica de este.<\/p>\n\n\n\n<h3 class=\"wp-block-heading\">Ermita-Santuario de la Virgen de la Pe\u00f1a<\/h3>\n\n\n\n<figure class=\"wp-block-image\"><img decoding=\"async\" src=\"https:\/\/www.mijas.es\/files\/imagen\/servicios\/patrimonio\/ErmitaVirgenDeLaPenaMijas.jpg\" alt=\"\"\/><\/figure>\n\n\n\n<p>No se trata de un edifico arquitect\u00f3nico propiamente dicho ya que el santuario se excav\u00f3 en parte en una roca de naturaleza travert\u00ednica al que posteriormente se fueron a\u00f1adiendo otras dependencias, sobre la que posiblemente exist\u00edan los restos de una antigua estructura fortificada. En su interior y en una hornacina irregular abierta en la roca se encuentra la imagen de la Virgen de la Pe\u00f1a, Patrona de Mijas.<\/p>\n\n\n\n<p>Se encuentra situada junto a lo que fue el antiguo camino de Fuengirola, tambi\u00e9n llamado camino de la Fuente de la Seda y se dice que fue excavada en la roca por el carmelita Diego de Jes\u00fas, Mar\u00eda y San Pablo en la segunda mitad del siglo XVII, a\u00f1adi\u00e9ndosele posteriormente una sacrist\u00eda hecha con piedra irregular tratando de simular una covacha natural, lo mismo que ocurre en su acceso realizado con el mismo tipo de material.<\/p>\n\n\n\n<p>Hasta la primera mitad del siglo XIX los encargados del cuidado de esta ermita fueron los monjes carmelitas descalzos, los cuales construyeron un convento junta a esta y durante muchos a\u00f1os la denominaron como Virgen del Carmen.<\/p>\n\n\n\n<iframe src=\"https:\/\/www.google.com\/maps\/embed?pb=!1m18!1m12!1m3!1d3203.281231105834!2d-4.637320797942039!3d36.595535222101844!2m3!1f0!2f0!3f0!3m2!1i1024!2i768!4f13.1!3m3!1m2!1s0xd72e3fab0dff451%3A0x818c483f80d88e38!2sErmita+de+la+Virgen+de+la+Pe%C3%B1a!5e0!3m2!1ses!2ses!4v1547542246417\" style=\"border:0; margin-bottom: 20px\" allowfullscreen=\"\" width=\"100%\" height=\"450\" frameborder=\"0\"><\/iframe>\n\n\n\n<h3 class=\"wp-block-heading\">Ermita de Nuestra Se\u00f1ora de los Remedios<\/h3>\n\n\n\n<figure class=\"wp-block-image\"><img decoding=\"async\" src=\"https:\/\/www.mijas.es\/files\/imagen\/servicios\/patrimonio\/ErmitaDeNuestraSenoraDeLosRemediosMijas.jpg\" alt=\"\"\/><\/figure>\n\n\n\n<p>Ubicada en el barrio de Santa Ana de Mijas, se encontraba situada junto al camino de Co\u00edn donde fue construida probablemente a finales del siglo XVII y qued\u00f3 integrada dentro de la poblaci\u00f3n tras la expansi\u00f3n urban\u00edstica de esta.<\/p>\n\n\n\n<p>Es una construcci\u00f3n sencilla con una sola nave con planta rectangular, cubierta con armadura de madera a dos aguas, capilla con b\u00f3veda de arista en la zona del presbiterio y ligera decoraci\u00f3n de yeser\u00edas. El altar presenta tres hornacinas, d\u00f3nde se encuentra una antigua talla de la Virgen de los Remedios y la portada es un arco de medio punto enmarcado por pilastras que se abre hacia la Plaza de los Siete Ca\u00f1os.<\/p>\n\n\n\n<p>En ese plaza existi\u00f3 hasta los a\u00f1os setenta del pasado siglo una fuente, ahora reconstruida en un lugar pr\u00f3ximo, que fue construida en 1732 sufragada por los vecinos del Barrio de Santa Ana, que por entonces era conocido como \u201cPortugal\u201d.<\/p>\n\n\n\n<iframe src=\"https:\/\/www.google.com\/maps\/embed?pb=!1m18!1m12!1m3!1d336.7113598423123!2d-4.644546367828028!3d36.59372549448627!2m3!1f0!2f0!3f0!3m2!1i1024!2i768!4f13.1!3m3!1m2!1s0xd72e3e29fe5849f%3A0xe5e76b49ece357ac!2sErmita+de+Santa+Ana!5e0!3m2!1ses!2ses!4v1547542649662\" style=\"border:0; margin-bottom: 20px\" allowfullscreen=\"\" width=\"100%\" height=\"450\" frameborder=\"0\"><\/iframe>\n\n\n\n<h3 class=\"wp-block-heading\">Ermita de San Sebasti\u00e1n<\/h3>\n\n\n\n<div class=\"wp-block-image\"><figure class=\"aligncenter is-resized\"><img decoding=\"async\" src=\"https:\/\/www.mijas.es\/files\/imagen\/servicios\/patrimonio\/ErmitaDeSanSebastianMijas.jpg\" alt=\"\" width=\"306\" height=\"462\"\/><\/figure><\/div>\n\n\n\n<p>Ya exist\u00eda en 1637 junto al Camino de M\u00e1laga (actual calle M\u00e1laga) y ha sido reformada en numerosas ocasiones.<\/p>\n\n\n\n<p>Tiene una sola nave cubierta con armadura de parhilera. El presbiterio es de planta cuadrada cubierto con b\u00f3veda semiesf\u00e9rica con una decoraci\u00f3n floral con hojas de acanto unidas por bandas. La capilla mayor es cuadrada con una b\u00f3veda semiesf\u00e9rica sobre pechinas con yeser\u00edas y placas recortadas. En el testero del altar mayor se abre un camar\u00edn con b\u00f3veda de arista y con angelillos pintados al fresco en el siglo XVIII.<\/p>\n\n\n\n<p>La portada tiene un acceso de medio punto enmarcado por pilastras, entablamento y front\u00f3n partido, coron\u00e1ndose la fachada con espada\u00f1a de un solo vano. En esta fachada existe un reloj que fue instalado en 1902 y que por aquel entonces cost\u00f3 algo m\u00e1s de 2.000 pesetas.<\/p>\n\n\n\n<iframe src=\"https:\/\/www.google.com\/maps\/embed?pb=!1m18!1m12!1m3!1d2693.6724057492374!2d-4.639909196239477!3d36.59425468913436!2m3!1f0!2f0!3f0!3m2!1i1024!2i768!4f13.1!3m3!1m2!1s0x0%3A0xbab2093e95e65938!2sErmita+San+Sebasti%C3%A1n!5e0!3m2!1ses!2ses!4v1547547175424\" style=\"border:0; margin-bottom: 20px\" allowfullscreen=\"\" width=\"100%\" height=\"450\" frameborder=\"0\"><\/iframe>\n\n\n\n<h3 class=\"wp-block-heading\">Ermita de San Ant\u00f3n<\/h3>\n\n\n\n<div class=\"wp-block-image\"><figure class=\"aligncenter is-resized\"><img decoding=\"async\" src=\"https:\/\/www.mijas.es\/files\/imagen\/servicios\/patrimonio\/ErmitaDeSanAntonMijas.jpg\" alt=\"\" width=\"306\" height=\"462\"\/><\/figure><\/div>\n\n\n\n<p>Situada junto al camino Viejo de M\u00e1laga fue construida despu\u00e9s de 1773, pues no aparece en una relaci\u00f3n de iglesias y ermitas de Mijas realizada en esa fecha, pero seg\u00fan la informaci\u00f3n que facilita el propio Obispado de M\u00e1laga fue construida en el siglo XVIII.<\/p>\n\n\n\n<p>Cuenta con una sola nave cubierta con armadura de madera de parhilera y una capilla. La separaci\u00f3n entre ambas se realiza a trav\u00e9s de un arco rebajado con armadura, tambi\u00e9n de madera. La fachada es muy simple, disponiendo de un arco de medio punto rebajado, enmarcado por pilastras y rematada por una sencilla espada\u00f1a.<\/p>\n\n\n\n<p>En ella se celebra todos los a\u00f1os, el 17 de enero, la romer\u00eda de San Ant\u00f3n.<\/p>\n\n\n\n<iframe src=\"https:\/\/www.google.com\/maps\/embed?pb=!1m18!1m12!1m3!1d12812.46421483965!2d-4.6294390697968435!3d36.5995138681296!2m3!1f0!2f0!3f0!3m2!1i1024!2i768!4f13.1!3m3!1m2!1s0x0%3A0xd295dab38668f094!2sErmita+de+San+Ant%C3%B3n!5e0!3m2!1ses!2ses!4v1547547801294\" style=\"border:0; margin-bottom: 20px\" allowfullscreen=\"\" width=\"100%\" height=\"450\" frameborder=\"0\"><\/iframe>\n\n\n\n<h3 class=\"wp-block-heading\">Ermita del Puerto<\/h3>\n\n\n\n<div class=\"wp-block-image\"><figure class=\"aligncenter is-resized\"><img decoding=\"async\" src=\"https:\/\/www.mijas.es\/files\/imagen\/servicios\/patrimonio\/ErmitadelPuerto.jpg\" alt=\"\" width=\"306\" height=\"462\"\/><\/figure><\/div>\n\n\n\n<p>Fue construida entre 1875 y 1876 junto al antiguo Camino de M\u00e1laga con fondos conseguidos con limosnas de los fieles, siendo su nombre original el de Ermita del Se\u00f1or de la Buenamuerte.<\/p>\n\n\n\n<p>Su planta es muy simple con forma rectangular y en la actualidad se encuentra sobreelevada sobre la carretera, debido a que esta se excav\u00f3 varios metros respecto al trazado original que exist\u00eda en el siglo XIX.<\/p>\n\n\n\n<iframe src=\"https:\/\/www.google.com\/maps\/embed?pb=!1m18!1m12!1m3!1d3203.142089489601!2d-4.633092404635506!3d36.59888676615118!2m3!1f0!2f0!3f0!3m2!1i1024!2i768!4f13.1!3m3!1m2!1s0x0%3A0x303d2a0dd2a65c70!2sErmita+del+Puerto!5e0!3m2!1ses!2ses!4v1547547985640\" style=\"border:0; margin-bottom: 20px\" allowfullscreen=\"\" width=\"100%\" height=\"450\" frameborder=\"0\"><\/iframe>\n\n\n\n<h3 class=\"wp-block-heading\">Ermita del Calvario<\/h3>\n\n\n\n<figure class=\"wp-block-image\"><img decoding=\"async\" src=\"https:\/\/www.mijas.es\/files\/imagen\/servicios\/patrimonio\/ErmitaDelCalvario.jpg\" alt=\"\"\/><\/figure>\n\n\n\n<p>Al igual que la Ermita de San Ant\u00f3n no aparece en la relaci\u00f3n de 1773, por lo que tuvo que construirse despu\u00e9s de esa fecha, sin que dispongamos de documentos que lo confirmen.<\/p>\n\n\n\n<p>El edificio dispone de una sola nave cubierta con b\u00f3veda de medio ca\u00f1\u00f3n, una cabecera plana y tres hornacinas rehundidas, siendo mayor la central.<\/p>\n\n\n\n<p>Se sit\u00faa en la falda de la sierra, accedi\u00e9ndose a ella a trav\u00e9s de una senda entre los pinares marcada con cruces (v\u00eda crucis). Se dice que se utilizaba como retiro espiritual por los monjes carmelitas que custodiaban la Ermita de la Virgen de la Pe\u00f1a.<\/p>\n\n\n\n<p>La Ermita solo se abre los viernes de Cuaresma.<\/p>\n\n\n\n<iframe src=\"https:\/\/www.google.com\/maps\/embed?pb=!1m18!1m12!1m3!1d1601.604577035176!2d-4.639824783224275!3d36.597271395302656!2m3!1f0!2f0!3f0!3m2!1i1024!2i768!4f13.1!3m3!1m2!1s0x0%3A0x76a8fb88a9a2a1fc!2sErmita+del+calvario!5e0!3m2!1ses!2ses!4v1547548177406\" style=\"border:0; margin-bottom: 20px\" allowfullscreen=\"\" width=\"100%\" height=\"450\" frameborder=\"0\"><\/iframe>\n","protected":false},"excerpt":{"rendered":"<p>Los or\u00edgenes de las ermitas se remontan a los propios inicios del cristianismo, con la aparici\u00f3n de los primeros ermita\u00f1os que vivieron en lugares apartados, separados de la vida en sociedad. En principio se trataba de lugares ubicados en cuevas o covachas en las afueras de las ciudades, que ocuparon los ermita\u00f1os para dedicarse a [&hellip;]<\/p>\n","protected":false},"author":1,"featured_media":14654,"parent":172,"menu_order":0,"comment_status":"closed","ping_status":"open","template":"page-departamental.php","meta":[],"_links":{"self":[{"href":"https:\/\/www.mijas.es\/portal\/wp-json\/wp\/v2\/pages\/439"}],"collection":[{"href":"https:\/\/www.mijas.es\/portal\/wp-json\/wp\/v2\/pages"}],"about":[{"href":"https:\/\/www.mijas.es\/portal\/wp-json\/wp\/v2\/types\/page"}],"author":[{"embeddable":true,"href":"https:\/\/www.mijas.es\/portal\/wp-json\/wp\/v2\/users\/1"}],"replies":[{"embeddable":true,"href":"https:\/\/www.mijas.es\/portal\/wp-json\/wp\/v2\/comments?post=439"}],"version-history":[{"count":8,"href":"https:\/\/www.mijas.es\/portal\/wp-json\/wp\/v2\/pages\/439\/revisions"}],"predecessor-version":[{"id":50219,"href":"https:\/\/www.mijas.es\/portal\/wp-json\/wp\/v2\/pages\/439\/revisions\/50219"}],"up":[{"embeddable":true,"href":"https:\/\/www.mijas.es\/portal\/wp-json\/wp\/v2\/pages\/172"}],"wp:featuredmedia":[{"embeddable":true,"href":"https:\/\/www.mijas.es\/portal\/wp-json\/wp\/v2\/media\/14654"}],"wp:attachment":[{"href":"https:\/\/www.mijas.es\/portal\/wp-json\/wp\/v2\/media?parent=439"}],"curies":[{"name":"wp","href":"https:\/\/api.w.org\/{rel}","templated":true}]}}