{"id":438,"date":"2013-06-02T08:41:15","date_gmt":"2013-06-02T08:41:15","guid":{"rendered":"http:\/\/localhost\/pruebaweb\/?p=438"},"modified":"2023-04-28T09:04:45","modified_gmt":"2023-04-28T08:04:45","slug":"patrimonio-arquitectonico-religioso","status":"publish","type":"page","link":"https:\/\/www.mijas.es\/portal\/patrimonio-historico\/patrimonio-arquitectonico-religioso\/","title":{"rendered":"Patrimonio Arquitect\u00f3nico Religioso"},"content":{"rendered":"\n<p>Las relaciones del hombre con aquellas cosas que no comprend\u00eda y con la muerte, dieron origen desde hace miles de a\u00f1os a creencias en realidades sobrenaturales. Esas creencias que formaban y forman parte de una actividad social, llegaron con el tiempo a organizarse de una forma dogm\u00e1tica o se mantuvieron integradas en las tradiciones culturales de los grupos humanos en la que se practican y tanto unas como otras necesitaron de lugares sagrados para las pr\u00e1cticas rituales, entre las que se incluye el enterramiento, lugares que se comenzaron a construir desde hace miles de a\u00f1os y que constituyen los ejemplos m\u00e1s espectaculares del Patrimonio Hist\u00f3rico a nivel mundial. De hecho todas las grandes construcciones que se conservan de \u00e9poca antigua son de car\u00e1cter religioso.<\/p>\n\n\n\n<p>Monumentos megal\u00edticos como el de Stonehenge u otros m\u00e1s cercanos como los d\u00f3lmenes de Antequera, construcciones como las pir\u00e1mides de Egipto, templos hind\u00faes, mezquitas musulmanas, catedrales cristianas, etc., todos forman parte de ese Patrimonio Arquitect\u00f3nico, que en el caso de Mijas est\u00e1 representado por unas construcciones menos grandiosas pero no menos simb\u00f3licas, formadas por iglesias y ermitas, todas ellas comenzadas a levantar desde finales del siglo XVI y que vamos a examinar.<\/p>\n","protected":false},"excerpt":{"rendered":"<p>Las relaciones del hombre con aquellas cosas que no comprend\u00eda y con la muerte, dieron origen desde hace miles de a\u00f1os a creencias en realidades sobrenaturales. Esas creencias que formaban y forman parte de una actividad social, llegaron con el tiempo a organizarse de una forma dogm\u00e1tica o se mantuvieron integradas en las tradiciones culturales [&hellip;]<\/p>\n","protected":false},"author":1,"featured_media":13852,"parent":172,"menu_order":0,"comment_status":"closed","ping_status":"open","template":"page-departamental.php","meta":[],"_links":{"self":[{"href":"https:\/\/www.mijas.es\/portal\/wp-json\/wp\/v2\/pages\/438"}],"collection":[{"href":"https:\/\/www.mijas.es\/portal\/wp-json\/wp\/v2\/pages"}],"about":[{"href":"https:\/\/www.mijas.es\/portal\/wp-json\/wp\/v2\/types\/page"}],"author":[{"embeddable":true,"href":"https:\/\/www.mijas.es\/portal\/wp-json\/wp\/v2\/users\/1"}],"replies":[{"embeddable":true,"href":"https:\/\/www.mijas.es\/portal\/wp-json\/wp\/v2\/comments?post=438"}],"version-history":[{"count":5,"href":"https:\/\/www.mijas.es\/portal\/wp-json\/wp\/v2\/pages\/438\/revisions"}],"predecessor-version":[{"id":12099,"href":"https:\/\/www.mijas.es\/portal\/wp-json\/wp\/v2\/pages\/438\/revisions\/12099"}],"up":[{"embeddable":true,"href":"https:\/\/www.mijas.es\/portal\/wp-json\/wp\/v2\/pages\/172"}],"wp:featuredmedia":[{"embeddable":true,"href":"https:\/\/www.mijas.es\/portal\/wp-json\/wp\/v2\/media\/13852"}],"wp:attachment":[{"href":"https:\/\/www.mijas.es\/portal\/wp-json\/wp\/v2\/media?parent=438"}],"curies":[{"name":"wp","href":"https:\/\/api.w.org\/{rel}","templated":true}]}}