{"id":437,"date":"2013-06-02T08:41:05","date_gmt":"2013-06-02T08:41:05","guid":{"rendered":"http:\/\/localhost\/pruebaweb\/?p=437"},"modified":"2023-04-28T09:03:46","modified_gmt":"2023-04-28T08:03:46","slug":"torre-nueva","status":"publish","type":"page","link":"https:\/\/www.mijas.es\/portal\/patrimonio-historico\/torre-nueva\/","title":{"rendered":"Torre Nueva"},"content":{"rendered":"\n<figure class=\"wp-block-image is-resized\"><img decoding=\"async\" src=\"https:\/\/www.mijas.es\/wp-content\/uploads\/2012\/05\/TorreNuevaMijas.jpg\" alt=\"\" width=\"100%\" height=\"100%\"\/><\/figure>\n\n\n\n<p>Tambi\u00e9n ha sido llamada Torre de la Cala del Moral, Torre Pesetas o Torre Penta-pesetas.<\/p>\n\n\n\n<p>Seg\u00fan algunos autores la Torre comenz\u00f3 a construirse en 1513, pero para otros debi\u00f3 de concluirse hacia 1568.<\/p>\n\n\n\n<p>En una relaci\u00f3n fechada en 1759 aparece la Torre Nueva a poniente de la de Calaburras y a levante de la de Calahonda, en buen estado, aunque necesitaba algunos repellos y enlucidos.<\/p>\n\n\n\n<p>Pocos a\u00f1os despu\u00e9s, en 1762, se describe la Torre en mediano estado y con capacidad para un ca\u00f1\u00f3n de a 4 libras. A\u00f1os m\u00e1s tarde algunos documentos se\u00f1alan que ten\u00eda dos torreros y 6 fanegas de secano para el uso de estos.<\/p>\n\n\n\n<p>Como Torre Nueva de la Cala del Moral aparece en 1764, dotada con un cabo y tres torreros, mientras que en el plan general de obras de 1767, se rese\u00f1aba que para montar un ca\u00f1\u00f3n de 4 libras deb\u00eda de reforzarse su b\u00f3veda y realizar otros reparos.<\/p>\n\n\n\n<p>En 1773 se indica que la Torre est\u00e1 en buen estado y un a\u00f1o despu\u00e9s sabemos que se hab\u00edan realizado las obras para montar en ella dos ca\u00f1ones de 4 libras y que se hallaba en servicio.<\/p>\n\n\n\n<p>M\u00e1s tarde, los informes de los a\u00f1os 1781, 1783 y 1787 y 1821, se\u00f1alaban que la torre necesitaba reparaciones.<\/p>\n\n\n\n<p>En 1830 estaba dotado con un cabo, tres torreros y cuatro soldados de infanter\u00eda.<\/p>\n\n\n\n<p>A mediados del siglo XIX se describe como Torre vig\u00eda Nueva, a 120 varas del mar coronando un cerro, de forma cil\u00edndrica con 21 varas de circunferencia, con forma troncoc\u00f3nica y garita superior, con unas medidas de 5,65 metros de di\u00e1metro de su base y 10,65 metros de altura. La puerta de acceso se sit\u00faa a 6,50 metros del altura en su lado opuesto al mar.<\/p>\n\n\n\n<figure class=\"wp-block-image is-resized\"><img decoding=\"async\" src=\"https:\/\/www.mijas.es\/wp-content\/uploads\/2012\/05\/PlanoTorreNuevaSigloXVIIIMijas.jpg\" alt=\"\" width=\"100%\" height=\"100%\"\/><\/figure>\n\n\n\n<iframe src=\"https:\/\/www.google.com\/maps\/embed?pb=!1m18!1m12!1m3!1d3207.553498899134!2d-4.693229793041122!3d36.492499004239356!2m3!1f0!2f0!3f0!3m2!1i1024!2i768!4f13.1!3m3!1m2!1s0xd731fb6f199dd5f%3A0x17aade318aead6e9!2sTorre+Nueva!5e0!3m2!1ses!2ses!4v1547472123016\" style=\"border:0; margin-bottom: 20px\" allowfullscreen=\"\" width=\"100%\" height=\"450\" frameborder=\"0\"><\/iframe>\n","protected":false},"excerpt":{"rendered":"<p>Tambi\u00e9n ha sido llamada Torre de la Cala del Moral, Torre Pesetas o Torre Penta-pesetas. Seg\u00fan algunos autores la Torre comenz\u00f3 a construirse en 1513, pero para otros debi\u00f3 de concluirse hacia 1568. En una relaci\u00f3n fechada en 1759 aparece la Torre Nueva a poniente de la de Calaburras y a levante de la de [&hellip;]<\/p>\n","protected":false},"author":1,"featured_media":14654,"parent":172,"menu_order":0,"comment_status":"closed","ping_status":"open","template":"page-departamental.php","meta":[],"_links":{"self":[{"href":"https:\/\/www.mijas.es\/portal\/wp-json\/wp\/v2\/pages\/437"}],"collection":[{"href":"https:\/\/www.mijas.es\/portal\/wp-json\/wp\/v2\/pages"}],"about":[{"href":"https:\/\/www.mijas.es\/portal\/wp-json\/wp\/v2\/types\/page"}],"author":[{"embeddable":true,"href":"https:\/\/www.mijas.es\/portal\/wp-json\/wp\/v2\/users\/1"}],"replies":[{"embeddable":true,"href":"https:\/\/www.mijas.es\/portal\/wp-json\/wp\/v2\/comments?post=437"}],"version-history":[{"count":6,"href":"https:\/\/www.mijas.es\/portal\/wp-json\/wp\/v2\/pages\/437\/revisions"}],"predecessor-version":[{"id":50218,"href":"https:\/\/www.mijas.es\/portal\/wp-json\/wp\/v2\/pages\/437\/revisions\/50218"}],"up":[{"embeddable":true,"href":"https:\/\/www.mijas.es\/portal\/wp-json\/wp\/v2\/pages\/172"}],"wp:featuredmedia":[{"embeddable":true,"href":"https:\/\/www.mijas.es\/portal\/wp-json\/wp\/v2\/media\/14654"}],"wp:attachment":[{"href":"https:\/\/www.mijas.es\/portal\/wp-json\/wp\/v2\/media?parent=437"}],"curies":[{"name":"wp","href":"https:\/\/api.w.org\/{rel}","templated":true}]}}