{"id":436,"date":"2013-06-02T08:40:41","date_gmt":"2013-06-02T08:40:41","guid":{"rendered":"http:\/\/localhost\/pruebaweb\/?p=436"},"modified":"2023-04-28T09:02:40","modified_gmt":"2023-04-28T08:02:40","slug":"torre-de-la-bateria-de-cala-del-moral","status":"publish","type":"page","link":"https:\/\/www.mijas.es\/portal\/patrimonio-historico\/torre-de-la-bateria-de-cala-del-moral\/","title":{"rendered":"Torre de la Bater\u00eda de Cala del Moral"},"content":{"rendered":"\n<figure class=\"wp-block-image is-resized\"><img decoding=\"async\" src=\"https:\/\/www.mijas.es\/files\/imagen\/servicios\/patrimonio\/TorreBateriaLaCalaMijas.jpg\" alt=\"\" width=\"100%\" height=\"100%\"\/><\/figure>\n\n\n\n<p>Es de \u201cforma de pezu\u00f1a\u201d (planta de herradura), formada por medio c\u00edrculo prolongado con dos espolones oblicuos u hornabeques en el dorso. Su per\u00edmetro aproximado es de 35 metros y su altura es superior a los 10 metros.<\/p>\n\n\n\n<p>Su interior presenta dos plantas; la inferior o s\u00f3tano constituir\u00eda la \u201cSanta B\u00e1rbara\u201d (al nivel del suelo exterior). El piso superior o c\u00e1mara principal se encuentra bien iluminado por dos ventanales y cubierto al igual que el s\u00f3tano con b\u00f3veda de ladrillo; se alinean en el testero norte todos los servicios necesarios (alacena, chimenea, etc.). Finalmente, una azotea, rodeada de pretil y con hueco para la salida de humo. En los dos espolones, en la azotea, se localizan dos torretas de 2,40 x 2,30 y 2,40 de alto aspilleradas en sus frentes y cubiertas con teja \u00e1rabe. Su f\u00e1brica es de mamposter\u00eda complementada con uso de ladrillo en diversos elementos como esquinales, jambas y dinteles, aspilleras, molduras del pretil y b\u00f3vedas y muros interiores. Su acceso original se encontraba a 6 metros de altura.<\/p>\n\n\n\n<p>Seg\u00fan se indica en un informe de 1773, la Torre Reducto de la Cala del Moral fue construida en ese a\u00f1o. Un a\u00f1o despu\u00e9s, otro informe menciona que hab\u00eda sido construida para dos ca\u00f1ones de 16 o 24 libras y que se hallaba en buen estado.<\/p>\n\n\n\n<p>En 1821, se se\u00f1al\u00f3 que la Torre para Artiller\u00eda de Cala del Moral era de nueva planta para dos ca\u00f1ones de a 8 libras y que necesitaba obras de gran consideraci\u00f3n. Posteriormente, en 1830, se menciona que es una torre circular de 11 varas de di\u00e1metro y cerrado por un peque\u00f1o frente de fortificaci\u00f3n de 13 varas y media de altura y que estaba guarnecida por un cabo, tres torreros y seis soldados de infanter\u00eda.<\/p>\n\n\n\n<p>En 1849, se emite un informe que dec\u00eda que se hallaba deteriorada y desaconsejaba su mantenimiento, pero en 1857 se menciona que la torre hab\u00eda sido reparada y que se encontraba en buen estado. Informes posteriores: 1860, 1873, 1906 y 1945, indican la existencia de un torre\u00f3n desartillado.<\/p>\n\n\n\n<p>Temboury la se\u00f1ala, de forma err\u00f3nea, como concluida a principios del siglo XVI.<\/p>\n\n\n\n<figure class=\"wp-block-image is-resized\"><img decoding=\"async\" src=\"https:\/\/www.mijas.es\/wp-content\/uploads\/2012\/05\/PlanoDelFuncionamientoDeUnaTorreVigiaDe1765.jpg\" alt=\"\" width=\"100%\" height=\"100%\"\/><\/figure>\n\n\n\n<p>En el pasado siglo, sirvi\u00f3 de vivienda y se le abri\u00f3 una puerta a nivel de la calle, as\u00ed como una ventana en lo que originalmente era el dep\u00f3sito de municiones. Posteriormente, fue restaurada por el Ayuntamiento de Mijas, que la adapt\u00f3 para su uso muse\u00edstico, siendo sede actualmente del Centro de Interpretaci\u00f3n de las Torres Vig\u00eda.<\/p>\n\n\n\n<iframe src=\"https:\/\/www.google.com\/maps\/embed?pb=!1m18!1m12!1m3!1d3207.099690833594!2d-4.6809548849631355!3d36.50345558001079!2m3!1f0!2f0!3f0!3m2!1i1024!2i768!4f13.1!3m3!1m2!1s0xd731e311dcbe33b%3A0x4ac7694273113a6!2sTorre+de+la+Bateria+de+Cala+del+Moral!5e0!3m2!1ses!2ses!4v1547471815246\" style=\"border:0; margin-bottom: 20px\" allowfullscreen=\"\" width=\"100%\" height=\"450\" frameborder=\"0\"><\/iframe>\n","protected":false},"excerpt":{"rendered":"<p>Es de \u201cforma de pezu\u00f1a\u201d (planta de herradura), formada por medio c\u00edrculo prolongado con dos espolones oblicuos u hornabeques en el dorso. Su per\u00edmetro aproximado es de 35 metros y su altura es superior a los 10 metros. Su interior presenta dos plantas; la inferior o s\u00f3tano constituir\u00eda la \u201cSanta B\u00e1rbara\u201d (al nivel del suelo [&hellip;]<\/p>\n","protected":false},"author":1,"featured_media":14654,"parent":172,"menu_order":0,"comment_status":"closed","ping_status":"open","template":"page-departamental.php","meta":[],"_links":{"self":[{"href":"https:\/\/www.mijas.es\/portal\/wp-json\/wp\/v2\/pages\/436"}],"collection":[{"href":"https:\/\/www.mijas.es\/portal\/wp-json\/wp\/v2\/pages"}],"about":[{"href":"https:\/\/www.mijas.es\/portal\/wp-json\/wp\/v2\/types\/page"}],"author":[{"embeddable":true,"href":"https:\/\/www.mijas.es\/portal\/wp-json\/wp\/v2\/users\/1"}],"replies":[{"embeddable":true,"href":"https:\/\/www.mijas.es\/portal\/wp-json\/wp\/v2\/comments?post=436"}],"version-history":[{"count":8,"href":"https:\/\/www.mijas.es\/portal\/wp-json\/wp\/v2\/pages\/436\/revisions"}],"predecessor-version":[{"id":50217,"href":"https:\/\/www.mijas.es\/portal\/wp-json\/wp\/v2\/pages\/436\/revisions\/50217"}],"up":[{"embeddable":true,"href":"https:\/\/www.mijas.es\/portal\/wp-json\/wp\/v2\/pages\/172"}],"wp:featuredmedia":[{"embeddable":true,"href":"https:\/\/www.mijas.es\/portal\/wp-json\/wp\/v2\/media\/14654"}],"wp:attachment":[{"href":"https:\/\/www.mijas.es\/portal\/wp-json\/wp\/v2\/media?parent=436"}],"curies":[{"name":"wp","href":"https:\/\/api.w.org\/{rel}","templated":true}]}}