{"id":435,"date":"2013-06-02T08:40:30","date_gmt":"2013-06-02T08:40:30","guid":{"rendered":"http:\/\/localhost\/pruebaweb\/?p=435"},"modified":"2023-04-28T09:01:45","modified_gmt":"2023-04-28T08:01:45","slug":"torre-de-calahonda","status":"publish","type":"page","link":"https:\/\/www.mijas.es\/portal\/patrimonio-historico\/torre-de-calahonda\/","title":{"rendered":"Torre de Calahonda"},"content":{"rendered":"<div class=\"wp-block-image\">\n<figure class=\"aligncenter size-large\"><img decoding=\"async\" src=\"https:\/\/www.mijas.es\/wp-content\/uploads\/2012\/05\/TorreDeCalahonda.jpg\" alt=\"\"\/><\/figure><\/div>\n\n\n<p>Se trata de la torre vig\u00eda mije\u00f1a m\u00e1s cercana al t\u00e9rmino municipal de Marbella, la cual tambi\u00e9n fue conocida con el nombre de Lanc\u00f3n y se termin\u00f3 de construir en el a\u00f1o 1575 con un coste de 560 ducados. Algunos autores la han confundido con una antigua torre medieval conocida como \u201cCalahorra\u201d.<\/p>\n\n\n\n<p>Es de forma troncoc\u00f3nica con un poco de \u00e9ntasis, con 7,35 metros de di\u00e1metro en su base y 5,85 metros a 10,20 de altura, situ\u00e1ndose su acceso a 6,10 metros, presentando el pretil interrumpido por matacanes.<\/p>\n\n\n\n<p>Un informe fechado en 1726 se\u00f1alaba que la \u201ctorre Calaonda necesitaba hacerle una porci\u00f3n de parapeto, una ladronera, revoc\u00e1ndola exteriormente e interiormente su b\u00f3veda y hacerle su puerta\u201d.<\/p>\n\n\n\n<p>A\u00f1os m\u00e1s tarde, en 1740, se se\u00f1ala que en la Torre de Calahonda ser\u00eda conveniente situar un ca\u00f1\u00f3n de peque\u00f1o calibre y dos pedreros, dot\u00e1ndola de un cabo y seis soldados. En el reglamento de 1764 figura la \u201cTorre de Calaonda, la m\u00e1s occidental del partido de Mijas\u201d, con un cabo y tres torreros de dotaci\u00f3n.<\/p>\n\n\n\n<p>En 1765 se proyect\u00f3 instalar dos ca\u00f1ones de 4 libras, para lo que ser\u00eda necesario \u201creforzarle su b\u00f3veda, hacerle lugar com\u00fan y otros reparos\u201d. El Plan General de Obras redactado dos a\u00f1os despu\u00e9s se\u00f1alaba que \u201cla Torre de Calahonda, necesitaba reforzar su b\u00f3veda y rebajar el parapeto a la altura de su barbeta para admitir los dos ca\u00f1ones de a 4 libras de su dotaci\u00f3n y otros reparos\u201d.<\/p>\n\n\n\n<p>En agosto de 1774, un informe indicaba que la Torre de Calahonda hab\u00eda sido dotada con dos ca\u00f1ones de a 4 libras y se hallaba en servicio.<\/p>\n\n\n\n<p>En 1830 otro documento describ\u00eda la Torre vig\u00eda de Cala-Honda a 40 varas del mar, de figura circular, estando entonces guarnecida por un cabo, tres torreros y cuatro soldados de infanter\u00eda.<\/p>\n\n\n\n<p>En 1857 se se\u00f1alaba que la Torre vig\u00eda de Calahonda se encontraba a 40 varas del mar, con forma cil\u00edndrica de 26 varas de circunferencia, encontr\u00e1ndose en mediano estado y falta de reparos; el proyecto de estaciones telegr\u00e1ficas establecido en 1857 la incluy\u00f3 como una de las mismas.<\/p>\n\n\n\n<p>Temboury hizo referencia a la misma, situ\u00e1ndola entre la Torre de Ladrones y la de la Cala del Moral y la se\u00f1ala, de forma err\u00f3nea, como concluida a principios del siglo XVI.<\/p>\n\n\n\n<iframe src=\"https:\/\/www.google.com\/maps\/embed?pb=!1m18!1m12!1m3!1d1603.8782107249992!2d-4.7119057!3d36.4875988!2m3!1f0!2f0!3f0!3m2!1i1024!2i768!4f13.1!3m3!1m2!1s0xd731f96ce0060eb%3A0x7808dd7c48d35f79!2sTorre+de+Calahonda!5e0!3m2!1ses!2ses!4v1547471521344\" style=\"border:0; margin-bottom: 20px\" allowfullscreen=\"\" width=\"100%\" height=\"450\" frameborder=\"0\"><\/iframe>\n","protected":false},"excerpt":{"rendered":"<p>Se trata de la torre vig\u00eda mije\u00f1a m\u00e1s cercana al t\u00e9rmino municipal de Marbella, la cual tambi\u00e9n fue conocida con el nombre de Lanc\u00f3n y se termin\u00f3 de construir en el a\u00f1o 1575 con un coste de 560 ducados. Algunos autores la han confundido con una antigua torre medieval conocida como \u201cCalahorra\u201d. Es de forma [&hellip;]<\/p>\n","protected":false},"author":1,"featured_media":14654,"parent":172,"menu_order":0,"comment_status":"closed","ping_status":"open","template":"page-departamental.php","meta":[],"_links":{"self":[{"href":"https:\/\/www.mijas.es\/portal\/wp-json\/wp\/v2\/pages\/435"}],"collection":[{"href":"https:\/\/www.mijas.es\/portal\/wp-json\/wp\/v2\/pages"}],"about":[{"href":"https:\/\/www.mijas.es\/portal\/wp-json\/wp\/v2\/types\/page"}],"author":[{"embeddable":true,"href":"https:\/\/www.mijas.es\/portal\/wp-json\/wp\/v2\/users\/1"}],"replies":[{"embeddable":true,"href":"https:\/\/www.mijas.es\/portal\/wp-json\/wp\/v2\/comments?post=435"}],"version-history":[{"count":6,"href":"https:\/\/www.mijas.es\/portal\/wp-json\/wp\/v2\/pages\/435\/revisions"}],"predecessor-version":[{"id":50216,"href":"https:\/\/www.mijas.es\/portal\/wp-json\/wp\/v2\/pages\/435\/revisions\/50216"}],"up":[{"embeddable":true,"href":"https:\/\/www.mijas.es\/portal\/wp-json\/wp\/v2\/pages\/172"}],"wp:featuredmedia":[{"embeddable":true,"href":"https:\/\/www.mijas.es\/portal\/wp-json\/wp\/v2\/media\/14654"}],"wp:attachment":[{"href":"https:\/\/www.mijas.es\/portal\/wp-json\/wp\/v2\/media?parent=435"}],"curies":[{"name":"wp","href":"https:\/\/api.w.org\/{rel}","templated":true}]}}