{"id":434,"date":"2013-06-02T08:40:19","date_gmt":"2013-06-02T08:40:19","guid":{"rendered":"http:\/\/localhost\/pruebaweb\/?p=434"},"modified":"2023-04-28T08:50:04","modified_gmt":"2023-04-28T07:50:04","slug":"torre-de-calaburras","status":"publish","type":"page","link":"https:\/\/www.mijas.es\/portal\/patrimonio-historico\/torre-de-calaburras\/","title":{"rendered":"Torre de Calaburras"},"content":{"rendered":"<div class=\"wp-block-image\">\n<figure class=\"aligncenter size-large\"><img decoding=\"async\" src=\"https:\/\/www.mijas.es\/wp-content\/uploads\/2012\/05\/TorreDeCalaburras.jpg\" alt=\"\"\/><\/figure><\/div>\n\n\n<p>Tambi\u00e9n ha sido denominada como Calaburra o simplemente de Burras.<\/p>\n\n\n\n<p>En un documento de 1571 se menciona a la Cala y Estancia de las Burras, lo que ya indica la existencia de un peque\u00f1o asentamiento militar, pero no ser\u00e1 hasta 1574 cuando Francisco de C\u00f3rdoba, Capit\u00e1n General del Reino de Granada, libr\u00f3 la cantidad de 75.000 maraved\u00eds para la edificaci\u00f3n de la Torre, que se termin\u00f3 de construir al a\u00f1o siguiente, aunque el coste final se elev\u00f3 a m\u00e1s de 200.000 maraved\u00eds (550 ducados).<\/p>\n\n\n\n<p>La siguiente referencia sobre ella es de 1634 cuando Pedro de Texeira la incluye, junto a las de Calahonda y Nueva, en su obra \u00abDescripci\u00f3n de Espa\u00f1a y de las costas y puertos de sus reinos\u00bb.<\/p>\n\n\n\n<p>En 1762 un informe indicaba que la Torre de Calaburras se hallaba en mediano estado y pod\u00eda tener dos ca\u00f1ones de a 4 libras y ten\u00eda de dotaci\u00f3n dos torreros que dispon\u00edan de 6 fanegas de tierra de secano para su uso. Sin embargo dos a\u00f1os despu\u00e9s, en el Reglamento de 1764, figura la Torre de Cala de Burras con un cabo y tres torreros de dotaci\u00f3n.<\/p>\n\n\n\n<p>El Plan General de Obras redactado en 1767, se\u00f1al\u00f3 que la Torre de Calaburras necesitaba refuerzo para admitir dos ca\u00f1ones de a 4 libras y otros reparos, los cuales debieron de realizarse pues en 1774 ya hab\u00eda sido dotada de dichos ca\u00f1ones.<\/p>\n\n\n\n<p>No existen novedades sobre la Torre hasta mediados del siglo XIX, cuando en 1857 se indicaba que la Torre vig\u00eda de Calaburra, con forma casi cil\u00edndrica de 25 \u00bd varas de circunferencia, se encontraba en buen estado y fue incluida en el proyecto de estaciones telegr\u00e1ficas establecido ese mismo a\u00f1o.<\/p>\n\n\n\n<p>En 1863 comenz\u00f3 a funcionar en su cercan\u00eda el faro del mismo nombre, faro que se derrib\u00f3 y se volvi\u00f3 a construir en 1928 con una altura de 23 metros.<\/p>\n\n\n\n<p>Temboury, que se\u00f1ala err\u00f3neamente que fue construida en 1515, la describe como troncoc\u00f3nica con 7,90 metros de di\u00e1metro en su base y 5,75 en su terrado situado a 13,40 metros de altura; tuvo su acceso original a 8,50 m de altura, aunque posteriormente se situ\u00f3 a 6,70 m.<\/p>\n\n\n\n<iframe src=\"https:\/\/www.google.com\/maps\/embed?pb=!1m18!1m12!1m3!1d1603.4558192342656!2d-4.640422697964448!3d36.50799501784719!2m3!1f0!2f0!3f0!3m2!1i1024!2i768!4f13.1!3m3!1m2!1s0xd731de4a560d383%3A0xaa94b433992d9a13!2sTorre+Vig%C3%ADa+de+Calaburras!5e0!3m2!1ses!2ses!4v1547464677218\" style=\"border:0; margin-bottom: 20px\" allowfullscreen=\"\" width=\"100%\" height=\"450\" frameborder=\"0\"><\/iframe>\n","protected":false},"excerpt":{"rendered":"<p>Tambi\u00e9n ha sido denominada como Calaburra o simplemente de Burras. En un documento de 1571 se menciona a la Cala y Estancia de las Burras, lo que ya indica la existencia de un peque\u00f1o asentamiento militar, pero no ser\u00e1 hasta 1574 cuando Francisco de C\u00f3rdoba, Capit\u00e1n General del Reino de Granada, libr\u00f3 la cantidad de [&hellip;]<\/p>\n","protected":false},"author":1,"featured_media":14654,"parent":172,"menu_order":0,"comment_status":"closed","ping_status":"open","template":"page-departamental.php","meta":[],"_links":{"self":[{"href":"https:\/\/www.mijas.es\/portal\/wp-json\/wp\/v2\/pages\/434"}],"collection":[{"href":"https:\/\/www.mijas.es\/portal\/wp-json\/wp\/v2\/pages"}],"about":[{"href":"https:\/\/www.mijas.es\/portal\/wp-json\/wp\/v2\/types\/page"}],"author":[{"embeddable":true,"href":"https:\/\/www.mijas.es\/portal\/wp-json\/wp\/v2\/users\/1"}],"replies":[{"embeddable":true,"href":"https:\/\/www.mijas.es\/portal\/wp-json\/wp\/v2\/comments?post=434"}],"version-history":[{"count":5,"href":"https:\/\/www.mijas.es\/portal\/wp-json\/wp\/v2\/pages\/434\/revisions"}],"predecessor-version":[{"id":50215,"href":"https:\/\/www.mijas.es\/portal\/wp-json\/wp\/v2\/pages\/434\/revisions\/50215"}],"up":[{"embeddable":true,"href":"https:\/\/www.mijas.es\/portal\/wp-json\/wp\/v2\/pages\/172"}],"wp:featuredmedia":[{"embeddable":true,"href":"https:\/\/www.mijas.es\/portal\/wp-json\/wp\/v2\/media\/14654"}],"wp:attachment":[{"href":"https:\/\/www.mijas.es\/portal\/wp-json\/wp\/v2\/media?parent=434"}],"curies":[{"name":"wp","href":"https:\/\/api.w.org\/{rel}","templated":true}]}}