{"id":43189,"date":"2021-09-17T14:07:24","date_gmt":"2021-09-17T13:07:24","guid":{"rendered":"https:\/\/www.mijas.es\/portal\/?page_id=43189"},"modified":"2021-09-17T14:12:19","modified_gmt":"2021-09-17T13:12:19","slug":"descargar-los-certificados-raiz-de-la-sede-electronica","status":"publish","type":"page","link":"https:\/\/www.mijas.es\/portal\/descargar-los-certificados-raiz-de-la-sede-electronica\/","title":{"rendered":"Descargar los certificados ra\u00edz de la sede electr\u00f3nica"},"content":{"rendered":"\n<p>Para acceder a la Sede Electr\u00f3nica s\u00f3lo se requiere tener instalados en el navegador los siguientes certificados de seguridad de la AC Ra\u00edz de la FNMT Servidores Seguros:<\/p>\n\n\n\n<ul><li><a href=\"https:\/\/www.sede.fnmt.gob.es\/documents\/10445900\/10526749\/AC_Raiz_FNMT-RCM-SS.cer\" target=\"_blank\" rel=\"noreferrer noopener\">Certificado Ra\u00edz de la FNMT Servidores Seguros<\/a><\/li><li><a href=\"https:\/\/www.sede.fnmt.gob.es\/documents\/10445900\/10526749\/AC_Servidores_Seguros_Tipo1.cer\" target=\"_blank\" rel=\"noreferrer noopener\">Certificado intermedio FNMT Servidores Seguros Tipo 1<\/a><\/li><\/ul>\n\n\n\n<p>Descarga de archivos<\/p>\n\n\n\n<figure class=\"wp-block-image\"><a href=\"https:\/\/www.mijas.es\/wp-content\/uploads\/2021\/09\/Gu%C3%ADa%20para%20la%20descarga%20e%20instalaci%C3%B3n%20del%20certificado%20ra%C3%ADz%20de%20la%20FNMT.pdf\" target=\"_blank\" rel=\"noopener\"><img decoding=\"async\" src=\"https:\/\/sede.mijas.es\/portal\/sede\/resid\/1\/img\/ic_pdf_gr.gif\" alt=\"Descargar archivo\"\/><\/a><\/figure>\n\n\n\n<p><a href=\"https:\/\/sede.mijas.es\/portal\/sede\/RecursosWeb\/DOCUMENTOS\/1\/0_6089_1.pdf\" target=\"_blank\" rel=\"noreferrer noopener\">Gu\u00eda de ayuda para la instalaci\u00f3n de los certificados ra\u00edz de la FNMT para navegar de forma segura a trav\u00e9s de la Sede Electr\u00f3ncia del Ayuntamiento de Mijas<\/a><br>Tipo de archivo:\u00a0\u00a0PDF \u00a0\u00a0|\u00a0Idioma:\u00a0Castellano<\/p>\n","protected":false},"excerpt":{"rendered":"<p>Para acceder a la Sede Electr\u00f3nica s\u00f3lo se requiere tener instalados en el navegador los siguientes certificados de seguridad de la AC Ra\u00edz de la FNMT Servidores Seguros: Certificado Ra\u00edz de la FNMT Servidores Seguros Certificado intermedio FNMT Servidores Seguros Tipo 1 Descarga de archivos Gu\u00eda de ayuda para la instalaci\u00f3n de los certificados ra\u00edz [&hellip;]<\/p>\n","protected":false},"author":9,"featured_media":0,"parent":0,"menu_order":0,"comment_status":"closed","ping_status":"closed","template":"","meta":[],"_links":{"self":[{"href":"https:\/\/www.mijas.es\/portal\/wp-json\/wp\/v2\/pages\/43189"}],"collection":[{"href":"https:\/\/www.mijas.es\/portal\/wp-json\/wp\/v2\/pages"}],"about":[{"href":"https:\/\/www.mijas.es\/portal\/wp-json\/wp\/v2\/types\/page"}],"author":[{"embeddable":true,"href":"https:\/\/www.mijas.es\/portal\/wp-json\/wp\/v2\/users\/9"}],"replies":[{"embeddable":true,"href":"https:\/\/www.mijas.es\/portal\/wp-json\/wp\/v2\/comments?post=43189"}],"version-history":[{"count":3,"href":"https:\/\/www.mijas.es\/portal\/wp-json\/wp\/v2\/pages\/43189\/revisions"}],"predecessor-version":[{"id":43193,"href":"https:\/\/www.mijas.es\/portal\/wp-json\/wp\/v2\/pages\/43189\/revisions\/43193"}],"wp:attachment":[{"href":"https:\/\/www.mijas.es\/portal\/wp-json\/wp\/v2\/media?parent=43189"}],"curies":[{"name":"wp","href":"https:\/\/api.w.org\/{rel}","templated":true}]}}