{"id":43121,"date":"2021-09-15T14:30:11","date_gmt":"2021-09-15T13:30:11","guid":{"rendered":"https:\/\/www.mijas.es\/portal\/?page_id=43121"},"modified":"2022-07-13T11:29:58","modified_gmt":"2022-07-13T10:29:58","slug":"proyectos-de-actuacion","status":"publish","type":"page","link":"https:\/\/www.mijas.es\/portal\/urbanismo\/proyectos-de-actuacion\/","title":{"rendered":"Proyectos de Actuaci\u00f3n"},"content":{"rendered":"\n<ul><li>Aprobaci\u00f3n Definitiva del Proyecto de actuaci\u00f3n para instalaci\u00f3n de restauraci\u00f3n con hasta quince habitaciones, piscina y zonas comunes en suelo no urbanizable (ref PA 02-2020) &#8211; <a rel=\"noreferrer noopener\" href=\"https:\/\/www.mijas.es\/wp-content\/uploads\/2021\/09\/P.A.%2002-2020.pdf\" target=\"_blank\"><a rel=\"noreferrer noopener\" href=\"https:\/\/www.mijas.es\/wp-content\/uploads\/2022\/07\/PROYECTOS%20APROVADOS.pdf\" target=\"_blank\">Proyectos Aprobados<\/a>,\u00a0<a rel=\"noreferrer noopener\" href=\"https:\/\/www.mijas.es\/wp-content\/uploads\/2022\/07\/ACUERDO%20PUNTO_27_Pleno_ord_24_05_2022-F_Censurado%20CENSURADO.pdf\" target=\"_blank\">Acuerdo Plenario<\/a><\/a><\/li><\/ul>\n\n\n\n<p><\/p>\n","protected":false},"excerpt":{"rendered":"<p>Aprobaci\u00f3n Definitiva del Proyecto de actuaci\u00f3n para instalaci\u00f3n de restauraci\u00f3n con hasta quince habitaciones, piscina y zonas comunes en suelo no urbanizable (ref PA 02-2020) &#8211; Proyectos Aprobados,\u00a0Acuerdo Plenario<\/p>\n","protected":false},"author":9,"featured_media":0,"parent":12090,"menu_order":0,"comment_status":"closed","ping_status":"closed","template":"page-departamental.php","meta":[],"_links":{"self":[{"href":"https:\/\/www.mijas.es\/portal\/wp-json\/wp\/v2\/pages\/43121"}],"collection":[{"href":"https:\/\/www.mijas.es\/portal\/wp-json\/wp\/v2\/pages"}],"about":[{"href":"https:\/\/www.mijas.es\/portal\/wp-json\/wp\/v2\/types\/page"}],"author":[{"embeddable":true,"href":"https:\/\/www.mijas.es\/portal\/wp-json\/wp\/v2\/users\/9"}],"replies":[{"embeddable":true,"href":"https:\/\/www.mijas.es\/portal\/wp-json\/wp\/v2\/comments?post=43121"}],"version-history":[{"count":2,"href":"https:\/\/www.mijas.es\/portal\/wp-json\/wp\/v2\/pages\/43121\/revisions"}],"predecessor-version":[{"id":46938,"href":"https:\/\/www.mijas.es\/portal\/wp-json\/wp\/v2\/pages\/43121\/revisions\/46938"}],"up":[{"embeddable":true,"href":"https:\/\/www.mijas.es\/portal\/wp-json\/wp\/v2\/pages\/12090"}],"wp:attachment":[{"href":"https:\/\/www.mijas.es\/portal\/wp-json\/wp\/v2\/media?parent=43121"}],"curies":[{"name":"wp","href":"https:\/\/api.w.org\/{rel}","templated":true}]}}